{"id":976,"date":"2023-08-29T12:44:23","date_gmt":"2023-08-29T11:44:23","guid":{"rendered":"https:\/\/bocumdefense.com\/policial-militar\/?post_type=product&#038;p=976"},"modified":"2023-08-29T12:45:14","modified_gmt":"2023-08-29T11:45:14","slug":"daniel-defense-empunadura-de-subfusil-sin-guardamonte-negro","status":"publish","type":"product","link":"https:\/\/bocumdefense.com\/policial-militar\/producto\/daniel-defense-empunadura-de-subfusil-sin-guardamonte-negro\/","title":{"rendered":"DANIEL DEFENSE EMPU\u00d1ADURA DE SUBFUSIL (SIN GUARDAMONTE) NEGRO"},"content":{"rendered":"<h2><strong>DETALLES\u00a0<\/strong><\/h2>\n<p>La nueva empu\u00f1adura de pistola Daniel Defense es una mejora de la antigua A2. Se ha dise\u00f1ado la empu\u00f1adura con la ergonom\u00eda y confortabilidad en mente.<\/p>\n<p>La empu\u00f1adura comparte el \u00e1ngulo de la cl\u00e1sica pistola 1911 para la posici\u00f3n m\u00e1s natural de la mano y una sensaci\u00f3n c\u00f3moda.<\/p>\n<p>&nbsp;<\/p>\n<h4><strong>PESOS Y DIMENSIONES\u00a0<\/strong><\/h4>\n<ul>\n<li>4,25 pulgadas de alto (10.79 cm)<\/li>\n<li>2 pulgadas de ancho (5.08 cm)<\/li>\n<li>1.38 pulgadas de grosor (3.50 cm)<\/li>\n<li>Peso: 0.20 lb (0.090 kg)<\/li>\n<li><strong>Tornillo y arandela incluidos en el paquete<\/strong><\/li>\n<\/ul>\n","protected":false},"excerpt":{"rendered":"<p>Esta empu\u00f1adura es para aquellos que no quieren el guardamonte integral y tambi\u00e9n se puede encontrar en la plataforma DD5(.308). Una secci\u00f3n sobremoldeada de tacto suave mejora el agarre, h\u00famedo o seco.<\/p>\n","protected":false},"featured_media":1064,"comment_status":"open","ping_status":"closed","template":"","meta":{"_et_pb_use_builder":"","_et_pb_old_content":"","_et_gb_content_width":"","inline_featured_image":false},"product_cat":[458,167],"product_tag":[],"class_list":["post-976","product","type-product","status-publish","has-post-thumbnail","hentry","product_cat-armas-pm","product_cat-policial-militar"],"yoast_head":"<!-- This site is optimized with the Yoast SEO plugin v20.8 - https:\/\/yoast.com\/wordpress\/plugins\/seo\/ -->\n<title>DANIEL DEFENSE EMPU\u00d1ADURA DE SUBFUSIL (SIN GUARDAMONTE) NEGRO - Bocum Defense Policial Militar<\/title>\n<meta name=\"robots\" content=\"noindex, follow, max-snippet:-1, max-image-preview:large, max-video-preview:-1\" \/>\n<meta property=\"og:locale\" content=\"es_ES\" \/>\n<meta property=\"og:type\" content=\"article\" \/>\n<meta property=\"og:title\" content=\"DANIEL DEFENSE EMPU\u00d1ADURA DE SUBFUSIL (SIN GUARDAMONTE) NEGRO - Bocum Defense Policial Militar\" \/>\n<meta property=\"og:description\" content=\"Esta empu\u00f1adura es para aquellos que no quieren el guardamonte integral y tambi\u00e9n se puede encontrar en la plataforma DD5(.308). Una secci\u00f3n sobremoldeada de tacto suave mejora el agarre, h\u00famedo o seco.\" \/>\n<meta property=\"og:url\" content=\"https:\/\/bocumdefense.com\/policial-militar\/producto\/daniel-defense-empunadura-de-subfusil-sin-guardamonte-negro\/\" \/>\n<meta property=\"og:site_name\" content=\"Bocum Defense Policial Militar\" \/>\n<meta property=\"article:modified_time\" content=\"2023-08-29T11:45:14+00:00\" \/>\n<meta property=\"og:image\" content=\"https:\/\/bocumdefense.com\/policial-militar\/policial-militar\/wp-content\/uploads\/2023\/02\/PISTOL-GRIP-NO-TRIGGER-GUARD-BLACK-MAIN.jpg\" \/>\n\t<meta property=\"og:image:width\" content=\"1000\" \/>\n\t<meta property=\"og:image:height\" content=\"1000\" \/>\n\t<meta property=\"og:image:type\" content=\"image\/jpeg\" \/>\n<meta name=\"twitter:card\" content=\"summary_large_image\" \/>\n<meta name=\"twitter:label1\" content=\"Tiempo de lectura\" \/>\n\t<meta name=\"twitter:data1\" content=\"1 minuto\" \/>\n<script type=\"application\/ld+json\" class=\"yoast-schema-graph\">{\"@context\":\"https:\/\/schema.org\",\"@graph\":[{\"@type\":\"WebPage\",\"@id\":\"https:\/\/bocumdefense.com\/policial-militar\/producto\/daniel-defense-empunadura-de-subfusil-sin-guardamonte-negro\/\",\"url\":\"https:\/\/bocumdefense.com\/policial-militar\/producto\/daniel-defense-empunadura-de-subfusil-sin-guardamonte-negro\/\",\"name\":\"DANIEL DEFENSE EMPU\u00d1ADURA DE SUBFUSIL (SIN GUARDAMONTE) NEGRO - Bocum Defense Policial Militar\",\"isPartOf\":{\"@id\":\"https:\/\/bocumdefense.com\/policial-militar\/#website\"},\"datePublished\":\"2023-08-29T11:44:23+00:00\",\"dateModified\":\"2023-08-29T11:45:14+00:00\",\"breadcrumb\":{\"@id\":\"https:\/\/bocumdefense.com\/policial-militar\/producto\/daniel-defense-empunadura-de-subfusil-sin-guardamonte-negro\/#breadcrumb\"},\"inLanguage\":\"es\",\"potentialAction\":[{\"@type\":\"ReadAction\",\"target\":[\"https:\/\/bocumdefense.com\/policial-militar\/producto\/daniel-defense-empunadura-de-subfusil-sin-guardamonte-negro\/\"]}]},{\"@type\":\"BreadcrumbList\",\"@id\":\"https:\/\/bocumdefense.com\/policial-militar\/producto\/daniel-defense-empunadura-de-subfusil-sin-guardamonte-negro\/#breadcrumb\",\"itemListElement\":[{\"@type\":\"ListItem\",\"position\":1,\"name\":\"Portada\",\"item\":\"https:\/\/bocumdefense.com\/policial-militar\/policial-militar\/\"},{\"@type\":\"ListItem\",\"position\":2,\"name\":\"Tienda\",\"item\":\"https:\/\/bocumdefense.com\/policial-militar\/tienda\/\"},{\"@type\":\"ListItem\",\"position\":3,\"name\":\"DANIEL DEFENSE EMPU\u00d1ADURA DE SUBFUSIL (SIN GUARDAMONTE) NEGRO\"}]},{\"@type\":\"WebSite\",\"@id\":\"https:\/\/bocumdefense.com\/policial-militar\/#website\",\"url\":\"https:\/\/bocumdefense.com\/policial-militar\/\",\"name\":\"Bocum Defense Policial Militar\",\"description\":\"\",\"potentialAction\":[{\"@type\":\"SearchAction\",\"target\":{\"@type\":\"EntryPoint\",\"urlTemplate\":\"https:\/\/bocumdefense.com\/policial-militar\/?s={search_term_string}\"},\"query-input\":\"required name=search_term_string\"}],\"inLanguage\":\"es\"}]}<\/script>\n<!-- \/ Yoast SEO plugin. -->","yoast_head_json":{"title":"DANIEL DEFENSE EMPU\u00d1ADURA DE SUBFUSIL (SIN GUARDAMONTE) NEGRO - Bocum Defense Policial Militar","robots":{"index":"noindex","follow":"follow","max-snippet":"max-snippet:-1","max-image-preview":"max-image-preview:large","max-video-preview":"max-video-preview:-1"},"og_locale":"es_ES","og_type":"article","og_title":"DANIEL DEFENSE EMPU\u00d1ADURA DE SUBFUSIL (SIN GUARDAMONTE) NEGRO - Bocum Defense Policial Militar","og_description":"Esta empu\u00f1adura es para aquellos que no quieren el guardamonte integral y tambi\u00e9n se puede encontrar en la plataforma DD5(.308). Una secci\u00f3n sobremoldeada de tacto suave mejora el agarre, h\u00famedo o seco.","og_url":"https:\/\/bocumdefense.com\/policial-militar\/producto\/daniel-defense-empunadura-de-subfusil-sin-guardamonte-negro\/","og_site_name":"Bocum Defense Policial Militar","article_modified_time":"2023-08-29T11:45:14+00:00","og_image":[{"width":1000,"height":1000,"url":"https:\/\/bocumdefense.com\/policial-militar\/policial-militar\/wp-content\/uploads\/2023\/02\/PISTOL-GRIP-NO-TRIGGER-GUARD-BLACK-MAIN.jpg","type":"image\/jpeg"}],"twitter_card":"summary_large_image","twitter_misc":{"Tiempo de lectura":"1 minuto"},"schema":{"@context":"https:\/\/schema.org","@graph":[{"@type":"WebPage","@id":"https:\/\/bocumdefense.com\/policial-militar\/producto\/daniel-defense-empunadura-de-subfusil-sin-guardamonte-negro\/","url":"https:\/\/bocumdefense.com\/policial-militar\/producto\/daniel-defense-empunadura-de-subfusil-sin-guardamonte-negro\/","name":"DANIEL DEFENSE EMPU\u00d1ADURA DE SUBFUSIL (SIN GUARDAMONTE) NEGRO - Bocum Defense Policial Militar","isPartOf":{"@id":"https:\/\/bocumdefense.com\/policial-militar\/#website"},"datePublished":"2023-08-29T11:44:23+00:00","dateModified":"2023-08-29T11:45:14+00:00","breadcrumb":{"@id":"https:\/\/bocumdefense.com\/policial-militar\/producto\/daniel-defense-empunadura-de-subfusil-sin-guardamonte-negro\/#breadcrumb"},"inLanguage":"es","potentialAction":[{"@type":"ReadAction","target":["https:\/\/bocumdefense.com\/policial-militar\/producto\/daniel-defense-empunadura-de-subfusil-sin-guardamonte-negro\/"]}]},{"@type":"BreadcrumbList","@id":"https:\/\/bocumdefense.com\/policial-militar\/producto\/daniel-defense-empunadura-de-subfusil-sin-guardamonte-negro\/#breadcrumb","itemListElement":[{"@type":"ListItem","position":1,"name":"Portada","item":"https:\/\/bocumdefense.com\/policial-militar\/policial-militar\/"},{"@type":"ListItem","position":2,"name":"Tienda","item":"https:\/\/bocumdefense.com\/policial-militar\/tienda\/"},{"@type":"ListItem","position":3,"name":"DANIEL DEFENSE EMPU\u00d1ADURA DE SUBFUSIL (SIN GUARDAMONTE) NEGRO"}]},{"@type":"WebSite","@id":"https:\/\/bocumdefense.com\/policial-militar\/#website","url":"https:\/\/bocumdefense.com\/policial-militar\/","name":"Bocum Defense Policial Militar","description":"","potentialAction":[{"@type":"SearchAction","target":{"@type":"EntryPoint","urlTemplate":"https:\/\/bocumdefense.com\/policial-militar\/?s={search_term_string}"},"query-input":"required name=search_term_string"}],"inLanguage":"es"}]}},"_links":{"self":[{"href":"https:\/\/bocumdefense.com\/policial-militar\/wp-json\/wp\/v2\/product\/976","targetHints":{"allow":["GET"]}}],"collection":[{"href":"https:\/\/bocumdefense.com\/policial-militar\/wp-json\/wp\/v2\/product"}],"about":[{"href":"https:\/\/bocumdefense.com\/policial-militar\/wp-json\/wp\/v2\/types\/product"}],"replies":[{"embeddable":true,"href":"https:\/\/bocumdefense.com\/policial-militar\/wp-json\/wp\/v2\/comments?post=976"}],"wp:featuredmedia":[{"embeddable":true,"href":"https:\/\/bocumdefense.com\/policial-militar\/wp-json\/wp\/v2\/media\/1064"}],"wp:attachment":[{"href":"https:\/\/bocumdefense.com\/policial-militar\/wp-json\/wp\/v2\/media?parent=976"}],"wp:term":[{"taxonomy":"product_cat","embeddable":true,"href":"https:\/\/bocumdefense.com\/policial-militar\/wp-json\/wp\/v2\/product_cat?post=976"},{"taxonomy":"product_tag","embeddable":true,"href":"https:\/\/bocumdefense.com\/policial-militar\/wp-json\/wp\/v2\/product_tag?post=976"}],"curies":[{"name":"wp","href":"https:\/\/api.w.org\/{rel}","templated":true}]}}