{"id":919,"date":"2023-08-29T12:44:25","date_gmt":"2023-08-29T11:44:25","guid":{"rendered":"https:\/\/bocumdefense.com\/policial-militar\/?post_type=product&#038;p=919"},"modified":"2023-08-29T12:45:16","modified_gmt":"2023-08-29T11:45:16","slug":"daniel-defense-ddm4v9","status":"publish","type":"product","link":"https:\/\/bocumdefense.com\/policial-militar\/producto\/daniel-defense-ddm4v9\/","title":{"rendered":"DANIEL DEFENSE DDM4\u00aeV9\u00ae"},"content":{"rendered":"<h2 style=\"text-align: center;\"><strong>DETALLES\u00a0<\/strong><\/h2>\n<p>&nbsp;<\/p>\n<ul>\n<li>El DDM4 V9 es un rifle estilo AR15 que ha sido dise\u00f1ado para cumplir con las necesidades de los tiradores modernos, no s\u00f3lo en deportes de tiro, sino tambi\u00e9n en aplicaciones t\u00e1cticas y defensivas. Su ca\u00f1\u00f3n de 16 pulgadas forjado en fr\u00edo se combina con un largo carril picatinny de 15 pulgadas, lo que permite al operador extender su mano de apoyo m\u00e1s cerca de la boca del ca\u00f1\u00f3n para una mayor precisi\u00f3n y evitar el exceso de recorrido al cambiar de objetivo. Adem\u00e1s, su sistema de gas de longitud media proporciona un retroceso m\u00e1s suave, lo que permite disparos r\u00e1pidos y precisos.<\/li>\n<\/ul>\n<p>&nbsp;<\/p>\n<ul>\n<li>El carril tambi\u00e9n proporciona mucho espacio para \u00f3pticas y accesorios, y <strong>su palanca de carga GRIP-N-RIP de accionamiento independiente es ambidiestra. La culata y empu\u00f1adura de pistola Daniel Defense tambi\u00e9n est\u00e1n incluidas en este rifle.<\/strong><\/li>\n<\/ul>\n<p>&nbsp;<\/p>\n<h2 style=\"text-align: center;\"><strong>MATERIALES Y CONSTRUCCI\u00d3N\u00a0<\/strong><\/h2>\n<p>&nbsp;<\/p>\n<ul>\n<li><strong>RECEPTOR INFERIOR:<\/strong> El cargador acampanado mejorado Mil-Spec cuenta con un punto de enganche QD en el receptor trasero. Est\u00e1 fabricado mediante mecanizado CNC a partir de aluminio 7075-T6 y presenta un recubrimiento anodizado duro tipo III.<\/li>\n<li><strong>RECEPTOR SUPERIOR<\/strong>: El conjunto Mil-Spec incluye marcas de indexaci\u00f3n y rampas de alimentaci\u00f3n M4. Est\u00e1 fabricado mediante mecanizado CNC en aluminio 7075-T6 y presenta un recubrimiento anodizado duro tipo III.<\/li>\n<li><strong>CA\u00d1\u00d3N:<\/strong>El ca\u00f1\u00f3n del rifle cuenta con un perfil Government de 16 pulgadas y est\u00e1 hecho de acero al cromo molibdeno vanadio forjado en fr\u00edo con una torsi\u00f3n de 1:7. Adem\u00e1s, est\u00e1 recubierto de cromo y fosfatado pesado Mil-Spec, y ha sido sometido a pruebas HP\/MPI para garantizar su fiabilidad y durabilidad.\n<div class=\"group w-full text-gray-800 dark:text-gray-100 border-b border-black\/10 dark:border-gray-900\/50 bg-gray-50 dark:bg-[#444654]\">\n<div class=\"text-base gap-4 md:gap-6 md:max-w-2xl lg:max-w-xl xl:max-w-3xl p-4 md:py-6 flex lg:px-0 m-auto\">\n<div class=\"relative flex w-[calc(100%-50px)] flex-col gap-1 md:gap-3 lg:w-[calc(100%-115px)]\"><\/div>\n<\/div>\n<\/div>\n<\/li>\n<li><strong>SISTEMA DE GAS:<\/strong> El bloque de gas tiene un perfil bajo con pasador y est\u00e1 fabricado mediante mecanizado CNC en acero 4140 endurecido. Adem\u00e1s, cuenta con un revestimiento de fosfato pesado Mil-Spec y tiene una longitud de carabina para un impacto directo.<\/li>\n<li><strong>SUPRESOR DE FOGONAZOS:\u00a0<\/strong>El material utilizado en el producto es acero inoxidable 17-4 PH, el cual cuenta con un acabado de nitruro de ba\u00f1o salino por parte de Daniel Defense.\n<div class=\"group w-full text-gray-800 dark:text-gray-100 border-b border-black\/10 dark:border-gray-900\/50 bg-gray-50 dark:bg-[#444654]\">\n<div class=\"text-base gap-4 md:gap-6 md:max-w-2xl lg:max-w-xl xl:max-w-3xl p-4 md:py-6 flex lg:px-0 m-auto\">\n<div class=\"relative flex w-[calc(100%-50px)] flex-col gap-1 md:gap-3 lg:w-[calc(100%-115px)]\"><\/div>\n<\/div>\n<\/div>\n<\/li>\n<li><strong>GRUPO PORTA CERROJO:\u00a0<\/strong>Cuenta con un perfil M16, ha sido sometido a pruebas Mil-Spec MP, presenta un acabado cromado y la llave de gas se encuentra debidamente estacada.\n<div class=\"group w-full text-gray-800 dark:text-gray-100 border-b border-black\/10 dark:border-gray-900\/50 bg-gray-50 dark:bg-[#444654]\">\n<div class=\"text-base gap-4 md:gap-6 md:max-w-2xl lg:max-w-xl xl:max-w-3xl p-4 md:py-6 flex lg:px-0 m-auto\">\n<div class=\"relative flex w-[calc(100%-50px)] flex-col gap-1 md:gap-3 lg:w-[calc(100%-115px)]\"><\/div>\n<\/div>\n<\/div>\n<\/li>\n<li><strong>BUFFER:<\/strong> Buffer H<\/li>\n<li><strong>MIRAS<\/strong>: <strong>SE VENDEN POR SEPARADO.<\/strong><\/li>\n<li><strong>GUARDAMANOS:<\/strong> Daniel Defense M4A1 Rail Interface System (RIS) II. Mecanizado \u00a0por CNC en Aluminio 6061-T6.<\/li>\n<li><strong>PALANCA DE CARGA: <\/strong>La\u00a0palanca de carga\u00a0GRIP-N-RIP presenta un cuerpo mecanizado por CNC en aluminio 7075-T6, mientras que las empu\u00f1aduras y el pestillo est\u00e1n mecanizados por CNC en aluminio 6061-T6. Los pasadores utilizados son de acero inoxidable y el producto cuenta con un recubrimiento anodizado duro tipo III.\n<div class=\"group w-full text-gray-800 dark:text-gray-100 border-b border-black\/10 dark:border-gray-900\/50 bg-gray-50 dark:bg-[#444654]\">\n<div class=\"text-base gap-4 md:gap-6 md:max-w-2xl lg:max-w-xl xl:max-w-3xl p-4 md:py-6 flex lg:px-0 m-auto\">\n<div class=\"relative flex w-[calc(100%-50px)] flex-col gap-1 md:gap-3 lg:w-[calc(100%-115px)]\"><\/div>\n<\/div>\n<\/div>\n<\/li>\n<li><strong>EXTENSION RECEPTOR:<\/strong> 6 Posiciones acabado en Mil-Spec y hecho de un aluminio\u00a07075-T6.<\/li>\n<li><strong>CULATA:<\/strong> Daniel Defense,\u00a0Pol\u00edmero relleno de vidrio con sobre moldeado de tacto suave.<\/li>\n<li><strong>MANGO DE PISTOLA:<\/strong>\u00a0Grip de pistola Daniel Defense hecha en\u00a0Pol\u00edmero relleno de vidrio con sobre moldeado de tacto suave.<\/li>\n<li><strong>Fabricado en EE.UU.<\/strong><\/li>\n<\/ul>\n<p>&nbsp;<\/p>\n","protected":false},"excerpt":{"rendered":"<p><strong><span style=\"color: #ff0000;\">NO DISPONIBLE EN ESPA\u00d1A PARA PARTICULARES\u00a0<\/span><\/strong><\/p>\n<p>El DDM4\u00aeV9\u00ae est\u00e1 equipado con un riel cu\u00e1druple extendido que permite al usuario colocar su mano de apoyo m\u00e1s cerca de la boca del ca\u00f1\u00f3n, proporcionando mayor precisi\u00f3n y facilitando el cambio de objetivo. Esta caracter\u00edstica resulta ideal para aplicaciones t\u00e1cticas, de competici\u00f3n, o ambas.<\/p>\n","protected":false},"featured_media":1007,"comment_status":"open","ping_status":"closed","template":"","meta":{"_et_pb_use_builder":"","_et_pb_old_content":"","_et_gb_content_width":"","inline_featured_image":false},"product_cat":[458,167],"product_tag":[48],"class_list":["post-919","product","type-product","status-publish","has-post-thumbnail","hentry","product_cat-armas-pm","product_cat-policial-militar","product_tag-rojo-armas"],"yoast_head":"<!-- This site is optimized with the Yoast SEO plugin v20.8 - https:\/\/yoast.com\/wordpress\/plugins\/seo\/ -->\n<title>DANIEL DEFENSE DDM4\u00aeV9\u00ae - Bocum Defense Policial Militar<\/title>\n<meta name=\"robots\" content=\"noindex, follow, max-snippet:-1, max-image-preview:large, max-video-preview:-1\" \/>\n<meta property=\"og:locale\" content=\"es_ES\" \/>\n<meta property=\"og:type\" content=\"article\" \/>\n<meta property=\"og:title\" content=\"DANIEL DEFENSE DDM4\u00aeV9\u00ae - Bocum Defense Policial Militar\" \/>\n<meta property=\"og:description\" content=\"NO DISPONIBLE EN ESPA\u00d1A PARA PARTICULARES\u00a0  El DDM4\u00aeV9\u00ae est\u00e1 equipado con un riel cu\u00e1druple extendido que permite al usuario colocar su mano de apoyo m\u00e1s cerca de la boca del ca\u00f1\u00f3n, proporcionando mayor precisi\u00f3n y facilitando el cambio de objetivo. Esta caracter\u00edstica resulta ideal para aplicaciones t\u00e1cticas, de competici\u00f3n, o ambas.\" \/>\n<meta property=\"og:url\" content=\"https:\/\/bocumdefense.com\/policial-militar\/producto\/daniel-defense-ddm4v9\/\" \/>\n<meta property=\"og:site_name\" content=\"Bocum Defense Policial Militar\" \/>\n<meta property=\"article:modified_time\" content=\"2023-08-29T11:45:16+00:00\" \/>\n<meta property=\"og:image\" content=\"https:\/\/bocumdefense.com\/policial-militar\/policial-militar\/wp-content\/uploads\/2023\/02\/V9-MAIN.jpg\" \/>\n\t<meta property=\"og:image:width\" content=\"1000\" \/>\n\t<meta property=\"og:image:height\" content=\"1000\" \/>\n\t<meta property=\"og:image:type\" content=\"image\/jpeg\" \/>\n<meta name=\"twitter:card\" content=\"summary_large_image\" \/>\n<meta name=\"twitter:label1\" content=\"Tiempo de lectura\" \/>\n\t<meta name=\"twitter:data1\" content=\"3 minutos\" \/>\n<script type=\"application\/ld+json\" class=\"yoast-schema-graph\">{\"@context\":\"https:\/\/schema.org\",\"@graph\":[{\"@type\":\"WebPage\",\"@id\":\"https:\/\/bocumdefense.com\/policial-militar\/producto\/daniel-defense-ddm4v9\/\",\"url\":\"https:\/\/bocumdefense.com\/policial-militar\/producto\/daniel-defense-ddm4v9\/\",\"name\":\"DANIEL DEFENSE DDM4\u00aeV9\u00ae - Bocum Defense Policial Militar\",\"isPartOf\":{\"@id\":\"https:\/\/bocumdefense.com\/policial-militar\/#website\"},\"datePublished\":\"2023-08-29T11:44:25+00:00\",\"dateModified\":\"2023-08-29T11:45:16+00:00\",\"breadcrumb\":{\"@id\":\"https:\/\/bocumdefense.com\/policial-militar\/producto\/daniel-defense-ddm4v9\/#breadcrumb\"},\"inLanguage\":\"es\",\"potentialAction\":[{\"@type\":\"ReadAction\",\"target\":[\"https:\/\/bocumdefense.com\/policial-militar\/producto\/daniel-defense-ddm4v9\/\"]}]},{\"@type\":\"BreadcrumbList\",\"@id\":\"https:\/\/bocumdefense.com\/policial-militar\/producto\/daniel-defense-ddm4v9\/#breadcrumb\",\"itemListElement\":[{\"@type\":\"ListItem\",\"position\":1,\"name\":\"Portada\",\"item\":\"https:\/\/bocumdefense.com\/policial-militar\/policial-militar\/\"},{\"@type\":\"ListItem\",\"position\":2,\"name\":\"Tienda\",\"item\":\"https:\/\/bocumdefense.com\/policial-militar\/tienda\/\"},{\"@type\":\"ListItem\",\"position\":3,\"name\":\"DANIEL DEFENSE DDM4\u00aeV9\u00ae\"}]},{\"@type\":\"WebSite\",\"@id\":\"https:\/\/bocumdefense.com\/policial-militar\/#website\",\"url\":\"https:\/\/bocumdefense.com\/policial-militar\/\",\"name\":\"Bocum Defense Policial Militar\",\"description\":\"\",\"potentialAction\":[{\"@type\":\"SearchAction\",\"target\":{\"@type\":\"EntryPoint\",\"urlTemplate\":\"https:\/\/bocumdefense.com\/policial-militar\/?s={search_term_string}\"},\"query-input\":\"required name=search_term_string\"}],\"inLanguage\":\"es\"}]}<\/script>\n<!-- \/ Yoast SEO plugin. -->","yoast_head_json":{"title":"DANIEL DEFENSE DDM4\u00aeV9\u00ae - Bocum Defense Policial Militar","robots":{"index":"noindex","follow":"follow","max-snippet":"max-snippet:-1","max-image-preview":"max-image-preview:large","max-video-preview":"max-video-preview:-1"},"og_locale":"es_ES","og_type":"article","og_title":"DANIEL DEFENSE DDM4\u00aeV9\u00ae - Bocum Defense Policial Militar","og_description":"NO DISPONIBLE EN ESPA\u00d1A PARA PARTICULARES\u00a0  El DDM4\u00aeV9\u00ae est\u00e1 equipado con un riel cu\u00e1druple extendido que permite al usuario colocar su mano de apoyo m\u00e1s cerca de la boca del ca\u00f1\u00f3n, proporcionando mayor precisi\u00f3n y facilitando el cambio de objetivo. Esta caracter\u00edstica resulta ideal para aplicaciones t\u00e1cticas, de competici\u00f3n, o ambas.","og_url":"https:\/\/bocumdefense.com\/policial-militar\/producto\/daniel-defense-ddm4v9\/","og_site_name":"Bocum Defense Policial Militar","article_modified_time":"2023-08-29T11:45:16+00:00","og_image":[{"width":1000,"height":1000,"url":"https:\/\/bocumdefense.com\/policial-militar\/policial-militar\/wp-content\/uploads\/2023\/02\/V9-MAIN.jpg","type":"image\/jpeg"}],"twitter_card":"summary_large_image","twitter_misc":{"Tiempo de lectura":"3 minutos"},"schema":{"@context":"https:\/\/schema.org","@graph":[{"@type":"WebPage","@id":"https:\/\/bocumdefense.com\/policial-militar\/producto\/daniel-defense-ddm4v9\/","url":"https:\/\/bocumdefense.com\/policial-militar\/producto\/daniel-defense-ddm4v9\/","name":"DANIEL DEFENSE DDM4\u00aeV9\u00ae - Bocum Defense Policial Militar","isPartOf":{"@id":"https:\/\/bocumdefense.com\/policial-militar\/#website"},"datePublished":"2023-08-29T11:44:25+00:00","dateModified":"2023-08-29T11:45:16+00:00","breadcrumb":{"@id":"https:\/\/bocumdefense.com\/policial-militar\/producto\/daniel-defense-ddm4v9\/#breadcrumb"},"inLanguage":"es","potentialAction":[{"@type":"ReadAction","target":["https:\/\/bocumdefense.com\/policial-militar\/producto\/daniel-defense-ddm4v9\/"]}]},{"@type":"BreadcrumbList","@id":"https:\/\/bocumdefense.com\/policial-militar\/producto\/daniel-defense-ddm4v9\/#breadcrumb","itemListElement":[{"@type":"ListItem","position":1,"name":"Portada","item":"https:\/\/bocumdefense.com\/policial-militar\/policial-militar\/"},{"@type":"ListItem","position":2,"name":"Tienda","item":"https:\/\/bocumdefense.com\/policial-militar\/tienda\/"},{"@type":"ListItem","position":3,"name":"DANIEL DEFENSE DDM4\u00aeV9\u00ae"}]},{"@type":"WebSite","@id":"https:\/\/bocumdefense.com\/policial-militar\/#website","url":"https:\/\/bocumdefense.com\/policial-militar\/","name":"Bocum Defense Policial Militar","description":"","potentialAction":[{"@type":"SearchAction","target":{"@type":"EntryPoint","urlTemplate":"https:\/\/bocumdefense.com\/policial-militar\/?s={search_term_string}"},"query-input":"required name=search_term_string"}],"inLanguage":"es"}]}},"_links":{"self":[{"href":"https:\/\/bocumdefense.com\/policial-militar\/wp-json\/wp\/v2\/product\/919","targetHints":{"allow":["GET"]}}],"collection":[{"href":"https:\/\/bocumdefense.com\/policial-militar\/wp-json\/wp\/v2\/product"}],"about":[{"href":"https:\/\/bocumdefense.com\/policial-militar\/wp-json\/wp\/v2\/types\/product"}],"replies":[{"embeddable":true,"href":"https:\/\/bocumdefense.com\/policial-militar\/wp-json\/wp\/v2\/comments?post=919"}],"wp:featuredmedia":[{"embeddable":true,"href":"https:\/\/bocumdefense.com\/policial-militar\/wp-json\/wp\/v2\/media\/1007"}],"wp:attachment":[{"href":"https:\/\/bocumdefense.com\/policial-militar\/wp-json\/wp\/v2\/media?parent=919"}],"wp:term":[{"taxonomy":"product_cat","embeddable":true,"href":"https:\/\/bocumdefense.com\/policial-militar\/wp-json\/wp\/v2\/product_cat?post=919"},{"taxonomy":"product_tag","embeddable":true,"href":"https:\/\/bocumdefense.com\/policial-militar\/wp-json\/wp\/v2\/product_tag?post=919"}],"curies":[{"name":"wp","href":"https:\/\/api.w.org\/{rel}","templated":true}]}}