{"id":918,"date":"2023-08-29T12:44:25","date_gmt":"2023-08-29T11:44:25","guid":{"rendered":"https:\/\/bocumdefense.com\/policial-militar\/?post_type=product&#038;p=918"},"modified":"2023-08-29T12:45:16","modified_gmt":"2023-08-29T11:45:16","slug":"daniel-defense-ddm4v7slw","status":"publish","type":"product","link":"https:\/\/bocumdefense.com\/policial-militar\/producto\/daniel-defense-ddm4v7slw\/","title":{"rendered":"DANIEL DEFENSE DDM4\u00aeV7\u00aeSLW   BLACK"},"content":{"rendered":"<h2 style=\"text-align: center;\"><strong>DETALLES\u00a0<\/strong><\/h2>\n<p>&nbsp;<\/p>\n<ul>\n<li>El sistema de gas de longitud media del V7 SLW ofrece un funcionamiento fiable y suave en cualquier entorno, reduciendo el retroceso percibido y el desgaste de las piezas m\u00f3viles. Adem\u00e1s, su guardamanos MFR 13.5 M-LOK de flotaci\u00f3n libre no solo ofrece una refrigeraci\u00f3n superior y modularidad, sino que tambi\u00e9n es incre\u00edblemente liviano, manteniendo la durabilidad y resistencia que se espera de Daniel Defense. <strong>Con puntos de fijaci\u00f3n M-LOK en siete posiciones y un riel Picatinny 1913 continuo en la parte superior, el V7 SLW tiene un amplio espacio para miras, \u00f3pticas y accesorios.<\/strong><\/li>\n<\/ul>\n<p>&nbsp;<\/p>\n<ul>\n<li><strong>La palanca de carga GRIP-N-RIP es ambidiestra, adapt\u00e1ndose a tiradores diestros y zurdos. Adem\u00e1s, cuenta con la culata y empu\u00f1adura de pistola ergon\u00f3micas de Daniel Defense.<\/strong><\/li>\n<\/ul>\n<h2><\/h2>\n<h2 style=\"text-align: center;\"><strong>MATERIALES Y CONSTRUCCI\u00d3N\u00a0<\/strong><\/h2>\n<p>&nbsp;<\/p>\n<ul>\n<li><strong>RECEPTOR INFERIOR:\u00a0<\/strong>Cumple con los est\u00e1ndares militares Mil-Spec y cuenta con dise\u00f1o ambidiestro para usuarios diestros o zurdos. Adem\u00e1s, posee un cargador acampanado mejorado y un punto de sujeci\u00f3n trasero QD Swivel Attachment Point. Su fabricaci\u00f3n se lleva a cabo mediante la t\u00e9cnica de mecanizado CNC en aluminio 7075-T6 y su acabado cuenta con una capa anodizada de tipo III para una mayor durabilidad y resistencia.<\/li>\n<li><strong>RECEPTOR SUPERIOR<\/strong>:\u00a0Cuenta con los est\u00e1ndares militares Mil-Spec y cuenta con marcas de indexaci\u00f3n y rampas de alimentaci\u00f3n M4. Su fabricaci\u00f3n se lleva a cabo mediante la t\u00e9cnica de mecanizado CNC en aluminio 7075-T6, y cuenta con un recubrimiento adonizado de capa dura tipo III para una mayor durabilidad y resistencia.<\/li>\n<li><strong>CA\u00d1\u00d3N:\u00a0<\/strong>El ca\u00f1\u00f3n de este producto est\u00e1 fabricado con acero al cromo molibdeno vanadio, forjado en fr\u00edo, con una torsi\u00f3n de 1:7 y un perfil ligero de 14,5&#8243; para una mayor maniobrabilidad. Adem\u00e1s, est\u00e1 recubierto de cromo y fosfatado pesado seg\u00fan los est\u00e1ndares Mil-Spec para una mayor durabilidad y resistencia al desgaste. El ca\u00f1\u00f3n tambi\u00e9n ha sido sometido a pruebas HP\/MPI para garantizar su calidad y fiabilidad.<\/li>\n<\/ul>\n<div class=\"group w-full text-gray-800 dark:text-gray-100 border-b border-black\/10 dark:border-gray-900\/50 bg-gray-50 dark:bg-[#444654]\">\n<div class=\"text-base gap-4 md:gap-6 md:max-w-2xl lg:max-w-xl xl:max-w-3xl p-4 md:py-6 flex lg:px-0 m-auto\">\n<div class=\"relative flex w-[calc(100%-50px)] flex-col gap-1 md:gap-3 lg:w-[calc(100%-115px)]\">\n<div class=\"flex flex-grow flex-col gap-3\">\n<div class=\"min-h-[20px] flex flex-col items-start gap-4 whitespace-pre-wrap\">\n<div class=\"markdown prose w-full break-words dark:prose-invert dark\">\n<ul>\n<li><strong>SISTEMA DE GAS:<\/strong> Bloque de gas de perfil bajo con pasador, mecanizado por CNC en acero 4140 endurecido con revestimiento de fosfato pesado Mil-Spec, longitud de carabina, impacto directo.<\/li>\n<\/ul>\n<\/div>\n<\/div>\n<\/div>\n<\/div>\n<\/div>\n<\/div>\n<ul>\n<li><strong>DISPOSITIVO DE LA BOCA:<\/strong> Acero 12L14, acabado de nitruro de ba\u00f1o salino.<\/li>\n<li><strong>GRUPO PORTA CERROJO:<\/strong> Perfil M16, Mil-Spec MP Tested, Cromado, Llave de Gas debidamente estacada.<\/li>\n<li><strong>BUFFER:<\/strong> Buffer H.<\/li>\n<li><strong>MIRAS<\/strong>: <strong>SE VENDEN POR SEPARADO.<\/strong><\/li>\n<li><strong>GUARDAMANOS:<\/strong> Daniel Defense MFR 13.5&#8243;&#8221;, Mecanizado CNC de Aluminio 6061-T6, Fijaci\u00f3n M-LOK.<\/li>\n<li><strong>PALANCA DE CARGA<\/strong>:\u00a0La palanca de carga cuenta con el sistema GRIP-N-RIP y est\u00e1 fabricada con un cuerpo de aluminio 7075-T6 mecanizado mediante CNC. Tanto las empu\u00f1aduras como el pestillo est\u00e1n hechos de aluminio 6061-T6 mecanizado mediante CNC y los pasadores son de acero inoxidable.<\/li>\n<li><strong>EXTENSION RECEPTOR:<\/strong> 6 Posiciones Mil-Spec 7075-T6 Aluminio.<\/li>\n<li><strong>CULATA:<\/strong>Daniel Defense de pol\u00edmero relleno de vidrio con sobre moldeado de tacto suave.<\/li>\n<li><strong>MANGO DE PISTOLA: <\/strong>Grip de pistola Daniel Defense de pol\u00edmero relleno de vidrio con sobre moldeado de tacto suave.<\/li>\n<li><strong>Fabricado en EE.UU.<\/strong><\/li>\n<\/ul>\n","protected":false},"excerpt":{"rendered":"<p><strong><span style=\"color: #ff0000;\">NO DISPONIBLE EN ESPA\u00d1A PARA PARTICULARES <!--\/data\/user\/0\/com.samsung.android.app.notes\/files\/clipdata\/clipdata_bodytext_230204_175046_581.sdocx--><\/span><br \/>\n<\/strong><\/p>\n<p><strong>El DDM4 V7 SLW destaca como uno de los rifles m\u00e1s livianos y manejables de la l\u00ednea DDM4, pesando menos de 6 libras (2,72 kg) en total.<\/strong> Su dise\u00f1o gira en torno a un ca\u00f1\u00f3n forjado en fr\u00edo de 14,5&#8243; de longitud, que est\u00e1 equipado con un supresor de destellos extendido fijado y soldado, para cumplir con la longitud de ca\u00f1\u00f3n m\u00ednima de 16&#8243; requerida por la NFA. Gracias a este dise\u00f1o, el V7 SLW ofrece una excelente combinaci\u00f3n de maniobrabilidad y reducci\u00f3n de destellos, lo que lo hace ideal para una amplia variedad de situaciones t\u00e1cticas.<\/p>\n","protected":false},"featured_media":2098,"comment_status":"open","ping_status":"closed","template":"","meta":{"_et_pb_use_builder":"","_et_pb_old_content":"","_et_gb_content_width":"","inline_featured_image":false},"product_cat":[458,167],"product_tag":[48],"class_list":["post-918","product","type-product","status-publish","has-post-thumbnail","hentry","product_cat-armas-pm","product_cat-policial-militar","product_tag-rojo-armas"],"yoast_head":"<!-- This site is optimized with the Yoast SEO plugin v20.8 - https:\/\/yoast.com\/wordpress\/plugins\/seo\/ -->\n<title>DANIEL DEFENSE DDM4\u00aeV7\u00aeSLW  BLACK - Bocum Defense Policial Militar<\/title>\n<meta name=\"robots\" content=\"noindex, follow, max-snippet:-1, max-image-preview:large, max-video-preview:-1\" \/>\n<meta property=\"og:locale\" content=\"es_ES\" \/>\n<meta property=\"og:type\" content=\"article\" \/>\n<meta property=\"og:title\" content=\"DANIEL DEFENSE DDM4\u00aeV7\u00aeSLW  BLACK - Bocum Defense Policial Militar\" \/>\n<meta property=\"og:description\" content=\"NO DISPONIBLE EN ESPA\u00d1A PARA PARTICULARES    El DDM4 V7 SLW destaca como uno de los rifles m\u00e1s livianos y manejables de la l\u00ednea DDM4, pesando menos de 6 libras (2,72 kg) en total. Su dise\u00f1o gira en torno a un ca\u00f1\u00f3n forjado en fr\u00edo de 14,5&quot; de longitud, que est\u00e1 equipado con un supresor de destellos extendido fijado y soldado, para cumplir con la longitud de ca\u00f1\u00f3n m\u00ednima de 16&quot; requerida por la NFA. Gracias a este dise\u00f1o, el V7 SLW ofrece una excelente combinaci\u00f3n de maniobrabilidad y reducci\u00f3n de destellos, lo que lo hace ideal para una amplia variedad de situaciones t\u00e1cticas.\" \/>\n<meta property=\"og:url\" content=\"https:\/\/bocumdefense.com\/policial-militar\/producto\/daniel-defense-ddm4v7slw\/\" \/>\n<meta property=\"og:site_name\" content=\"Bocum Defense Policial Militar\" \/>\n<meta property=\"article:modified_time\" content=\"2023-08-29T11:45:16+00:00\" \/>\n<meta property=\"og:image\" content=\"https:\/\/bocumdefense.com\/policial-militar\/policial-militar\/wp-content\/uploads\/2023\/02\/DANIEL-DEFENSE-DDM4\u00aeV7\u00aeSLW-BLACK-MAIN.jpg\" \/>\n\t<meta property=\"og:image:width\" content=\"1000\" \/>\n\t<meta property=\"og:image:height\" content=\"1000\" \/>\n\t<meta property=\"og:image:type\" content=\"image\/jpeg\" \/>\n<meta name=\"twitter:card\" content=\"summary_large_image\" \/>\n<meta name=\"twitter:label1\" content=\"Tiempo de lectura\" \/>\n\t<meta name=\"twitter:data1\" content=\"3 minutos\" \/>\n<script type=\"application\/ld+json\" class=\"yoast-schema-graph\">{\"@context\":\"https:\/\/schema.org\",\"@graph\":[{\"@type\":\"WebPage\",\"@id\":\"https:\/\/bocumdefense.com\/policial-militar\/producto\/daniel-defense-ddm4v7slw\/\",\"url\":\"https:\/\/bocumdefense.com\/policial-militar\/producto\/daniel-defense-ddm4v7slw\/\",\"name\":\"DANIEL DEFENSE DDM4\u00aeV7\u00aeSLW BLACK - Bocum Defense Policial Militar\",\"isPartOf\":{\"@id\":\"https:\/\/bocumdefense.com\/policial-militar\/#website\"},\"datePublished\":\"2023-08-29T11:44:25+00:00\",\"dateModified\":\"2023-08-29T11:45:16+00:00\",\"breadcrumb\":{\"@id\":\"https:\/\/bocumdefense.com\/policial-militar\/producto\/daniel-defense-ddm4v7slw\/#breadcrumb\"},\"inLanguage\":\"es\",\"potentialAction\":[{\"@type\":\"ReadAction\",\"target\":[\"https:\/\/bocumdefense.com\/policial-militar\/producto\/daniel-defense-ddm4v7slw\/\"]}]},{\"@type\":\"BreadcrumbList\",\"@id\":\"https:\/\/bocumdefense.com\/policial-militar\/producto\/daniel-defense-ddm4v7slw\/#breadcrumb\",\"itemListElement\":[{\"@type\":\"ListItem\",\"position\":1,\"name\":\"Portada\",\"item\":\"https:\/\/bocumdefense.com\/policial-militar\/policial-militar\/\"},{\"@type\":\"ListItem\",\"position\":2,\"name\":\"Tienda\",\"item\":\"https:\/\/bocumdefense.com\/policial-militar\/tienda\/\"},{\"@type\":\"ListItem\",\"position\":3,\"name\":\"DANIEL DEFENSE DDM4\u00aeV7\u00aeSLW BLACK\"}]},{\"@type\":\"WebSite\",\"@id\":\"https:\/\/bocumdefense.com\/policial-militar\/#website\",\"url\":\"https:\/\/bocumdefense.com\/policial-militar\/\",\"name\":\"Bocum Defense Policial Militar\",\"description\":\"\",\"potentialAction\":[{\"@type\":\"SearchAction\",\"target\":{\"@type\":\"EntryPoint\",\"urlTemplate\":\"https:\/\/bocumdefense.com\/policial-militar\/?s={search_term_string}\"},\"query-input\":\"required name=search_term_string\"}],\"inLanguage\":\"es\"}]}<\/script>\n<!-- \/ Yoast SEO plugin. -->","yoast_head_json":{"title":"DANIEL DEFENSE DDM4\u00aeV7\u00aeSLW  BLACK - Bocum Defense Policial Militar","robots":{"index":"noindex","follow":"follow","max-snippet":"max-snippet:-1","max-image-preview":"max-image-preview:large","max-video-preview":"max-video-preview:-1"},"og_locale":"es_ES","og_type":"article","og_title":"DANIEL DEFENSE DDM4\u00aeV7\u00aeSLW  BLACK - Bocum Defense Policial Militar","og_description":"NO DISPONIBLE EN ESPA\u00d1A PARA PARTICULARES    El DDM4 V7 SLW destaca como uno de los rifles m\u00e1s livianos y manejables de la l\u00ednea DDM4, pesando menos de 6 libras (2,72 kg) en total. Su dise\u00f1o gira en torno a un ca\u00f1\u00f3n forjado en fr\u00edo de 14,5\" de longitud, que est\u00e1 equipado con un supresor de destellos extendido fijado y soldado, para cumplir con la longitud de ca\u00f1\u00f3n m\u00ednima de 16\" requerida por la NFA. Gracias a este dise\u00f1o, el V7 SLW ofrece una excelente combinaci\u00f3n de maniobrabilidad y reducci\u00f3n de destellos, lo que lo hace ideal para una amplia variedad de situaciones t\u00e1cticas.","og_url":"https:\/\/bocumdefense.com\/policial-militar\/producto\/daniel-defense-ddm4v7slw\/","og_site_name":"Bocum Defense Policial Militar","article_modified_time":"2023-08-29T11:45:16+00:00","og_image":[{"width":1000,"height":1000,"url":"https:\/\/bocumdefense.com\/policial-militar\/policial-militar\/wp-content\/uploads\/2023\/02\/DANIEL-DEFENSE-DDM4\u00aeV7\u00aeSLW-BLACK-MAIN.jpg","type":"image\/jpeg"}],"twitter_card":"summary_large_image","twitter_misc":{"Tiempo de lectura":"3 minutos"},"schema":{"@context":"https:\/\/schema.org","@graph":[{"@type":"WebPage","@id":"https:\/\/bocumdefense.com\/policial-militar\/producto\/daniel-defense-ddm4v7slw\/","url":"https:\/\/bocumdefense.com\/policial-militar\/producto\/daniel-defense-ddm4v7slw\/","name":"DANIEL DEFENSE DDM4\u00aeV7\u00aeSLW BLACK - Bocum Defense Policial Militar","isPartOf":{"@id":"https:\/\/bocumdefense.com\/policial-militar\/#website"},"datePublished":"2023-08-29T11:44:25+00:00","dateModified":"2023-08-29T11:45:16+00:00","breadcrumb":{"@id":"https:\/\/bocumdefense.com\/policial-militar\/producto\/daniel-defense-ddm4v7slw\/#breadcrumb"},"inLanguage":"es","potentialAction":[{"@type":"ReadAction","target":["https:\/\/bocumdefense.com\/policial-militar\/producto\/daniel-defense-ddm4v7slw\/"]}]},{"@type":"BreadcrumbList","@id":"https:\/\/bocumdefense.com\/policial-militar\/producto\/daniel-defense-ddm4v7slw\/#breadcrumb","itemListElement":[{"@type":"ListItem","position":1,"name":"Portada","item":"https:\/\/bocumdefense.com\/policial-militar\/policial-militar\/"},{"@type":"ListItem","position":2,"name":"Tienda","item":"https:\/\/bocumdefense.com\/policial-militar\/tienda\/"},{"@type":"ListItem","position":3,"name":"DANIEL DEFENSE DDM4\u00aeV7\u00aeSLW BLACK"}]},{"@type":"WebSite","@id":"https:\/\/bocumdefense.com\/policial-militar\/#website","url":"https:\/\/bocumdefense.com\/policial-militar\/","name":"Bocum Defense Policial Militar","description":"","potentialAction":[{"@type":"SearchAction","target":{"@type":"EntryPoint","urlTemplate":"https:\/\/bocumdefense.com\/policial-militar\/?s={search_term_string}"},"query-input":"required name=search_term_string"}],"inLanguage":"es"}]}},"_links":{"self":[{"href":"https:\/\/bocumdefense.com\/policial-militar\/wp-json\/wp\/v2\/product\/918","targetHints":{"allow":["GET"]}}],"collection":[{"href":"https:\/\/bocumdefense.com\/policial-militar\/wp-json\/wp\/v2\/product"}],"about":[{"href":"https:\/\/bocumdefense.com\/policial-militar\/wp-json\/wp\/v2\/types\/product"}],"replies":[{"embeddable":true,"href":"https:\/\/bocumdefense.com\/policial-militar\/wp-json\/wp\/v2\/comments?post=918"}],"wp:featuredmedia":[{"embeddable":true,"href":"https:\/\/bocumdefense.com\/policial-militar\/wp-json\/wp\/v2\/media\/2098"}],"wp:attachment":[{"href":"https:\/\/bocumdefense.com\/policial-militar\/wp-json\/wp\/v2\/media?parent=918"}],"wp:term":[{"taxonomy":"product_cat","embeddable":true,"href":"https:\/\/bocumdefense.com\/policial-militar\/wp-json\/wp\/v2\/product_cat?post=918"},{"taxonomy":"product_tag","embeddable":true,"href":"https:\/\/bocumdefense.com\/policial-militar\/wp-json\/wp\/v2\/product_tag?post=918"}],"curies":[{"name":"wp","href":"https:\/\/api.w.org\/{rel}","templated":true}]}}