{"id":890,"date":"2023-08-29T12:44:28","date_gmt":"2023-08-29T11:44:28","guid":{"rendered":"https:\/\/bocumdefense.com\/policial-militar\/?post_type=product&#038;p=890"},"modified":"2023-08-29T12:45:19","modified_gmt":"2023-08-29T11:45:19","slug":"daniel-defense-ddm4v7-pro-gun-metal-gray","status":"publish","type":"product","link":"https:\/\/bocumdefense.com\/policial-militar\/producto\/daniel-defense-ddm4v7-pro-gun-metal-gray\/","title":{"rendered":"DANIEL DEFENSE DDM4\u00aeV7\u00ae PRO GUN METAL GRAY"},"content":{"rendered":"<h2 style=\"text-align: center;\"><strong>DETALLES<\/strong><\/h2>\n<p>&nbsp;<\/p>\n<ul>\n<li>Todo campe\u00f3n merece un arma de fuego que le permita ganar, y el DDM4 V7 Pro AR15 es una opci\u00f3n poderosa que destaca por su elegancia y rendimiento \u00e1gil. Este rifle de competici\u00f3n se basa en uno de los legendarios ca\u00f1ones de 18 pulgadas forjados en fr\u00edo con sistema de gas de longitud de rifle de Daniel Defense. El ra\u00edl MFR 15.0, con m\u00e9todo de fijaci\u00f3n M-LOK en 7 posiciones, ofrece una combinaci\u00f3n impresionante de ahorro de peso, ergonom\u00eda y modularidad.<\/li>\n<\/ul>\n<p>&nbsp;<\/p>\n<ul>\n<li>El gatillo Geissele Automatics Super Dynamic 3 Gun Trigger permite disparar con rapidez y precisi\u00f3n gracias a su corto y ligero tiro y a su r\u00e1pido rearme. Combinado con el suave retroceso de un sistema de gas de rifle de longitud, este gatillo permite tiempos de divisi\u00f3n m\u00e1s cortos, disparos de seguimiento m\u00e1s precisos y una menor fatiga para el tirador.<\/li>\n<\/ul>\n<p>&nbsp;<\/p>\n<ul>\n<li>Adem\u00e1s, el DDM4 V7 Pro AR15 cuenta con la palanca de carga Radian Competition Raptor y el selector Radian Competition Talon, ambos con acabado anodizado duro rojo Tipo III, que son preferidos por los competidores de tiro profesional. Lo que realmente distingue a esta arma de fuego de producci\u00f3n es su acabado Gun Metal Gray Cerakote, una caracter\u00edstica \u00fanica de Daniel Defense. Este elegante y potente rifle de competici\u00f3n sin duda llamar\u00e1 la atenci\u00f3n en cualquier evento de tiro.<\/li>\n<\/ul>\n<h5><\/h5>\n<h2 style=\"text-align: center;\"><strong>MATERIALES Y CONSTRUCCI\u00d3N\u00a0<\/strong><\/h2>\n<p>&nbsp;<\/p>\n<ul>\n<li><strong><strong>RECEPTOR INFERIOR:\u00a0<\/strong><\/strong>Este componente cuenta con especificaciones militares, un cargador mejorado con forma de campana y un punto de enganche QD en el receptor trasero. Est\u00e1 fabricado con aluminio 7075-T6 mecanizado con precisi\u00f3n CNC.\n<div class=\"group w-full text-gray-800 dark:text-gray-100 border-b border-black\/10 dark:border-gray-900\/50 bg-gray-50 dark:bg-[#444654]\">\n<div class=\"text-base gap-4 md:gap-6 md:max-w-2xl lg:max-w-xl xl:max-w-3xl p-4 md:py-6 flex lg:px-0 m-auto\">\n<div class=\"relative flex w-[calc(100%-50px)] flex-col gap-1 md:gap-3 lg:w-[calc(100%-115px)]\"><\/div>\n<\/div>\n<\/div>\n<\/li>\n<li><strong>RECEPTOR SUPERIOR<\/strong>:\u00a0Cuenta con los est\u00e1ndares militares Mil-Spec y cuenta con marcas de indexaci\u00f3n y rampas de alimentaci\u00f3n M4. Su fabricaci\u00f3n se lleva a cabo mediante la t\u00e9cnica de mecanizado CNC en aluminio 7075-T6, y cuenta con un recubrimiento anodizado de capa dura tipo III para una mayor durabilidad y resistencia.<\/li>\n<li><strong>GATILLO: Geissele Automatics Super Dynamic 3<\/strong><\/li>\n<li><strong>CA\u00d1\u00d3N:<\/strong>\u00a0 Fabricado con acero al Cromo Molibdeno Vanadio, forjado en fr\u00edo y con un perfil S2W de 18&#8243; de longitud. Su sistema de gas de longitud media est\u00e1 forrado de cromo para una mayor durabilidad, y ha sido probado en MP y fosfatado seg\u00fan los est\u00e1ndares Mil-Spec. Adem\u00e1s, su torsi\u00f3n es de 1:7, lo que permite una rotaci\u00f3n adecuada del proyectil en el interior del ca\u00f1\u00f3n.<\/li>\n<li><strong>SISTEMA DE GAS:<\/strong> Bloque de gas de perfil bajo con pasador, mecanizado por CNC en acero 4140 endurecido con revestimiento de fosfato pesado Mil-Spec, longitud de carabina, impacto directo.<\/li>\n<li><strong>DISPOSITIVO DE LA BOCA:<\/strong> El compensador de retroceso Daniel Defense Gen II est\u00e1 dise\u00f1ado para reducir el ascenso de la boca del ca\u00f1\u00f3n durante el disparo. Est\u00e1 construido con acero inoxidable 17-4 PH de alta calidad y cuenta con un acabado de nitruro de ba\u00f1o salino para una mayor resistencia y durabilidad.<\/li>\n<li><strong>GRUPO PORTA CERROJO:<\/strong> Perfil M16, Mil-Spec MP Tested, Cromado, Llave de Gas debidamente estacada.<\/li>\n<li><strong>BUFFER:<\/strong> Buffer H.<\/li>\n<li><strong>MIRAS<\/strong>: <strong>SE VENDEN POR SEPARADO.<\/strong><\/li>\n<li><strong>GUARDAMANOS:<\/strong> Daniel Defense MFR 15.0, Mecanizado CNC de Aluminio 6061-T6, Fijaci\u00f3n M-LOK.<\/li>\n<li><strong>PALANCA DE CARGA<\/strong>:\u00a0La palanca de carga cuenta con el sistema GRIP-N-RIP y est\u00e1 fabricada con un cuerpo de aluminio 7075-T6 mecanizado mediante CNC. Tanto las empu\u00f1aduras como el pestillo est\u00e1n hechos de aluminio 6061-T6 mecanizado mediante CNC y los pasadores son de acero inoxidable.<\/li>\n<li><strong>EXTENSION RECEPTOR:<\/strong> 6 Posiciones Mil-Spec 7075-T6 Aluminio.<\/li>\n<li><strong>CULATA:<\/strong>Daniel Defense de pol\u00edmero relleno de vidrio con sobre moldeado de tacto suave.<\/li>\n<li><strong>MANGO DE PISTOLA: <\/strong>Grip de pistola Daniel Defense de pol\u00edmero relleno de vidrio con sobre moldeado de tacto suave.<\/li>\n<li><strong>Fabricado en EE.UU.<\/strong>\n<div class=\"group w-full text-gray-800 dark:text-gray-100 border-b border-black\/10 dark:border-gray-900\/50 bg-gray-50 dark:bg-[#444654]\">\n<div class=\"text-base gap-4 md:gap-6 md:max-w-2xl lg:max-w-xl xl:max-w-3xl p-4 md:py-6 flex lg:px-0 m-auto\">\n<div class=\"relative flex w-[calc(100%-50px)] flex-col gap-1 md:gap-3 lg:w-[calc(100%-115px)]\">\n<div class=\"flex flex-grow flex-col gap-3\">\n<div class=\"min-h-[20px] flex flex-col items-start gap-4 whitespace-pre-wrap\">\n<div class=\"markdown prose w-full break-words dark:prose-invert dark\"><\/div>\n<\/div>\n<\/div>\n<div class=\"flex justify-between lg:block\">\n<div class=\"text-gray-400 flex self-end lg:self-center justify-center mt-2 gap-2 md:gap-3 lg:gap-1 lg:absolute lg:top-0 lg:translate-x-full lg:right-0 lg:mt-0 lg:pl-2 visible\"><\/div>\n<\/div>\n<\/div>\n<\/div>\n<\/div>\n<\/li>\n<\/ul>\n","protected":false},"excerpt":{"rendered":"<p><span style=\"color: #ff0000;\"><strong>NO DISPONIBLE EN ESPA\u00d1A PARA PARTICULARES<\/strong>\u00a0<\/span><\/p>\n<p>El V7\u00ae PRO GUN METAL GRAY fue creado pensando en satisfacer las necesidades de una gran variedad de competidores. Su dise\u00f1o ergon\u00f3mico sobresaliente, su excelente sistema de refrigeraci\u00f3n y su amplio espacio para la \u00f3ptica est\u00e1n dise\u00f1ados para reducir el tiempo de divisi\u00f3n, mejorar la precisi\u00f3n de los disparos de seguimiento y minimizar la fatiga del tirador, todo con el objetivo de ayudar al competidor a dominar su pr\u00f3xima competici\u00f3n de tiro.<\/p>\n","protected":false},"featured_media":980,"comment_status":"open","ping_status":"closed","template":"","meta":{"_et_pb_use_builder":"","_et_pb_old_content":"","_et_gb_content_width":"","inline_featured_image":false},"product_cat":[458,167],"product_tag":[48],"class_list":["post-890","product","type-product","status-publish","has-post-thumbnail","hentry","product_cat-armas-pm","product_cat-policial-militar","product_tag-rojo-armas"],"yoast_head":"<!-- This site is optimized with the Yoast SEO plugin v20.8 - https:\/\/yoast.com\/wordpress\/plugins\/seo\/ -->\n<title>DANIEL DEFENSE DDM4\u00aeV7\u00ae PRO GUN METAL GRAY - Bocum Defense Policial Militar<\/title>\n<meta name=\"robots\" content=\"noindex, follow, max-snippet:-1, max-image-preview:large, max-video-preview:-1\" \/>\n<meta property=\"og:locale\" content=\"es_ES\" \/>\n<meta property=\"og:type\" content=\"article\" \/>\n<meta property=\"og:title\" content=\"DANIEL DEFENSE DDM4\u00aeV7\u00ae PRO GUN METAL GRAY - Bocum Defense Policial Militar\" \/>\n<meta property=\"og:description\" content=\"NO DISPONIBLE EN ESPA\u00d1A PARA PARTICULARES\u00a0  El V7\u00ae PRO GUN METAL GRAY fue creado pensando en satisfacer las necesidades de una gran variedad de competidores. Su dise\u00f1o ergon\u00f3mico sobresaliente, su excelente sistema de refrigeraci\u00f3n y su amplio espacio para la \u00f3ptica est\u00e1n dise\u00f1ados para reducir el tiempo de divisi\u00f3n, mejorar la precisi\u00f3n de los disparos de seguimiento y minimizar la fatiga del tirador, todo con el objetivo de ayudar al competidor a dominar su pr\u00f3xima competici\u00f3n de tiro.\" \/>\n<meta property=\"og:url\" content=\"https:\/\/bocumdefense.com\/policial-militar\/producto\/daniel-defense-ddm4v7-pro-gun-metal-gray\/\" \/>\n<meta property=\"og:site_name\" content=\"Bocum Defense Policial Militar\" \/>\n<meta property=\"article:modified_time\" content=\"2023-08-29T11:45:19+00:00\" \/>\n<meta property=\"og:image\" content=\"https:\/\/bocumdefense.com\/policial-militar\/policial-militar\/wp-content\/uploads\/2023\/02\/DD-MAIN.jpg\" \/>\n\t<meta property=\"og:image:width\" content=\"1000\" \/>\n\t<meta property=\"og:image:height\" content=\"1000\" \/>\n\t<meta property=\"og:image:type\" content=\"image\/jpeg\" \/>\n<meta name=\"twitter:card\" content=\"summary_large_image\" \/>\n<meta name=\"twitter:label1\" content=\"Tiempo de lectura\" \/>\n\t<meta name=\"twitter:data1\" content=\"3 minutos\" \/>\n<script type=\"application\/ld+json\" class=\"yoast-schema-graph\">{\"@context\":\"https:\/\/schema.org\",\"@graph\":[{\"@type\":\"WebPage\",\"@id\":\"https:\/\/bocumdefense.com\/policial-militar\/producto\/daniel-defense-ddm4v7-pro-gun-metal-gray\/\",\"url\":\"https:\/\/bocumdefense.com\/policial-militar\/producto\/daniel-defense-ddm4v7-pro-gun-metal-gray\/\",\"name\":\"DANIEL DEFENSE DDM4\u00aeV7\u00ae PRO GUN METAL GRAY - Bocum Defense Policial Militar\",\"isPartOf\":{\"@id\":\"https:\/\/bocumdefense.com\/policial-militar\/#website\"},\"datePublished\":\"2023-08-29T11:44:28+00:00\",\"dateModified\":\"2023-08-29T11:45:19+00:00\",\"breadcrumb\":{\"@id\":\"https:\/\/bocumdefense.com\/policial-militar\/producto\/daniel-defense-ddm4v7-pro-gun-metal-gray\/#breadcrumb\"},\"inLanguage\":\"es\",\"potentialAction\":[{\"@type\":\"ReadAction\",\"target\":[\"https:\/\/bocumdefense.com\/policial-militar\/producto\/daniel-defense-ddm4v7-pro-gun-metal-gray\/\"]}]},{\"@type\":\"BreadcrumbList\",\"@id\":\"https:\/\/bocumdefense.com\/policial-militar\/producto\/daniel-defense-ddm4v7-pro-gun-metal-gray\/#breadcrumb\",\"itemListElement\":[{\"@type\":\"ListItem\",\"position\":1,\"name\":\"Portada\",\"item\":\"https:\/\/bocumdefense.com\/policial-militar\/policial-militar\/\"},{\"@type\":\"ListItem\",\"position\":2,\"name\":\"Tienda\",\"item\":\"https:\/\/bocumdefense.com\/policial-militar\/tienda\/\"},{\"@type\":\"ListItem\",\"position\":3,\"name\":\"DANIEL DEFENSE DDM4\u00aeV7\u00ae PRO GUN METAL GRAY\"}]},{\"@type\":\"WebSite\",\"@id\":\"https:\/\/bocumdefense.com\/policial-militar\/#website\",\"url\":\"https:\/\/bocumdefense.com\/policial-militar\/\",\"name\":\"Bocum Defense Policial Militar\",\"description\":\"\",\"potentialAction\":[{\"@type\":\"SearchAction\",\"target\":{\"@type\":\"EntryPoint\",\"urlTemplate\":\"https:\/\/bocumdefense.com\/policial-militar\/?s={search_term_string}\"},\"query-input\":\"required name=search_term_string\"}],\"inLanguage\":\"es\"}]}<\/script>\n<!-- \/ Yoast SEO plugin. -->","yoast_head_json":{"title":"DANIEL DEFENSE DDM4\u00aeV7\u00ae PRO GUN METAL GRAY - Bocum Defense Policial Militar","robots":{"index":"noindex","follow":"follow","max-snippet":"max-snippet:-1","max-image-preview":"max-image-preview:large","max-video-preview":"max-video-preview:-1"},"og_locale":"es_ES","og_type":"article","og_title":"DANIEL DEFENSE DDM4\u00aeV7\u00ae PRO GUN METAL GRAY - Bocum Defense Policial Militar","og_description":"NO DISPONIBLE EN ESPA\u00d1A PARA PARTICULARES\u00a0  El V7\u00ae PRO GUN METAL GRAY fue creado pensando en satisfacer las necesidades de una gran variedad de competidores. Su dise\u00f1o ergon\u00f3mico sobresaliente, su excelente sistema de refrigeraci\u00f3n y su amplio espacio para la \u00f3ptica est\u00e1n dise\u00f1ados para reducir el tiempo de divisi\u00f3n, mejorar la precisi\u00f3n de los disparos de seguimiento y minimizar la fatiga del tirador, todo con el objetivo de ayudar al competidor a dominar su pr\u00f3xima competici\u00f3n de tiro.","og_url":"https:\/\/bocumdefense.com\/policial-militar\/producto\/daniel-defense-ddm4v7-pro-gun-metal-gray\/","og_site_name":"Bocum Defense Policial Militar","article_modified_time":"2023-08-29T11:45:19+00:00","og_image":[{"width":1000,"height":1000,"url":"https:\/\/bocumdefense.com\/policial-militar\/policial-militar\/wp-content\/uploads\/2023\/02\/DD-MAIN.jpg","type":"image\/jpeg"}],"twitter_card":"summary_large_image","twitter_misc":{"Tiempo de lectura":"3 minutos"},"schema":{"@context":"https:\/\/schema.org","@graph":[{"@type":"WebPage","@id":"https:\/\/bocumdefense.com\/policial-militar\/producto\/daniel-defense-ddm4v7-pro-gun-metal-gray\/","url":"https:\/\/bocumdefense.com\/policial-militar\/producto\/daniel-defense-ddm4v7-pro-gun-metal-gray\/","name":"DANIEL DEFENSE DDM4\u00aeV7\u00ae PRO GUN METAL GRAY - Bocum Defense Policial Militar","isPartOf":{"@id":"https:\/\/bocumdefense.com\/policial-militar\/#website"},"datePublished":"2023-08-29T11:44:28+00:00","dateModified":"2023-08-29T11:45:19+00:00","breadcrumb":{"@id":"https:\/\/bocumdefense.com\/policial-militar\/producto\/daniel-defense-ddm4v7-pro-gun-metal-gray\/#breadcrumb"},"inLanguage":"es","potentialAction":[{"@type":"ReadAction","target":["https:\/\/bocumdefense.com\/policial-militar\/producto\/daniel-defense-ddm4v7-pro-gun-metal-gray\/"]}]},{"@type":"BreadcrumbList","@id":"https:\/\/bocumdefense.com\/policial-militar\/producto\/daniel-defense-ddm4v7-pro-gun-metal-gray\/#breadcrumb","itemListElement":[{"@type":"ListItem","position":1,"name":"Portada","item":"https:\/\/bocumdefense.com\/policial-militar\/policial-militar\/"},{"@type":"ListItem","position":2,"name":"Tienda","item":"https:\/\/bocumdefense.com\/policial-militar\/tienda\/"},{"@type":"ListItem","position":3,"name":"DANIEL DEFENSE DDM4\u00aeV7\u00ae PRO GUN METAL GRAY"}]},{"@type":"WebSite","@id":"https:\/\/bocumdefense.com\/policial-militar\/#website","url":"https:\/\/bocumdefense.com\/policial-militar\/","name":"Bocum Defense Policial Militar","description":"","potentialAction":[{"@type":"SearchAction","target":{"@type":"EntryPoint","urlTemplate":"https:\/\/bocumdefense.com\/policial-militar\/?s={search_term_string}"},"query-input":"required name=search_term_string"}],"inLanguage":"es"}]}},"_links":{"self":[{"href":"https:\/\/bocumdefense.com\/policial-militar\/wp-json\/wp\/v2\/product\/890","targetHints":{"allow":["GET"]}}],"collection":[{"href":"https:\/\/bocumdefense.com\/policial-militar\/wp-json\/wp\/v2\/product"}],"about":[{"href":"https:\/\/bocumdefense.com\/policial-militar\/wp-json\/wp\/v2\/types\/product"}],"replies":[{"embeddable":true,"href":"https:\/\/bocumdefense.com\/policial-militar\/wp-json\/wp\/v2\/comments?post=890"}],"wp:featuredmedia":[{"embeddable":true,"href":"https:\/\/bocumdefense.com\/policial-militar\/wp-json\/wp\/v2\/media\/980"}],"wp:attachment":[{"href":"https:\/\/bocumdefense.com\/policial-militar\/wp-json\/wp\/v2\/media?parent=890"}],"wp:term":[{"taxonomy":"product_cat","embeddable":true,"href":"https:\/\/bocumdefense.com\/policial-militar\/wp-json\/wp\/v2\/product_cat?post=890"},{"taxonomy":"product_tag","embeddable":true,"href":"https:\/\/bocumdefense.com\/policial-militar\/wp-json\/wp\/v2\/product_tag?post=890"}],"curies":[{"name":"wp","href":"https:\/\/api.w.org\/{rel}","templated":true}]}}