{"id":887,"date":"2023-08-29T12:44:27","date_gmt":"2023-08-29T11:44:27","guid":{"rendered":"https:\/\/bocumdefense.com\/policial-militar\/?post_type=product&#038;p=887"},"modified":"2023-08-29T12:45:18","modified_gmt":"2023-08-29T11:45:18","slug":"daniel-defense-ddm4v7-lw-upper-receiver-group","status":"publish","type":"product","link":"https:\/\/bocumdefense.com\/policial-militar\/producto\/daniel-defense-ddm4v7-lw-upper-receiver-group\/","title":{"rendered":"DANIEL DEFENSE DDM4\u00aeV7\u00ae LW UPPER RECEIVER GROUP"},"content":{"rendered":"<h2 style=\"text-align: center;\"><strong>DETALLES\u00a0<\/strong><\/h2>\n<p>&nbsp;<\/p>\n<ul>\n<li>Este grupo receptor superior cuenta con un sistema de gas de longitud media que asegura un funcionamiento suave, fiable y reduce el desgaste de las piezas m\u00f3viles. El guardamanos MFR 15.0 de flotaci\u00f3n libre no solo ofrece una refrigeraci\u00f3n superior, sino tambi\u00e9n una ergonom\u00eda y modularidad \u00f3ptimas, manteniendo la resistencia y durabilidad que caracteriza a Daniel Defense.<\/li>\n<\/ul>\n<p>&nbsp;<\/p>\n<ul>\n<li>Con puntos de fijaci\u00f3n M-LOK a lo largo de 7 posiciones y un riel Picatinny 1913 ininterrumpido en la parte superior, el Grupo Receptor Superior V7 LW ofrece suficiente espacio para cualquier mira, \u00f3ptica o accesorio que el usuario necesite. Adem\u00e1s, la palanca de carga GRIP-N-RIP de accionamiento independiente se adapta tanto a tiradores diestros como zurdos. Cabe destacar que todos los grupos receptores superiores completos de Daniel Defense vienen equipados con un grupo portador de cerrojo de perfil M16.<\/li>\n<\/ul>\n<p>&nbsp;<\/p>\n<p>&nbsp;<\/p>\n<h2 style=\"text-align: center;\"><strong>MATERIALES Y CONSTRUCCI\u00d3N\u00a0<\/strong><\/h2>\n<p>&nbsp;<\/p>\n<p>&nbsp;<\/p>\n<ul>\n<li><strong>RECEPTOR SUPERIOR:<\/strong> Mil-Spec con marcas de indexaci\u00f3n y rampas de alimentaci\u00f3n M4. Mecanizado CNC de Aluminio 7075-T6, Anodizado de Capa Dura Tipo III.<\/li>\n<li><strong>CA\u00d1\u00d3N:<\/strong> Acero al Cromo Molibdeno Vanadio, forjado en fr\u00edo, torsi\u00f3n 1:7, perfil ligero de 16&#8243; (40.64 cm), sistema de gas de longitud media, forrado de cromo, fosfatado pesado Mil-Spec y testado HP\/MPI.<\/li>\n<li><strong>SISTEMA DE GAS:<\/strong> Bloque de gas de perfil bajo con pasador, mecanizado por CNC en acero 4140 endurecido y recubrimiento Mil-Spec de fosfato pesado, longitud media, impacto directo.<\/li>\n<li><strong>DISPOSITIVO MUZZLE:<\/strong> Supresor de fogonazos Daniel Defense, acero inoxidable 17-4 PH, acabado de nitruro de ba\u00f1o salino<\/li>\n<li><strong>GRUPO PORTABULONES:<\/strong> Perfil M16, Mil-Spec MP Tested, Cromado, Llave de Gas debidamente estacada<\/li>\n<li><strong>MIRAS:<\/strong> Se venden por separado<\/li>\n<li><strong>GUARDAMANOS:<\/strong> Daniel Defense MFR 15.0, Mecanizado CNC de Aluminio 6061-T6, Fijaci\u00f3n M<\/li>\n<li><strong>LOK,<\/strong> Tipo III Anodizado de Capa Dura<\/li>\n<li><strong>MANGO DE CARGA:<\/strong> GRIP-N-RIP mango de carga, el cuerpo CNC mecanizado de aluminio 7075-T6, manijas y pestillo CNC mecanizado de aluminio 6061-T6, Heavy Duty pasadores de acero inoxidable, Tipo III Hard Coat anodizado<\/li>\n<li><strong>GRIP:<\/strong> Daniel Defense Grip Vertical, Glass-Filled Polymer, M-LOK<\/li>\n<li><strong>Fabricado en EE.UU.<\/strong><\/li>\n<\/ul>\n","protected":false},"excerpt":{"rendered":"<p><strong><span style=\"color: #ff0000;\">NO DISPONIBLE EN ESPA\u00d1A PARA PARTICULARES\u00a0<\/span><\/strong><\/p>\n<p>El DDM4 V7 LW AR15 upper ha sido dise\u00f1ado en torno a un ca\u00f1\u00f3n de perfil liviano forjado en fr\u00edo de 16 pulgadas (40.64 cm) que pesa dos onzas menos que un ca\u00f1\u00f3n V7 est\u00e1ndar. Asimismo, cuenta con un supresor de destellos DD mejorado que reduce la firma de destellos.<\/p>\n","protected":false},"featured_media":961,"comment_status":"open","ping_status":"closed","template":"","meta":{"_et_pb_use_builder":"","_et_pb_old_content":"","_et_gb_content_width":"","inline_featured_image":false},"product_cat":[458,167],"product_tag":[27],"class_list":["post-887","product","type-product","status-publish","has-post-thumbnail","hentry","product_cat-armas-pm","product_cat-policial-militar","product_tag-rojo"],"yoast_head":"<!-- This site is optimized with the Yoast SEO plugin v20.8 - https:\/\/yoast.com\/wordpress\/plugins\/seo\/ -->\n<title>DANIEL DEFENSE DDM4\u00aeV7\u00ae LW UPPER RECEIVER GROUP - Bocum Defense Policial Militar<\/title>\n<meta name=\"robots\" content=\"noindex, follow, max-snippet:-1, max-image-preview:large, max-video-preview:-1\" \/>\n<meta property=\"og:locale\" content=\"es_ES\" \/>\n<meta property=\"og:type\" content=\"article\" \/>\n<meta property=\"og:title\" content=\"DANIEL DEFENSE DDM4\u00aeV7\u00ae LW UPPER RECEIVER GROUP - Bocum Defense Policial Militar\" \/>\n<meta property=\"og:description\" content=\"NO DISPONIBLE EN ESPA\u00d1A PARA PARTICULARES\u00a0  El DDM4 V7 LW AR15 upper ha sido dise\u00f1ado en torno a un ca\u00f1\u00f3n de perfil liviano forjado en fr\u00edo de 16 pulgadas (40.64 cm) que pesa dos onzas menos que un ca\u00f1\u00f3n V7 est\u00e1ndar. Asimismo, cuenta con un supresor de destellos DD mejorado que reduce la firma de destellos.\" \/>\n<meta property=\"og:url\" content=\"https:\/\/bocumdefense.com\/policial-militar\/producto\/daniel-defense-ddm4v7-lw-upper-receiver-group\/\" \/>\n<meta property=\"og:site_name\" content=\"Bocum Defense Policial Militar\" \/>\n<meta property=\"article:modified_time\" content=\"2023-08-29T11:45:18+00:00\" \/>\n<meta property=\"og:image\" content=\"https:\/\/bocumdefense.com\/policial-militar\/policial-militar\/wp-content\/uploads\/2023\/02\/DDM4\u00aeV7\u00ae-LW-UPPER-RECEIVER-GROUP-MAIN.jpg\" \/>\n\t<meta property=\"og:image:width\" content=\"1000\" \/>\n\t<meta property=\"og:image:height\" content=\"1000\" \/>\n\t<meta property=\"og:image:type\" content=\"image\/jpeg\" \/>\n<meta name=\"twitter:card\" content=\"summary_large_image\" \/>\n<meta name=\"twitter:label1\" content=\"Tiempo de lectura\" \/>\n\t<meta name=\"twitter:data1\" content=\"2 minutos\" \/>\n<script type=\"application\/ld+json\" class=\"yoast-schema-graph\">{\"@context\":\"https:\/\/schema.org\",\"@graph\":[{\"@type\":\"WebPage\",\"@id\":\"https:\/\/bocumdefense.com\/policial-militar\/producto\/daniel-defense-ddm4v7-lw-upper-receiver-group\/\",\"url\":\"https:\/\/bocumdefense.com\/policial-militar\/producto\/daniel-defense-ddm4v7-lw-upper-receiver-group\/\",\"name\":\"DANIEL DEFENSE DDM4\u00aeV7\u00ae LW UPPER RECEIVER GROUP - Bocum Defense Policial Militar\",\"isPartOf\":{\"@id\":\"https:\/\/bocumdefense.com\/policial-militar\/#website\"},\"datePublished\":\"2023-08-29T11:44:27+00:00\",\"dateModified\":\"2023-08-29T11:45:18+00:00\",\"breadcrumb\":{\"@id\":\"https:\/\/bocumdefense.com\/policial-militar\/producto\/daniel-defense-ddm4v7-lw-upper-receiver-group\/#breadcrumb\"},\"inLanguage\":\"es\",\"potentialAction\":[{\"@type\":\"ReadAction\",\"target\":[\"https:\/\/bocumdefense.com\/policial-militar\/producto\/daniel-defense-ddm4v7-lw-upper-receiver-group\/\"]}]},{\"@type\":\"BreadcrumbList\",\"@id\":\"https:\/\/bocumdefense.com\/policial-militar\/producto\/daniel-defense-ddm4v7-lw-upper-receiver-group\/#breadcrumb\",\"itemListElement\":[{\"@type\":\"ListItem\",\"position\":1,\"name\":\"Portada\",\"item\":\"https:\/\/bocumdefense.com\/policial-militar\/policial-militar\/\"},{\"@type\":\"ListItem\",\"position\":2,\"name\":\"Tienda\",\"item\":\"https:\/\/bocumdefense.com\/policial-militar\/tienda\/\"},{\"@type\":\"ListItem\",\"position\":3,\"name\":\"DANIEL DEFENSE DDM4\u00aeV7\u00ae LW UPPER RECEIVER GROUP\"}]},{\"@type\":\"WebSite\",\"@id\":\"https:\/\/bocumdefense.com\/policial-militar\/#website\",\"url\":\"https:\/\/bocumdefense.com\/policial-militar\/\",\"name\":\"Bocum Defense Policial Militar\",\"description\":\"\",\"potentialAction\":[{\"@type\":\"SearchAction\",\"target\":{\"@type\":\"EntryPoint\",\"urlTemplate\":\"https:\/\/bocumdefense.com\/policial-militar\/?s={search_term_string}\"},\"query-input\":\"required name=search_term_string\"}],\"inLanguage\":\"es\"}]}<\/script>\n<!-- \/ Yoast SEO plugin. -->","yoast_head_json":{"title":"DANIEL DEFENSE DDM4\u00aeV7\u00ae LW UPPER RECEIVER GROUP - Bocum Defense Policial Militar","robots":{"index":"noindex","follow":"follow","max-snippet":"max-snippet:-1","max-image-preview":"max-image-preview:large","max-video-preview":"max-video-preview:-1"},"og_locale":"es_ES","og_type":"article","og_title":"DANIEL DEFENSE DDM4\u00aeV7\u00ae LW UPPER RECEIVER GROUP - Bocum Defense Policial Militar","og_description":"NO DISPONIBLE EN ESPA\u00d1A PARA PARTICULARES\u00a0  El DDM4 V7 LW AR15 upper ha sido dise\u00f1ado en torno a un ca\u00f1\u00f3n de perfil liviano forjado en fr\u00edo de 16 pulgadas (40.64 cm) que pesa dos onzas menos que un ca\u00f1\u00f3n V7 est\u00e1ndar. Asimismo, cuenta con un supresor de destellos DD mejorado que reduce la firma de destellos.","og_url":"https:\/\/bocumdefense.com\/policial-militar\/producto\/daniel-defense-ddm4v7-lw-upper-receiver-group\/","og_site_name":"Bocum Defense Policial Militar","article_modified_time":"2023-08-29T11:45:18+00:00","og_image":[{"width":1000,"height":1000,"url":"https:\/\/bocumdefense.com\/policial-militar\/policial-militar\/wp-content\/uploads\/2023\/02\/DDM4\u00aeV7\u00ae-LW-UPPER-RECEIVER-GROUP-MAIN.jpg","type":"image\/jpeg"}],"twitter_card":"summary_large_image","twitter_misc":{"Tiempo de lectura":"2 minutos"},"schema":{"@context":"https:\/\/schema.org","@graph":[{"@type":"WebPage","@id":"https:\/\/bocumdefense.com\/policial-militar\/producto\/daniel-defense-ddm4v7-lw-upper-receiver-group\/","url":"https:\/\/bocumdefense.com\/policial-militar\/producto\/daniel-defense-ddm4v7-lw-upper-receiver-group\/","name":"DANIEL DEFENSE DDM4\u00aeV7\u00ae LW UPPER RECEIVER GROUP - Bocum Defense Policial Militar","isPartOf":{"@id":"https:\/\/bocumdefense.com\/policial-militar\/#website"},"datePublished":"2023-08-29T11:44:27+00:00","dateModified":"2023-08-29T11:45:18+00:00","breadcrumb":{"@id":"https:\/\/bocumdefense.com\/policial-militar\/producto\/daniel-defense-ddm4v7-lw-upper-receiver-group\/#breadcrumb"},"inLanguage":"es","potentialAction":[{"@type":"ReadAction","target":["https:\/\/bocumdefense.com\/policial-militar\/producto\/daniel-defense-ddm4v7-lw-upper-receiver-group\/"]}]},{"@type":"BreadcrumbList","@id":"https:\/\/bocumdefense.com\/policial-militar\/producto\/daniel-defense-ddm4v7-lw-upper-receiver-group\/#breadcrumb","itemListElement":[{"@type":"ListItem","position":1,"name":"Portada","item":"https:\/\/bocumdefense.com\/policial-militar\/policial-militar\/"},{"@type":"ListItem","position":2,"name":"Tienda","item":"https:\/\/bocumdefense.com\/policial-militar\/tienda\/"},{"@type":"ListItem","position":3,"name":"DANIEL DEFENSE DDM4\u00aeV7\u00ae LW UPPER RECEIVER GROUP"}]},{"@type":"WebSite","@id":"https:\/\/bocumdefense.com\/policial-militar\/#website","url":"https:\/\/bocumdefense.com\/policial-militar\/","name":"Bocum Defense Policial Militar","description":"","potentialAction":[{"@type":"SearchAction","target":{"@type":"EntryPoint","urlTemplate":"https:\/\/bocumdefense.com\/policial-militar\/?s={search_term_string}"},"query-input":"required name=search_term_string"}],"inLanguage":"es"}]}},"_links":{"self":[{"href":"https:\/\/bocumdefense.com\/policial-militar\/wp-json\/wp\/v2\/product\/887","targetHints":{"allow":["GET"]}}],"collection":[{"href":"https:\/\/bocumdefense.com\/policial-militar\/wp-json\/wp\/v2\/product"}],"about":[{"href":"https:\/\/bocumdefense.com\/policial-militar\/wp-json\/wp\/v2\/types\/product"}],"replies":[{"embeddable":true,"href":"https:\/\/bocumdefense.com\/policial-militar\/wp-json\/wp\/v2\/comments?post=887"}],"wp:featuredmedia":[{"embeddable":true,"href":"https:\/\/bocumdefense.com\/policial-militar\/wp-json\/wp\/v2\/media\/961"}],"wp:attachment":[{"href":"https:\/\/bocumdefense.com\/policial-militar\/wp-json\/wp\/v2\/media?parent=887"}],"wp:term":[{"taxonomy":"product_cat","embeddable":true,"href":"https:\/\/bocumdefense.com\/policial-militar\/wp-json\/wp\/v2\/product_cat?post=887"},{"taxonomy":"product_tag","embeddable":true,"href":"https:\/\/bocumdefense.com\/policial-militar\/wp-json\/wp\/v2\/product_tag?post=887"}],"curies":[{"name":"wp","href":"https:\/\/api.w.org\/{rel}","templated":true}]}}