{"id":886,"date":"2023-08-29T12:44:27","date_gmt":"2023-08-29T11:44:27","guid":{"rendered":"https:\/\/bocumdefense.com\/policial-militar\/?post_type=product&#038;p=886"},"modified":"2023-08-29T12:45:18","modified_gmt":"2023-08-29T11:45:18","slug":"daniel-defense-ddm4v7-california-compliant","status":"publish","type":"product","link":"https:\/\/bocumdefense.com\/policial-militar\/producto\/daniel-defense-ddm4v7-california-compliant\/","title":{"rendered":"DANIEL DEFENSE DDM4\u00aeV7\u00ae CALIFORNIA COMPLIANT"},"content":{"rendered":"<h2 style=\"text-align: center;\"><strong>DETALLES\u00a0<\/strong><\/h2>\n<p>El sistema de gas de longitud media proporciona un ciclo suave y fiable en cualquier condici\u00f3n y reduce tanto el retroceso percibido como el desgaste de las piezas m\u00f3viles.<\/p>\n<p>Con los puntos de anclaje M-LOK que se extienden a lo largo de 7 posiciones y un carril Picatinny 1913 ininterrumpido en la parte superior, la V7 tiene espacio de sobra para las miras, \u00f3pticas y accesorios que el usuario pueda necesitar.<\/p>\n<p>La empu\u00f1adura de carga GRIP-N-RIP de ambici\u00f3n independiente se adapta a tiradores diestros y zurdos. Este rifle tambi\u00e9n viene con la ergon\u00f3mica culata y empu\u00f1adura de pistola Daniel Defense.<\/p>\n<p>&nbsp;<\/p>\n<p>&nbsp;<\/p>\n<h2 style=\"text-align: center;\"><strong>MATERIALES Y CONSTRUCCI\u00d3N\u00a0<\/strong><\/h2>\n<p>&nbsp;<\/p>\n<ul>\n<li><strong>RECEPTOR INFERIOR:\u00a0<\/strong>Cumple con los est\u00e1ndares militares Mil-Spec y cuenta con dise\u00f1o ambidiestro para usuarios diestros o zurdos. Adem\u00e1s, posee un cargador acampanado mejorado y un punto de sujeci\u00f3n trasero QD Swivel Attachment Point. Su fabricaci\u00f3n se lleva a cabo mediante la t\u00e9cnica de mecanizado CNC en aluminio 7075-T6 y su acabado cuenta con una capa anodizada de tipo III para una mayor durabilidad y resistencia.<\/li>\n<li><strong>RECEPTOR SUPERIOR<\/strong>:\u00a0Cuenta con los est\u00e1ndares militares Mil-Spec y cuenta con marcas de indexaci\u00f3n y rampas de alimentaci\u00f3n M4. Su fabricaci\u00f3n se lleva a cabo mediante la t\u00e9cnica de mecanizado CNC en aluminio 7075-T6, y cuenta con un recubrimiento adonizado de capa dura tipo III para una mayor durabilidad y resistencia.<\/li>\n<li><strong>CA\u00d1\u00d3N:<\/strong>Est\u00e1 fabricado con Acero al Cromo Molibdeno Vanadio, el cual ha sido forjado en fr\u00edo y tiene una torsi\u00f3n de 1:7. Su perfil es Government de 16&#8243; y cuenta con un sistema de gas de longitud media. Adem\u00e1s, est\u00e1 forrado de cromo, tiene un fosfatado pesado Mil-Spec y ha sido probado HP\/MPI.<\/li>\n<\/ul>\n<div class=\"group w-full text-gray-800 dark:text-gray-100 border-b border-black\/10 dark:border-gray-900\/50 bg-gray-50 dark:bg-[#444654]\">\n<div class=\"text-base gap-4 md:gap-6 md:max-w-2xl lg:max-w-xl xl:max-w-3xl p-4 md:py-6 flex lg:px-0 m-auto\">\n<div class=\"relative flex w-[calc(100%-50px)] flex-col gap-1 md:gap-3 lg:w-[calc(100%-115px)]\">\n<div class=\"flex flex-grow flex-col gap-3\">\n<div class=\"min-h-[20px] flex flex-col items-start gap-4 whitespace-pre-wrap\">\n<div class=\"markdown prose w-full break-words dark:prose-invert dark\">\n<ul>\n<li><strong>SISTEMA DE GAS:<\/strong> Bloque de gas de perfil bajo con pasador, mecanizado por CNC en acero 4140 endurecido con revestimiento de fosfato pesado Mil-Spec, longitud de carabina, impacto directo.<\/li>\n<\/ul>\n<\/div>\n<\/div>\n<\/div>\n<\/div>\n<\/div>\n<\/div>\n<ul>\n<li><strong>DISPOSITIVO DE LA BOCA:<\/strong> El Supresor de Flash de Daniel Defense est\u00e1 fabricado con Acero Inoxidable 17-4 PH y cuenta con un acabado de Nitruro Ba\u00f1o de Sal.<\/li>\n<li><strong>GRUPO PORTA CERROJO:<\/strong> Perfil M16, Mil-Spec MP Tested, Cromado, Llave de Gas debidamente estacada.<\/li>\n<li><strong>BUFFER:<\/strong> Buffer H.<\/li>\n<li><strong>MIRAS<\/strong>: <strong>SE VENDEN POR SEPARADO.<\/strong><\/li>\n<li><strong>GUARDAMANOS:<\/strong> Daniel Defense MFR 15.0&#8243;, Mecanizado CNC de Aluminio 6061-T6, Fijaci\u00f3n M-LOK.<\/li>\n<li><strong>PALANCA DE CARGA<\/strong>:\u00a0La palanca de carga cuenta con el sistema GRIP-N-RIP y est\u00e1 fabricada con un cuerpo de aluminio 7075-T6 mecanizado mediante CNC. Tanto las empu\u00f1aduras como el pestillo est\u00e1n hechos de aluminio 6061-T6 mecanizado mediante CNC y los pasadores son de acero inoxidable.<\/li>\n<li><strong>EXTENSION RECEPTOR:<\/strong> 6 Posiciones Mil-Spec 7075-T6 Aluminio.<\/li>\n<li><strong>CULATA:<\/strong>Daniel Defense de pol\u00edmero relleno de vidrio con sobre moldeado de tacto suave.<\/li>\n<li><strong>MANGO DE PISTOLA: <\/strong>Grip de pistola Daniel Defense de pol\u00edmero relleno de vidrio con sobre moldeado de tacto suave.<\/li>\n<li><strong>Fabricado en EE.UU.<\/strong><\/li>\n<\/ul>\n<p>&nbsp;<\/p>\n<p>&nbsp;<\/p>\n<h2 style=\"text-align: center;\"><strong>CARACTER\u00cdSTICAS\u00a0<\/strong><\/h2>\n<p>&nbsp;<\/p>\n<p><img loading=\"lazy\" decoding=\"async\" class=\"aligncenter wp-image-2126 size-large\" src=\"https:\/\/bocumdefense.com\/policial-militar\/policial-militar\/wp-content\/uploads\/2023\/02\/v7-02-128-02081-047_illustration-1024x236.jpg\" alt=\"\" width=\"1024\" height=\"236\" srcset=\"https:\/\/bocumdefense.com\/policial-militar\/policial-militar\/wp-content\/uploads\/2023\/02\/v7-02-128-02081-047_illustration-980x226.jpg 980w, https:\/\/bocumdefense.com\/policial-militar\/policial-militar\/wp-content\/uploads\/2023\/02\/v7-02-128-02081-047_illustration-480x111.jpg 480w\" sizes=\"(min-width: 0px) and (max-width: 480px) 480px, (min-width: 481px) and (max-width: 980px) 980px, (min-width: 981px) 1024px, 100vw\" \/><\/p>\n<p>&nbsp;<\/p>\n<p>&nbsp;<\/p>\n<ol>\n<li><strong>FRENO DE BOCA;<\/strong> El dise\u00f1o mejorado reduce la firma de destello en comparaci\u00f3n con la jaula A2 tradicional para armas de fuego de estilo AR15.<\/li>\n<li><strong>CA\u00d1\u00d3N FORJADO A MARTILLO FR\u00cdO;<\/strong>\u00a0Intenso proceso de presi\u00f3n hidr\u00e1ulica que forma los ca\u00f1ones m\u00e1s precisos y duraderos que se pueden conseguir.<\/li>\n<li><strong>HUECO DEL CARGADOR ENSANCHADO;<\/strong>\u00a0El hueco del cargador ensanchado y biselado permite colocar los cargadores en su sitio para recargarlos de la forma m\u00e1s r\u00e1pida y segura posible.<\/li>\n<li><strong>SELECTOR DE SEGURIDAD AMBI:\u00a0<\/strong>Para tiradores diestros o zurdos.<\/li>\n<li><strong>SISTEMA DE CARRIL DE FLOTACI\u00d3N LIBRE;<\/strong>\u00a0Sujeci\u00f3n patentada de 4 \u00f3 6 pernos al tubo superior que permite que el sistema de ra\u00edl deje flotar libremente el ca\u00f1\u00f3n, lo que garantizar\u00e1 que los arm\u00f3nicos del ca\u00f1\u00f3n no se vean afectados durante el funcionamiento.<\/li>\n<li><strong>CULATA:<\/strong>\u00a0Con carrillera antideslizante, cantoneras intercambiables y punto QD integrado.<\/li>\n<li><strong>PUNTOS QD:<\/strong>\u00a0Puntos de desconexi\u00f3n r\u00e1pida integrados para la fijaci\u00f3n de eslingas.<\/li>\n<li><b>M-LOK: <\/b>Con tecnolog\u00eda de fijaci\u00f3n M-LOK<\/li>\n<li><strong>EMPU\u00d1ADURA DE PISTOLA:<\/strong> Angulo de mu\u00f1eca ergon\u00f3mico, guardamonte integral y empu\u00f1adura antideslizante para mayor comodidad y control en todas las condiciones.<\/li>\n<\/ol>\n","protected":false},"excerpt":{"rendered":"<p><strong><span style=\"color: #ff0000;\">NO DISPONIBLE EN ESPA\u00d1A PARA PARTICULARES\u00a0<\/span><\/strong><\/p>\n<p>El arma de fuego DDM4 V7 estilo AR15 incorpora la tecnolog\u00eda de fijaci\u00f3n M-LOK con el ra\u00edl Daniel Defense MFR 15.0. Construida alrededor de un ca\u00f1\u00f3n de 40,64 cm forjado en fr\u00edo, la V7 tiene un supresor de destellos DD mejorado para reducir la firma de destellos.<\/p>\n","protected":false},"featured_media":959,"comment_status":"open","ping_status":"closed","template":"","meta":{"_et_pb_use_builder":"","_et_pb_old_content":"","_et_gb_content_width":"","inline_featured_image":false},"product_cat":[458,167],"product_tag":[48],"class_list":["post-886","product","type-product","status-publish","has-post-thumbnail","hentry","product_cat-armas-pm","product_cat-policial-militar","product_tag-rojo-armas"],"yoast_head":"<!-- This site is optimized with the Yoast SEO plugin v20.8 - https:\/\/yoast.com\/wordpress\/plugins\/seo\/ -->\n<title>DANIEL DEFENSE DDM4\u00aeV7\u00ae CALIFORNIA COMPLIANT - Bocum Defense Policial Militar<\/title>\n<meta name=\"robots\" content=\"noindex, follow, max-snippet:-1, max-image-preview:large, max-video-preview:-1\" \/>\n<meta property=\"og:locale\" content=\"es_ES\" \/>\n<meta property=\"og:type\" content=\"article\" \/>\n<meta property=\"og:title\" content=\"DANIEL DEFENSE DDM4\u00aeV7\u00ae CALIFORNIA COMPLIANT - Bocum Defense Policial Militar\" \/>\n<meta property=\"og:description\" content=\"NO DISPONIBLE EN ESPA\u00d1A PARA PARTICULARES\u00a0  El arma de fuego DDM4 V7 estilo AR15 incorpora la tecnolog\u00eda de fijaci\u00f3n M-LOK con el ra\u00edl Daniel Defense MFR 15.0. Construida alrededor de un ca\u00f1\u00f3n de 40,64 cm forjado en fr\u00edo, la V7 tiene un supresor de destellos DD mejorado para reducir la firma de destellos.\" \/>\n<meta property=\"og:url\" content=\"https:\/\/bocumdefense.com\/policial-militar\/producto\/daniel-defense-ddm4v7-california-compliant\/\" \/>\n<meta property=\"og:site_name\" content=\"Bocum Defense Policial Militar\" \/>\n<meta property=\"article:modified_time\" content=\"2023-08-29T11:45:18+00:00\" \/>\n<meta property=\"og:image\" content=\"https:\/\/bocumdefense.com\/policial-militar\/policial-militar\/wp-content\/uploads\/2023\/02\/COMPILANT-MAIN.jpg\" \/>\n\t<meta property=\"og:image:width\" content=\"1000\" \/>\n\t<meta property=\"og:image:height\" content=\"1000\" \/>\n\t<meta property=\"og:image:type\" content=\"image\/jpeg\" \/>\n<meta name=\"twitter:card\" content=\"summary_large_image\" \/>\n<meta name=\"twitter:label1\" content=\"Tiempo de lectura\" \/>\n\t<meta name=\"twitter:data1\" content=\"4 minutos\" \/>\n<script type=\"application\/ld+json\" class=\"yoast-schema-graph\">{\"@context\":\"https:\/\/schema.org\",\"@graph\":[{\"@type\":\"WebPage\",\"@id\":\"https:\/\/bocumdefense.com\/policial-militar\/producto\/daniel-defense-ddm4v7-california-compliant\/\",\"url\":\"https:\/\/bocumdefense.com\/policial-militar\/producto\/daniel-defense-ddm4v7-california-compliant\/\",\"name\":\"DANIEL DEFENSE DDM4\u00aeV7\u00ae CALIFORNIA COMPLIANT - Bocum Defense Policial Militar\",\"isPartOf\":{\"@id\":\"https:\/\/bocumdefense.com\/policial-militar\/#website\"},\"datePublished\":\"2023-08-29T11:44:27+00:00\",\"dateModified\":\"2023-08-29T11:45:18+00:00\",\"breadcrumb\":{\"@id\":\"https:\/\/bocumdefense.com\/policial-militar\/producto\/daniel-defense-ddm4v7-california-compliant\/#breadcrumb\"},\"inLanguage\":\"es\",\"potentialAction\":[{\"@type\":\"ReadAction\",\"target\":[\"https:\/\/bocumdefense.com\/policial-militar\/producto\/daniel-defense-ddm4v7-california-compliant\/\"]}]},{\"@type\":\"BreadcrumbList\",\"@id\":\"https:\/\/bocumdefense.com\/policial-militar\/producto\/daniel-defense-ddm4v7-california-compliant\/#breadcrumb\",\"itemListElement\":[{\"@type\":\"ListItem\",\"position\":1,\"name\":\"Portada\",\"item\":\"https:\/\/bocumdefense.com\/policial-militar\/policial-militar\/\"},{\"@type\":\"ListItem\",\"position\":2,\"name\":\"Tienda\",\"item\":\"https:\/\/bocumdefense.com\/policial-militar\/tienda\/\"},{\"@type\":\"ListItem\",\"position\":3,\"name\":\"DANIEL DEFENSE DDM4\u00aeV7\u00ae CALIFORNIA COMPLIANT\"}]},{\"@type\":\"WebSite\",\"@id\":\"https:\/\/bocumdefense.com\/policial-militar\/#website\",\"url\":\"https:\/\/bocumdefense.com\/policial-militar\/\",\"name\":\"Bocum Defense Policial Militar\",\"description\":\"\",\"potentialAction\":[{\"@type\":\"SearchAction\",\"target\":{\"@type\":\"EntryPoint\",\"urlTemplate\":\"https:\/\/bocumdefense.com\/policial-militar\/?s={search_term_string}\"},\"query-input\":\"required name=search_term_string\"}],\"inLanguage\":\"es\"}]}<\/script>\n<!-- \/ Yoast SEO plugin. -->","yoast_head_json":{"title":"DANIEL DEFENSE DDM4\u00aeV7\u00ae CALIFORNIA COMPLIANT - Bocum Defense Policial Militar","robots":{"index":"noindex","follow":"follow","max-snippet":"max-snippet:-1","max-image-preview":"max-image-preview:large","max-video-preview":"max-video-preview:-1"},"og_locale":"es_ES","og_type":"article","og_title":"DANIEL DEFENSE DDM4\u00aeV7\u00ae CALIFORNIA COMPLIANT - Bocum Defense Policial Militar","og_description":"NO DISPONIBLE EN ESPA\u00d1A PARA PARTICULARES\u00a0  El arma de fuego DDM4 V7 estilo AR15 incorpora la tecnolog\u00eda de fijaci\u00f3n M-LOK con el ra\u00edl Daniel Defense MFR 15.0. Construida alrededor de un ca\u00f1\u00f3n de 40,64 cm forjado en fr\u00edo, la V7 tiene un supresor de destellos DD mejorado para reducir la firma de destellos.","og_url":"https:\/\/bocumdefense.com\/policial-militar\/producto\/daniel-defense-ddm4v7-california-compliant\/","og_site_name":"Bocum Defense Policial Militar","article_modified_time":"2023-08-29T11:45:18+00:00","og_image":[{"width":1000,"height":1000,"url":"https:\/\/bocumdefense.com\/policial-militar\/policial-militar\/wp-content\/uploads\/2023\/02\/COMPILANT-MAIN.jpg","type":"image\/jpeg"}],"twitter_card":"summary_large_image","twitter_misc":{"Tiempo de lectura":"4 minutos"},"schema":{"@context":"https:\/\/schema.org","@graph":[{"@type":"WebPage","@id":"https:\/\/bocumdefense.com\/policial-militar\/producto\/daniel-defense-ddm4v7-california-compliant\/","url":"https:\/\/bocumdefense.com\/policial-militar\/producto\/daniel-defense-ddm4v7-california-compliant\/","name":"DANIEL DEFENSE DDM4\u00aeV7\u00ae CALIFORNIA COMPLIANT - Bocum Defense Policial Militar","isPartOf":{"@id":"https:\/\/bocumdefense.com\/policial-militar\/#website"},"datePublished":"2023-08-29T11:44:27+00:00","dateModified":"2023-08-29T11:45:18+00:00","breadcrumb":{"@id":"https:\/\/bocumdefense.com\/policial-militar\/producto\/daniel-defense-ddm4v7-california-compliant\/#breadcrumb"},"inLanguage":"es","potentialAction":[{"@type":"ReadAction","target":["https:\/\/bocumdefense.com\/policial-militar\/producto\/daniel-defense-ddm4v7-california-compliant\/"]}]},{"@type":"BreadcrumbList","@id":"https:\/\/bocumdefense.com\/policial-militar\/producto\/daniel-defense-ddm4v7-california-compliant\/#breadcrumb","itemListElement":[{"@type":"ListItem","position":1,"name":"Portada","item":"https:\/\/bocumdefense.com\/policial-militar\/policial-militar\/"},{"@type":"ListItem","position":2,"name":"Tienda","item":"https:\/\/bocumdefense.com\/policial-militar\/tienda\/"},{"@type":"ListItem","position":3,"name":"DANIEL DEFENSE DDM4\u00aeV7\u00ae CALIFORNIA COMPLIANT"}]},{"@type":"WebSite","@id":"https:\/\/bocumdefense.com\/policial-militar\/#website","url":"https:\/\/bocumdefense.com\/policial-militar\/","name":"Bocum Defense Policial Militar","description":"","potentialAction":[{"@type":"SearchAction","target":{"@type":"EntryPoint","urlTemplate":"https:\/\/bocumdefense.com\/policial-militar\/?s={search_term_string}"},"query-input":"required name=search_term_string"}],"inLanguage":"es"}]}},"_links":{"self":[{"href":"https:\/\/bocumdefense.com\/policial-militar\/wp-json\/wp\/v2\/product\/886","targetHints":{"allow":["GET"]}}],"collection":[{"href":"https:\/\/bocumdefense.com\/policial-militar\/wp-json\/wp\/v2\/product"}],"about":[{"href":"https:\/\/bocumdefense.com\/policial-militar\/wp-json\/wp\/v2\/types\/product"}],"replies":[{"embeddable":true,"href":"https:\/\/bocumdefense.com\/policial-militar\/wp-json\/wp\/v2\/comments?post=886"}],"wp:featuredmedia":[{"embeddable":true,"href":"https:\/\/bocumdefense.com\/policial-militar\/wp-json\/wp\/v2\/media\/959"}],"wp:attachment":[{"href":"https:\/\/bocumdefense.com\/policial-militar\/wp-json\/wp\/v2\/media?parent=886"}],"wp:term":[{"taxonomy":"product_cat","embeddable":true,"href":"https:\/\/bocumdefense.com\/policial-militar\/wp-json\/wp\/v2\/product_cat?post=886"},{"taxonomy":"product_tag","embeddable":true,"href":"https:\/\/bocumdefense.com\/policial-militar\/wp-json\/wp\/v2\/product_tag?post=886"}],"curies":[{"name":"wp","href":"https:\/\/api.w.org\/{rel}","templated":true}]}}