{"id":862,"date":"2023-08-29T12:44:29","date_gmt":"2023-08-29T11:44:29","guid":{"rendered":"https:\/\/bocumdefense.com\/policial-militar\/?post_type=product&#038;p=862"},"modified":"2023-08-29T12:45:20","modified_gmt":"2023-08-29T11:45:20","slug":"daniel-defense-ddm4v4s","status":"publish","type":"product","link":"https:\/\/bocumdefense.com\/policial-militar\/producto\/daniel-defense-ddm4v4s\/","title":{"rendered":"DANIEL DEFENSE DDM4\u00aeV4\u2122S"},"content":{"rendered":"<h2 style=\"text-align: center;\"><strong>DETALLES<\/strong><\/h2>\n<p>&nbsp;<\/p>\n<ul>\n<li>El V4 S es un rifle dise\u00f1ado alrededor de un ca\u00f1\u00f3n de 11,5 pulgadas forjado a martillo en fr\u00edo y de flotaci\u00f3n libre. Esta caracter\u00edstica le proporciona una maniobrabilidad excepcional, una alta fiabilidad, precisi\u00f3n y una \u00f3ptima bal\u00edstica terminal al utilizar una amplia variedad de munici\u00f3n. Adem\u00e1s, el carril picatinny de 10,0 pulgadas protege el ca\u00f1\u00f3n del rifle y el bloque de gas de bajo perfil y longitud de carabina.&nbsp;<\/li>\n<li>La combinaci\u00f3n de un ca\u00f1\u00f3n de 11,5 pulgadas y un carril DDM4 tambi\u00e9n garantiza la compatibilidad con una amplia variedad de dispositivos de boca y supresores de sonido.&nbsp;<\/li>\n<li>La palanca de carga GRIP-N-RIP de accionamiento independiente se adapta a tiradores diestros y zurdos, lo que aumenta la versatilidad del rifle. Adem\u00e1s, el V4 S cuenta con la ergon\u00f3mica culata Daniel Defense y el grip de pistola, proporcionando al usuario una posici\u00f3n de tiro c\u00f3moda y estable.<\/li>\n<\/ul>\n<p>&nbsp;<\/p>\n<p>&nbsp;<\/p>\n<h2 style=\"text-align: center;\"><strong>MATERIALES Y CONSTRUCCI\u00d3N\u00a0<\/strong><\/h2>\n<p>&nbsp;<\/p>\n<ul>\n<li><strong>RECEPTOR INFERIOR:\u00a0<\/strong>Este componente cuenta con especificaciones militares, un cargador mejorado con forma de campana y un punto de enganche QD en el receptor trasero. Est\u00e1 fabricado con aluminio 7075-T6 mecanizado con precisi\u00f3n CNC.\n<div class=\"group w-full text-gray-800 dark:text-gray-100 border-b border-black\/10 dark:border-gray-900\/50 bg-gray-50 dark:bg-[#444654]\">\n<div class=\"text-base gap-4 md:gap-6 md:max-w-2xl lg:max-w-xl xl:max-w-3xl p-4 md:py-6 flex lg:px-0 m-auto\">\n<div class=\"relative flex w-[calc(100%-50px)] flex-col gap-1 md:gap-3 lg:w-[calc(100%-115px)]\"><\/div>\n<\/div>\n<\/div>\n<\/li>\n<li><strong>RECEPTOR SUPERIOR<\/strong>:\u00a0Cuenta con los est\u00e1ndares militares Mil-Spec y cuenta con marcas de indexaci\u00f3n y rampas de alimentaci\u00f3n M4. Su fabricaci\u00f3n se lleva a cabo mediante la t\u00e9cnica de mecanizado CNC en aluminio 7075-T6, y cuenta con un recubrimiento anodizado de capa dura tipo III para una mayor durabilidad y resistencia.<\/li>\n<li><strong>CA\u00d1\u00d3N:<\/strong> El ca\u00f1\u00f3n de este rifle est\u00e1 fabricado en acero al Cromo Molibdeno Vanadio, el cual ha sido forjado en fr\u00edo y sometido a un proceso de torsi\u00f3n 1:7. Su perfil es Government de 11,5 pulgadas, y ha sido revestido de cromo para mayor durabilidad. Adem\u00e1s, ha sido sometido a pruebas MP y fosfatado pesado Mil-Spec, as\u00ed como a pruebas HP\/MPI para garantizar su calidad y fiabilidad.<\/li>\n<li><strong>SISTEMA DE GAS:<\/strong> Bloque de gas de perfil bajo con pasador, mecanizado por CNC en acero 4140 endurecido con revestimiento de fosfato pesado Mil-Spec, longitud de carabina, impacto directo.<\/li>\n<li><strong>DISPOSITIVO DE LA BOCA:<\/strong>\u00a0El supresor de flash de Daniel Defense est\u00e1 construido con acero inoxidable 17-4 PH de alta calidad y cuenta con un acabado de nitruro de ba\u00f1o salino para una mayor resistencia y durabilidad.<\/li>\n<li><strong>GRUPO PORTA CERROJO:<\/strong> Perfil M16, Mil-Spec MP Tested, Cromado, Llave de Gas debidamente estacada.<\/li>\n<li><strong>BUFFER:<\/strong> Buffer H.<\/li>\n<li><strong>MIRAS<\/strong>: <strong>SE VENDEN POR SEPARADO.<\/strong><\/li>\n<li><strong>GUARDAMANOS: <\/strong>Riel DDM4 10.0, fabricado en aluminio 6061-T6 mecanizado con precisi\u00f3n CNC y cuenta con un recubrimiento anodizado tipo III de capa dura.<\/li>\n<li><strong>PALANCA DE CARGA<\/strong>:\u00a0La palanca de carga cuenta con el sistema GRIP-N-RIP y est\u00e1 fabricada con un cuerpo de aluminio 7075-T6 mecanizado mediante CNC. Tanto las empu\u00f1aduras como el pestillo est\u00e1n hechos de aluminio 6061-T6 mecanizado mediante CNC y los pasadores son de acero inoxidable.<\/li>\n<li><strong>EXTENSION RECEPTOR:<\/strong> 6 Posiciones Mil-Spec 7075-T6 Aluminio.<\/li>\n<li><strong>CULATA:<\/strong>Daniel Defense de pol\u00edmero relleno de vidrio con sobre moldeado de tacto suave.<\/li>\n<li><strong>MANGO DE PISTOLA: <\/strong>Grip de pistola Daniel Defense de pol\u00edmero relleno de vidrio con sobre moldeado de tacto suave.<\/li>\n<li><strong>GRIP: <\/strong>Empu\u00f1adura vertical Daniel Defense, pol\u00edmero relleno de vidrio con sobremoldeado suave al tacto<\/li>\n<li><strong>PANELES DE RIEL:<\/strong> Daniel Defense Rail Panels hechos de Santoprene, resistente al calor a 300 \u00b0 Fahrenheit.<\/li>\n<li><strong>Fabricado en EE.UU.<\/strong>\n<div class=\"group w-full text-gray-800 dark:text-gray-100 border-b border-black\/10 dark:border-gray-900\/50 bg-gray-50 dark:bg-[#444654]\"><\/div>\n<\/li>\n<\/ul>\n<p>&nbsp;<\/p>\n","protected":false},"excerpt":{"rendered":"<p><strong><span style=\"color: #ff0000;\">NO DISPONIBLE EN ESPA\u00d1A PARA PARTICULARES <!--\/data\/user\/0\/com.samsung.android.app.notes\/files\/clipdata\/clipdata_bodytext_230204_175046_581.sdocx--><\/span><br \/>\n<\/strong><\/p>\n<p>Este SBR (rifle de ca\u00f1\u00f3n corto) es un arma ligera y fiable dise\u00f1ada a partir de una configuraci\u00f3n que ha sido utilizada por el personal y los organismos encargados de hacer cumplir la ley en Estados Unidos durante a\u00f1os. A pesar de su tama\u00f1o compacto, esta arma es altamente fiable, f\u00e1cil de manejar y precisa. Adem\u00e1s, ofrece una bal\u00edstica terminal \u00f3ptima con una amplia gama de munici\u00f3n, lo que lo hace una opci\u00f3n poderosa y vers\u00e1til.<\/p>\n","protected":false},"featured_media":956,"comment_status":"open","ping_status":"closed","template":"","meta":{"_et_pb_use_builder":"","_et_pb_old_content":"","_et_gb_content_width":"","inline_featured_image":false},"product_cat":[167],"product_tag":[48],"class_list":["post-862","product","type-product","status-publish","has-post-thumbnail","hentry","product_cat-policial-militar","product_tag-rojo-armas"],"yoast_head":"<!-- This site is optimized with the Yoast SEO plugin v20.8 - https:\/\/yoast.com\/wordpress\/plugins\/seo\/ -->\n<title>DANIEL DEFENSE DDM4\u00aeV4\u2122S - Bocum Defense Policial Militar<\/title>\n<meta name=\"robots\" content=\"noindex, follow, max-snippet:-1, max-image-preview:large, max-video-preview:-1\" \/>\n<meta property=\"og:locale\" content=\"es_ES\" \/>\n<meta property=\"og:type\" content=\"article\" \/>\n<meta property=\"og:title\" content=\"DANIEL DEFENSE DDM4\u00aeV4\u2122S - Bocum Defense Policial Militar\" \/>\n<meta property=\"og:description\" content=\"NO DISPONIBLE EN ESPA\u00d1A PARA PARTICULARES    Este SBR (rifle de ca\u00f1\u00f3n corto) es un arma ligera y fiable dise\u00f1ada a partir de una configuraci\u00f3n que ha sido utilizada por el personal y los organismos encargados de hacer cumplir la ley en Estados Unidos durante a\u00f1os. A pesar de su tama\u00f1o compacto, esta arma es altamente fiable, f\u00e1cil de manejar y precisa. Adem\u00e1s, ofrece una bal\u00edstica terminal \u00f3ptima con una amplia gama de munici\u00f3n, lo que lo hace una opci\u00f3n poderosa y vers\u00e1til.\" \/>\n<meta property=\"og:url\" content=\"https:\/\/bocumdefense.com\/policial-militar\/producto\/daniel-defense-ddm4v4s\/\" \/>\n<meta property=\"og:site_name\" content=\"Bocum Defense Policial Militar\" \/>\n<meta property=\"article:modified_time\" content=\"2023-08-29T11:45:20+00:00\" \/>\n<meta property=\"og:image\" content=\"https:\/\/bocumdefense.com\/policial-militar\/policial-militar\/wp-content\/uploads\/2023\/02\/V4-MAIN.jpg\" \/>\n\t<meta property=\"og:image:width\" content=\"1000\" \/>\n\t<meta property=\"og:image:height\" content=\"1000\" \/>\n\t<meta property=\"og:image:type\" content=\"image\/jpeg\" \/>\n<meta name=\"twitter:card\" content=\"summary_large_image\" \/>\n<meta name=\"twitter:label1\" content=\"Tiempo de lectura\" \/>\n\t<meta name=\"twitter:data1\" content=\"3 minutos\" \/>\n<script type=\"application\/ld+json\" class=\"yoast-schema-graph\">{\"@context\":\"https:\/\/schema.org\",\"@graph\":[{\"@type\":\"WebPage\",\"@id\":\"https:\/\/bocumdefense.com\/policial-militar\/producto\/daniel-defense-ddm4v4s\/\",\"url\":\"https:\/\/bocumdefense.com\/policial-militar\/producto\/daniel-defense-ddm4v4s\/\",\"name\":\"DANIEL DEFENSE DDM4\u00aeV4\u2122S - Bocum Defense Policial Militar\",\"isPartOf\":{\"@id\":\"https:\/\/bocumdefense.com\/policial-militar\/#website\"},\"datePublished\":\"2023-08-29T11:44:29+00:00\",\"dateModified\":\"2023-08-29T11:45:20+00:00\",\"breadcrumb\":{\"@id\":\"https:\/\/bocumdefense.com\/policial-militar\/producto\/daniel-defense-ddm4v4s\/#breadcrumb\"},\"inLanguage\":\"es\",\"potentialAction\":[{\"@type\":\"ReadAction\",\"target\":[\"https:\/\/bocumdefense.com\/policial-militar\/producto\/daniel-defense-ddm4v4s\/\"]}]},{\"@type\":\"BreadcrumbList\",\"@id\":\"https:\/\/bocumdefense.com\/policial-militar\/producto\/daniel-defense-ddm4v4s\/#breadcrumb\",\"itemListElement\":[{\"@type\":\"ListItem\",\"position\":1,\"name\":\"Portada\",\"item\":\"https:\/\/bocumdefense.com\/policial-militar\/policial-militar\/\"},{\"@type\":\"ListItem\",\"position\":2,\"name\":\"Tienda\",\"item\":\"https:\/\/bocumdefense.com\/policial-militar\/tienda\/\"},{\"@type\":\"ListItem\",\"position\":3,\"name\":\"DANIEL DEFENSE DDM4\u00aeV4\u2122S\"}]},{\"@type\":\"WebSite\",\"@id\":\"https:\/\/bocumdefense.com\/policial-militar\/#website\",\"url\":\"https:\/\/bocumdefense.com\/policial-militar\/\",\"name\":\"Bocum Defense Policial Militar\",\"description\":\"\",\"potentialAction\":[{\"@type\":\"SearchAction\",\"target\":{\"@type\":\"EntryPoint\",\"urlTemplate\":\"https:\/\/bocumdefense.com\/policial-militar\/?s={search_term_string}\"},\"query-input\":\"required name=search_term_string\"}],\"inLanguage\":\"es\"}]}<\/script>\n<!-- \/ Yoast SEO plugin. -->","yoast_head_json":{"title":"DANIEL DEFENSE DDM4\u00aeV4\u2122S - Bocum Defense Policial Militar","robots":{"index":"noindex","follow":"follow","max-snippet":"max-snippet:-1","max-image-preview":"max-image-preview:large","max-video-preview":"max-video-preview:-1"},"og_locale":"es_ES","og_type":"article","og_title":"DANIEL DEFENSE DDM4\u00aeV4\u2122S - Bocum Defense Policial Militar","og_description":"NO DISPONIBLE EN ESPA\u00d1A PARA PARTICULARES    Este SBR (rifle de ca\u00f1\u00f3n corto) es un arma ligera y fiable dise\u00f1ada a partir de una configuraci\u00f3n que ha sido utilizada por el personal y los organismos encargados de hacer cumplir la ley en Estados Unidos durante a\u00f1os. A pesar de su tama\u00f1o compacto, esta arma es altamente fiable, f\u00e1cil de manejar y precisa. Adem\u00e1s, ofrece una bal\u00edstica terminal \u00f3ptima con una amplia gama de munici\u00f3n, lo que lo hace una opci\u00f3n poderosa y vers\u00e1til.","og_url":"https:\/\/bocumdefense.com\/policial-militar\/producto\/daniel-defense-ddm4v4s\/","og_site_name":"Bocum Defense Policial Militar","article_modified_time":"2023-08-29T11:45:20+00:00","og_image":[{"width":1000,"height":1000,"url":"https:\/\/bocumdefense.com\/policial-militar\/policial-militar\/wp-content\/uploads\/2023\/02\/V4-MAIN.jpg","type":"image\/jpeg"}],"twitter_card":"summary_large_image","twitter_misc":{"Tiempo de lectura":"3 minutos"},"schema":{"@context":"https:\/\/schema.org","@graph":[{"@type":"WebPage","@id":"https:\/\/bocumdefense.com\/policial-militar\/producto\/daniel-defense-ddm4v4s\/","url":"https:\/\/bocumdefense.com\/policial-militar\/producto\/daniel-defense-ddm4v4s\/","name":"DANIEL DEFENSE DDM4\u00aeV4\u2122S - Bocum Defense Policial Militar","isPartOf":{"@id":"https:\/\/bocumdefense.com\/policial-militar\/#website"},"datePublished":"2023-08-29T11:44:29+00:00","dateModified":"2023-08-29T11:45:20+00:00","breadcrumb":{"@id":"https:\/\/bocumdefense.com\/policial-militar\/producto\/daniel-defense-ddm4v4s\/#breadcrumb"},"inLanguage":"es","potentialAction":[{"@type":"ReadAction","target":["https:\/\/bocumdefense.com\/policial-militar\/producto\/daniel-defense-ddm4v4s\/"]}]},{"@type":"BreadcrumbList","@id":"https:\/\/bocumdefense.com\/policial-militar\/producto\/daniel-defense-ddm4v4s\/#breadcrumb","itemListElement":[{"@type":"ListItem","position":1,"name":"Portada","item":"https:\/\/bocumdefense.com\/policial-militar\/policial-militar\/"},{"@type":"ListItem","position":2,"name":"Tienda","item":"https:\/\/bocumdefense.com\/policial-militar\/tienda\/"},{"@type":"ListItem","position":3,"name":"DANIEL DEFENSE DDM4\u00aeV4\u2122S"}]},{"@type":"WebSite","@id":"https:\/\/bocumdefense.com\/policial-militar\/#website","url":"https:\/\/bocumdefense.com\/policial-militar\/","name":"Bocum Defense Policial Militar","description":"","potentialAction":[{"@type":"SearchAction","target":{"@type":"EntryPoint","urlTemplate":"https:\/\/bocumdefense.com\/policial-militar\/?s={search_term_string}"},"query-input":"required name=search_term_string"}],"inLanguage":"es"}]}},"_links":{"self":[{"href":"https:\/\/bocumdefense.com\/policial-militar\/wp-json\/wp\/v2\/product\/862","targetHints":{"allow":["GET"]}}],"collection":[{"href":"https:\/\/bocumdefense.com\/policial-militar\/wp-json\/wp\/v2\/product"}],"about":[{"href":"https:\/\/bocumdefense.com\/policial-militar\/wp-json\/wp\/v2\/types\/product"}],"replies":[{"embeddable":true,"href":"https:\/\/bocumdefense.com\/policial-militar\/wp-json\/wp\/v2\/comments?post=862"}],"wp:featuredmedia":[{"embeddable":true,"href":"https:\/\/bocumdefense.com\/policial-militar\/wp-json\/wp\/v2\/media\/956"}],"wp:attachment":[{"href":"https:\/\/bocumdefense.com\/policial-militar\/wp-json\/wp\/v2\/media?parent=862"}],"wp:term":[{"taxonomy":"product_cat","embeddable":true,"href":"https:\/\/bocumdefense.com\/policial-militar\/wp-json\/wp\/v2\/product_cat?post=862"},{"taxonomy":"product_tag","embeddable":true,"href":"https:\/\/bocumdefense.com\/policial-militar\/wp-json\/wp\/v2\/product_tag?post=862"}],"curies":[{"name":"wp","href":"https:\/\/api.w.org\/{rel}","templated":true}]}}