{"id":861,"date":"2023-08-29T12:44:28","date_gmt":"2023-08-29T11:44:28","guid":{"rendered":"https:\/\/bocumdefense.com\/policial-militar\/?post_type=product&#038;p=861"},"modified":"2023-08-29T12:45:19","modified_gmt":"2023-08-29T11:45:19","slug":"daniel-defense-ddm4300-s-upper-receiver-group","status":"publish","type":"product","link":"https:\/\/bocumdefense.com\/policial-militar\/producto\/daniel-defense-ddm4300-s-upper-receiver-group\/","title":{"rendered":"DANIEL DEFENSE DDM4\u00ae300 S UPPER RECEIVER GROUP"},"content":{"rendered":"<h2 style=\"text-align: center;\"><strong>DETALLES\u00a0<\/strong><\/h2>\n<ul>\n<li>El conjunto receptor superior 300S est\u00e1 dise\u00f1ado alrededor de un ca\u00f1\u00f3n de 10,3 pulgadas y utiliza cerrojos y cargadores est\u00e1ndar de 5,56 mm para lanzar proyectiles de calibre .30 con mayor energ\u00eda de boca que las plataformas comparables en 5,56 mm. Gracias a la amplia variedad de munici\u00f3n de f\u00e1brica disponible, que va desde defensa dom\u00e9stica y tiro al blanco, hasta caza, operaciones suprimidas y aplicaciones t\u00e1cticas, este conjunto receptor superior es capaz de ofrecer un rendimiento excepcional desde un paquete compacto y f\u00e1cil de manejar.<\/li>\n<\/ul>\n<p>&nbsp;<\/p>\n<ul>\n<li>La palanca de carga GRIP-N-RIP es ambidiestra, adapt\u00e1ndose a tiradores diestros y zurdos por igual. Adem\u00e1s, todos los conjuntos receptores superiores completos de Daniel Defense vienen equipados con un grupo portador de cerrojo de perfil M16 de serie.<\/li>\n<\/ul>\n<p>&nbsp;<\/p>\n<p>&nbsp;<\/p>\n<p>&nbsp;<\/p>\n<h2 style=\"text-align: center;\"><strong>MATERIALES Y CONSTRUCCI\u00d3N\u00a0<\/strong><\/h2>\n<div class=\"group w-full text-gray-800 dark:text-gray-100 border-b border-black\/10 dark:border-gray-900\/50 bg-gray-50 dark:bg-[#444654]\">\n<div class=\"text-base gap-4 md:gap-6 md:max-w-2xl lg:max-w-xl xl:max-w-3xl p-4 md:py-6 flex lg:px-0 m-auto\">\n<div class=\"relative flex w-[calc(100%-50px)] flex-col gap-1 md:gap-3 lg:w-[calc(100%-115px)]\"><\/div>\n<\/div>\n<\/div>\n<ul>\n<li><strong>RECEPTOR SUPERIOR<\/strong>:\u00a0Cuenta con los est\u00e1ndares militares Mil-Spec y cuenta con marcas de indexaci\u00f3n y rampas de alimentaci\u00f3n M4. Su fabricaci\u00f3n se lleva a cabo mediante la t\u00e9cnica de mecanizado CNC en aluminio 7075-T6, y cuenta con un recubrimiento anodizado de capa dura tipo III para una mayor durabilidad y resistencia.<\/li>\n<li><strong>CA\u00d1\u00d3N:<\/strong>\u00a0 Fabricado con acero al Cromo Molibdeno Vanadio, forjado en fr\u00edo y con un perfil S2W de 10.3&#8243; de longitud. Su sistema de gas de longitud media est\u00e1 forrado de cromo para una mayor durabilidad, y ha sido probado en MP y fosfatado seg\u00fan los est\u00e1ndares Mil-Spec. Adem\u00e1s, su torsi\u00f3n es de 1:7, lo que permite una rotaci\u00f3n adecuada del proyectil en el interior del ca\u00f1\u00f3n.<\/li>\n<li><strong>SISTEMA DE GAS:<\/strong> Bloque de gas de perfil bajo con pasador, mecanizado por CNC en acero 4140 endurecido con revestimiento de fosfato pesado Mil-Spec, longitud de carabina, impacto directo.<\/li>\n<li><strong>DISPOSITIVO DE LA BOCA:<\/strong> El supresor de flash de Daniel Defense est\u00e1 fabricado con acero inoxidable 17-4 PH y tiene un acabado de nitruro ba\u00f1o de sal.<\/li>\n<li><strong>GRUPO PORTA CERROJO:<\/strong> Perfil M16, Mil-Spec MP Tested, Cromado, Llave de Gas debidamente estacada.<\/li>\n<li><strong>MIRAS<\/strong>: <strong>SE VENDEN POR SEPARADO.<\/strong><\/li>\n<li><strong>GUARDAMANOS:<\/strong> El ra\u00edl DDM4 de Daniel Defense con una longitud de 9.0 est\u00e1 mecanizado con CNC a partir de aluminio 6061-T6 y cuenta con un acabado anodizado tipo III de capa dura.<\/li>\n<li><strong>PALANCA DE CARGA<\/strong>:\u00a0La palanca de carga cuenta con el sistema GRIP-N-RIP y est\u00e1 fabricada con un cuerpo de aluminio 7075-T6 mecanizado mediante CNC. Tanto las empu\u00f1aduras como el pestillo est\u00e1n hechos de aluminio 6061-T6 mecanizado mediante CNC y los pasadores son de acero inoxidable.<\/li>\n<li><strong>EXTENSION RECEPTOR:<\/strong> 6 Posiciones Mil-Spec 7075-T6 Aluminio.<\/li>\n<li><strong>PANELES DEL RIEL:<\/strong> Los paneles de riel de Daniel Defense est\u00e1n fabricados con Santoprene, un material resistente al calor de hasta 300 \u00b0F.<\/li>\n<li><strong>Fabricado en EE.UU.<\/strong>\n<div class=\"group w-full text-gray-800 dark:text-gray-100 border-b border-black\/10 dark:border-gray-900\/50 bg-gray-50 dark:bg-[#444654]\">\n<div class=\"text-base gap-4 md:gap-6 md:max-w-2xl lg:max-w-xl xl:max-w-3xl p-4 md:py-6 flex lg:px-0 m-auto\">\n<div class=\"relative flex w-[calc(100%-50px)] flex-col gap-1 md:gap-3 lg:w-[calc(100%-115px)]\">\n<div class=\"flex flex-grow flex-col gap-3\">\n<div class=\"min-h-[20px] flex flex-col items-start gap-4 whitespace-pre-wrap\">\n<div class=\"markdown prose w-full break-words dark:prose-invert dark\"><\/div>\n<\/div>\n<\/div>\n<\/div>\n<\/div>\n<\/div>\n<\/li>\n<\/ul>\n","protected":false},"excerpt":{"rendered":"<p><span style=\"color: #ff0000;\"><strong>NO DISPONIBLE EN ESPA\u00d1A PARA PARTICULARES<\/strong>\u00a0<\/span><\/p>\n<p>El conjunto de receptor superior estilo DDM4 300S AR15 est\u00e1 pensado para aquellos que buscan un rifle de ca\u00f1\u00f3n corto y alto rendimiento con una rec\u00e1mara vers\u00e1til en el cartucho 300 Blackout.<\/p>\n<div class=\"group w-full text-gray-800 dark:text-gray-100 border-b border-black\/10 dark:border-gray-900\/50 bg-gray-50 dark:bg-[#444654]\">\n<div class=\"text-base gap-4 md:gap-6 md:max-w-2xl lg:max-w-xl xl:max-w-3xl p-4 md:py-6 flex lg:px-0 m-auto\">\n<div class=\"relative flex w-[calc(100%-50px)] flex-col gap-1 md:gap-3 lg:w-[calc(100%-115px)]\">\n<div class=\"flex justify-between lg:block\">\n<div class=\"text-gray-400 flex self-end lg:self-center justify-center mt-2 gap-2 md:gap-3 lg:gap-1 lg:absolute lg:top-0 lg:translate-x-full lg:right-0 lg:mt-0 lg:pl-2 visible\"><\/div>\n<\/div>\n<\/div>\n<\/div>\n<\/div>\n","protected":false},"featured_media":955,"comment_status":"open","ping_status":"closed","template":"","meta":{"_et_pb_use_builder":"","_et_pb_old_content":"","_et_gb_content_width":"","inline_featured_image":false},"product_cat":[458,167],"product_tag":[27],"class_list":["post-861","product","type-product","status-publish","has-post-thumbnail","hentry","product_cat-armas-pm","product_cat-policial-militar","product_tag-rojo"],"yoast_head":"<!-- This site is optimized with the Yoast SEO plugin v20.8 - https:\/\/yoast.com\/wordpress\/plugins\/seo\/ -->\n<title>DANIEL DEFENSE DDM4\u00ae300 S UPPER RECEIVER GROUP - Bocum Defense Policial Militar<\/title>\n<meta name=\"robots\" content=\"noindex, follow, max-snippet:-1, max-image-preview:large, max-video-preview:-1\" \/>\n<meta property=\"og:locale\" content=\"es_ES\" \/>\n<meta property=\"og:type\" content=\"article\" \/>\n<meta property=\"og:title\" content=\"DANIEL DEFENSE DDM4\u00ae300 S UPPER RECEIVER GROUP - Bocum Defense Policial Militar\" \/>\n<meta property=\"og:description\" content=\"NO DISPONIBLE EN ESPA\u00d1A PARA PARTICULARES\u00a0  El conjunto de receptor superior estilo DDM4 300S AR15 est\u00e1 pensado para aquellos que buscan un rifle de ca\u00f1\u00f3n corto y alto rendimiento con una rec\u00e1mara vers\u00e1til en el cartucho 300 Blackout.\" \/>\n<meta property=\"og:url\" content=\"https:\/\/bocumdefense.com\/policial-militar\/producto\/daniel-defense-ddm4300-s-upper-receiver-group\/\" \/>\n<meta property=\"og:site_name\" content=\"Bocum Defense Policial Militar\" \/>\n<meta property=\"article:modified_time\" content=\"2023-08-29T11:45:19+00:00\" \/>\n<meta property=\"og:image\" content=\"https:\/\/bocumdefense.com\/policial-militar\/policial-militar\/wp-content\/uploads\/2023\/02\/DDM4\u00ae300-S-UPPER-RECEIVER-GROUP-MAIN.jpg\" \/>\n\t<meta property=\"og:image:width\" content=\"1000\" \/>\n\t<meta property=\"og:image:height\" content=\"1000\" \/>\n\t<meta property=\"og:image:type\" content=\"image\/jpeg\" \/>\n<meta name=\"twitter:card\" content=\"summary_large_image\" \/>\n<meta name=\"twitter:label1\" content=\"Tiempo de lectura\" \/>\n\t<meta name=\"twitter:data1\" content=\"2 minutos\" \/>\n<script type=\"application\/ld+json\" class=\"yoast-schema-graph\">{\"@context\":\"https:\/\/schema.org\",\"@graph\":[{\"@type\":\"WebPage\",\"@id\":\"https:\/\/bocumdefense.com\/policial-militar\/producto\/daniel-defense-ddm4300-s-upper-receiver-group\/\",\"url\":\"https:\/\/bocumdefense.com\/policial-militar\/producto\/daniel-defense-ddm4300-s-upper-receiver-group\/\",\"name\":\"DANIEL DEFENSE DDM4\u00ae300 S UPPER RECEIVER GROUP - Bocum Defense Policial Militar\",\"isPartOf\":{\"@id\":\"https:\/\/bocumdefense.com\/policial-militar\/#website\"},\"datePublished\":\"2023-08-29T11:44:28+00:00\",\"dateModified\":\"2023-08-29T11:45:19+00:00\",\"breadcrumb\":{\"@id\":\"https:\/\/bocumdefense.com\/policial-militar\/producto\/daniel-defense-ddm4300-s-upper-receiver-group\/#breadcrumb\"},\"inLanguage\":\"es\",\"potentialAction\":[{\"@type\":\"ReadAction\",\"target\":[\"https:\/\/bocumdefense.com\/policial-militar\/producto\/daniel-defense-ddm4300-s-upper-receiver-group\/\"]}]},{\"@type\":\"BreadcrumbList\",\"@id\":\"https:\/\/bocumdefense.com\/policial-militar\/producto\/daniel-defense-ddm4300-s-upper-receiver-group\/#breadcrumb\",\"itemListElement\":[{\"@type\":\"ListItem\",\"position\":1,\"name\":\"Portada\",\"item\":\"https:\/\/bocumdefense.com\/policial-militar\/policial-militar\/\"},{\"@type\":\"ListItem\",\"position\":2,\"name\":\"Tienda\",\"item\":\"https:\/\/bocumdefense.com\/policial-militar\/tienda\/\"},{\"@type\":\"ListItem\",\"position\":3,\"name\":\"DANIEL DEFENSE DDM4\u00ae300 S UPPER RECEIVER GROUP\"}]},{\"@type\":\"WebSite\",\"@id\":\"https:\/\/bocumdefense.com\/policial-militar\/#website\",\"url\":\"https:\/\/bocumdefense.com\/policial-militar\/\",\"name\":\"Bocum Defense Policial Militar\",\"description\":\"\",\"potentialAction\":[{\"@type\":\"SearchAction\",\"target\":{\"@type\":\"EntryPoint\",\"urlTemplate\":\"https:\/\/bocumdefense.com\/policial-militar\/?s={search_term_string}\"},\"query-input\":\"required name=search_term_string\"}],\"inLanguage\":\"es\"}]}<\/script>\n<!-- \/ Yoast SEO plugin. -->","yoast_head_json":{"title":"DANIEL DEFENSE DDM4\u00ae300 S UPPER RECEIVER GROUP - Bocum Defense Policial Militar","robots":{"index":"noindex","follow":"follow","max-snippet":"max-snippet:-1","max-image-preview":"max-image-preview:large","max-video-preview":"max-video-preview:-1"},"og_locale":"es_ES","og_type":"article","og_title":"DANIEL DEFENSE DDM4\u00ae300 S UPPER RECEIVER GROUP - Bocum Defense Policial Militar","og_description":"NO DISPONIBLE EN ESPA\u00d1A PARA PARTICULARES\u00a0  El conjunto de receptor superior estilo DDM4 300S AR15 est\u00e1 pensado para aquellos que buscan un rifle de ca\u00f1\u00f3n corto y alto rendimiento con una rec\u00e1mara vers\u00e1til en el cartucho 300 Blackout.","og_url":"https:\/\/bocumdefense.com\/policial-militar\/producto\/daniel-defense-ddm4300-s-upper-receiver-group\/","og_site_name":"Bocum Defense Policial Militar","article_modified_time":"2023-08-29T11:45:19+00:00","og_image":[{"width":1000,"height":1000,"url":"https:\/\/bocumdefense.com\/policial-militar\/policial-militar\/wp-content\/uploads\/2023\/02\/DDM4\u00ae300-S-UPPER-RECEIVER-GROUP-MAIN.jpg","type":"image\/jpeg"}],"twitter_card":"summary_large_image","twitter_misc":{"Tiempo de lectura":"2 minutos"},"schema":{"@context":"https:\/\/schema.org","@graph":[{"@type":"WebPage","@id":"https:\/\/bocumdefense.com\/policial-militar\/producto\/daniel-defense-ddm4300-s-upper-receiver-group\/","url":"https:\/\/bocumdefense.com\/policial-militar\/producto\/daniel-defense-ddm4300-s-upper-receiver-group\/","name":"DANIEL DEFENSE DDM4\u00ae300 S UPPER RECEIVER GROUP - Bocum Defense Policial Militar","isPartOf":{"@id":"https:\/\/bocumdefense.com\/policial-militar\/#website"},"datePublished":"2023-08-29T11:44:28+00:00","dateModified":"2023-08-29T11:45:19+00:00","breadcrumb":{"@id":"https:\/\/bocumdefense.com\/policial-militar\/producto\/daniel-defense-ddm4300-s-upper-receiver-group\/#breadcrumb"},"inLanguage":"es","potentialAction":[{"@type":"ReadAction","target":["https:\/\/bocumdefense.com\/policial-militar\/producto\/daniel-defense-ddm4300-s-upper-receiver-group\/"]}]},{"@type":"BreadcrumbList","@id":"https:\/\/bocumdefense.com\/policial-militar\/producto\/daniel-defense-ddm4300-s-upper-receiver-group\/#breadcrumb","itemListElement":[{"@type":"ListItem","position":1,"name":"Portada","item":"https:\/\/bocumdefense.com\/policial-militar\/policial-militar\/"},{"@type":"ListItem","position":2,"name":"Tienda","item":"https:\/\/bocumdefense.com\/policial-militar\/tienda\/"},{"@type":"ListItem","position":3,"name":"DANIEL DEFENSE DDM4\u00ae300 S UPPER RECEIVER GROUP"}]},{"@type":"WebSite","@id":"https:\/\/bocumdefense.com\/policial-militar\/#website","url":"https:\/\/bocumdefense.com\/policial-militar\/","name":"Bocum Defense Policial Militar","description":"","potentialAction":[{"@type":"SearchAction","target":{"@type":"EntryPoint","urlTemplate":"https:\/\/bocumdefense.com\/policial-militar\/?s={search_term_string}"},"query-input":"required name=search_term_string"}],"inLanguage":"es"}]}},"_links":{"self":[{"href":"https:\/\/bocumdefense.com\/policial-militar\/wp-json\/wp\/v2\/product\/861","targetHints":{"allow":["GET"]}}],"collection":[{"href":"https:\/\/bocumdefense.com\/policial-militar\/wp-json\/wp\/v2\/product"}],"about":[{"href":"https:\/\/bocumdefense.com\/policial-militar\/wp-json\/wp\/v2\/types\/product"}],"replies":[{"embeddable":true,"href":"https:\/\/bocumdefense.com\/policial-militar\/wp-json\/wp\/v2\/comments?post=861"}],"wp:featuredmedia":[{"embeddable":true,"href":"https:\/\/bocumdefense.com\/policial-militar\/wp-json\/wp\/v2\/media\/955"}],"wp:attachment":[{"href":"https:\/\/bocumdefense.com\/policial-militar\/wp-json\/wp\/v2\/media?parent=861"}],"wp:term":[{"taxonomy":"product_cat","embeddable":true,"href":"https:\/\/bocumdefense.com\/policial-militar\/wp-json\/wp\/v2\/product_cat?post=861"},{"taxonomy":"product_tag","embeddable":true,"href":"https:\/\/bocumdefense.com\/policial-militar\/wp-json\/wp\/v2\/product_tag?post=861"}],"curies":[{"name":"wp","href":"https:\/\/api.w.org\/{rel}","templated":true}]}}