{"id":833,"date":"2023-08-29T12:44:29","date_gmt":"2023-08-29T11:44:29","guid":{"rendered":"https:\/\/bocumdefense.com\/policial-militar\/?post_type=product&#038;p=833"},"modified":"2023-08-29T12:45:20","modified_gmt":"2023-08-29T11:45:20","slug":"daniel-defense-ddm4-pdw-sbr-300-blackout","status":"publish","type":"product","link":"https:\/\/bocumdefense.com\/policial-militar\/producto\/daniel-defense-ddm4-pdw-sbr-300-blackout\/","title":{"rendered":"DANIEL DEFENSE DDM4\u00ae PDW SBR (300 BLACKOUT)"},"content":{"rendered":"<h2 style=\"text-align: center;\"><strong>DETALLES<\/strong><\/h2>\n<p>&nbsp;<\/p>\n<ul>\n<li>El 300S es un rifle compacto y de alto rendimiento que utiliza un ca\u00f1\u00f3n de 10,3 pulgadas para disparar proyectiles de calibre .30 con mayor energ\u00eda en boca que las plataformas comparables de 5,56 mm. Para lograrlo, utiliza cerrojos y cargadores est\u00e1ndar de 5,56 mm.<\/li>\n<\/ul>\n<p>&nbsp;<\/p>\n<ul>\n<li>El 300S viene equipado con la palanca de carga GRIP-N-RIP, la cual es independiente y se adapta a los tiradores diestros y zurdos. Tambi\u00e9n cuenta con una ergon\u00f3mica culata y empu\u00f1adura de pistola de la marca Daniel Defense, lo que hace que su manejo sea r\u00e1pido y c\u00f3modo. En resumen, el 300S es una excelente opci\u00f3n para aquellos que buscan un rifle compacto y potente sin sacrificar el rendimiento y la precisi\u00f3n.<\/li>\n<\/ul>\n<h5><\/h5>\n<p>&nbsp;<\/p>\n<h2 style=\"text-align: center;\"><strong>MATERIALES Y CONSTRUCCI\u00d3N\u00a0<\/strong><\/h2>\n<p>&nbsp;<\/p>\n<ul>\n<li><strong>RECEPTOR INFERIOR:\u00a0<\/strong>Este componente cuenta con especificaciones militares, un cargador mejorado con forma de campana y un punto de enganche QD en el receptor trasero. Est\u00e1 fabricado con aluminio 7075-T6 mecanizado con precisi\u00f3n CNC.\n<div class=\"group w-full text-gray-800 dark:text-gray-100 border-b border-black\/10 dark:border-gray-900\/50 bg-gray-50 dark:bg-[#444654]\">\n<div class=\"text-base gap-4 md:gap-6 md:max-w-2xl lg:max-w-xl xl:max-w-3xl p-4 md:py-6 flex lg:px-0 m-auto\">\n<div class=\"relative flex w-[calc(100%-50px)] flex-col gap-1 md:gap-3 lg:w-[calc(100%-115px)]\"><\/div>\n<\/div>\n<\/div>\n<\/li>\n<li><strong>RECEPTOR SUPERIOR<\/strong>:\u00a0Cuenta con los est\u00e1ndares militares Mil-Spec y cuenta con marcas de indexaci\u00f3n y rampas de alimentaci\u00f3n M4. Su fabricaci\u00f3n se lleva a cabo mediante la t\u00e9cnica de mecanizado CNC en aluminio 7075-T6, y cuenta con un recubrimiento anodizado de capa dura tipo III para una mayor durabilidad y resistencia.<\/li>\n<li><strong>CA\u00d1\u00d3N:<\/strong>\u00a0 Fabricado con acero al Cromo Molibdeno Vanadio, forjado en fr\u00edo y con un perfil S2W de 10.3&#8243; de longitud. Su sistema de gas de longitud media est\u00e1 forrado de cromo para una mayor durabilidad, y ha sido probado en MP y fosfatado seg\u00fan los est\u00e1ndares Mil-Spec. Adem\u00e1s, su torsi\u00f3n es de 1:8, lo que permite una rotaci\u00f3n adecuada del proyectil en el interior del ca\u00f1\u00f3n.<\/li>\n<li><strong>SISTEMA DE GAS:<\/strong> Bloque de gas de perfil bajo con pasador, mecanizado por CNC en acero 4140 endurecido con revestimiento de fosfato pesado Mil-Spec, longitud de carabina, impacto directo.<\/li>\n<li><strong>DISPOSITIVO DE LA BOCA:<\/strong> El compensador de retroceso Daniel Defense Gen II est\u00e1 dise\u00f1ado para reducir el ascenso de la boca del ca\u00f1\u00f3n durante el disparo. Est\u00e1 construido con acero inoxidable 17-4 PH de alta calidad y cuenta con un acabado de nitruro de ba\u00f1o salino para una mayor resistencia y durabilidad.<\/li>\n<li><strong>GRUPO PORTA CERROJO:<\/strong> Perfil M16, Mil-Spec MP Tested, Cromado, Llave de Gas debidamente estacada.<\/li>\n<li><strong>BUFFER:<\/strong> Buffer H.<\/li>\n<li><strong>MIRAS<\/strong>: <strong>SE VENDEN POR SEPARADO.<\/strong><\/li>\n<li><strong>GUARDAMANOS: <\/strong>Riel Daniel Defense DDM4 9.0, fabricado en aluminio 6061-T6 mecanizado con precisi\u00f3n CNC y cuenta con un recubrimiento anodizado tipo III de capa dura.<\/li>\n<li><strong>PALANCA DE CARGA<\/strong>:\u00a0La palanca de carga cuenta con el sistema GRIP-N-RIP y est\u00e1 fabricada con un cuerpo de aluminio 7075-T6 mecanizado mediante CNC. Tanto las empu\u00f1aduras como el pestillo est\u00e1n hechos de aluminio 6061-T6 mecanizado mediante CNC y los pasadores son de acero inoxidable.<\/li>\n<li><strong>EXTENSION RECEPTOR:<\/strong> 6 Posiciones Mil-Spec 7075-T6 Aluminio.<\/li>\n<li><strong>CULATA:<\/strong>Daniel Defense de pol\u00edmero relleno de vidrio con sobre moldeado de tacto suave.<\/li>\n<li><strong>MANGO DE PISTOLA: <\/strong>Grip de pistola Daniel Defense de pol\u00edmero relleno de vidrio con sobre moldeado de tacto suave.<\/li>\n<li><strong>GRIP: <\/strong>Empu\u00f1adura vertical Daniel Defense, pol\u00edmero relleno de vidrio con sobremoldeado suave al tacto<\/li>\n<li><strong>PANELES DE RIEL:<\/strong> Daniel Defense Rail Panels hechos de Santoprene, resistente al calor a 300 \u00b0 Fahrenheit.<\/li>\n<li><strong>Fabricado en EE.UU.<\/strong>\n<div class=\"group w-full text-gray-800 dark:text-gray-100 border-b border-black\/10 dark:border-gray-900\/50 bg-gray-50 dark:bg-[#444654]\"><\/div>\n<\/li>\n<\/ul>\n<p>&nbsp;<\/p>\n<h2 style=\"text-align: center;\"><strong>CARACTER\u00cdSTICAS\u00a0<\/strong><\/h2>\n<p>&nbsp;<\/p>\n<ul>\n<li><strong>COMPENSADOR LINEAL:<\/strong>\u00a0Dirige la r\u00e1faga hacia delante, lejos del tirador<\/li>\n<li><strong>CA\u00d1\u00d3N FORJADO A MARTILLO FR\u00cdO;<\/strong>\u00a0Intenso proceso de presi\u00f3n hidr\u00e1ulica que forma los ca\u00f1ones m\u00e1s precisos y duraderos que se pueden conseguir.<\/li>\n<li><strong>HUECO DEL CARGADOR ENSANCHADO;<\/strong>\u00a0El hueco del cargador ensanchado y biselado permite colocar los cargadores en su sitio para recargarlos de la forma m\u00e1s r\u00e1pida y segura posible.<\/li>\n<li><strong>SELECTOR DE SEGURIDAD AMBI:\u00a0<\/strong>Para tiradores diestros o zurdos.<\/li>\n<li><strong>SISTEMA DE CARRIL DE FLOTACI\u00d3N LIBRE;<\/strong>\u00a0Sujeci\u00f3n patentada de 4 \u00f3 6 pernos al tubo superior que permite que el sistema de ra\u00edl deje flotar libremente el ca\u00f1\u00f3n, lo que garantizar\u00e1 que los arm\u00f3nicos del ca\u00f1\u00f3n no se vean afectados durante el funcionamiento.<\/li>\n<li><strong>CULATA MAXIM DEFENSE<\/strong>:\u00a0La culata Maxim Defense CQB Gen 7 es compacta, f\u00e1cil de transportar y permite el fuego continuo totalmente plegada.<\/li>\n<li><strong>TOPE DE MANO:\u00a0<\/strong>SLR MOD2 Barricade Handstop ayuda al tirador con la indexaci\u00f3n de la mano de apoyo, con la colocaci\u00f3n a la parte posterior de la boca del ca\u00f1\u00f3n<\/li>\n<li><strong>EMPU\u00d1ADURA DE CARGA GRIP-N-RIP:<\/strong>\u00a0Empu\u00f1adura de carga de ambici\u00f3n independiente con funciones antig\u00e1s para una mejor experiencia de disparo<\/li>\n<li><strong>EMPU\u00d1ADURA DE PISTOLA:<\/strong> Angulo de mu\u00f1eca ergon\u00f3mico, guardamonte integral y empu\u00f1adura antideslizante para mayor comodidad y control en todas las condiciones.<\/li>\n<\/ul>\n","protected":false},"excerpt":{"rendered":"<p><strong><span style=\"color: #ff0000;\">NO DISPONIBLE EN ESPA\u00d1A PARA PARTICULARES <\/span><\/strong><\/p>\n<p>Compacto y f\u00e1cil de transportar, el rifle de ca\u00f1\u00f3n corto Daniel Defense DDM4 PDW es el tipo de arma de fuego de estilo AR15 en la que puede confiar para la defensa personal, adem\u00e1s es muy divertido disparar.<\/p>\n","protected":false},"featured_media":930,"comment_status":"open","ping_status":"closed","template":"","meta":{"_et_pb_use_builder":"","_et_pb_old_content":"","_et_gb_content_width":"","inline_featured_image":false},"product_cat":[458,167],"product_tag":[48],"class_list":["post-833","product","type-product","status-publish","has-post-thumbnail","hentry","product_cat-armas-pm","product_cat-policial-militar","product_tag-rojo-armas"],"yoast_head":"<!-- This site is optimized with the Yoast SEO plugin v20.8 - https:\/\/yoast.com\/wordpress\/plugins\/seo\/ -->\n<title>DANIEL DEFENSE DDM4\u00ae PDW SBR (300 BLACKOUT) - Bocum Defense Policial Militar<\/title>\n<meta name=\"robots\" content=\"noindex, follow, max-snippet:-1, max-image-preview:large, max-video-preview:-1\" \/>\n<meta property=\"og:locale\" content=\"es_ES\" \/>\n<meta property=\"og:type\" content=\"article\" \/>\n<meta property=\"og:title\" content=\"DANIEL DEFENSE DDM4\u00ae PDW SBR (300 BLACKOUT) - Bocum Defense Policial Militar\" \/>\n<meta property=\"og:description\" content=\"NO DISPONIBLE EN ESPA\u00d1A PARA PARTICULARES   Compacto y f\u00e1cil de transportar, el rifle de ca\u00f1\u00f3n corto Daniel Defense DDM4 PDW es el tipo de arma de fuego de estilo AR15 en la que puede confiar para la defensa personal, adem\u00e1s es muy divertido disparar.\" \/>\n<meta property=\"og:url\" content=\"https:\/\/bocumdefense.com\/policial-militar\/producto\/daniel-defense-ddm4-pdw-sbr-300-blackout\/\" \/>\n<meta property=\"og:site_name\" content=\"Bocum Defense Policial Militar\" \/>\n<meta property=\"article:modified_time\" content=\"2023-08-29T11:45:20+00:00\" \/>\n<meta property=\"og:image\" content=\"https:\/\/bocumdefense.com\/policial-militar\/policial-militar\/wp-content\/uploads\/2023\/02\/DDM4-MAIN-2.jpg\" \/>\n\t<meta property=\"og:image:width\" content=\"1000\" \/>\n\t<meta property=\"og:image:height\" content=\"1000\" \/>\n\t<meta property=\"og:image:type\" content=\"image\/jpeg\" \/>\n<meta name=\"twitter:card\" content=\"summary_large_image\" \/>\n<meta name=\"twitter:label1\" content=\"Tiempo de lectura\" \/>\n\t<meta name=\"twitter:data1\" content=\"4 minutos\" \/>\n<script type=\"application\/ld+json\" class=\"yoast-schema-graph\">{\"@context\":\"https:\/\/schema.org\",\"@graph\":[{\"@type\":\"WebPage\",\"@id\":\"https:\/\/bocumdefense.com\/policial-militar\/producto\/daniel-defense-ddm4-pdw-sbr-300-blackout\/\",\"url\":\"https:\/\/bocumdefense.com\/policial-militar\/producto\/daniel-defense-ddm4-pdw-sbr-300-blackout\/\",\"name\":\"DANIEL DEFENSE DDM4\u00ae PDW SBR (300 BLACKOUT) - Bocum Defense Policial Militar\",\"isPartOf\":{\"@id\":\"https:\/\/bocumdefense.com\/policial-militar\/#website\"},\"datePublished\":\"2023-08-29T11:44:29+00:00\",\"dateModified\":\"2023-08-29T11:45:20+00:00\",\"breadcrumb\":{\"@id\":\"https:\/\/bocumdefense.com\/policial-militar\/producto\/daniel-defense-ddm4-pdw-sbr-300-blackout\/#breadcrumb\"},\"inLanguage\":\"es\",\"potentialAction\":[{\"@type\":\"ReadAction\",\"target\":[\"https:\/\/bocumdefense.com\/policial-militar\/producto\/daniel-defense-ddm4-pdw-sbr-300-blackout\/\"]}]},{\"@type\":\"BreadcrumbList\",\"@id\":\"https:\/\/bocumdefense.com\/policial-militar\/producto\/daniel-defense-ddm4-pdw-sbr-300-blackout\/#breadcrumb\",\"itemListElement\":[{\"@type\":\"ListItem\",\"position\":1,\"name\":\"Portada\",\"item\":\"https:\/\/bocumdefense.com\/policial-militar\/policial-militar\/\"},{\"@type\":\"ListItem\",\"position\":2,\"name\":\"Tienda\",\"item\":\"https:\/\/bocumdefense.com\/policial-militar\/tienda\/\"},{\"@type\":\"ListItem\",\"position\":3,\"name\":\"DANIEL DEFENSE DDM4\u00ae PDW SBR (300 BLACKOUT)\"}]},{\"@type\":\"WebSite\",\"@id\":\"https:\/\/bocumdefense.com\/policial-militar\/#website\",\"url\":\"https:\/\/bocumdefense.com\/policial-militar\/\",\"name\":\"Bocum Defense Policial Militar\",\"description\":\"\",\"potentialAction\":[{\"@type\":\"SearchAction\",\"target\":{\"@type\":\"EntryPoint\",\"urlTemplate\":\"https:\/\/bocumdefense.com\/policial-militar\/?s={search_term_string}\"},\"query-input\":\"required name=search_term_string\"}],\"inLanguage\":\"es\"}]}<\/script>\n<!-- \/ Yoast SEO plugin. -->","yoast_head_json":{"title":"DANIEL DEFENSE DDM4\u00ae PDW SBR (300 BLACKOUT) - Bocum Defense Policial Militar","robots":{"index":"noindex","follow":"follow","max-snippet":"max-snippet:-1","max-image-preview":"max-image-preview:large","max-video-preview":"max-video-preview:-1"},"og_locale":"es_ES","og_type":"article","og_title":"DANIEL DEFENSE DDM4\u00ae PDW SBR (300 BLACKOUT) - Bocum Defense Policial Militar","og_description":"NO DISPONIBLE EN ESPA\u00d1A PARA PARTICULARES   Compacto y f\u00e1cil de transportar, el rifle de ca\u00f1\u00f3n corto Daniel Defense DDM4 PDW es el tipo de arma de fuego de estilo AR15 en la que puede confiar para la defensa personal, adem\u00e1s es muy divertido disparar.","og_url":"https:\/\/bocumdefense.com\/policial-militar\/producto\/daniel-defense-ddm4-pdw-sbr-300-blackout\/","og_site_name":"Bocum Defense Policial Militar","article_modified_time":"2023-08-29T11:45:20+00:00","og_image":[{"width":1000,"height":1000,"url":"https:\/\/bocumdefense.com\/policial-militar\/policial-militar\/wp-content\/uploads\/2023\/02\/DDM4-MAIN-2.jpg","type":"image\/jpeg"}],"twitter_card":"summary_large_image","twitter_misc":{"Tiempo de lectura":"4 minutos"},"schema":{"@context":"https:\/\/schema.org","@graph":[{"@type":"WebPage","@id":"https:\/\/bocumdefense.com\/policial-militar\/producto\/daniel-defense-ddm4-pdw-sbr-300-blackout\/","url":"https:\/\/bocumdefense.com\/policial-militar\/producto\/daniel-defense-ddm4-pdw-sbr-300-blackout\/","name":"DANIEL DEFENSE DDM4\u00ae PDW SBR (300 BLACKOUT) - Bocum Defense Policial Militar","isPartOf":{"@id":"https:\/\/bocumdefense.com\/policial-militar\/#website"},"datePublished":"2023-08-29T11:44:29+00:00","dateModified":"2023-08-29T11:45:20+00:00","breadcrumb":{"@id":"https:\/\/bocumdefense.com\/policial-militar\/producto\/daniel-defense-ddm4-pdw-sbr-300-blackout\/#breadcrumb"},"inLanguage":"es","potentialAction":[{"@type":"ReadAction","target":["https:\/\/bocumdefense.com\/policial-militar\/producto\/daniel-defense-ddm4-pdw-sbr-300-blackout\/"]}]},{"@type":"BreadcrumbList","@id":"https:\/\/bocumdefense.com\/policial-militar\/producto\/daniel-defense-ddm4-pdw-sbr-300-blackout\/#breadcrumb","itemListElement":[{"@type":"ListItem","position":1,"name":"Portada","item":"https:\/\/bocumdefense.com\/policial-militar\/policial-militar\/"},{"@type":"ListItem","position":2,"name":"Tienda","item":"https:\/\/bocumdefense.com\/policial-militar\/tienda\/"},{"@type":"ListItem","position":3,"name":"DANIEL DEFENSE DDM4\u00ae PDW SBR (300 BLACKOUT)"}]},{"@type":"WebSite","@id":"https:\/\/bocumdefense.com\/policial-militar\/#website","url":"https:\/\/bocumdefense.com\/policial-militar\/","name":"Bocum Defense Policial Militar","description":"","potentialAction":[{"@type":"SearchAction","target":{"@type":"EntryPoint","urlTemplate":"https:\/\/bocumdefense.com\/policial-militar\/?s={search_term_string}"},"query-input":"required name=search_term_string"}],"inLanguage":"es"}]}},"_links":{"self":[{"href":"https:\/\/bocumdefense.com\/policial-militar\/wp-json\/wp\/v2\/product\/833","targetHints":{"allow":["GET"]}}],"collection":[{"href":"https:\/\/bocumdefense.com\/policial-militar\/wp-json\/wp\/v2\/product"}],"about":[{"href":"https:\/\/bocumdefense.com\/policial-militar\/wp-json\/wp\/v2\/types\/product"}],"replies":[{"embeddable":true,"href":"https:\/\/bocumdefense.com\/policial-militar\/wp-json\/wp\/v2\/comments?post=833"}],"wp:featuredmedia":[{"embeddable":true,"href":"https:\/\/bocumdefense.com\/policial-militar\/wp-json\/wp\/v2\/media\/930"}],"wp:attachment":[{"href":"https:\/\/bocumdefense.com\/policial-militar\/wp-json\/wp\/v2\/media?parent=833"}],"wp:term":[{"taxonomy":"product_cat","embeddable":true,"href":"https:\/\/bocumdefense.com\/policial-militar\/wp-json\/wp\/v2\/product_cat?post=833"},{"taxonomy":"product_tag","embeddable":true,"href":"https:\/\/bocumdefense.com\/policial-militar\/wp-json\/wp\/v2\/product_tag?post=833"}],"curies":[{"name":"wp","href":"https:\/\/api.w.org\/{rel}","templated":true}]}}