{"id":810,"date":"2023-08-29T12:44:29","date_gmt":"2023-08-29T11:44:29","guid":{"rendered":"https:\/\/bocumdefense.com\/policial-militar\/?post_type=product&#038;p=810"},"modified":"2023-08-29T12:45:20","modified_gmt":"2023-08-29T11:45:20","slug":"daniel-defense-ddm4-pdw-300-blackout","status":"publish","type":"product","link":"https:\/\/bocumdefense.com\/policial-militar\/producto\/daniel-defense-ddm4-pdw-300-blackout\/","title":{"rendered":"DANIEL DEFENSE DDM4\u00ae PDW 300 BLACKOUT   BLACK"},"content":{"rendered":"<h2 style=\"text-align: center;\"><strong>DETALLES\u00a0<\/strong><\/h2>\n<p>El ca\u00f1\u00f3n de 7 pulgadas (17,78 cm) \u00a0300 Blackout Cold Hammer Forged mantiene las cargas subs\u00f3nicas subs\u00f3nicas y proporciona una gran bal\u00edstica para un ca\u00f1\u00f3n m\u00e1s corto.<\/p>\n<p>La PDW, con una longitud total de 20,75 pulgadas (52,70 cm), viene equipada con el Maxim Defense CQB Pistol Brace, que le proporciona los ajustes necesarios para disparar m\u00e1s c\u00f3modamente su pistola AR. Este rifle altamente maniobrable viene con un riel delantero plano MFR XL de 6 pulgadas para un manejo r\u00e1pido, precisi\u00f3n y fiabilidad, al tiempo que proporciona compatibilidad con una amplia variedad de accesorios.<\/p>\n<p>Esta arma cuenta con puntos de fijaci\u00f3n M-LOK y un SLR M-LOK MOD2 Plain Front Handstop para ayudar a garantizar una experiencia de tiro segura. Tambi\u00e9n disponible como SBR con culata Maxim Defense CQB Gen 7.<\/p>\n<p>&nbsp;<\/p>\n<ul>\n<li><strong>Plataforma ultracompacta<\/strong> con ca\u00f1\u00f3n de 7 pulgadas y torsi\u00f3n 1:7 para compatibilidad con cargas subs\u00f3nicas y supers\u00f3nicas.<\/li>\n<li><strong>Maxim Defense CQB Pistol Brace o CQB Gen 7 Stock (SBR)<\/strong> con sistema buffer mejorado que funciona de forma fiable con o sin supresi\u00f3n.<\/li>\n<li><strong>El compensador lineal que dirige la r\u00e1faga hacia delante del tirador <\/strong><\/li>\n<li><strong>Las roscas de boca (5\/8-24) permiten la personalizaci\u00f3n del dispositivo de boca.<\/strong><\/li>\n<li><strong>Empu\u00f1adura de carga GRIP-N-RIP con funci\u00f3n independiente para tiradores diestros y zurdos.<\/strong><\/li>\n<\/ul>\n<h2><\/h2>\n<h2><\/h2>\n<h2 style=\"text-align: center;\"><strong>MATERIALES Y CONSTRUCCI\u00d3N\u00a0<\/strong><\/h2>\n<p>&nbsp;<\/p>\n<ul>\n<li><strong>RECEPTOR INFERIOR:\u00a0<\/strong>Este componente cuenta con especificaciones militares, un cargador mejorado con forma de campana y un punto de enganche QD en el receptor trasero. Est\u00e1 fabricado con aluminio 7075-T6 mecanizado con precisi\u00f3n CNC.\n<div class=\"group w-full text-gray-800 dark:text-gray-100 border-b border-black\/10 dark:border-gray-900\/50 bg-gray-50 dark:bg-[#444654]\">\n<div class=\"text-base gap-4 md:gap-6 md:max-w-2xl lg:max-w-xl xl:max-w-3xl p-4 md:py-6 flex lg:px-0 m-auto\">\n<div class=\"relative flex w-[calc(100%-50px)] flex-col gap-1 md:gap-3 lg:w-[calc(100%-115px)]\"><\/div>\n<\/div>\n<\/div>\n<\/li>\n<li><strong>RECEPTOR SUPERIOR<\/strong>:\u00a0Cuenta con los est\u00e1ndares militares Mil-Spec y cuenta con marcas de indexaci\u00f3n y rampas de alimentaci\u00f3n M4. Su fabricaci\u00f3n se lleva a cabo mediante la t\u00e9cnica de mecanizado CNC en aluminio 7075-T6, y cuenta con un recubrimiento anodizado de capa dura tipo III para una mayor durabilidad y resistencia.<\/li>\n<li><strong>CA\u00d1\u00d3N:<\/strong> El material utilizado es acero forjado en fr\u00edo de alta calidad, con una composici\u00f3n de cromo, molibdeno y vanadio. Adem\u00e1s, ha sido sometido a una torsi\u00f3n de 1:7 y tiene un perfil S2W de 7 pulgadas. Para mejorar su durabilidad y resistencia a la corrosi\u00f3n, se ha aplicado un revestimiento de cromo y se ha sometido a un tratamiento de fosfatado pesado seg\u00fan la especificaci\u00f3n militar Mil-Spec. Asimismo, ha sido sometido a pruebas exhaustivas de HP\/MPI para garantizar su calidad.<\/li>\n<li><strong>SISTEMA DE GAS:<\/strong> Bloque de gas de perfil bajo con pasador, mecanizado por CNC en acero 4140 endurecido con revestimiento de fosfato pesado Mil-Spec, longitud de carabina, impacto directo.<\/li>\n<li><strong>DISPOSITIVO DE LA BOCA:<\/strong> El compensador de retroceso Daniel Defense Gen II est\u00e1 dise\u00f1ado para reducir el ascenso de la boca del ca\u00f1\u00f3n durante el disparo. Est\u00e1 construido con acero inoxidable 17-4 PH de alta calidad y cuenta con un acabado de nitruro de ba\u00f1o salino para una mayor resistencia y durabilidad.<\/li>\n<li><strong>GRUPO PORTA CERROJO:<\/strong> Perfil M16, Mil-Spec MP Tested, Cromado, Llave de Gas debidamente estacada.<\/li>\n<li><strong>BUFFER:<\/strong> Sistema de buffer mejorado de Maxim Defense.<\/li>\n<li><strong>GUARDAMANOS:<\/strong> El MFR XL 6.0 M-LOK es un riel fabricado mediante el mecanizado CNC de aluminio 6061-T6. Este proceso de fabricaci\u00f3n garantiza una alta precisi\u00f3n en la creaci\u00f3n del producto. Adem\u00e1s, cuenta con un anodizado duro tipo III que lo protege contra la corrosi\u00f3n y el desgaste.<\/li>\n<li><strong>PALANCA DE CARGA<\/strong>:\u00a0La palanca de carga cuenta con el sistema GRIP-N-RIP y est\u00e1 fabricada con un cuerpo de aluminio 7075-T6 mecanizado mediante CNC. Tanto las empu\u00f1aduras como el pestillo est\u00e1n hechos de aluminio 6061-T6 mecanizado mediante CNC y los pasadores son de acero inoxidable.<\/li>\n<li><strong>ABRAZADERA:<\/strong> Maxim Defense CQB Pistol Brace<\/li>\n<li><strong>GRIP DE PISTOLA: <\/strong>Empu\u00f1adura vertical Daniel Defense, pol\u00edmero relleno de vidrio con sobremoldeado suave al tacto<\/li>\n<li><strong>Fabricado en EE.UU.<\/strong><\/li>\n<\/ul>\n<p>&nbsp;<\/p>\n<p>&nbsp;<\/p>\n<h2 style=\"text-align: center;\"><strong>CARACTER\u00cdSTICAS\u00a0<\/strong><\/h2>\n<p>&nbsp;<\/p>\n<p><a href=\"https:\/\/armastotal.com\/wp-content\/uploads\/2023\/02\/pdw-02-088-22070-047_1.jpg\"><img loading=\"lazy\" decoding=\"async\" class=\"alignnone size-full wp-image-18486\" src=\"https:\/\/armastotal.com\/wp-content\/uploads\/2023\/02\/pdw-02-088-22070-047_1.jpg\" alt=\"\" width=\"1300\" height=\"300\" \/><\/a><\/p>\n<p>&nbsp;<\/p>\n<ol>\n<li><strong>COMPENSADOR LINEAL:<\/strong>\u00a0Dirige la r\u00e1faga hacia delante, lejos del tirador<\/li>\n<li><strong>CA\u00d1\u00d3N FORJADO A MARTILLO FR\u00cdO:<\/strong>\u00a0Proceso de presi\u00f3n hidr\u00e1ulica intensa que forma los ca\u00f1ones m\u00e1s precisos y duraderos que se pueden conseguir.<\/li>\n<li><strong>HUECO DEL CARGADOR ENSANCHADO:<\/strong>\u00a0El hueco del cargador ensanchado y biselado permite colocar los cargadores en su sitio para recargarlos de la forma m\u00e1s r\u00e1pida y segura posible.<\/li>\n<li><strong>SELECTOR DE SEGURIDAD AMBI:<\/strong>\u00a0Para tiradores diestros o zurdos.<\/li>\n<li><strong>SISTEMA DE CARRIL DE FLOTACI\u00d3N LIBRE:<\/strong>\u00a0La fijaci\u00f3n patentada de 4 \u00f3 6 pernos al tubo superior permite que el sistema de ra\u00edl flote libremente sobre el ca\u00f1\u00f3n, lo que garantiza que los arm\u00f3nicos del ca\u00f1\u00f3n no se vean afectados durante el funcionamiento.<\/li>\n<li><strong>MAXIM DEFENSA PISTOL BRACE:\u00a0<\/strong>Maxim CQB Brace es compacto, f\u00e1cil de transportar y permite fuego continuo totalmente plegado.<\/li>\n<li><strong>TOPE DE MANO:<\/strong>\u00a0SLR MOD2 Barricade Handstop ayuda al tirador con la indexaci\u00f3n de la mano de apoyo, con la colocaci\u00f3n hacia la parte posterior de la boca del ca\u00f1\u00f3n.<\/li>\n<li><strong>M-LOK:<\/strong>\u00a0Tecnolog\u00eda de fijaci\u00f3n M-LOK<\/li>\n<li><strong>EMPU\u00d1ADURA DE SUBFUSIL:\u00a0<\/strong>\u00c1ngulo de mu\u00f1eca ergon\u00f3mico, guardamonte integral y empu\u00f1adura antideslizante para mayor comodidad y control en todas las condiciones.<\/li>\n<li><strong>PALANCA DE CARGA GRIP-N-RIP: <\/strong>Palanca de funci\u00f3n independiente para tiradores diestros y zurdos,\u00a0con funciones antig\u00e1s para una mejor experiencia de disparo.<\/li>\n<\/ol>\n","protected":false},"excerpt":{"rendered":"<p><strong><span style=\"color: #ff0000;\">NO DISPONIBLE EN ESPA\u00d1A PARA PARTICULARES\u00a0<\/span><\/strong><\/p>\n<p>La DDM4 PDW es un subfusil de estilo AR15 que destaca por su tama\u00f1o compacto y facilidad de transporte. Si buscas un arma de defensa personal, esta es una excelente opci\u00f3n en la que puedes confiar.<\/p>\n","protected":false},"featured_media":926,"comment_status":"open","ping_status":"closed","template":"","meta":{"_et_pb_use_builder":"","_et_pb_old_content":"","_et_gb_content_width":"","inline_featured_image":false},"product_cat":[458,167],"product_tag":[48],"class_list":["post-810","product","type-product","status-publish","has-post-thumbnail","hentry","product_cat-armas-pm","product_cat-policial-militar","product_tag-rojo-armas"],"yoast_head":"<!-- This site is optimized with the Yoast SEO plugin v20.8 - https:\/\/yoast.com\/wordpress\/plugins\/seo\/ -->\n<title>DANIEL DEFENSE DDM4\u00ae PDW 300 BLACKOUT  BLACK - Bocum Defense Policial Militar<\/title>\n<meta name=\"robots\" content=\"noindex, follow, max-snippet:-1, max-image-preview:large, max-video-preview:-1\" \/>\n<meta property=\"og:locale\" content=\"es_ES\" \/>\n<meta property=\"og:type\" content=\"article\" \/>\n<meta property=\"og:title\" content=\"DANIEL DEFENSE DDM4\u00ae PDW 300 BLACKOUT  BLACK - Bocum Defense Policial Militar\" \/>\n<meta property=\"og:description\" content=\"NO DISPONIBLE EN ESPA\u00d1A PARA PARTICULARES\u00a0  La DDM4 PDW es un subfusil de estilo AR15 que destaca por su tama\u00f1o compacto y facilidad de transporte. Si buscas un arma de defensa personal, esta es una excelente opci\u00f3n en la que puedes confiar.\" \/>\n<meta property=\"og:url\" content=\"https:\/\/bocumdefense.com\/policial-militar\/producto\/daniel-defense-ddm4-pdw-300-blackout\/\" \/>\n<meta property=\"og:site_name\" content=\"Bocum Defense Policial Militar\" \/>\n<meta property=\"article:modified_time\" content=\"2023-08-29T11:45:20+00:00\" \/>\n<meta property=\"og:image\" content=\"https:\/\/bocumdefense.com\/policial-militar\/policial-militar\/wp-content\/uploads\/2023\/02\/PDW-PISTOL-MAIN.jpg\" \/>\n\t<meta property=\"og:image:width\" content=\"1000\" \/>\n\t<meta property=\"og:image:height\" content=\"1000\" \/>\n\t<meta property=\"og:image:type\" content=\"image\/jpeg\" \/>\n<meta name=\"twitter:card\" content=\"summary_large_image\" \/>\n<meta name=\"twitter:label1\" content=\"Tiempo de lectura\" \/>\n\t<meta name=\"twitter:data1\" content=\"4 minutos\" \/>\n<script type=\"application\/ld+json\" class=\"yoast-schema-graph\">{\"@context\":\"https:\/\/schema.org\",\"@graph\":[{\"@type\":\"WebPage\",\"@id\":\"https:\/\/bocumdefense.com\/policial-militar\/producto\/daniel-defense-ddm4-pdw-300-blackout\/\",\"url\":\"https:\/\/bocumdefense.com\/policial-militar\/producto\/daniel-defense-ddm4-pdw-300-blackout\/\",\"name\":\"DANIEL DEFENSE DDM4\u00ae PDW 300 BLACKOUT BLACK - Bocum Defense Policial Militar\",\"isPartOf\":{\"@id\":\"https:\/\/bocumdefense.com\/policial-militar\/#website\"},\"datePublished\":\"2023-08-29T11:44:29+00:00\",\"dateModified\":\"2023-08-29T11:45:20+00:00\",\"breadcrumb\":{\"@id\":\"https:\/\/bocumdefense.com\/policial-militar\/producto\/daniel-defense-ddm4-pdw-300-blackout\/#breadcrumb\"},\"inLanguage\":\"es\",\"potentialAction\":[{\"@type\":\"ReadAction\",\"target\":[\"https:\/\/bocumdefense.com\/policial-militar\/producto\/daniel-defense-ddm4-pdw-300-blackout\/\"]}]},{\"@type\":\"BreadcrumbList\",\"@id\":\"https:\/\/bocumdefense.com\/policial-militar\/producto\/daniel-defense-ddm4-pdw-300-blackout\/#breadcrumb\",\"itemListElement\":[{\"@type\":\"ListItem\",\"position\":1,\"name\":\"Portada\",\"item\":\"https:\/\/bocumdefense.com\/policial-militar\/policial-militar\/\"},{\"@type\":\"ListItem\",\"position\":2,\"name\":\"Tienda\",\"item\":\"https:\/\/bocumdefense.com\/policial-militar\/tienda\/\"},{\"@type\":\"ListItem\",\"position\":3,\"name\":\"DANIEL DEFENSE DDM4\u00ae PDW 300 BLACKOUT BLACK\"}]},{\"@type\":\"WebSite\",\"@id\":\"https:\/\/bocumdefense.com\/policial-militar\/#website\",\"url\":\"https:\/\/bocumdefense.com\/policial-militar\/\",\"name\":\"Bocum Defense Policial Militar\",\"description\":\"\",\"potentialAction\":[{\"@type\":\"SearchAction\",\"target\":{\"@type\":\"EntryPoint\",\"urlTemplate\":\"https:\/\/bocumdefense.com\/policial-militar\/?s={search_term_string}\"},\"query-input\":\"required name=search_term_string\"}],\"inLanguage\":\"es\"}]}<\/script>\n<!-- \/ Yoast SEO plugin. -->","yoast_head_json":{"title":"DANIEL DEFENSE DDM4\u00ae PDW 300 BLACKOUT  BLACK - Bocum Defense Policial Militar","robots":{"index":"noindex","follow":"follow","max-snippet":"max-snippet:-1","max-image-preview":"max-image-preview:large","max-video-preview":"max-video-preview:-1"},"og_locale":"es_ES","og_type":"article","og_title":"DANIEL DEFENSE DDM4\u00ae PDW 300 BLACKOUT  BLACK - Bocum Defense Policial Militar","og_description":"NO DISPONIBLE EN ESPA\u00d1A PARA PARTICULARES\u00a0  La DDM4 PDW es un subfusil de estilo AR15 que destaca por su tama\u00f1o compacto y facilidad de transporte. Si buscas un arma de defensa personal, esta es una excelente opci\u00f3n en la que puedes confiar.","og_url":"https:\/\/bocumdefense.com\/policial-militar\/producto\/daniel-defense-ddm4-pdw-300-blackout\/","og_site_name":"Bocum Defense Policial Militar","article_modified_time":"2023-08-29T11:45:20+00:00","og_image":[{"width":1000,"height":1000,"url":"https:\/\/bocumdefense.com\/policial-militar\/policial-militar\/wp-content\/uploads\/2023\/02\/PDW-PISTOL-MAIN.jpg","type":"image\/jpeg"}],"twitter_card":"summary_large_image","twitter_misc":{"Tiempo de lectura":"4 minutos"},"schema":{"@context":"https:\/\/schema.org","@graph":[{"@type":"WebPage","@id":"https:\/\/bocumdefense.com\/policial-militar\/producto\/daniel-defense-ddm4-pdw-300-blackout\/","url":"https:\/\/bocumdefense.com\/policial-militar\/producto\/daniel-defense-ddm4-pdw-300-blackout\/","name":"DANIEL DEFENSE DDM4\u00ae PDW 300 BLACKOUT BLACK - Bocum Defense Policial Militar","isPartOf":{"@id":"https:\/\/bocumdefense.com\/policial-militar\/#website"},"datePublished":"2023-08-29T11:44:29+00:00","dateModified":"2023-08-29T11:45:20+00:00","breadcrumb":{"@id":"https:\/\/bocumdefense.com\/policial-militar\/producto\/daniel-defense-ddm4-pdw-300-blackout\/#breadcrumb"},"inLanguage":"es","potentialAction":[{"@type":"ReadAction","target":["https:\/\/bocumdefense.com\/policial-militar\/producto\/daniel-defense-ddm4-pdw-300-blackout\/"]}]},{"@type":"BreadcrumbList","@id":"https:\/\/bocumdefense.com\/policial-militar\/producto\/daniel-defense-ddm4-pdw-300-blackout\/#breadcrumb","itemListElement":[{"@type":"ListItem","position":1,"name":"Portada","item":"https:\/\/bocumdefense.com\/policial-militar\/policial-militar\/"},{"@type":"ListItem","position":2,"name":"Tienda","item":"https:\/\/bocumdefense.com\/policial-militar\/tienda\/"},{"@type":"ListItem","position":3,"name":"DANIEL DEFENSE DDM4\u00ae PDW 300 BLACKOUT BLACK"}]},{"@type":"WebSite","@id":"https:\/\/bocumdefense.com\/policial-militar\/#website","url":"https:\/\/bocumdefense.com\/policial-militar\/","name":"Bocum Defense Policial Militar","description":"","potentialAction":[{"@type":"SearchAction","target":{"@type":"EntryPoint","urlTemplate":"https:\/\/bocumdefense.com\/policial-militar\/?s={search_term_string}"},"query-input":"required name=search_term_string"}],"inLanguage":"es"}]}},"_links":{"self":[{"href":"https:\/\/bocumdefense.com\/policial-militar\/wp-json\/wp\/v2\/product\/810","targetHints":{"allow":["GET"]}}],"collection":[{"href":"https:\/\/bocumdefense.com\/policial-militar\/wp-json\/wp\/v2\/product"}],"about":[{"href":"https:\/\/bocumdefense.com\/policial-militar\/wp-json\/wp\/v2\/types\/product"}],"replies":[{"embeddable":true,"href":"https:\/\/bocumdefense.com\/policial-militar\/wp-json\/wp\/v2\/comments?post=810"}],"wp:featuredmedia":[{"embeddable":true,"href":"https:\/\/bocumdefense.com\/policial-militar\/wp-json\/wp\/v2\/media\/926"}],"wp:attachment":[{"href":"https:\/\/bocumdefense.com\/policial-militar\/wp-json\/wp\/v2\/media?parent=810"}],"wp:term":[{"taxonomy":"product_cat","embeddable":true,"href":"https:\/\/bocumdefense.com\/policial-militar\/wp-json\/wp\/v2\/product_cat?post=810"},{"taxonomy":"product_tag","embeddable":true,"href":"https:\/\/bocumdefense.com\/policial-militar\/wp-json\/wp\/v2\/product_tag?post=810"}],"curies":[{"name":"wp","href":"https:\/\/api.w.org\/{rel}","templated":true}]}}