{"id":808,"date":"2023-08-29T12:44:29","date_gmt":"2023-08-29T11:44:29","guid":{"rendered":"https:\/\/bocumdefense.com\/policial-militar\/?post_type=product&#038;p=808"},"modified":"2023-08-29T12:45:20","modified_gmt":"2023-08-29T11:45:20","slug":"daniel-defense-ddm4-hunter-5-56-kryptek-highlander","status":"publish","type":"product","link":"https:\/\/bocumdefense.com\/policial-militar\/producto\/daniel-defense-ddm4-hunter-5-56-kryptek-highlander\/","title":{"rendered":"DANIEL DEFENSE DDM4\u00ae HUNTER 5.56   KRYPTEK HIGHLANDER"},"content":{"rendered":"<h3 style=\"text-align: center;\"><strong>DETALLES<\/strong><\/h3>\n<p>&nbsp;<\/p>\n<p>El Hunter 5.56 es una carabina de alta precisi\u00f3n y exactitud que cuenta con un ca\u00f1\u00f3n de 45,72 cm forjado en fr\u00edo. El guardamanos MFR 15.0 de flotaci\u00f3n libre protege, tanto el ca\u00f1\u00f3n, como el sistema de gas de la carabina. Adem\u00e1s, la carabina tiene un carril continuo picatinny en la parte superior y un enganche M-Lok en los laterales y en la parte inferior, lo que permite la f\u00e1cil incorporaci\u00f3n de cualquier accesorio necesario para la caza. En definitiva, el Hunter 5.56 es una excelente opci\u00f3n para aquellos que buscan un arma de alta calidad y versatilidad en su equipo de caza.<\/p>\n<p>Este rifle cuenta con un ca\u00f1\u00f3n con rosca 5\/8&#215;24 TPI y un protector moleteado que puede retirarse sin dificultad para instalar un supresor u otro dispositivo de boca. Adem\u00e1s, el arma viene equipada de f\u00e1brica con un gatillo Geissele Super Semi-Autom\u00e1tico de 2 etapas y un selector de seguridad ambidiestro. La palanca de carga independiente GRIP-N-RIP es f\u00e1cilmente adaptable a tiradores diestros y zurdos. En resumen, el Hunter ofrece una gran cantidad de caracter\u00edsticas avanzadas que lo convierten en una excelente opci\u00f3n para cualquier tirador experimentado en busca de un arma de alta calidad y precisi\u00f3n.<\/p>\n<p><strong>El Hunter viene equipado con culata y empu\u00f1adura de pistola Daniel Defense y est\u00e1 acabado en el camuflaje Kryptek Highlander.<\/strong><\/p>\n<p>&nbsp;<\/p>\n<h3 style=\"text-align: center;\"><strong>MATERIALES Y CONSTRUCCI\u00d3N\u00a0<\/strong><\/h3>\n<p>&nbsp;<\/p>\n<ul>\n<li><strong>RECEPTOR INFERIOR:<\/strong> Mil-Spec con cargador acampanado mejorado y punto de enganche QD en el receptor trasero. Fabricado en aluminio 7075-T6.<\/li>\n<li><strong>RECEPTOR SUPERIOR:<\/strong> Mil-Spec con marcas de indexaci\u00f3n y rampas de alimentaci\u00f3n M4. Fabricado en\u00a0aluminio 7075-T6<\/li>\n<li><strong>CA\u00d1\u00d3N:<\/strong> Acero cromado forjado en fr\u00edo, torsi\u00f3n 1:8&#8243;, perfil S2W de 45,72 cm. Tiene un sistema de gas de carabina forrado de cromo y con fosfatado pesado Mil-Spec. Ha sido probado con los tests de alta presi\u00f3n y inspecciones de part\u00edculas magn\u00e9ticas, para certificar que el ca\u00f1\u00f3n no romper\u00e1 con un uso intensivo.<\/li>\n<li><strong>SISTEMA DE GAS:<\/strong> Bloque de gas de perfil bajo con pasador, elaborado por CNC en acero 4140 endurecido y con recubrimiento Mil-Spec de fosfato pesado.<\/li>\n<li><strong>PROTECTOR DE LA ROSCA:<\/strong> Acero 12L14, Acabado de Nitruro de Ba\u00f1o de Sal<\/li>\n<li><strong>GRUPO PORTA CERROJOS: <\/strong>Perfil M16, Mil-Spec MP Tested, Cromado, Llave de Gas debidamente estacada.<\/li>\n<li><strong>AMORTIGUADOR RETROCESO:<\/strong> Buffer H<\/li>\n<li><strong>MIRAS<\/strong>: <strong>Se venden por separado<\/strong><\/li>\n<li><strong>GUARDAMANOS:<\/strong> Daniel Defense MFR 15.0, Fabricado por CNC de Aluminio 6061-T6. Fijaci\u00f3n M-LOK disponible.<\/li>\n<li><strong>PALANCA DE CARGA:<\/strong> GRIP-N-RIP, Cuerpo Mecanizado CNC de Aluminio 7075-T6, Mangos y Pestillo Mecanizados CNC de Aluminio 6061-T6, Pasadores de Acero Inoxidable, Tipo III Anodizado Duro.<\/li>\n<li><strong>EXTENSI\u00d3N DEL RECEPTOR:<\/strong> 6-Posiciones Mil-Spec 7075-T6 Aluminio<\/li>\n<li><strong>CULATA DANIEL DEFENSE:<\/strong>\u00a0Hecha de pol\u00edmero relleno de vidrio con sobremoldeado de tacto suave<\/li>\n<li><strong>GRIP DE PISTOLA:<\/strong> Empu\u00f1adura de pistola Daniel Defense, pol\u00edmero relleno de vidrio con sobremoldeado de tacto suave.<\/li>\n<li><strong>COLOR:<\/strong> Kryptek Highlander<\/li>\n<li><strong>FABRICADO EN EE.UU.<\/strong><\/li>\n<\/ul>\n<p>&nbsp;<\/p>\n<h3 style=\"text-align: center;\"><strong>CARACTER\u00cdSTICAS<\/strong><\/h3>\n<p>&nbsp;<\/p>\n<p>&nbsp;<\/p>\n<p><a href=\"https:\/\/armastotal.com\/wp-content\/uploads\/2023\/01\/ddm4-02-110-02095.jpg\"><img loading=\"lazy\" decoding=\"async\" class=\"size-full wp-image-19485 aligncenter\" src=\"https:\/\/armastotal.com\/wp-content\/uploads\/2023\/01\/ddm4-02-110-02095.jpg\" alt=\"\" width=\"1300\" height=\"300\" \/><\/a><\/p>\n<p>&nbsp;<\/p>\n<p>&nbsp;<\/p>\n<ol>\n<li><strong>PROTECTOR DE ROSCA:\u00a0<\/strong>Protege la rosca de la boca del ca\u00f1\u00f3n cuando no hay instalado un dispositivo de protecci\u00f3n o un supresor.<\/li>\n<li><strong>CA\u00d1\u00d3N FORJADO A MARTILLO FR\u00cdO<\/strong>: Proceso de presi\u00f3n hidr\u00e1ulica intensa que forma los ca\u00f1ones m\u00e1s precisos y duraderos que se pueden conseguir<\/li>\n<li><strong>HUECO DEL CARGADOR ENSANCHADO:<\/strong>\u00a0El hueco del cargador ensanchado y biselado permite colocar los cargadores en su sitio para recargarlos de la forma m\u00e1s r\u00e1pida y segura posible.<\/li>\n<li><strong>SELECTOR DE SEGURIDAD AMBI:\u00a0<\/strong>Para tiradores diestros o zurdos<\/li>\n<li><strong>SISTEMA DE CARRIL DE FLOTACI\u00d3N LIBRE:<\/strong>\u00a0Sujeci\u00f3n patentada de 4 \u00f3 6 pernos al tubo superior que permite que el sistema de ra\u00edl flote libremente sobre el ca\u00f1\u00f3n, lo que garantiza que los arm\u00f3nicos del ca\u00f1\u00f3n no se vean afectados durante el funcionamiento.<\/li>\n<li><strong>CULATA:\u00a0<\/strong>Con carrillera antideslizante, cantoneras intercambiables y punto QD integrado.<\/li>\n<li><strong>PUNTOS QD:<\/strong>\u00a0Puntos de desconexi\u00f3n r\u00e1pida integrados para la fijaci\u00f3n de eslingas.<\/li>\n<li><strong>M-LOK:\u00a0<\/strong>Tecnolog\u00eda de fijaci\u00f3n M-LOK<\/li>\n<li><strong>GATILLO MEJORADO<\/strong><\/li>\n<\/ol>\n","protected":false},"excerpt":{"rendered":"<p><strong><span style=\"color: #ff0000;\">NO DISPONIBLE EN ESPA\u00d1A PARA PARTICULARES <!--\/data\/user\/0\/com.samsung.android.app.notes\/files\/clipdata\/clipdata_bodytext_230204_175046_581.sdocx--><\/span><br \/>\n<\/strong><\/p>\n<p>El DANIEL DEFENSE DDM4\u00ae HUNTER 5.56 KRYPTEK HIGHLANDER es un rifle semiautom\u00e1tico de alta precisi\u00f3n y fiabilidad, dise\u00f1ado especialmente para cazadores y tiradores deportivos que buscan un arma vers\u00e1til y resistente para la caza o el tiro de larga distancia.<\/p>\n","protected":false},"featured_media":922,"comment_status":"open","ping_status":"closed","template":"","meta":{"_et_pb_use_builder":"","_et_pb_old_content":"","_et_gb_content_width":"","inline_featured_image":false},"product_cat":[458,167],"product_tag":[48],"class_list":["post-808","product","type-product","status-publish","has-post-thumbnail","hentry","product_cat-armas-pm","product_cat-policial-militar","product_tag-rojo-armas"],"yoast_head":"<!-- This site is optimized with the Yoast SEO plugin v20.8 - https:\/\/yoast.com\/wordpress\/plugins\/seo\/ -->\n<title>DANIEL DEFENSE DDM4\u00ae HUNTER 5.56  KRYPTEK HIGHLANDER - Bocum Defense Policial Militar<\/title>\n<meta name=\"robots\" content=\"noindex, follow, max-snippet:-1, max-image-preview:large, max-video-preview:-1\" \/>\n<meta property=\"og:locale\" content=\"es_ES\" \/>\n<meta property=\"og:type\" content=\"article\" \/>\n<meta property=\"og:title\" content=\"DANIEL DEFENSE DDM4\u00ae HUNTER 5.56  KRYPTEK HIGHLANDER - Bocum Defense Policial Militar\" \/>\n<meta property=\"og:description\" content=\"NO DISPONIBLE EN ESPA\u00d1A PARA PARTICULARES    El DANIEL DEFENSE DDM4\u00ae HUNTER 5.56 KRYPTEK HIGHLANDER es un rifle semiautom\u00e1tico de alta precisi\u00f3n y fiabilidad, dise\u00f1ado especialmente para cazadores y tiradores deportivos que buscan un arma vers\u00e1til y resistente para la caza o el tiro de larga distancia.\" \/>\n<meta property=\"og:url\" content=\"https:\/\/bocumdefense.com\/policial-militar\/producto\/daniel-defense-ddm4-hunter-5-56-kryptek-highlander\/\" \/>\n<meta property=\"og:site_name\" content=\"Bocum Defense Policial Militar\" \/>\n<meta property=\"article:modified_time\" content=\"2023-08-29T11:45:20+00:00\" \/>\n<meta property=\"og:image\" content=\"https:\/\/bocumdefense.com\/policial-militar\/policial-militar\/wp-content\/uploads\/2023\/02\/dd4-highlander-main.jpg\" \/>\n\t<meta property=\"og:image:width\" content=\"1000\" \/>\n\t<meta property=\"og:image:height\" content=\"1000\" \/>\n\t<meta property=\"og:image:type\" content=\"image\/jpeg\" \/>\n<meta name=\"twitter:card\" content=\"summary_large_image\" \/>\n<meta name=\"twitter:label1\" content=\"Tiempo de lectura\" \/>\n\t<meta name=\"twitter:data1\" content=\"4 minutos\" \/>\n<script type=\"application\/ld+json\" class=\"yoast-schema-graph\">{\"@context\":\"https:\/\/schema.org\",\"@graph\":[{\"@type\":\"WebPage\",\"@id\":\"https:\/\/bocumdefense.com\/policial-militar\/producto\/daniel-defense-ddm4-hunter-5-56-kryptek-highlander\/\",\"url\":\"https:\/\/bocumdefense.com\/policial-militar\/producto\/daniel-defense-ddm4-hunter-5-56-kryptek-highlander\/\",\"name\":\"DANIEL DEFENSE DDM4\u00ae HUNTER 5.56 KRYPTEK HIGHLANDER - Bocum Defense Policial Militar\",\"isPartOf\":{\"@id\":\"https:\/\/bocumdefense.com\/policial-militar\/#website\"},\"datePublished\":\"2023-08-29T11:44:29+00:00\",\"dateModified\":\"2023-08-29T11:45:20+00:00\",\"breadcrumb\":{\"@id\":\"https:\/\/bocumdefense.com\/policial-militar\/producto\/daniel-defense-ddm4-hunter-5-56-kryptek-highlander\/#breadcrumb\"},\"inLanguage\":\"es\",\"potentialAction\":[{\"@type\":\"ReadAction\",\"target\":[\"https:\/\/bocumdefense.com\/policial-militar\/producto\/daniel-defense-ddm4-hunter-5-56-kryptek-highlander\/\"]}]},{\"@type\":\"BreadcrumbList\",\"@id\":\"https:\/\/bocumdefense.com\/policial-militar\/producto\/daniel-defense-ddm4-hunter-5-56-kryptek-highlander\/#breadcrumb\",\"itemListElement\":[{\"@type\":\"ListItem\",\"position\":1,\"name\":\"Portada\",\"item\":\"https:\/\/bocumdefense.com\/policial-militar\/policial-militar\/\"},{\"@type\":\"ListItem\",\"position\":2,\"name\":\"Tienda\",\"item\":\"https:\/\/bocumdefense.com\/policial-militar\/tienda\/\"},{\"@type\":\"ListItem\",\"position\":3,\"name\":\"DANIEL DEFENSE DDM4\u00ae HUNTER 5.56 KRYPTEK HIGHLANDER\"}]},{\"@type\":\"WebSite\",\"@id\":\"https:\/\/bocumdefense.com\/policial-militar\/#website\",\"url\":\"https:\/\/bocumdefense.com\/policial-militar\/\",\"name\":\"Bocum Defense Policial Militar\",\"description\":\"\",\"potentialAction\":[{\"@type\":\"SearchAction\",\"target\":{\"@type\":\"EntryPoint\",\"urlTemplate\":\"https:\/\/bocumdefense.com\/policial-militar\/?s={search_term_string}\"},\"query-input\":\"required name=search_term_string\"}],\"inLanguage\":\"es\"}]}<\/script>\n<!-- \/ Yoast SEO plugin. -->","yoast_head_json":{"title":"DANIEL DEFENSE DDM4\u00ae HUNTER 5.56  KRYPTEK HIGHLANDER - Bocum Defense Policial Militar","robots":{"index":"noindex","follow":"follow","max-snippet":"max-snippet:-1","max-image-preview":"max-image-preview:large","max-video-preview":"max-video-preview:-1"},"og_locale":"es_ES","og_type":"article","og_title":"DANIEL DEFENSE DDM4\u00ae HUNTER 5.56  KRYPTEK HIGHLANDER - Bocum Defense Policial Militar","og_description":"NO DISPONIBLE EN ESPA\u00d1A PARA PARTICULARES    El DANIEL DEFENSE DDM4\u00ae HUNTER 5.56 KRYPTEK HIGHLANDER es un rifle semiautom\u00e1tico de alta precisi\u00f3n y fiabilidad, dise\u00f1ado especialmente para cazadores y tiradores deportivos que buscan un arma vers\u00e1til y resistente para la caza o el tiro de larga distancia.","og_url":"https:\/\/bocumdefense.com\/policial-militar\/producto\/daniel-defense-ddm4-hunter-5-56-kryptek-highlander\/","og_site_name":"Bocum Defense Policial Militar","article_modified_time":"2023-08-29T11:45:20+00:00","og_image":[{"width":1000,"height":1000,"url":"https:\/\/bocumdefense.com\/policial-militar\/policial-militar\/wp-content\/uploads\/2023\/02\/dd4-highlander-main.jpg","type":"image\/jpeg"}],"twitter_card":"summary_large_image","twitter_misc":{"Tiempo de lectura":"4 minutos"},"schema":{"@context":"https:\/\/schema.org","@graph":[{"@type":"WebPage","@id":"https:\/\/bocumdefense.com\/policial-militar\/producto\/daniel-defense-ddm4-hunter-5-56-kryptek-highlander\/","url":"https:\/\/bocumdefense.com\/policial-militar\/producto\/daniel-defense-ddm4-hunter-5-56-kryptek-highlander\/","name":"DANIEL DEFENSE DDM4\u00ae HUNTER 5.56 KRYPTEK HIGHLANDER - Bocum Defense Policial Militar","isPartOf":{"@id":"https:\/\/bocumdefense.com\/policial-militar\/#website"},"datePublished":"2023-08-29T11:44:29+00:00","dateModified":"2023-08-29T11:45:20+00:00","breadcrumb":{"@id":"https:\/\/bocumdefense.com\/policial-militar\/producto\/daniel-defense-ddm4-hunter-5-56-kryptek-highlander\/#breadcrumb"},"inLanguage":"es","potentialAction":[{"@type":"ReadAction","target":["https:\/\/bocumdefense.com\/policial-militar\/producto\/daniel-defense-ddm4-hunter-5-56-kryptek-highlander\/"]}]},{"@type":"BreadcrumbList","@id":"https:\/\/bocumdefense.com\/policial-militar\/producto\/daniel-defense-ddm4-hunter-5-56-kryptek-highlander\/#breadcrumb","itemListElement":[{"@type":"ListItem","position":1,"name":"Portada","item":"https:\/\/bocumdefense.com\/policial-militar\/policial-militar\/"},{"@type":"ListItem","position":2,"name":"Tienda","item":"https:\/\/bocumdefense.com\/policial-militar\/tienda\/"},{"@type":"ListItem","position":3,"name":"DANIEL DEFENSE DDM4\u00ae HUNTER 5.56 KRYPTEK HIGHLANDER"}]},{"@type":"WebSite","@id":"https:\/\/bocumdefense.com\/policial-militar\/#website","url":"https:\/\/bocumdefense.com\/policial-militar\/","name":"Bocum Defense Policial Militar","description":"","potentialAction":[{"@type":"SearchAction","target":{"@type":"EntryPoint","urlTemplate":"https:\/\/bocumdefense.com\/policial-militar\/?s={search_term_string}"},"query-input":"required name=search_term_string"}],"inLanguage":"es"}]}},"_links":{"self":[{"href":"https:\/\/bocumdefense.com\/policial-militar\/wp-json\/wp\/v2\/product\/808","targetHints":{"allow":["GET"]}}],"collection":[{"href":"https:\/\/bocumdefense.com\/policial-militar\/wp-json\/wp\/v2\/product"}],"about":[{"href":"https:\/\/bocumdefense.com\/policial-militar\/wp-json\/wp\/v2\/types\/product"}],"replies":[{"embeddable":true,"href":"https:\/\/bocumdefense.com\/policial-militar\/wp-json\/wp\/v2\/comments?post=808"}],"wp:featuredmedia":[{"embeddable":true,"href":"https:\/\/bocumdefense.com\/policial-militar\/wp-json\/wp\/v2\/media\/922"}],"wp:attachment":[{"href":"https:\/\/bocumdefense.com\/policial-militar\/wp-json\/wp\/v2\/media?parent=808"}],"wp:term":[{"taxonomy":"product_cat","embeddable":true,"href":"https:\/\/bocumdefense.com\/policial-militar\/wp-json\/wp\/v2\/product_cat?post=808"},{"taxonomy":"product_tag","embeddable":true,"href":"https:\/\/bocumdefense.com\/policial-militar\/wp-json\/wp\/v2\/product_tag?post=808"}],"curies":[{"name":"wp","href":"https:\/\/api.w.org\/{rel}","templated":true}]}}