{"id":774,"date":"2023-08-29T12:44:31","date_gmt":"2023-08-29T11:44:31","guid":{"rendered":"https:\/\/bocumdefense.com\/policial-militar\/?post_type=product&#038;p=774"},"modified":"2023-08-29T12:45:22","modified_gmt":"2023-08-29T11:45:22","slug":"daniel-defense-dd-magazine","status":"publish","type":"product","link":"https:\/\/bocumdefense.com\/policial-militar\/producto\/daniel-defense-dd-magazine\/","title":{"rendered":"DANIEL DEFENSE DD MAGAZINE\u00ae"},"content":{"rendered":"<p>El cargador DD es el \u00fanico cargador para AR-15 digno del nombre Daniel Defense y est\u00e1 fabricado con la misma calidad legendaria y los mismos est\u00e1ndares exigentes que nuestras armas de fuego de primera clase.<\/p>\n<p>Este cargador para AR-15 supera el est\u00e1ndar en resistencia y durabilidad gracias a su construcci\u00f3n ligera y vanguardista en pol\u00edmero reforzado con fibra de carbono. Un dise\u00f1o mejorado de labio de alimentaci\u00f3n y un seguidor antivuelco mejorado proporcionan una alimentaci\u00f3n suave y fiable, mientras que un dise\u00f1o de placa base de absorci\u00f3n de impactos se suma a la durabilidad general del cargador. El cuerpo texturizado proporciona al tirador un agarre firme del cargador durante la recarga en cualquier situaci\u00f3n, con o sin guantes. Por fiabilidad, durabilidad, facilidad de mantenimiento y la legendaria calidad de Daniel Defense, elija el nombre en el que puede confiar. Pregunte por Daniel Defense.<\/p>\n<p>&nbsp;<\/p>\n<h4><strong>CARACTER\u00cdSTICAS CLAVES<\/strong><\/h4>\n<ul>\n<li>Capacidad para 32 cartuchos en el mismo tama\u00f1o de cargador que los cargadores est\u00e1ndar de 30 cartuchos.<\/li>\n<li>Construcci\u00f3n ligera de pol\u00edmero reforzado con fibra de carbono<\/li>\n<li>Empu\u00f1adura de superficie para un mayor control en cualquier situaci\u00f3n<\/li>\n<li>Dise\u00f1o mejorado del labio de alimentaci\u00f3n para optimizar la alimentaci\u00f3n y la fiabilidad<\/li>\n<li>Dise\u00f1o de la placa base que absorbe los impactos para una mayor durabilidad<\/li>\n<li>Seguidor antivuelco mejorado para una alimentaci\u00f3n fiable<\/li>\n<li>F\u00e1cil de desmontar para su limpieza<\/li>\n<li>Dise\u00f1o sin enganches<\/li>\n<li>Pendiente de patente<\/li>\n<li><strong>Fabricado en EE.UU.<br \/>\n<\/strong><\/li>\n<\/ul>\n","protected":false},"excerpt":{"rendered":"<p><strong><span style=\"color: #ff0000;\">NO DISPONIBLE EN ESPA\u00d1A PARA PARTICULARES\u00a0<\/span><\/strong><\/p>\n<p>Su capacidad de 32 balas para 5.56mm y 300 Blackout es la mejora m\u00e1s notable, manteniendo el mismo tama\u00f1o que los cargadores de 30 balas est\u00e1ndar de la industria.<\/p>\n","protected":false},"featured_media":875,"comment_status":"open","ping_status":"closed","template":"","meta":{"_et_pb_use_builder":"","_et_pb_old_content":"","_et_gb_content_width":"","inline_featured_image":false},"product_cat":[458,167],"product_tag":[27],"class_list":["post-774","product","type-product","status-publish","has-post-thumbnail","hentry","product_cat-armas-pm","product_cat-policial-militar","product_tag-rojo"],"yoast_head":"<!-- This site is optimized with the Yoast SEO plugin v20.8 - https:\/\/yoast.com\/wordpress\/plugins\/seo\/ -->\n<title>DANIEL DEFENSE DD MAGAZINE\u00ae - Bocum Defense Policial Militar<\/title>\n<meta name=\"robots\" content=\"noindex, follow, max-snippet:-1, max-image-preview:large, max-video-preview:-1\" \/>\n<meta property=\"og:locale\" content=\"es_ES\" \/>\n<meta property=\"og:type\" content=\"article\" \/>\n<meta property=\"og:title\" content=\"DANIEL DEFENSE DD MAGAZINE\u00ae - Bocum Defense Policial Militar\" \/>\n<meta property=\"og:description\" content=\"NO DISPONIBLE EN ESPA\u00d1A PARA PARTICULARES\u00a0  Su capacidad de 32 balas para 5.56mm y 300 Blackout es la mejora m\u00e1s notable, manteniendo el mismo tama\u00f1o que los cargadores de 30 balas est\u00e1ndar de la industria.\" \/>\n<meta property=\"og:url\" content=\"https:\/\/bocumdefense.com\/policial-militar\/producto\/daniel-defense-dd-magazine\/\" \/>\n<meta property=\"og:site_name\" content=\"Bocum Defense Policial Militar\" \/>\n<meta property=\"article:modified_time\" content=\"2023-08-29T11:45:22+00:00\" \/>\n<meta property=\"og:image\" content=\"https:\/\/bocumdefense.com\/policial-militar\/policial-militar\/wp-content\/uploads\/2023\/02\/DD-MAGAZINE-3-2.jpg\" \/>\n\t<meta property=\"og:image:width\" content=\"1000\" \/>\n\t<meta property=\"og:image:height\" content=\"1000\" \/>\n\t<meta property=\"og:image:type\" content=\"image\/jpeg\" \/>\n<meta name=\"twitter:card\" content=\"summary_large_image\" \/>\n<meta name=\"twitter:label1\" content=\"Tiempo de lectura\" \/>\n\t<meta name=\"twitter:data1\" content=\"2 minutos\" \/>\n<script type=\"application\/ld+json\" class=\"yoast-schema-graph\">{\"@context\":\"https:\/\/schema.org\",\"@graph\":[{\"@type\":\"WebPage\",\"@id\":\"https:\/\/bocumdefense.com\/policial-militar\/producto\/daniel-defense-dd-magazine\/\",\"url\":\"https:\/\/bocumdefense.com\/policial-militar\/producto\/daniel-defense-dd-magazine\/\",\"name\":\"DANIEL DEFENSE DD MAGAZINE\u00ae - Bocum Defense Policial Militar\",\"isPartOf\":{\"@id\":\"https:\/\/bocumdefense.com\/policial-militar\/#website\"},\"datePublished\":\"2023-08-29T11:44:31+00:00\",\"dateModified\":\"2023-08-29T11:45:22+00:00\",\"breadcrumb\":{\"@id\":\"https:\/\/bocumdefense.com\/policial-militar\/producto\/daniel-defense-dd-magazine\/#breadcrumb\"},\"inLanguage\":\"es\",\"potentialAction\":[{\"@type\":\"ReadAction\",\"target\":[\"https:\/\/bocumdefense.com\/policial-militar\/producto\/daniel-defense-dd-magazine\/\"]}]},{\"@type\":\"BreadcrumbList\",\"@id\":\"https:\/\/bocumdefense.com\/policial-militar\/producto\/daniel-defense-dd-magazine\/#breadcrumb\",\"itemListElement\":[{\"@type\":\"ListItem\",\"position\":1,\"name\":\"Portada\",\"item\":\"https:\/\/bocumdefense.com\/policial-militar\/policial-militar\/\"},{\"@type\":\"ListItem\",\"position\":2,\"name\":\"Tienda\",\"item\":\"https:\/\/bocumdefense.com\/policial-militar\/tienda\/\"},{\"@type\":\"ListItem\",\"position\":3,\"name\":\"DANIEL DEFENSE DD MAGAZINE\u00ae\"}]},{\"@type\":\"WebSite\",\"@id\":\"https:\/\/bocumdefense.com\/policial-militar\/#website\",\"url\":\"https:\/\/bocumdefense.com\/policial-militar\/\",\"name\":\"Bocum Defense Policial Militar\",\"description\":\"\",\"potentialAction\":[{\"@type\":\"SearchAction\",\"target\":{\"@type\":\"EntryPoint\",\"urlTemplate\":\"https:\/\/bocumdefense.com\/policial-militar\/?s={search_term_string}\"},\"query-input\":\"required name=search_term_string\"}],\"inLanguage\":\"es\"}]}<\/script>\n<!-- \/ Yoast SEO plugin. -->","yoast_head_json":{"title":"DANIEL DEFENSE DD MAGAZINE\u00ae - Bocum Defense Policial Militar","robots":{"index":"noindex","follow":"follow","max-snippet":"max-snippet:-1","max-image-preview":"max-image-preview:large","max-video-preview":"max-video-preview:-1"},"og_locale":"es_ES","og_type":"article","og_title":"DANIEL DEFENSE DD MAGAZINE\u00ae - Bocum Defense Policial Militar","og_description":"NO DISPONIBLE EN ESPA\u00d1A PARA PARTICULARES\u00a0  Su capacidad de 32 balas para 5.56mm y 300 Blackout es la mejora m\u00e1s notable, manteniendo el mismo tama\u00f1o que los cargadores de 30 balas est\u00e1ndar de la industria.","og_url":"https:\/\/bocumdefense.com\/policial-militar\/producto\/daniel-defense-dd-magazine\/","og_site_name":"Bocum Defense Policial Militar","article_modified_time":"2023-08-29T11:45:22+00:00","og_image":[{"width":1000,"height":1000,"url":"https:\/\/bocumdefense.com\/policial-militar\/policial-militar\/wp-content\/uploads\/2023\/02\/DD-MAGAZINE-3-2.jpg","type":"image\/jpeg"}],"twitter_card":"summary_large_image","twitter_misc":{"Tiempo de lectura":"2 minutos"},"schema":{"@context":"https:\/\/schema.org","@graph":[{"@type":"WebPage","@id":"https:\/\/bocumdefense.com\/policial-militar\/producto\/daniel-defense-dd-magazine\/","url":"https:\/\/bocumdefense.com\/policial-militar\/producto\/daniel-defense-dd-magazine\/","name":"DANIEL DEFENSE DD MAGAZINE\u00ae - Bocum Defense Policial Militar","isPartOf":{"@id":"https:\/\/bocumdefense.com\/policial-militar\/#website"},"datePublished":"2023-08-29T11:44:31+00:00","dateModified":"2023-08-29T11:45:22+00:00","breadcrumb":{"@id":"https:\/\/bocumdefense.com\/policial-militar\/producto\/daniel-defense-dd-magazine\/#breadcrumb"},"inLanguage":"es","potentialAction":[{"@type":"ReadAction","target":["https:\/\/bocumdefense.com\/policial-militar\/producto\/daniel-defense-dd-magazine\/"]}]},{"@type":"BreadcrumbList","@id":"https:\/\/bocumdefense.com\/policial-militar\/producto\/daniel-defense-dd-magazine\/#breadcrumb","itemListElement":[{"@type":"ListItem","position":1,"name":"Portada","item":"https:\/\/bocumdefense.com\/policial-militar\/policial-militar\/"},{"@type":"ListItem","position":2,"name":"Tienda","item":"https:\/\/bocumdefense.com\/policial-militar\/tienda\/"},{"@type":"ListItem","position":3,"name":"DANIEL DEFENSE DD MAGAZINE\u00ae"}]},{"@type":"WebSite","@id":"https:\/\/bocumdefense.com\/policial-militar\/#website","url":"https:\/\/bocumdefense.com\/policial-militar\/","name":"Bocum Defense Policial Militar","description":"","potentialAction":[{"@type":"SearchAction","target":{"@type":"EntryPoint","urlTemplate":"https:\/\/bocumdefense.com\/policial-militar\/?s={search_term_string}"},"query-input":"required name=search_term_string"}],"inLanguage":"es"}]}},"_links":{"self":[{"href":"https:\/\/bocumdefense.com\/policial-militar\/wp-json\/wp\/v2\/product\/774","targetHints":{"allow":["GET"]}}],"collection":[{"href":"https:\/\/bocumdefense.com\/policial-militar\/wp-json\/wp\/v2\/product"}],"about":[{"href":"https:\/\/bocumdefense.com\/policial-militar\/wp-json\/wp\/v2\/types\/product"}],"replies":[{"embeddable":true,"href":"https:\/\/bocumdefense.com\/policial-militar\/wp-json\/wp\/v2\/comments?post=774"}],"wp:featuredmedia":[{"embeddable":true,"href":"https:\/\/bocumdefense.com\/policial-militar\/wp-json\/wp\/v2\/media\/875"}],"wp:attachment":[{"href":"https:\/\/bocumdefense.com\/policial-militar\/wp-json\/wp\/v2\/media?parent=774"}],"wp:term":[{"taxonomy":"product_cat","embeddable":true,"href":"https:\/\/bocumdefense.com\/policial-militar\/wp-json\/wp\/v2\/product_cat?post=774"},{"taxonomy":"product_tag","embeddable":true,"href":"https:\/\/bocumdefense.com\/policial-militar\/wp-json\/wp\/v2\/product_tag?post=774"}],"curies":[{"name":"wp","href":"https:\/\/api.w.org\/{rel}","templated":true}]}}