{"id":728,"date":"2023-08-29T12:44:33","date_gmt":"2023-08-29T11:44:33","guid":{"rendered":"https:\/\/bocumdefense.com\/policial-militar\/?post_type=product&#038;p=728"},"modified":"2023-08-29T12:45:24","modified_gmt":"2023-08-29T11:45:24","slug":"daniel-defense-16-5-56mm-mid-length-17-gov","status":"publish","type":"product","link":"https:\/\/bocumdefense.com\/policial-militar\/producto\/daniel-defense-16-5-56mm-mid-length-17-gov\/","title":{"rendered":"DANIEL DEFENSE 16&#8243; 5.56MM, MID-LENGTH, 1:7, GOV   STRIPPED"},"content":{"rendered":"<h2 style=\"text-align: center;\"><strong>DETALLES\u00a0<\/strong><\/h2>\n<ul>\n<li style=\"list-style-type: none;\">\n<ul>\n<li><strong>PESO DE LAS DIFERENTES CONFIGURACIONES DE LOS CA\u00d1ONES<\/strong>\n<ul>\n<li><strong>CA\u00d1\u00d3N SIN COMPONENTES:<\/strong> 1.70lbs\u00a0 (0.77 kg)<\/li>\n<li><strong>CA\u00d1\u00d3N CON EL BLOQUE DE GAS BAJO:<\/strong> 1.78lbs\u00a0 (0.80 kg)<\/li>\n<li><strong>FSB:<\/strong> 2.01 lbs (0,91 kg)<\/li>\n<\/ul>\n<\/li>\n<\/ul>\n<\/li>\n<\/ul>\n","protected":false},"excerpt":{"rendered":"<p><strong><span style=\"color: #ff0000;\">NO DISPONIBLE EN ESPA\u00d1A PARA PARTICULARES <\/span><\/strong><\/p>\n<p>Si buscas el ca\u00f1\u00f3n m\u00e1s preciso y duradero para tu AR-15, el de 16&#8243; 5.56 de Daniel Defense es una excelente opci\u00f3n. DD forja sus ca\u00f1ones a martillo en fr\u00edo, un proceso que los distingue de otros fabricantes de ca\u00f1ones. El ca\u00f1\u00f3n de perfil Government est\u00e1 forjado en acero 4150 Cromo Moly Vanadio y cuenta con un recubrimiento fosfatado pesado Mil-spec y un sistema de gas Mid-length. Adem\u00e1s, su forro de cromo aumenta su durabilidad y precisi\u00f3n.<\/p>\n","protected":false},"featured_media":564,"comment_status":"open","ping_status":"closed","template":"","meta":{"_et_pb_use_builder":"","_et_pb_old_content":"","_et_gb_content_width":"","inline_featured_image":false},"product_cat":[458,167],"product_tag":[27],"class_list":["post-728","product","type-product","status-publish","has-post-thumbnail","hentry","product_cat-armas-pm","product_cat-policial-militar","product_tag-rojo"],"yoast_head":"<!-- This site is optimized with the Yoast SEO plugin v20.8 - https:\/\/yoast.com\/wordpress\/plugins\/seo\/ -->\n<title>DANIEL DEFENSE 16&quot; 5.56MM, MID-LENGTH, 1:7, GOV  STRIPPED - Bocum Defense Policial Militar<\/title>\n<meta name=\"robots\" content=\"noindex, follow, max-snippet:-1, max-image-preview:large, max-video-preview:-1\" \/>\n<meta property=\"og:locale\" content=\"es_ES\" \/>\n<meta property=\"og:type\" content=\"article\" \/>\n<meta property=\"og:title\" content=\"DANIEL DEFENSE 16&quot; 5.56MM, MID-LENGTH, 1:7, GOV  STRIPPED - Bocum Defense Policial Militar\" \/>\n<meta property=\"og:description\" content=\"NO DISPONIBLE EN ESPA\u00d1A PARA PARTICULARES   Si buscas el ca\u00f1\u00f3n m\u00e1s preciso y duradero para tu AR-15, el de 16&quot; 5.56 de Daniel Defense es una excelente opci\u00f3n. DD forja sus ca\u00f1ones a martillo en fr\u00edo, un proceso que los distingue de otros fabricantes de ca\u00f1ones. El ca\u00f1\u00f3n de perfil Government est\u00e1 forjado en acero 4150 Cromo Moly Vanadio y cuenta con un recubrimiento fosfatado pesado Mil-spec y un sistema de gas Mid-length. Adem\u00e1s, su forro de cromo aumenta su durabilidad y precisi\u00f3n.\" \/>\n<meta property=\"og:url\" content=\"https:\/\/bocumdefense.com\/policial-militar\/producto\/daniel-defense-16-5-56mm-mid-length-17-gov\/\" \/>\n<meta property=\"og:site_name\" content=\"Bocum Defense Policial Militar\" \/>\n<meta property=\"article:modified_time\" content=\"2023-08-29T11:45:24+00:00\" \/>\n<meta property=\"og:image\" content=\"https:\/\/bocumdefense.com\/policial-militar\/policial-militar\/wp-content\/uploads\/2023\/02\/1622-5.56MM-MID-LENGTH-1_7-GOV-MAIN.jpg\" \/>\n\t<meta property=\"og:image:width\" content=\"1000\" \/>\n\t<meta property=\"og:image:height\" content=\"1000\" \/>\n\t<meta property=\"og:image:type\" content=\"image\/jpeg\" \/>\n<meta name=\"twitter:card\" content=\"summary_large_image\" \/>\n<meta name=\"twitter:label1\" content=\"Tiempo de lectura\" \/>\n\t<meta name=\"twitter:data1\" content=\"1 minuto\" \/>\n<script type=\"application\/ld+json\" class=\"yoast-schema-graph\">{\"@context\":\"https:\/\/schema.org\",\"@graph\":[{\"@type\":\"WebPage\",\"@id\":\"https:\/\/bocumdefense.com\/policial-militar\/producto\/daniel-defense-16-5-56mm-mid-length-17-gov\/\",\"url\":\"https:\/\/bocumdefense.com\/policial-militar\/producto\/daniel-defense-16-5-56mm-mid-length-17-gov\/\",\"name\":\"DANIEL DEFENSE 16\\\" 5.56MM, MID-LENGTH, 1:7, GOV STRIPPED - Bocum Defense Policial Militar\",\"isPartOf\":{\"@id\":\"https:\/\/bocumdefense.com\/policial-militar\/#website\"},\"datePublished\":\"2023-08-29T11:44:33+00:00\",\"dateModified\":\"2023-08-29T11:45:24+00:00\",\"breadcrumb\":{\"@id\":\"https:\/\/bocumdefense.com\/policial-militar\/producto\/daniel-defense-16-5-56mm-mid-length-17-gov\/#breadcrumb\"},\"inLanguage\":\"es\",\"potentialAction\":[{\"@type\":\"ReadAction\",\"target\":[\"https:\/\/bocumdefense.com\/policial-militar\/producto\/daniel-defense-16-5-56mm-mid-length-17-gov\/\"]}]},{\"@type\":\"BreadcrumbList\",\"@id\":\"https:\/\/bocumdefense.com\/policial-militar\/producto\/daniel-defense-16-5-56mm-mid-length-17-gov\/#breadcrumb\",\"itemListElement\":[{\"@type\":\"ListItem\",\"position\":1,\"name\":\"Portada\",\"item\":\"https:\/\/bocumdefense.com\/policial-militar\/policial-militar\/\"},{\"@type\":\"ListItem\",\"position\":2,\"name\":\"Tienda\",\"item\":\"https:\/\/bocumdefense.com\/policial-militar\/tienda\/\"},{\"@type\":\"ListItem\",\"position\":3,\"name\":\"DANIEL DEFENSE 16&#8243; 5.56MM, MID-LENGTH, 1:7, GOV STRIPPED\"}]},{\"@type\":\"WebSite\",\"@id\":\"https:\/\/bocumdefense.com\/policial-militar\/#website\",\"url\":\"https:\/\/bocumdefense.com\/policial-militar\/\",\"name\":\"Bocum Defense Policial Militar\",\"description\":\"\",\"potentialAction\":[{\"@type\":\"SearchAction\",\"target\":{\"@type\":\"EntryPoint\",\"urlTemplate\":\"https:\/\/bocumdefense.com\/policial-militar\/?s={search_term_string}\"},\"query-input\":\"required name=search_term_string\"}],\"inLanguage\":\"es\"}]}<\/script>\n<!-- \/ Yoast SEO plugin. -->","yoast_head_json":{"title":"DANIEL DEFENSE 16\" 5.56MM, MID-LENGTH, 1:7, GOV  STRIPPED - Bocum Defense Policial Militar","robots":{"index":"noindex","follow":"follow","max-snippet":"max-snippet:-1","max-image-preview":"max-image-preview:large","max-video-preview":"max-video-preview:-1"},"og_locale":"es_ES","og_type":"article","og_title":"DANIEL DEFENSE 16\" 5.56MM, MID-LENGTH, 1:7, GOV  STRIPPED - Bocum Defense Policial Militar","og_description":"NO DISPONIBLE EN ESPA\u00d1A PARA PARTICULARES   Si buscas el ca\u00f1\u00f3n m\u00e1s preciso y duradero para tu AR-15, el de 16\" 5.56 de Daniel Defense es una excelente opci\u00f3n. DD forja sus ca\u00f1ones a martillo en fr\u00edo, un proceso que los distingue de otros fabricantes de ca\u00f1ones. El ca\u00f1\u00f3n de perfil Government est\u00e1 forjado en acero 4150 Cromo Moly Vanadio y cuenta con un recubrimiento fosfatado pesado Mil-spec y un sistema de gas Mid-length. Adem\u00e1s, su forro de cromo aumenta su durabilidad y precisi\u00f3n.","og_url":"https:\/\/bocumdefense.com\/policial-militar\/producto\/daniel-defense-16-5-56mm-mid-length-17-gov\/","og_site_name":"Bocum Defense Policial Militar","article_modified_time":"2023-08-29T11:45:24+00:00","og_image":[{"width":1000,"height":1000,"url":"https:\/\/bocumdefense.com\/policial-militar\/policial-militar\/wp-content\/uploads\/2023\/02\/1622-5.56MM-MID-LENGTH-1_7-GOV-MAIN.jpg","type":"image\/jpeg"}],"twitter_card":"summary_large_image","twitter_misc":{"Tiempo de lectura":"1 minuto"},"schema":{"@context":"https:\/\/schema.org","@graph":[{"@type":"WebPage","@id":"https:\/\/bocumdefense.com\/policial-militar\/producto\/daniel-defense-16-5-56mm-mid-length-17-gov\/","url":"https:\/\/bocumdefense.com\/policial-militar\/producto\/daniel-defense-16-5-56mm-mid-length-17-gov\/","name":"DANIEL DEFENSE 16\" 5.56MM, MID-LENGTH, 1:7, GOV STRIPPED - Bocum Defense Policial Militar","isPartOf":{"@id":"https:\/\/bocumdefense.com\/policial-militar\/#website"},"datePublished":"2023-08-29T11:44:33+00:00","dateModified":"2023-08-29T11:45:24+00:00","breadcrumb":{"@id":"https:\/\/bocumdefense.com\/policial-militar\/producto\/daniel-defense-16-5-56mm-mid-length-17-gov\/#breadcrumb"},"inLanguage":"es","potentialAction":[{"@type":"ReadAction","target":["https:\/\/bocumdefense.com\/policial-militar\/producto\/daniel-defense-16-5-56mm-mid-length-17-gov\/"]}]},{"@type":"BreadcrumbList","@id":"https:\/\/bocumdefense.com\/policial-militar\/producto\/daniel-defense-16-5-56mm-mid-length-17-gov\/#breadcrumb","itemListElement":[{"@type":"ListItem","position":1,"name":"Portada","item":"https:\/\/bocumdefense.com\/policial-militar\/policial-militar\/"},{"@type":"ListItem","position":2,"name":"Tienda","item":"https:\/\/bocumdefense.com\/policial-militar\/tienda\/"},{"@type":"ListItem","position":3,"name":"DANIEL DEFENSE 16&#8243; 5.56MM, MID-LENGTH, 1:7, GOV STRIPPED"}]},{"@type":"WebSite","@id":"https:\/\/bocumdefense.com\/policial-militar\/#website","url":"https:\/\/bocumdefense.com\/policial-militar\/","name":"Bocum Defense Policial Militar","description":"","potentialAction":[{"@type":"SearchAction","target":{"@type":"EntryPoint","urlTemplate":"https:\/\/bocumdefense.com\/policial-militar\/?s={search_term_string}"},"query-input":"required name=search_term_string"}],"inLanguage":"es"}]}},"_links":{"self":[{"href":"https:\/\/bocumdefense.com\/policial-militar\/wp-json\/wp\/v2\/product\/728","targetHints":{"allow":["GET"]}}],"collection":[{"href":"https:\/\/bocumdefense.com\/policial-militar\/wp-json\/wp\/v2\/product"}],"about":[{"href":"https:\/\/bocumdefense.com\/policial-militar\/wp-json\/wp\/v2\/types\/product"}],"replies":[{"embeddable":true,"href":"https:\/\/bocumdefense.com\/policial-militar\/wp-json\/wp\/v2\/comments?post=728"}],"wp:featuredmedia":[{"embeddable":true,"href":"https:\/\/bocumdefense.com\/policial-militar\/wp-json\/wp\/v2\/media\/564"}],"wp:attachment":[{"href":"https:\/\/bocumdefense.com\/policial-militar\/wp-json\/wp\/v2\/media?parent=728"}],"wp:term":[{"taxonomy":"product_cat","embeddable":true,"href":"https:\/\/bocumdefense.com\/policial-militar\/wp-json\/wp\/v2\/product_cat?post=728"},{"taxonomy":"product_tag","embeddable":true,"href":"https:\/\/bocumdefense.com\/policial-militar\/wp-json\/wp\/v2\/product_tag?post=728"}],"curies":[{"name":"wp","href":"https:\/\/api.w.org\/{rel}","templated":true}]}}