{"id":3739,"date":"2023-08-29T12:44:09","date_gmt":"2023-08-29T11:44:09","guid":{"rendered":"https:\/\/bocumdefense.com\/policial-militar\/?post_type=product&#038;p=3739"},"modified":"2023-08-29T12:45:00","modified_gmt":"2023-08-29T11:45:00","slug":"kalashnikov-usa-kr-104","status":"publish","type":"product","link":"https:\/\/bocumdefense.com\/policial-militar\/producto\/kalashnikov-usa-kr-104\/","title":{"rendered":"KALASHNIKOV USA KR-104"},"content":{"rendered":"<p>El KR-104 es la m\u00e1s reciente adici\u00f3n a la colecci\u00f3n de armas de fuego de K-USA, procedente de la serie AK-100. Se fabrica por completo en los EE. UU. utilizando piezas y materiales fabricados en dicho pa\u00eds, y se ensambla con dedicaci\u00f3n por trabajadores estadounidenses bajo rigurosos est\u00e1ndares de control de calidad. Gracias a la innovadora tecnolog\u00eda de Kalashnikov USA\u2122, este SBR se ha dise\u00f1ado para ofrecer una combinaci\u00f3n \u00fanica de fiabilidad, robustez y ligereza, lo cual seguramente le cautivar\u00e1 al instante.<\/p>\n<p>Este rifle viene con un ca\u00f1\u00f3n de 31,12 cent\u00edmetros forjado a martillo en fr\u00edo y revestido de cromo. Este AK de gas est\u00e1 recamarado en 7,62X39MM y se alimenta con cualquier cargador est\u00e1ndar estilo AKM. Tambi\u00e9n viene con un mu\u00f1\u00f3n forjado, un cargador forjado y ra\u00edles \u00f3pticos laterales.<\/p>\n<p>Altamente fiable, el KR-104 est\u00e1 hecho para los amantes de los AK americanos. Es una adici\u00f3n resistente y duradera a su colecci\u00f3n de armas de fuego y es f\u00e1cil de operar y llevar con su dise\u00f1o compacto y ligero.<\/p>\n<p>&nbsp;<\/p>\n<ul>\n<li>Una versi\u00f3n semiautom\u00e1tica del AK 104 ruso, pero fabricada \u00edntegramente en Estados Unidos. Fusiona la fiabilidad del AK cl\u00e1sico con la \u00faltima tecnolog\u00eda innovadora de Kalashnikov USA\u2122.<\/li>\n<li>Viene con una culata plegable lateral estilo AK cl\u00e1sico.<\/li>\n<li>El ca\u00f1\u00f3n forjado con martillo y revestido de cromo hace que el arma de fuego sea m\u00e1s precisa y duradera. Tambi\u00e9n protege el ca\u00f1\u00f3n del desgaste.<\/li>\n<li>El ca\u00f1\u00f3n corto junto con la culata plegable hace que el rifle sea compacto y ligero.<\/li>\n<\/ul>\n<p>&nbsp;<\/p>\n<h3 style=\"text-align: center;\"><strong>INFORMACI\u00d3N ADICIONAL\u00a0<\/strong><\/h3>\n<p>&nbsp;<\/p>\n<p>Con un dise\u00f1o ergon\u00f3mico y un acabado duradero, el KR-104 es un SBR suave y f\u00e1cil de maniobrar. Aporta la fiabilidad exacta del legendario AK-47 o del AKM. Se comporta bien en cualquier entorno y es un arma robusta para su colecci\u00f3n.<\/p>\n<p>&nbsp;<\/p>\n<p><strong>El KR-104 viene con<\/strong><\/p>\n<ul>\n<li>Un cargador de 30 cartuchos, pero acepta cargadores est\u00e1ndar tipo AKM<\/li>\n<li>Una culata de plegado lateralmente<\/li>\n<li>Varilla de limpieza<\/li>\n<li>Rieles \u00f3pticos laterales<\/li>\n<li>Portafusil forjado<\/li>\n<li>Mu\u00f1\u00f3n forjado<\/li>\n<li>Montura de eslinga<\/li>\n<li>Mira delantera est\u00e1ndar de hierro<\/li>\n<\/ul>\n","protected":false},"excerpt":{"rendered":"<p><strong><span style=\"color: #ff0000;\">NO DISPONIBLE EN ESPA\u00d1A PARA PARTICULARES<\/span><\/strong><\/p>\n<p>El KR-104 es un rifle semiautom\u00e1tico de ca\u00f1\u00f3n corto fabricado en los Estados Unidos, basado en el AK-104 ruso, y garantizando la fiabilidad y autenticidad de Kalashnikov USA\u2122.<\/p>\n","protected":false},"featured_media":3740,"comment_status":"open","ping_status":"closed","template":"","meta":{"_et_pb_use_builder":"","_et_pb_old_content":"","_et_gb_content_width":"","inline_featured_image":false},"product_cat":[167],"product_tag":[27],"class_list":["post-3739","product","type-product","status-publish","has-post-thumbnail","hentry","product_cat-policial-militar","product_tag-rojo"],"yoast_head":"<!-- This site is optimized with the Yoast SEO plugin v20.8 - https:\/\/yoast.com\/wordpress\/plugins\/seo\/ -->\n<title>KALASHNIKOV USA KR-104 - Bocum Defense Policial Militar<\/title>\n<meta name=\"robots\" content=\"noindex, follow, max-snippet:-1, max-image-preview:large, max-video-preview:-1\" \/>\n<meta property=\"og:locale\" content=\"es_ES\" \/>\n<meta property=\"og:type\" content=\"article\" \/>\n<meta property=\"og:title\" content=\"KALASHNIKOV USA KR-104 - Bocum Defense Policial Militar\" \/>\n<meta property=\"og:description\" content=\"NO DISPONIBLE EN ESPA\u00d1A PARA PARTICULARES  El KR-104 es un rifle semiautom\u00e1tico de ca\u00f1\u00f3n corto fabricado en los Estados Unidos, basado en el AK-104 ruso, y garantizando la fiabilidad y autenticidad de Kalashnikov USA\u2122.\" \/>\n<meta property=\"og:url\" content=\"https:\/\/bocumdefense.com\/policial-militar\/?post_type=product&amp;p=3739\" \/>\n<meta property=\"og:site_name\" content=\"Bocum Defense Policial Militar\" \/>\n<meta property=\"article:modified_time\" content=\"2023-08-29T11:45:00+00:00\" \/>\n<meta property=\"og:image\" content=\"https:\/\/bocumdefense.com\/policial-militar\/wp-content\/uploads\/2023\/05\/KALASHNIKOV-USA-KR-104-MAIN.jpg\" \/>\n\t<meta property=\"og:image:width\" content=\"1000\" \/>\n\t<meta property=\"og:image:height\" content=\"1000\" \/>\n\t<meta property=\"og:image:type\" content=\"image\/jpeg\" \/>\n<meta name=\"twitter:card\" content=\"summary_large_image\" \/>\n<meta name=\"twitter:label1\" content=\"Tiempo de lectura\" \/>\n\t<meta name=\"twitter:data1\" content=\"2 minutos\" \/>\n<script type=\"application\/ld+json\" class=\"yoast-schema-graph\">{\"@context\":\"https:\/\/schema.org\",\"@graph\":[{\"@type\":\"WebPage\",\"@id\":\"https:\/\/bocumdefense.com\/policial-militar\/?post_type=product&p=3739\",\"url\":\"https:\/\/bocumdefense.com\/policial-militar\/?post_type=product&p=3739\",\"name\":\"KALASHNIKOV USA KR-104 - Bocum Defense Policial Militar\",\"isPartOf\":{\"@id\":\"https:\/\/bocumdefense.com\/policial-militar\/#website\"},\"datePublished\":\"2023-08-29T11:44:09+00:00\",\"dateModified\":\"2023-08-29T11:45:00+00:00\",\"breadcrumb\":{\"@id\":\"https:\/\/bocumdefense.com\/policial-militar\/?post_type=product&p=3739#breadcrumb\"},\"inLanguage\":\"es\",\"potentialAction\":[{\"@type\":\"ReadAction\",\"target\":[\"https:\/\/bocumdefense.com\/policial-militar\/?post_type=product&p=3739\"]}]},{\"@type\":\"BreadcrumbList\",\"@id\":\"https:\/\/bocumdefense.com\/policial-militar\/?post_type=product&p=3739#breadcrumb\",\"itemListElement\":[{\"@type\":\"ListItem\",\"position\":1,\"name\":\"Portada\",\"item\":\"https:\/\/bocumdefense.com\/policial-militar\/policial-militar\/\"},{\"@type\":\"ListItem\",\"position\":2,\"name\":\"Tienda\",\"item\":\"https:\/\/bocumdefense.com\/policial-militar\/tienda\/\"},{\"@type\":\"ListItem\",\"position\":3,\"name\":\"KALASHNIKOV USA KR-104\"}]},{\"@type\":\"WebSite\",\"@id\":\"https:\/\/bocumdefense.com\/policial-militar\/#website\",\"url\":\"https:\/\/bocumdefense.com\/policial-militar\/\",\"name\":\"Bocum Defense Policial Militar\",\"description\":\"\",\"potentialAction\":[{\"@type\":\"SearchAction\",\"target\":{\"@type\":\"EntryPoint\",\"urlTemplate\":\"https:\/\/bocumdefense.com\/policial-militar\/?s={search_term_string}\"},\"query-input\":\"required name=search_term_string\"}],\"inLanguage\":\"es\"}]}<\/script>\n<!-- \/ Yoast SEO plugin. -->","yoast_head_json":{"title":"KALASHNIKOV USA KR-104 - Bocum Defense Policial Militar","robots":{"index":"noindex","follow":"follow","max-snippet":"max-snippet:-1","max-image-preview":"max-image-preview:large","max-video-preview":"max-video-preview:-1"},"og_locale":"es_ES","og_type":"article","og_title":"KALASHNIKOV USA KR-104 - Bocum Defense Policial Militar","og_description":"NO DISPONIBLE EN ESPA\u00d1A PARA PARTICULARES  El KR-104 es un rifle semiautom\u00e1tico de ca\u00f1\u00f3n corto fabricado en los Estados Unidos, basado en el AK-104 ruso, y garantizando la fiabilidad y autenticidad de Kalashnikov USA\u2122.","og_url":"https:\/\/bocumdefense.com\/policial-militar\/?post_type=product&p=3739","og_site_name":"Bocum Defense Policial Militar","article_modified_time":"2023-08-29T11:45:00+00:00","og_image":[{"width":1000,"height":1000,"url":"https:\/\/bocumdefense.com\/policial-militar\/wp-content\/uploads\/2023\/05\/KALASHNIKOV-USA-KR-104-MAIN.jpg","type":"image\/jpeg"}],"twitter_card":"summary_large_image","twitter_misc":{"Tiempo de lectura":"2 minutos"},"schema":{"@context":"https:\/\/schema.org","@graph":[{"@type":"WebPage","@id":"https:\/\/bocumdefense.com\/policial-militar\/?post_type=product&p=3739","url":"https:\/\/bocumdefense.com\/policial-militar\/?post_type=product&p=3739","name":"KALASHNIKOV USA KR-104 - Bocum Defense Policial Militar","isPartOf":{"@id":"https:\/\/bocumdefense.com\/policial-militar\/#website"},"datePublished":"2023-08-29T11:44:09+00:00","dateModified":"2023-08-29T11:45:00+00:00","breadcrumb":{"@id":"https:\/\/bocumdefense.com\/policial-militar\/?post_type=product&p=3739#breadcrumb"},"inLanguage":"es","potentialAction":[{"@type":"ReadAction","target":["https:\/\/bocumdefense.com\/policial-militar\/?post_type=product&p=3739"]}]},{"@type":"BreadcrumbList","@id":"https:\/\/bocumdefense.com\/policial-militar\/?post_type=product&p=3739#breadcrumb","itemListElement":[{"@type":"ListItem","position":1,"name":"Portada","item":"https:\/\/bocumdefense.com\/policial-militar\/policial-militar\/"},{"@type":"ListItem","position":2,"name":"Tienda","item":"https:\/\/bocumdefense.com\/policial-militar\/tienda\/"},{"@type":"ListItem","position":3,"name":"KALASHNIKOV USA KR-104"}]},{"@type":"WebSite","@id":"https:\/\/bocumdefense.com\/policial-militar\/#website","url":"https:\/\/bocumdefense.com\/policial-militar\/","name":"Bocum Defense Policial Militar","description":"","potentialAction":[{"@type":"SearchAction","target":{"@type":"EntryPoint","urlTemplate":"https:\/\/bocumdefense.com\/policial-militar\/?s={search_term_string}"},"query-input":"required name=search_term_string"}],"inLanguage":"es"}]}},"_links":{"self":[{"href":"https:\/\/bocumdefense.com\/policial-militar\/wp-json\/wp\/v2\/product\/3739","targetHints":{"allow":["GET"]}}],"collection":[{"href":"https:\/\/bocumdefense.com\/policial-militar\/wp-json\/wp\/v2\/product"}],"about":[{"href":"https:\/\/bocumdefense.com\/policial-militar\/wp-json\/wp\/v2\/types\/product"}],"replies":[{"embeddable":true,"href":"https:\/\/bocumdefense.com\/policial-militar\/wp-json\/wp\/v2\/comments?post=3739"}],"wp:featuredmedia":[{"embeddable":true,"href":"https:\/\/bocumdefense.com\/policial-militar\/wp-json\/wp\/v2\/media\/3740"}],"wp:attachment":[{"href":"https:\/\/bocumdefense.com\/policial-militar\/wp-json\/wp\/v2\/media?parent=3739"}],"wp:term":[{"taxonomy":"product_cat","embeddable":true,"href":"https:\/\/bocumdefense.com\/policial-militar\/wp-json\/wp\/v2\/product_cat?post=3739"},{"taxonomy":"product_tag","embeddable":true,"href":"https:\/\/bocumdefense.com\/policial-militar\/wp-json\/wp\/v2\/product_tag?post=3739"}],"curies":[{"name":"wp","href":"https:\/\/api.w.org\/{rel}","templated":true}]}}