{"id":3670,"date":"2023-08-29T12:44:10","date_gmt":"2023-08-29T11:44:10","guid":{"rendered":"https:\/\/bocumdefense.com\/policial-militar\/?post_type=product&#038;p=3670"},"modified":"2023-08-29T12:45:01","modified_gmt":"2023-08-29T11:45:01","slug":"kalashnikov-usa-kr-103-sfs-7-62x39mm-side-folding-rifle","status":"publish","type":"product","link":"https:\/\/bocumdefense.com\/policial-militar\/producto\/kalashnikov-usa-kr-103-sfs-7-62x39mm-side-folding-rifle\/","title":{"rendered":"KALASHNIKOV USA KR-103 SFS 7.62X39MM SIDE FOLDING RIFLE"},"content":{"rendered":"<p>El KR-103 es un rifle semiautom\u00e1tico basado en el modelo ruso AK103 y fabricado al 100% en Estados Unidos. Este rifle de gas cuenta con un ca\u00f1\u00f3n forjado en fr\u00edo de 41,5 cent\u00edmetros de longitud. Su rec\u00e1mara es de 7,62&#215;39 mm y se alimenta mediante un cargador de 30 cartuchos. Presenta un mu\u00f1\u00f3n forjado, un portador forjado, rieles \u00f3pticos laterales y un freno de boca mejorado.<\/p>\n<p>El KR-103 SFS es un rifle fiable, resistente y de alto rendimiento dise\u00f1ado para brindarle la mejor experiencia con un AK. Este rifle ha sido construido para perdurar, contando con la reconocida fiabilidad de Kalashnikov USA\u2122.<\/p>\n<ul>\n<li><strong>El KR-103 SFS pertenece a la serie AK100 de Kalashnikov y presenta la misma fiabilidad que hizo del AK-47 original, una de las armas de fuego m\u00e1s prol\u00edficas de la historia.<\/strong><\/li>\n<li><strong>El forjado en fr\u00edo con martillo revestido de cromo hace que el ca\u00f1\u00f3n resista el calor excesivo y el desgaste, lo que le proporciona una vida \u00fatil m\u00e1s larga.<\/strong><\/li>\n<li><strong>Viene con una culata de plegado lateral que se pliega a la izquierda del rifle con un pestillo. El plegado lateral facilita el transporte del rifle.<\/strong><\/li>\n<li><strong>La rec\u00e1mara de 7.62x39mm le da la oportunidad de disparar con la munici\u00f3n tradicional elegida por el Ej\u00e9rcito Ruso.<\/strong><\/li>\n<li><strong>El KR-103SFS es compatible con una amplia gama de piezas y accesorios del AKM y AK-74.<\/strong><\/li>\n<\/ul>\n<p>&nbsp;<\/p>\n<h3 style=\"text-align: center;\"><strong>INFORMACI\u00d3N ADICIONAL<\/strong><\/h3>\n<p>&nbsp;<\/p>\n<p><strong>Caracter\u00edsticas del KR-103 SFS:<\/strong><\/p>\n<ul>\n<li>Culata plegable lateral<\/li>\n<li>Ca\u00f1\u00f3n forjado en fr\u00edo<\/li>\n<li>Mu\u00f1\u00f3n forjado<\/li>\n<li>Soporte forjado<\/li>\n<li>Riel \u00f3ptico lateral<\/li>\n<li>Ca\u00f1\u00f3n cromado<\/li>\n<li>Varilla de limpieza<\/li>\n<li>100% FABRICADO EN EE.UU.<\/li>\n<\/ul>\n<p>&nbsp;<\/p>\n<p>El KR103 SFS es la versi\u00f3n estadounidense del rifle AK-103 ruso, mejorado en sus caracter\u00edsticas y acabado por Kalashnikov USA\u2122 mediante el uso de tecnolog\u00eda innovadora y de vanguardia. Kalashnikov USA\u2122 se ha esforzado al m\u00e1ximo para asegurar la autenticidad al cumplir con las especificaciones originales rusas, utilizando piezas y materiales fabricados en Estados Unidos, y ensamblados por trabajadores estadounidenses en los Estados Unidos. Gracias a la aplicaci\u00f3n de tecnolog\u00eda y ingenier\u00eda avanzadas, puede tener la seguridad de que tendr\u00e1 en sus manos un rifle altamente fiable y resistente.<\/p>\n<p>El KR-103 SFS est\u00e1 listo para disparar y cumple con todos los requisitos para ser un rifle fiable y de alto rendimiento. Su acabado duradero de pol\u00edmero tiene un aspecto cl\u00e1sico y garantiza una larga vida \u00fatil. El ca\u00f1\u00f3n forjado en cromo con forro de martillo garantiza una precisi\u00f3n duradera y una tasa de fallos insignificante. Con todas estas caracter\u00edsticas, el KR-103 SFS es el rifle perfecto para cualquier ocasi\u00f3n.<\/p>\n","protected":false},"excerpt":{"rendered":"<p><strong><span style=\"color: #ff0000;\">NO DISPONIBLE EN ESPA\u00d1A PARA PARTICULARES<\/span><\/strong><\/p>\n<p>El KR103 SFS es la versi\u00f3n estadounidense del reconocido AK-103 ruso, perfeccionado en caracter\u00edsticas y acabado por Kalashnikov USA\u2122 mediante el uso de la tecnolog\u00eda m\u00e1s avanzada e innovadora. Kalashnikov USA\u2122 ha realizado todos los esfuerzos posibles para asegurar la autenticidad, cumpliendo con las especificaciones rusas originales y utilizando piezas y materiales de fabricaci\u00f3n estadounidense.<\/p>\n","protected":false},"featured_media":3698,"comment_status":"open","ping_status":"closed","template":"","meta":{"_et_pb_use_builder":"","_et_pb_old_content":"","_et_gb_content_width":"","inline_featured_image":false},"product_cat":[168,167],"product_tag":[27],"class_list":["post-3670","product","type-product","status-publish","has-post-thumbnail","hentry","product_cat-kalashnikov-usa","product_cat-policial-militar","product_tag-rojo"],"yoast_head":"<!-- This site is optimized with the Yoast SEO plugin v20.8 - https:\/\/yoast.com\/wordpress\/plugins\/seo\/ -->\n<title>KALASHNIKOV USA KR-103 SFS 7.62X39MM SIDE FOLDING RIFLE - Bocum Defense Policial Militar<\/title>\n<meta name=\"robots\" content=\"noindex, follow, max-snippet:-1, max-image-preview:large, max-video-preview:-1\" \/>\n<meta property=\"og:locale\" content=\"es_ES\" \/>\n<meta property=\"og:type\" content=\"article\" \/>\n<meta property=\"og:title\" content=\"KALASHNIKOV USA KR-103 SFS 7.62X39MM SIDE FOLDING RIFLE - Bocum Defense Policial Militar\" \/>\n<meta property=\"og:description\" content=\"NO DISPONIBLE EN ESPA\u00d1A PARA PARTICULARES  El KR103 SFS es la versi\u00f3n estadounidense del reconocido AK-103 ruso, perfeccionado en caracter\u00edsticas y acabado por Kalashnikov USA\u2122 mediante el uso de la tecnolog\u00eda m\u00e1s avanzada e innovadora. Kalashnikov USA\u2122 ha realizado todos los esfuerzos posibles para asegurar la autenticidad, cumpliendo con las especificaciones rusas originales y utilizando piezas y materiales de fabricaci\u00f3n estadounidense.\" \/>\n<meta property=\"og:url\" content=\"https:\/\/bocumdefense.com\/policial-militar\/?post_type=product&amp;p=3670\" \/>\n<meta property=\"og:site_name\" content=\"Bocum Defense Policial Militar\" \/>\n<meta property=\"article:modified_time\" content=\"2023-08-29T11:45:01+00:00\" \/>\n<meta property=\"og:image\" content=\"https:\/\/bocumdefense.com\/policial-militar\/wp-content\/uploads\/2023\/05\/KR-103-SFS-7.62X39MM-MAIN.jpg\" \/>\n\t<meta property=\"og:image:width\" content=\"1000\" \/>\n\t<meta property=\"og:image:height\" content=\"1000\" \/>\n\t<meta property=\"og:image:type\" content=\"image\/jpeg\" \/>\n<meta name=\"twitter:card\" content=\"summary_large_image\" \/>\n<meta name=\"twitter:label1\" content=\"Tiempo de lectura\" \/>\n\t<meta name=\"twitter:data1\" content=\"2 minutos\" \/>\n<script type=\"application\/ld+json\" class=\"yoast-schema-graph\">{\"@context\":\"https:\/\/schema.org\",\"@graph\":[{\"@type\":\"WebPage\",\"@id\":\"https:\/\/bocumdefense.com\/policial-militar\/?post_type=product&p=3670\",\"url\":\"https:\/\/bocumdefense.com\/policial-militar\/?post_type=product&p=3670\",\"name\":\"KALASHNIKOV USA KR-103 SFS 7.62X39MM SIDE FOLDING RIFLE - Bocum Defense Policial Militar\",\"isPartOf\":{\"@id\":\"https:\/\/bocumdefense.com\/policial-militar\/#website\"},\"datePublished\":\"2023-08-29T11:44:10+00:00\",\"dateModified\":\"2023-08-29T11:45:01+00:00\",\"breadcrumb\":{\"@id\":\"https:\/\/bocumdefense.com\/policial-militar\/?post_type=product&p=3670#breadcrumb\"},\"inLanguage\":\"es\",\"potentialAction\":[{\"@type\":\"ReadAction\",\"target\":[\"https:\/\/bocumdefense.com\/policial-militar\/?post_type=product&p=3670\"]}]},{\"@type\":\"BreadcrumbList\",\"@id\":\"https:\/\/bocumdefense.com\/policial-militar\/?post_type=product&p=3670#breadcrumb\",\"itemListElement\":[{\"@type\":\"ListItem\",\"position\":1,\"name\":\"Portada\",\"item\":\"https:\/\/bocumdefense.com\/policial-militar\/policial-militar\/\"},{\"@type\":\"ListItem\",\"position\":2,\"name\":\"Tienda\",\"item\":\"https:\/\/bocumdefense.com\/policial-militar\/tienda\/\"},{\"@type\":\"ListItem\",\"position\":3,\"name\":\"KALASHNIKOV USA KR-103 SFS 7.62X39MM SIDE FOLDING RIFLE\"}]},{\"@type\":\"WebSite\",\"@id\":\"https:\/\/bocumdefense.com\/policial-militar\/#website\",\"url\":\"https:\/\/bocumdefense.com\/policial-militar\/\",\"name\":\"Bocum Defense Policial Militar\",\"description\":\"\",\"potentialAction\":[{\"@type\":\"SearchAction\",\"target\":{\"@type\":\"EntryPoint\",\"urlTemplate\":\"https:\/\/bocumdefense.com\/policial-militar\/?s={search_term_string}\"},\"query-input\":\"required name=search_term_string\"}],\"inLanguage\":\"es\"}]}<\/script>\n<!-- \/ Yoast SEO plugin. -->","yoast_head_json":{"title":"KALASHNIKOV USA KR-103 SFS 7.62X39MM SIDE FOLDING RIFLE - Bocum Defense Policial Militar","robots":{"index":"noindex","follow":"follow","max-snippet":"max-snippet:-1","max-image-preview":"max-image-preview:large","max-video-preview":"max-video-preview:-1"},"og_locale":"es_ES","og_type":"article","og_title":"KALASHNIKOV USA KR-103 SFS 7.62X39MM SIDE FOLDING RIFLE - Bocum Defense Policial Militar","og_description":"NO DISPONIBLE EN ESPA\u00d1A PARA PARTICULARES  El KR103 SFS es la versi\u00f3n estadounidense del reconocido AK-103 ruso, perfeccionado en caracter\u00edsticas y acabado por Kalashnikov USA\u2122 mediante el uso de la tecnolog\u00eda m\u00e1s avanzada e innovadora. Kalashnikov USA\u2122 ha realizado todos los esfuerzos posibles para asegurar la autenticidad, cumpliendo con las especificaciones rusas originales y utilizando piezas y materiales de fabricaci\u00f3n estadounidense.","og_url":"https:\/\/bocumdefense.com\/policial-militar\/?post_type=product&p=3670","og_site_name":"Bocum Defense Policial Militar","article_modified_time":"2023-08-29T11:45:01+00:00","og_image":[{"width":1000,"height":1000,"url":"https:\/\/bocumdefense.com\/policial-militar\/wp-content\/uploads\/2023\/05\/KR-103-SFS-7.62X39MM-MAIN.jpg","type":"image\/jpeg"}],"twitter_card":"summary_large_image","twitter_misc":{"Tiempo de lectura":"2 minutos"},"schema":{"@context":"https:\/\/schema.org","@graph":[{"@type":"WebPage","@id":"https:\/\/bocumdefense.com\/policial-militar\/?post_type=product&p=3670","url":"https:\/\/bocumdefense.com\/policial-militar\/?post_type=product&p=3670","name":"KALASHNIKOV USA KR-103 SFS 7.62X39MM SIDE FOLDING RIFLE - Bocum Defense Policial Militar","isPartOf":{"@id":"https:\/\/bocumdefense.com\/policial-militar\/#website"},"datePublished":"2023-08-29T11:44:10+00:00","dateModified":"2023-08-29T11:45:01+00:00","breadcrumb":{"@id":"https:\/\/bocumdefense.com\/policial-militar\/?post_type=product&p=3670#breadcrumb"},"inLanguage":"es","potentialAction":[{"@type":"ReadAction","target":["https:\/\/bocumdefense.com\/policial-militar\/?post_type=product&p=3670"]}]},{"@type":"BreadcrumbList","@id":"https:\/\/bocumdefense.com\/policial-militar\/?post_type=product&p=3670#breadcrumb","itemListElement":[{"@type":"ListItem","position":1,"name":"Portada","item":"https:\/\/bocumdefense.com\/policial-militar\/policial-militar\/"},{"@type":"ListItem","position":2,"name":"Tienda","item":"https:\/\/bocumdefense.com\/policial-militar\/tienda\/"},{"@type":"ListItem","position":3,"name":"KALASHNIKOV USA KR-103 SFS 7.62X39MM SIDE FOLDING RIFLE"}]},{"@type":"WebSite","@id":"https:\/\/bocumdefense.com\/policial-militar\/#website","url":"https:\/\/bocumdefense.com\/policial-militar\/","name":"Bocum Defense Policial Militar","description":"","potentialAction":[{"@type":"SearchAction","target":{"@type":"EntryPoint","urlTemplate":"https:\/\/bocumdefense.com\/policial-militar\/?s={search_term_string}"},"query-input":"required name=search_term_string"}],"inLanguage":"es"}]}},"_links":{"self":[{"href":"https:\/\/bocumdefense.com\/policial-militar\/wp-json\/wp\/v2\/product\/3670","targetHints":{"allow":["GET"]}}],"collection":[{"href":"https:\/\/bocumdefense.com\/policial-militar\/wp-json\/wp\/v2\/product"}],"about":[{"href":"https:\/\/bocumdefense.com\/policial-militar\/wp-json\/wp\/v2\/types\/product"}],"replies":[{"embeddable":true,"href":"https:\/\/bocumdefense.com\/policial-militar\/wp-json\/wp\/v2\/comments?post=3670"}],"wp:featuredmedia":[{"embeddable":true,"href":"https:\/\/bocumdefense.com\/policial-militar\/wp-json\/wp\/v2\/media\/3698"}],"wp:attachment":[{"href":"https:\/\/bocumdefense.com\/policial-militar\/wp-json\/wp\/v2\/media?parent=3670"}],"wp:term":[{"taxonomy":"product_cat","embeddable":true,"href":"https:\/\/bocumdefense.com\/policial-militar\/wp-json\/wp\/v2\/product_cat?post=3670"},{"taxonomy":"product_tag","embeddable":true,"href":"https:\/\/bocumdefense.com\/policial-militar\/wp-json\/wp\/v2\/product_tag?post=3670"}],"curies":[{"name":"wp","href":"https:\/\/api.w.org\/{rel}","templated":true}]}}