{"id":3649,"date":"2023-08-29T12:44:10","date_gmt":"2023-08-29T11:44:10","guid":{"rendered":"https:\/\/bocumdefense.com\/policial-militar\/?post_type=product&#038;p=3649"},"modified":"2023-08-29T12:45:02","modified_gmt":"2023-08-29T11:45:02","slug":"kalashnikov-usa-kr-9-sbr-9x19mm-short-barrel-rifle","status":"publish","type":"product","link":"https:\/\/bocumdefense.com\/policial-militar\/producto\/kalashnikov-usa-kr-9-sbr-9x19mm-short-barrel-rifle\/","title":{"rendered":"KALASHNIKOV USA KR-9 SBR \u2013 9X19MM SHORT BARREL RIFLE"},"content":{"rendered":"<p>El KR-9 SBR es un fusil semiautom\u00e1tico de ca\u00f1\u00f3n corto basado en el subfusil ruso PP-19-01 Vityaz. Este SBR de estilo AK tiene un ca\u00f1\u00f3n de 23.5 cm y funciona con cerrojo cerrado de retroceso por soplado. Tiene una rec\u00e1mara de 9 mm y se alimenta con cargadores Kalashnikov USA\u2122 de 30 y 10 cartuchos. Viene con una culata triangular plegable estilo Vityaz esqueletizada y es compatible con las piezas y accesorios est\u00e1ndar del AK.<\/p>\n<p>Este SBR basado en Vityaz es un rifle altamente fiable y resistente con un dise\u00f1o ligero y compacto. Es extremadamente preciso y te ofrece la experiencia de tiro perfecta con un rifle semiautom\u00e1tico de estilo Vityaz. El KR-9 es un rifle f\u00e1cilmente maniobrable en cualquier ocasi\u00f3n.<\/p>\n<ul>\n<li>Ergonom\u00eda de un AK con la funcionalidad de un Vityaz, el KR-9 SBR le ofrece lo mejor de ambos estilos de armas de fuego.<\/li>\n<li>Viene con cargadores de pol\u00edmero revestidos de acero altamente duraderos con un dise\u00f1o de doble columna y doble alimentaci\u00f3n utilizado en el subfusil PPS-43.<\/li>\n<li>La culata triangular plegable es otra caracter\u00edstica de estilo Vityaz a\u00f1adida a la KR-9 SBR.<\/li>\n<li>El dise\u00f1o de retroceso cerrado garantiza una mayor protecci\u00f3n, ya que no dispara a menos que el cerrojo est\u00e9 completamente cerrado.<\/li>\n<li>Tambi\u00e9n viene con rampas de alimentaci\u00f3n especialmente dise\u00f1adas para acomodar balas de punta hueca encamisadas.<\/li>\n<\/ul>\n<p>&nbsp;<\/p>\n<p><strong>Es compatible con las piezas y accesorios est\u00e1ndar del AK y no requiere herramientas especiales para su desmontaje.<\/strong><\/p>\n<h5><\/h5>\n<p>&nbsp;<\/p>\n<h3 style=\"text-align: center;\"><strong>INFORMACI\u00d3N ADICIONAL<\/strong><\/h3>\n<p>&nbsp;<\/p>\n<p><strong>El KR9 SBR viene con:<\/strong><\/p>\n<ul>\n<li>Un cargador de 30 balas y otro de 10 balas<\/li>\n<li>Culata triangular esqueleto\u00a0plegable estilo Vityaz<\/li>\n<li>Tapa superior con bisagras y carril Picatinny acoplado<\/li>\n<li>Ca\u00f1\u00f3n roscado 1\/2\u00d728 compatible con la mayor\u00eda de dispositivos de boca<\/li>\n<li>Supresor de fogonazos instalado de f\u00e1brica<\/li>\n<\/ul>\n<p>&nbsp;<\/p>\n<p>Kalashnikov USA\u2122 se enorgullece de ser la primera compa\u00f1\u00eda de armas de fuego en los Estados Unidos en presentar un SBR estilo Vityaz con la ergonom\u00eda caracter\u00edstica de un AK. Despu\u00e9s de a\u00f1os de investigaci\u00f3n, pruebas y desarrollo, hemos logrado crear un rifle confiable que combina la configuraci\u00f3n del subfusil ruso Vityaz con la reconocida fiabilidad de KUSA. Este rifle es fabricado al 100% en los EE.UU. por h\u00e1biles trabajadores estadounidenses, utilizando exclusivamente piezas y materiales de fabricaci\u00f3n estadounidense.<\/p>\n<p>El KR-9 SBR es un rifle compacto y perfectamente equilibrado, dise\u00f1ado para un manejo suave y \u00e1gil. Destaca en todas las ocasiones y se adapta f\u00e1cilmente a su ocultamiento, transporte y portabilidad. Con su configuraci\u00f3n inspirada en el Vityaz, culata plegable, cargadores de pol\u00edmero y supresor de flash, el KR-9 es un SBR que ofrece una excelente relaci\u00f3n calidad-precio y que sin duda merece un lugar en su colecci\u00f3n de armas.<\/p>\n","protected":false},"excerpt":{"rendered":"<p><strong><span style=\"color: #ff0000;\">NO DISPONIBLE EN ESPA\u00d1A PARA PARTICULARES<\/span><\/strong><\/p>\n<p>El KR-9 SBR combina la autenticidad del subfusil ruso Vityaz con la fiabilidad de K-USA. Este fusil semiautom\u00e1tico es el m\u00e1s parecido al Vityaz y se fabrica al 100% en Estados Unidos por trabajadores americanos utilizando piezas y materiales de fabricaci\u00f3n americana.<\/p>\n","protected":false},"featured_media":3650,"comment_status":"open","ping_status":"closed","template":"","meta":{"_et_pb_use_builder":"","_et_pb_old_content":"","_et_gb_content_width":"","inline_featured_image":false},"product_cat":[168,167],"product_tag":[27],"class_list":["post-3649","product","type-product","status-publish","has-post-thumbnail","hentry","product_cat-kalashnikov-usa","product_cat-policial-militar","product_tag-rojo"],"yoast_head":"<!-- This site is optimized with the Yoast SEO plugin v20.8 - https:\/\/yoast.com\/wordpress\/plugins\/seo\/ -->\n<title>KALASHNIKOV USA KR-9 SBR \u2013 9X19MM SHORT BARREL RIFLE - Bocum Defense Policial Militar<\/title>\n<meta name=\"robots\" content=\"noindex, follow, max-snippet:-1, max-image-preview:large, max-video-preview:-1\" \/>\n<meta property=\"og:locale\" content=\"es_ES\" \/>\n<meta property=\"og:type\" content=\"article\" \/>\n<meta property=\"og:title\" content=\"KALASHNIKOV USA KR-9 SBR \u2013 9X19MM SHORT BARREL RIFLE - Bocum Defense Policial Militar\" \/>\n<meta property=\"og:description\" content=\"NO DISPONIBLE EN ESPA\u00d1A PARA PARTICULARES  El KR-9 SBR combina la autenticidad del subfusil ruso Vityaz con la fiabilidad de K-USA. Este fusil semiautom\u00e1tico es el m\u00e1s parecido al Vityaz y se fabrica al 100% en Estados Unidos por trabajadores americanos utilizando piezas y materiales de fabricaci\u00f3n americana.\" \/>\n<meta property=\"og:url\" content=\"https:\/\/bocumdefense.com\/policial-militar\/?post_type=product&amp;p=3649\" \/>\n<meta property=\"og:site_name\" content=\"Bocum Defense Policial Militar\" \/>\n<meta property=\"article:modified_time\" content=\"2023-08-29T11:45:02+00:00\" \/>\n<meta property=\"og:image\" content=\"https:\/\/bocumdefense.com\/policial-militar\/wp-content\/uploads\/2023\/05\/USA-KR-9-SBR-\u2013-9X19MM-SHORT-BARREL-RIFLE-MAIN.jpg\" \/>\n\t<meta property=\"og:image:width\" content=\"1000\" \/>\n\t<meta property=\"og:image:height\" content=\"1000\" \/>\n\t<meta property=\"og:image:type\" content=\"image\/jpeg\" \/>\n<meta name=\"twitter:card\" content=\"summary_large_image\" \/>\n<meta name=\"twitter:label1\" content=\"Tiempo de lectura\" \/>\n\t<meta name=\"twitter:data1\" content=\"2 minutos\" \/>\n<script type=\"application\/ld+json\" class=\"yoast-schema-graph\">{\"@context\":\"https:\/\/schema.org\",\"@graph\":[{\"@type\":\"WebPage\",\"@id\":\"https:\/\/bocumdefense.com\/policial-militar\/?post_type=product&p=3649\",\"url\":\"https:\/\/bocumdefense.com\/policial-militar\/?post_type=product&p=3649\",\"name\":\"KALASHNIKOV USA KR-9 SBR \u2013 9X19MM SHORT BARREL RIFLE - Bocum Defense Policial Militar\",\"isPartOf\":{\"@id\":\"https:\/\/bocumdefense.com\/policial-militar\/#website\"},\"datePublished\":\"2023-08-29T11:44:10+00:00\",\"dateModified\":\"2023-08-29T11:45:02+00:00\",\"breadcrumb\":{\"@id\":\"https:\/\/bocumdefense.com\/policial-militar\/?post_type=product&p=3649#breadcrumb\"},\"inLanguage\":\"es\",\"potentialAction\":[{\"@type\":\"ReadAction\",\"target\":[\"https:\/\/bocumdefense.com\/policial-militar\/?post_type=product&p=3649\"]}]},{\"@type\":\"BreadcrumbList\",\"@id\":\"https:\/\/bocumdefense.com\/policial-militar\/?post_type=product&p=3649#breadcrumb\",\"itemListElement\":[{\"@type\":\"ListItem\",\"position\":1,\"name\":\"Portada\",\"item\":\"https:\/\/bocumdefense.com\/policial-militar\/policial-militar\/\"},{\"@type\":\"ListItem\",\"position\":2,\"name\":\"Tienda\",\"item\":\"https:\/\/bocumdefense.com\/policial-militar\/tienda\/\"},{\"@type\":\"ListItem\",\"position\":3,\"name\":\"KALASHNIKOV USA KR-9 SBR \u2013 9X19MM SHORT BARREL RIFLE\"}]},{\"@type\":\"WebSite\",\"@id\":\"https:\/\/bocumdefense.com\/policial-militar\/#website\",\"url\":\"https:\/\/bocumdefense.com\/policial-militar\/\",\"name\":\"Bocum Defense Policial Militar\",\"description\":\"\",\"potentialAction\":[{\"@type\":\"SearchAction\",\"target\":{\"@type\":\"EntryPoint\",\"urlTemplate\":\"https:\/\/bocumdefense.com\/policial-militar\/?s={search_term_string}\"},\"query-input\":\"required name=search_term_string\"}],\"inLanguage\":\"es\"}]}<\/script>\n<!-- \/ Yoast SEO plugin. -->","yoast_head_json":{"title":"KALASHNIKOV USA KR-9 SBR \u2013 9X19MM SHORT BARREL RIFLE - Bocum Defense Policial Militar","robots":{"index":"noindex","follow":"follow","max-snippet":"max-snippet:-1","max-image-preview":"max-image-preview:large","max-video-preview":"max-video-preview:-1"},"og_locale":"es_ES","og_type":"article","og_title":"KALASHNIKOV USA KR-9 SBR \u2013 9X19MM SHORT BARREL RIFLE - Bocum Defense Policial Militar","og_description":"NO DISPONIBLE EN ESPA\u00d1A PARA PARTICULARES  El KR-9 SBR combina la autenticidad del subfusil ruso Vityaz con la fiabilidad de K-USA. Este fusil semiautom\u00e1tico es el m\u00e1s parecido al Vityaz y se fabrica al 100% en Estados Unidos por trabajadores americanos utilizando piezas y materiales de fabricaci\u00f3n americana.","og_url":"https:\/\/bocumdefense.com\/policial-militar\/?post_type=product&p=3649","og_site_name":"Bocum Defense Policial Militar","article_modified_time":"2023-08-29T11:45:02+00:00","og_image":[{"width":1000,"height":1000,"url":"https:\/\/bocumdefense.com\/policial-militar\/wp-content\/uploads\/2023\/05\/USA-KR-9-SBR-\u2013-9X19MM-SHORT-BARREL-RIFLE-MAIN.jpg","type":"image\/jpeg"}],"twitter_card":"summary_large_image","twitter_misc":{"Tiempo de lectura":"2 minutos"},"schema":{"@context":"https:\/\/schema.org","@graph":[{"@type":"WebPage","@id":"https:\/\/bocumdefense.com\/policial-militar\/?post_type=product&p=3649","url":"https:\/\/bocumdefense.com\/policial-militar\/?post_type=product&p=3649","name":"KALASHNIKOV USA KR-9 SBR \u2013 9X19MM SHORT BARREL RIFLE - Bocum Defense Policial Militar","isPartOf":{"@id":"https:\/\/bocumdefense.com\/policial-militar\/#website"},"datePublished":"2023-08-29T11:44:10+00:00","dateModified":"2023-08-29T11:45:02+00:00","breadcrumb":{"@id":"https:\/\/bocumdefense.com\/policial-militar\/?post_type=product&p=3649#breadcrumb"},"inLanguage":"es","potentialAction":[{"@type":"ReadAction","target":["https:\/\/bocumdefense.com\/policial-militar\/?post_type=product&p=3649"]}]},{"@type":"BreadcrumbList","@id":"https:\/\/bocumdefense.com\/policial-militar\/?post_type=product&p=3649#breadcrumb","itemListElement":[{"@type":"ListItem","position":1,"name":"Portada","item":"https:\/\/bocumdefense.com\/policial-militar\/policial-militar\/"},{"@type":"ListItem","position":2,"name":"Tienda","item":"https:\/\/bocumdefense.com\/policial-militar\/tienda\/"},{"@type":"ListItem","position":3,"name":"KALASHNIKOV USA KR-9 SBR \u2013 9X19MM SHORT BARREL RIFLE"}]},{"@type":"WebSite","@id":"https:\/\/bocumdefense.com\/policial-militar\/#website","url":"https:\/\/bocumdefense.com\/policial-militar\/","name":"Bocum Defense Policial Militar","description":"","potentialAction":[{"@type":"SearchAction","target":{"@type":"EntryPoint","urlTemplate":"https:\/\/bocumdefense.com\/policial-militar\/?s={search_term_string}"},"query-input":"required name=search_term_string"}],"inLanguage":"es"}]}},"_links":{"self":[{"href":"https:\/\/bocumdefense.com\/policial-militar\/wp-json\/wp\/v2\/product\/3649","targetHints":{"allow":["GET"]}}],"collection":[{"href":"https:\/\/bocumdefense.com\/policial-militar\/wp-json\/wp\/v2\/product"}],"about":[{"href":"https:\/\/bocumdefense.com\/policial-militar\/wp-json\/wp\/v2\/types\/product"}],"replies":[{"embeddable":true,"href":"https:\/\/bocumdefense.com\/policial-militar\/wp-json\/wp\/v2\/comments?post=3649"}],"wp:featuredmedia":[{"embeddable":true,"href":"https:\/\/bocumdefense.com\/policial-militar\/wp-json\/wp\/v2\/media\/3650"}],"wp:attachment":[{"href":"https:\/\/bocumdefense.com\/policial-militar\/wp-json\/wp\/v2\/media?parent=3649"}],"wp:term":[{"taxonomy":"product_cat","embeddable":true,"href":"https:\/\/bocumdefense.com\/policial-militar\/wp-json\/wp\/v2\/product_cat?post=3649"},{"taxonomy":"product_tag","embeddable":true,"href":"https:\/\/bocumdefense.com\/policial-militar\/wp-json\/wp\/v2\/product_tag?post=3649"}],"curies":[{"name":"wp","href":"https:\/\/api.w.org\/{rel}","templated":true}]}}