{"id":3617,"date":"2023-08-29T12:44:11","date_gmt":"2023-08-29T11:44:11","guid":{"rendered":"https:\/\/bocumdefense.com\/policial-militar\/?post_type=product&#038;p=3617"},"modified":"2023-08-29T12:45:02","modified_gmt":"2023-08-29T11:45:02","slug":"kalashnikov-usa-kp-9-9x19mm","status":"publish","type":"product","link":"https:\/\/bocumdefense.com\/policial-militar\/producto\/kalashnikov-usa-kp-9-9x19mm\/","title":{"rendered":"KALASHNIKOV USA KP-9 \u2013 9X19MM"},"content":{"rendered":"<p>El KP-9 es una pistola de gran tama\u00f1o basada en la AK con una c\u00e1mara de 9x19mm. Su dise\u00f1o incluye un cerrojo cerrado y un sistema de retroceso por soplado que garantiza la seguridad al impedir que el arma dispare a menos que el cerrojo est\u00e9 completamente cerrado. Adem\u00e1s, la serie KR-9\/KP-9 ha mejorado la rampa de alimentaci\u00f3n para garantizar una carga y alimentaci\u00f3n confiable de balas y cartuchos defensivos disponibles en el mercado. El acabado de la pistola es K-COATTM, un recubrimiento MIL-SPEC resistente al calor y auto lubricante.<\/p>\n<p>Este arma, al igual que el Vityaz original, emplea un receptor AK-74 modificado para disparar cartuchos de 9 mm desde cargadores de doble hilera. Esta adaptaci\u00f3n permite que el KP-9 comparta numerosas piezas con la serie AK 100 de armas de fuego. Adem\u00e1s, el KP-9 de KUSA presenta mejoras sutiles pero significativas en comparaci\u00f3n con el Vityaz original.<\/p>\n<p>&nbsp;<\/p>\n<h3 style=\"text-align: center;\"><strong>ESPECIFICACIONES GENERALES<\/strong><\/h3>\n<p>&nbsp;<\/p>\n<ul>\n<li><strong>Disparo semiautom\u00e1tico<\/strong><\/li>\n<li><strong>Cerrojo de retroceso<\/strong><\/li>\n<li><strong>K-COAT\u2122 Color negro mate<\/strong><\/li>\n<li><strong>RECEPTOR:<\/strong> El receptor del KP-9 est\u00e1 fabricado en un resistente bloque de aluminio anodizado, lo que le confiere una estructura monol\u00edtica de gran durabilidad. Adem\u00e1s, cuenta con carriles MIL-STD-1913 ubicados en las posiciones de las 6 y las 12 en punto, permitiendo la f\u00e1cil instalaci\u00f3n de accesorios. Para una precisi\u00f3n \u00f3ptima, el KP-9 est\u00e1 equipado con miras de hierro delanteras ajustables y miras de hoja traseras tambi\u00e9n ajustables, brindando al usuario la capacidad de adaptar la configuraci\u00f3n de la mira seg\u00fan sus necesidades.<\/li>\n<li><strong>CA\u00d1\u00d3N:<\/strong> Tubo acanalado y ocultador de flash\/interfaz de gran eficacia<\/li>\n<li><strong>CULATA<\/strong>: Soporte de desmontaje r\u00e1pido<\/li>\n<li><strong>CONTROLES DE FUNCIONAMIENTO: Palanca selectora en el lado derecho\/Desbloqueo ambidiestro del cargador\/Palanca de carga lateral derecha\/Gatillo ampliado para facilitar el acceso con guantes.<\/strong><\/li>\n<li><strong>CARGADOR<\/strong>: Cargador de pol\u00edmero, Mecanismo de arrastre de doble acci\u00f3n, Seguidor de baja fricci\u00f3n<\/li>\n<\/ul>\n<p>&nbsp;<\/p>\n<p>&nbsp;<\/p>\n","protected":false},"excerpt":{"rendered":"<p><strong><span style=\"color: #ff0000;\">NO DISPONIBLE EN ESPA\u00d1A PARA PARTICULARES<\/span><\/strong><\/p>\n<p>El \u00a0KP-9 de Kalashnikov USA\u2122 es una versi\u00f3n aut\u00e9ntica y semiautom\u00e1tica del subfusil ruso Vityaz, dise\u00f1ada espec\u00edficamente para el mercado civil. Esta pistola es reconocida por su confiabilidad y robustez, y se fabrica \u00edntegramente en Estados Unidos.<\/p>\n<p>&nbsp;<\/p>\n","protected":false},"featured_media":3638,"comment_status":"open","ping_status":"closed","template":"","meta":{"_et_pb_use_builder":"","_et_pb_old_content":"","_et_gb_content_width":"","inline_featured_image":false},"product_cat":[168,227,167],"product_tag":[27],"class_list":["post-3617","product","type-product","status-publish","has-post-thumbnail","hentry","product_cat-kalashnikov-usa","product_cat-novedades","product_cat-policial-militar","product_tag-rojo"],"yoast_head":"<!-- This site is optimized with the Yoast SEO plugin v20.8 - https:\/\/yoast.com\/wordpress\/plugins\/seo\/ -->\n<title>KALASHNIKOV USA KP-9 \u2013 9X19MM - Bocum Defense Policial Militar<\/title>\n<meta name=\"robots\" content=\"noindex, follow, max-snippet:-1, max-image-preview:large, max-video-preview:-1\" \/>\n<meta property=\"og:locale\" content=\"es_ES\" \/>\n<meta property=\"og:type\" content=\"article\" \/>\n<meta property=\"og:title\" content=\"KALASHNIKOV USA KP-9 \u2013 9X19MM - Bocum Defense Policial Militar\" \/>\n<meta property=\"og:description\" content=\"NO DISPONIBLE EN ESPA\u00d1A PARA PARTICULARES  El \u00a0KP-9 de Kalashnikov USA\u2122 es una versi\u00f3n aut\u00e9ntica y semiautom\u00e1tica del subfusil ruso Vityaz, dise\u00f1ada espec\u00edficamente para el mercado civil. Esta pistola es reconocida por su confiabilidad y robustez, y se fabrica \u00edntegramente en Estados Unidos.  &nbsp;\" \/>\n<meta property=\"og:url\" content=\"https:\/\/bocumdefense.com\/policial-militar\/?post_type=product&amp;p=3617\" \/>\n<meta property=\"og:site_name\" content=\"Bocum Defense Policial Militar\" \/>\n<meta property=\"article:modified_time\" content=\"2023-08-29T11:45:02+00:00\" \/>\n<meta property=\"og:image\" content=\"https:\/\/bocumdefense.com\/policial-militar\/wp-content\/uploads\/2023\/05\/KP-9-\u2013-9X19MM-MAIN.jpg\" \/>\n\t<meta property=\"og:image:width\" content=\"1000\" \/>\n\t<meta property=\"og:image:height\" content=\"1000\" \/>\n\t<meta property=\"og:image:type\" content=\"image\/jpeg\" \/>\n<meta name=\"twitter:card\" content=\"summary_large_image\" \/>\n<meta name=\"twitter:label1\" content=\"Tiempo de lectura\" \/>\n\t<meta name=\"twitter:data1\" content=\"2 minutos\" \/>\n<script type=\"application\/ld+json\" class=\"yoast-schema-graph\">{\"@context\":\"https:\/\/schema.org\",\"@graph\":[{\"@type\":\"WebPage\",\"@id\":\"https:\/\/bocumdefense.com\/policial-militar\/?post_type=product&p=3617\",\"url\":\"https:\/\/bocumdefense.com\/policial-militar\/?post_type=product&p=3617\",\"name\":\"KALASHNIKOV USA KP-9 \u2013 9X19MM - Bocum Defense Policial Militar\",\"isPartOf\":{\"@id\":\"https:\/\/bocumdefense.com\/policial-militar\/#website\"},\"datePublished\":\"2023-08-29T11:44:11+00:00\",\"dateModified\":\"2023-08-29T11:45:02+00:00\",\"breadcrumb\":{\"@id\":\"https:\/\/bocumdefense.com\/policial-militar\/?post_type=product&p=3617#breadcrumb\"},\"inLanguage\":\"es\",\"potentialAction\":[{\"@type\":\"ReadAction\",\"target\":[\"https:\/\/bocumdefense.com\/policial-militar\/?post_type=product&p=3617\"]}]},{\"@type\":\"BreadcrumbList\",\"@id\":\"https:\/\/bocumdefense.com\/policial-militar\/?post_type=product&p=3617#breadcrumb\",\"itemListElement\":[{\"@type\":\"ListItem\",\"position\":1,\"name\":\"Portada\",\"item\":\"https:\/\/bocumdefense.com\/policial-militar\/policial-militar\/\"},{\"@type\":\"ListItem\",\"position\":2,\"name\":\"Tienda\",\"item\":\"https:\/\/bocumdefense.com\/policial-militar\/tienda\/\"},{\"@type\":\"ListItem\",\"position\":3,\"name\":\"KALASHNIKOV USA KP-9 \u2013 9X19MM\"}]},{\"@type\":\"WebSite\",\"@id\":\"https:\/\/bocumdefense.com\/policial-militar\/#website\",\"url\":\"https:\/\/bocumdefense.com\/policial-militar\/\",\"name\":\"Bocum Defense Policial Militar\",\"description\":\"\",\"potentialAction\":[{\"@type\":\"SearchAction\",\"target\":{\"@type\":\"EntryPoint\",\"urlTemplate\":\"https:\/\/bocumdefense.com\/policial-militar\/?s={search_term_string}\"},\"query-input\":\"required name=search_term_string\"}],\"inLanguage\":\"es\"}]}<\/script>\n<!-- \/ Yoast SEO plugin. -->","yoast_head_json":{"title":"KALASHNIKOV USA KP-9 \u2013 9X19MM - Bocum Defense Policial Militar","robots":{"index":"noindex","follow":"follow","max-snippet":"max-snippet:-1","max-image-preview":"max-image-preview:large","max-video-preview":"max-video-preview:-1"},"og_locale":"es_ES","og_type":"article","og_title":"KALASHNIKOV USA KP-9 \u2013 9X19MM - Bocum Defense Policial Militar","og_description":"NO DISPONIBLE EN ESPA\u00d1A PARA PARTICULARES  El \u00a0KP-9 de Kalashnikov USA\u2122 es una versi\u00f3n aut\u00e9ntica y semiautom\u00e1tica del subfusil ruso Vityaz, dise\u00f1ada espec\u00edficamente para el mercado civil. Esta pistola es reconocida por su confiabilidad y robustez, y se fabrica \u00edntegramente en Estados Unidos.  &nbsp;","og_url":"https:\/\/bocumdefense.com\/policial-militar\/?post_type=product&p=3617","og_site_name":"Bocum Defense Policial Militar","article_modified_time":"2023-08-29T11:45:02+00:00","og_image":[{"width":1000,"height":1000,"url":"https:\/\/bocumdefense.com\/policial-militar\/wp-content\/uploads\/2023\/05\/KP-9-\u2013-9X19MM-MAIN.jpg","type":"image\/jpeg"}],"twitter_card":"summary_large_image","twitter_misc":{"Tiempo de lectura":"2 minutos"},"schema":{"@context":"https:\/\/schema.org","@graph":[{"@type":"WebPage","@id":"https:\/\/bocumdefense.com\/policial-militar\/?post_type=product&p=3617","url":"https:\/\/bocumdefense.com\/policial-militar\/?post_type=product&p=3617","name":"KALASHNIKOV USA KP-9 \u2013 9X19MM - Bocum Defense Policial Militar","isPartOf":{"@id":"https:\/\/bocumdefense.com\/policial-militar\/#website"},"datePublished":"2023-08-29T11:44:11+00:00","dateModified":"2023-08-29T11:45:02+00:00","breadcrumb":{"@id":"https:\/\/bocumdefense.com\/policial-militar\/?post_type=product&p=3617#breadcrumb"},"inLanguage":"es","potentialAction":[{"@type":"ReadAction","target":["https:\/\/bocumdefense.com\/policial-militar\/?post_type=product&p=3617"]}]},{"@type":"BreadcrumbList","@id":"https:\/\/bocumdefense.com\/policial-militar\/?post_type=product&p=3617#breadcrumb","itemListElement":[{"@type":"ListItem","position":1,"name":"Portada","item":"https:\/\/bocumdefense.com\/policial-militar\/policial-militar\/"},{"@type":"ListItem","position":2,"name":"Tienda","item":"https:\/\/bocumdefense.com\/policial-militar\/tienda\/"},{"@type":"ListItem","position":3,"name":"KALASHNIKOV USA KP-9 \u2013 9X19MM"}]},{"@type":"WebSite","@id":"https:\/\/bocumdefense.com\/policial-militar\/#website","url":"https:\/\/bocumdefense.com\/policial-militar\/","name":"Bocum Defense Policial Militar","description":"","potentialAction":[{"@type":"SearchAction","target":{"@type":"EntryPoint","urlTemplate":"https:\/\/bocumdefense.com\/policial-militar\/?s={search_term_string}"},"query-input":"required name=search_term_string"}],"inLanguage":"es"}]}},"_links":{"self":[{"href":"https:\/\/bocumdefense.com\/policial-militar\/wp-json\/wp\/v2\/product\/3617","targetHints":{"allow":["GET"]}}],"collection":[{"href":"https:\/\/bocumdefense.com\/policial-militar\/wp-json\/wp\/v2\/product"}],"about":[{"href":"https:\/\/bocumdefense.com\/policial-militar\/wp-json\/wp\/v2\/types\/product"}],"replies":[{"embeddable":true,"href":"https:\/\/bocumdefense.com\/policial-militar\/wp-json\/wp\/v2\/comments?post=3617"}],"wp:featuredmedia":[{"embeddable":true,"href":"https:\/\/bocumdefense.com\/policial-militar\/wp-json\/wp\/v2\/media\/3638"}],"wp:attachment":[{"href":"https:\/\/bocumdefense.com\/policial-militar\/wp-json\/wp\/v2\/media?parent=3617"}],"wp:term":[{"taxonomy":"product_cat","embeddable":true,"href":"https:\/\/bocumdefense.com\/policial-militar\/wp-json\/wp\/v2\/product_cat?post=3617"},{"taxonomy":"product_tag","embeddable":true,"href":"https:\/\/bocumdefense.com\/policial-militar\/wp-json\/wp\/v2\/product_tag?post=3617"}],"curies":[{"name":"wp","href":"https:\/\/api.w.org\/{rel}","templated":true}]}}