{"id":2210,"date":"2023-08-29T12:44:13","date_gmt":"2023-08-29T11:44:13","guid":{"rendered":"https:\/\/bocumdefense.com\/policial-militar\/?post_type=product&#038;p=2210"},"modified":"2023-08-29T12:45:05","modified_gmt":"2023-08-29T11:45:05","slug":"daniel-defense-dd5v4-7-62-x-51mm-mil-spec","status":"publish","type":"product","link":"https:\/\/bocumdefense.com\/policial-militar\/producto\/daniel-defense-dd5v4-7-62-x-51mm-mil-spec\/","title":{"rendered":"DANIEL DEFENSE DD5\u00aeV4\u00ae 7.62 X 51MM   MIL SPEC +\u00ae"},"content":{"rendered":"<h3 style=\"text-align: center;\"><strong>DETALLES\u00a0<\/strong><\/h3>\n<p>&nbsp;<\/p>\n<p>El calibre 7.62x51mm NATO se beneficia de coeficientes bal\u00edsticos superiores, lo que se traduce en trayectorias m\u00e1s planas y una reducci\u00f3n de la deriva del viento a niveles que suelen ser reservados para calibres de acci\u00f3n larga significativamente m\u00e1s pesados. Estas mejoras en la eficiencia bal\u00edstica permiten a los tiradores modernos extender el alcance efectivo hasta m\u00e1s de 1.000 metros. Este rifle altamente preciso y duradero, incluye un bloque de gas ajustable que permite una sensaci\u00f3n consistente tanto si se dispara con supresi\u00f3n como sin ella. El porta cerrojos perfeccionado reduce el impulso de retroceso general y es f\u00e1cil de mantener y manejar en todas las condiciones.<\/p>\n<ul>\n<li>Bloque de gas ajustable por el usuario para un disparo con supresi\u00f3n fiable<\/li>\n<li>El porta cerrojos esta acabado y revestido con DLC que facilita la limpieza, adem\u00e1s de el manejo en todas las condiciones.\u00a0Est\u00e1 equipado con un amortiguador para optimizar el ciclo y mejorar el impulso de retroceso<\/li>\n<li>El cerrojo est\u00e1 dise\u00f1ado con una\u00a0geometr\u00eda del extractor\u00a0mejorada y expulsores dobles para un ciclo fiable.<\/li>\n<li>El ca\u00f1\u00f3n de 18&#8243; (45.72 cm) de acero forjado en fr\u00edo, est\u00e1 revestido en cromo para una mayor precisi\u00f3n y durabilidad.<\/li>\n<li>Tiene un innovador sistema de conexi\u00f3n de 4 cerrojos para garantizar una mayor precisi\u00f3n<\/li>\n<li>Palanca de carga independiente \u00a0GRIP-N-RIP con caracter\u00edsticas anti-gas para una mejor experiencia de disparo.<\/li>\n<\/ul>\n<p>&nbsp;<\/p>\n<p>&nbsp;<\/p>\n<p>&nbsp;<\/p>\n<h3 style=\"text-align: center;\"><strong>MATERIALES Y CONSTRUCCI\u00d3N\u00a0<\/strong><\/h3>\n<p>&nbsp;<\/p>\n<ul>\n<li><strong>RECEPTOR INFERIOR:<\/strong> Compartimento del cargador acampanado mejorado y punto de anclaje de r\u00f3tula QD en el receptor trasero. Mecanizado CNC de Aluminio 7075-T6, Anodizado de Capa Dura Tipo III.<\/li>\n<li><strong>RECEPTOR SUPERIOR:<\/strong> Mecanizado CNC de Aluminio 7075-T6, Anodizado de Capa Dura Tipo III.<\/li>\n<li><strong>CA\u00d1\u00d3N:<\/strong> DD Proprietary Steel forjado en fr\u00edo. Tiene un paso de 1:10&#8243;, un perfil S2W, sistema de gas Rifle +1 y est\u00e1 forrado de cromo de fosfatado pesado Mil-Spec.<\/li>\n<li><strong>SISTEMA DE GAS:<\/strong> Bloque de gas ajustable por el usuario. Mecanizado por CNC en acero 4140 endurecido y recubierto de fosfato pesado Mil-Spec.<\/li>\n<li><strong>DISPOSITIVO DE LA BOCA:<\/strong> Compensador Lineal Daniel Defense, fabricado en acero inoxidable 17-4 PH. Acabado de nitruro Ba\u00f1o de Sal.<\/li>\n<li><strong>GATILLO:<\/strong> Acabado en MIL SPEC<\/li>\n<li><strong>GUARDAMANOS:<\/strong> Con un riel DD5 15.0, fabricado por CNC en aluminio 6061-T6. Dispone del enganche M-LOK.<\/li>\n<li><strong>EXTENSION DEL RECEPTOR:<\/strong> 7 Posiciones 7075-T6 Aluminio<\/li>\n<li><strong>CULATA:<\/strong> Hecha de Pol\u00edmero relleno de vidrio con sobremoldeado de tacto suave.<\/li>\n<li><strong>GRIP DE PISTOLA:<\/strong> Empu\u00f1adura de pistola Daniel Defense, pol\u00edmero relleno de vidrio con sobremoldeado de tacto suave.<\/li>\n<li><strong>CARGADORES:<\/strong> Acepta todos los cargadores SR-25<\/li>\n<li><strong>FABRICADO EN EE.UU.<\/strong><\/li>\n<\/ul>\n<p>&nbsp;<\/p>\n<p>&nbsp;<\/p>\n<h3 style=\"text-align: center;\"><strong>CARACTER\u00cdSTICAS\u00a0<\/strong><\/h3>\n<p>&nbsp;<\/p>\n<p>&nbsp;<\/p>\n<p><a href=\"https:\/\/armastotal.com\/wp-content\/uploads\/2023\/02\/dd5v5_02-165-01229-047.jpg\"><img loading=\"lazy\" decoding=\"async\" class=\"size-full wp-image-19537 aligncenter\" src=\"https:\/\/armastotal.com\/wp-content\/uploads\/2023\/02\/dd5v5_02-165-01229-047.jpg\" alt=\"\" width=\"1300\" height=\"300\" \/><\/a><\/p>\n<p>&nbsp;<\/p>\n<p>&nbsp;<\/p>\n<ol>\n<li><strong>DISPOSITIVO DE SUPRESI\u00d3N SUPERIOR:<\/strong> Dise\u00f1ado para reducir la firma del fogonazo y la elevaci\u00f3n de la boca del ca\u00f1\u00f3n<\/li>\n<li><strong>CA\u00d1\u00d3N FORJADO A MARTILLO FR\u00cdO:<\/strong> Proceso de presi\u00f3n hidr\u00e1ulica intensa que forma los ca\u00f1ones m\u00e1s precisos y duraderos que se pueden conseguir<\/li>\n<li><strong>HUECO DEL CARGADOR ENSANCHADO:<\/strong> El hueco del cargador ensanchado y biselado permite colocar los cargadores en su sitio para recargarlos de la forma m\u00e1s r\u00e1pida y segura posible.<\/li>\n<li><strong>MANDOS TOTALMENTE AMBIDIESTROS:\u00a0<\/strong>Permite la m\u00e1xima flexibilidad y comodidad para el operador<\/li>\n<li><strong>SISTEMA DE CARRIL DE FLOTACI\u00d3N LIBRE:<\/strong> La fijaci\u00f3n patentada de 4 \u00f3 6 pernos al tubo superior permite que el sistema de ra\u00edl flote libremente sobre el ca\u00f1\u00f3n, lo que garantiza que los arm\u00f3nicos del ca\u00f1\u00f3n no se vean afectados durante el funcionamiento.<\/li>\n<li>\n<p class=\"title\"><strong>CULATA: <\/strong>Dispone de carrilleras antideslizantes, cantoneras intercambiables y un punto QD integrado.<\/p>\n<\/li>\n<li><strong>PUNTOS QD:<\/strong>\u00a0Puntos de desconexi\u00f3n r\u00e1pida integrados para la fijaci\u00f3n de correas<\/li>\n<li><strong>M-LOK:<\/strong> Tecnolog\u00eda de fijaci\u00f3n M-LOK.<\/li>\n<li><strong>EMPU\u00d1ADURA DE PISTOLA DD5:<\/strong> \u00c1ngulo de mu\u00f1eca ergon\u00f3mico y empu\u00f1adura antideslizante para mayor comodidad y control en todas las condiciones.<\/li>\n<li><strong>BLOQUE DE GAS AJUSTABLE:<\/strong> Bloque de gas ajustable por el usuario para un disparo con supresi\u00f3n fiable.<\/li>\n<li><strong>SISTEMA DE CONEXI\u00d3N DE 4 PERNOS:<\/strong> El sistema de conexi\u00f3n de 4 pernos, que fija el ca\u00f1\u00f3n al receptor sin tuerca, garantiza una mayor precisi\u00f3n.<\/li>\n<li><strong>EMPU\u00d1ADURA GRIP-N-RIP:<\/strong> Empu\u00f1adura de carga independiente con funciones antig\u00e1s para una mejor experiencia de disparo.<\/li>\n<\/ol>\n<p>&nbsp;<\/p>\n<p>&nbsp;<\/p>\n<h3 style=\"text-align: center;\"><strong>MULTIMEDIA<\/strong><\/h3>\n<p>&nbsp;<\/p>\n<p>&nbsp;<\/p>\n<p><iframe loading=\"lazy\" title=\"Introducing the New DD5\" width=\"1080\" height=\"608\" src=\"https:\/\/www.youtube.com\/embed\/ZSI8LK4BGo8?feature=oembed\"  allow=\"accelerometer; autoplay; clipboard-write; encrypted-media; gyroscope; picture-in-picture; web-share\" allowfullscreen><\/iframe><\/p>\n<p><iframe loading=\"lazy\" title=\"The New DD5 Adjustable Gas Block\" width=\"1080\" height=\"608\" src=\"https:\/\/www.youtube.com\/embed\/Oef7ZyDJH4E?feature=oembed\"  allow=\"accelerometer; autoplay; clipboard-write; encrypted-media; gyroscope; picture-in-picture; web-share\" allowfullscreen><\/iframe><\/p>\n<p>&nbsp;<\/p>\n<p>&nbsp;<\/p>\n<p>&nbsp;<\/p>\n<p>&nbsp;<\/p>\n<p><iframe loading=\"lazy\" title=\"The New DD5 BCG\" width=\"1080\" height=\"608\" src=\"https:\/\/www.youtube.com\/embed\/mMBKI-Ny6Og?feature=oembed\"  allow=\"accelerometer; autoplay; clipboard-write; encrypted-media; gyroscope; picture-in-picture; web-share\" allowfullscreen><\/iframe><\/p>\n<p>&nbsp;<\/p>\n","protected":false},"excerpt":{"rendered":"<p><strong><span style=\"color: #ff0000;\">NO DISPONIBLE EN ESPA\u00d1A PARA PARTICULARES\u00a0<\/span><\/strong><\/p>\n<p>El rifle DD5 V5, en el calibre 7.62 X 51MM, ofrece a los usuarios de la plataforma semiautom\u00e1tica de Daniel Defense una capacidad mejorada para disparar con precisi\u00f3n a largas distancias, gracias a el mejor cartucho de acci\u00f3n corta disponible para los tiradores modernos de largo alcance. <strong>Este rifle est\u00e1 disponible en el popular color MIL SPEC.<\/strong><\/p>\n","protected":false},"featured_media":2211,"comment_status":"open","ping_status":"closed","template":"","meta":{"_et_pb_use_builder":"","_et_pb_old_content":"","_et_gb_content_width":"","inline_featured_image":false},"product_cat":[458,167],"product_tag":[27],"class_list":["post-2210","product","type-product","status-publish","has-post-thumbnail","hentry","product_cat-armas-pm","product_cat-policial-militar","product_tag-rojo"],"yoast_head":"<!-- This site is optimized with the Yoast SEO plugin v20.8 - https:\/\/yoast.com\/wordpress\/plugins\/seo\/ -->\n<title>DANIEL DEFENSE DD5\u00aeV4\u00ae 7.62 X 51MM  MIL SPEC +\u00ae - Bocum Defense Policial Militar<\/title>\n<meta name=\"robots\" content=\"noindex, follow, max-snippet:-1, max-image-preview:large, max-video-preview:-1\" \/>\n<meta property=\"og:locale\" content=\"es_ES\" \/>\n<meta property=\"og:type\" content=\"article\" \/>\n<meta property=\"og:title\" content=\"DANIEL DEFENSE DD5\u00aeV4\u00ae 7.62 X 51MM  MIL SPEC +\u00ae - Bocum Defense Policial Militar\" \/>\n<meta property=\"og:description\" content=\"NO DISPONIBLE EN ESPA\u00d1A PARA PARTICULARES\u00a0  El rifle DD5 V5, en el calibre 7.62 X 51MM, ofrece a los usuarios de la plataforma semiautom\u00e1tica de Daniel Defense una capacidad mejorada para disparar con precisi\u00f3n a largas distancias, gracias a el mejor cartucho de acci\u00f3n corta disponible para los tiradores modernos de largo alcance. Este rifle est\u00e1 disponible en el popular color MIL SPEC.\" \/>\n<meta property=\"og:url\" content=\"https:\/\/bocumdefense.com\/policial-militar\/?post_type=product&amp;p=2210\" \/>\n<meta property=\"og:site_name\" content=\"Bocum Defense Policial Militar\" \/>\n<meta property=\"article:modified_time\" content=\"2023-08-29T11:45:05+00:00\" \/>\n<meta property=\"og:image\" content=\"https:\/\/bocumdefense.com\/policial-militar\/wp-content\/uploads\/2023\/04\/DD5\u00aeV4\u00ae-7.62-X-51MM-MIL-SPEC-\u00ae-MAIN.jpg\" \/>\n\t<meta property=\"og:image:width\" content=\"1000\" \/>\n\t<meta property=\"og:image:height\" content=\"1000\" \/>\n\t<meta property=\"og:image:type\" content=\"image\/jpeg\" \/>\n<meta name=\"twitter:card\" content=\"summary_large_image\" \/>\n<meta name=\"twitter:label1\" content=\"Tiempo de lectura\" \/>\n\t<meta name=\"twitter:data1\" content=\"4 minutos\" \/>\n<script type=\"application\/ld+json\" class=\"yoast-schema-graph\">{\"@context\":\"https:\/\/schema.org\",\"@graph\":[{\"@type\":\"WebPage\",\"@id\":\"https:\/\/bocumdefense.com\/policial-militar\/?post_type=product&p=2210\",\"url\":\"https:\/\/bocumdefense.com\/policial-militar\/?post_type=product&p=2210\",\"name\":\"DANIEL DEFENSE DD5\u00aeV4\u00ae 7.62 X 51MM MIL SPEC +\u00ae - Bocum Defense Policial Militar\",\"isPartOf\":{\"@id\":\"https:\/\/bocumdefense.com\/policial-militar\/#website\"},\"datePublished\":\"2023-08-29T11:44:13+00:00\",\"dateModified\":\"2023-08-29T11:45:05+00:00\",\"breadcrumb\":{\"@id\":\"https:\/\/bocumdefense.com\/policial-militar\/?post_type=product&p=2210#breadcrumb\"},\"inLanguage\":\"es\",\"potentialAction\":[{\"@type\":\"ReadAction\",\"target\":[\"https:\/\/bocumdefense.com\/policial-militar\/?post_type=product&p=2210\"]}]},{\"@type\":\"BreadcrumbList\",\"@id\":\"https:\/\/bocumdefense.com\/policial-militar\/?post_type=product&p=2210#breadcrumb\",\"itemListElement\":[{\"@type\":\"ListItem\",\"position\":1,\"name\":\"Portada\",\"item\":\"https:\/\/bocumdefense.com\/policial-militar\/policial-militar\/\"},{\"@type\":\"ListItem\",\"position\":2,\"name\":\"Tienda\",\"item\":\"https:\/\/bocumdefense.com\/policial-militar\/tienda\/\"},{\"@type\":\"ListItem\",\"position\":3,\"name\":\"DANIEL DEFENSE DD5\u00aeV4\u00ae 7.62 X 51MM MIL SPEC +\u00ae\"}]},{\"@type\":\"WebSite\",\"@id\":\"https:\/\/bocumdefense.com\/policial-militar\/#website\",\"url\":\"https:\/\/bocumdefense.com\/policial-militar\/\",\"name\":\"Bocum Defense Policial Militar\",\"description\":\"\",\"potentialAction\":[{\"@type\":\"SearchAction\",\"target\":{\"@type\":\"EntryPoint\",\"urlTemplate\":\"https:\/\/bocumdefense.com\/policial-militar\/?s={search_term_string}\"},\"query-input\":\"required name=search_term_string\"}],\"inLanguage\":\"es\"}]}<\/script>\n<!-- \/ Yoast SEO plugin. -->","yoast_head_json":{"title":"DANIEL DEFENSE DD5\u00aeV4\u00ae 7.62 X 51MM  MIL SPEC +\u00ae - Bocum Defense Policial Militar","robots":{"index":"noindex","follow":"follow","max-snippet":"max-snippet:-1","max-image-preview":"max-image-preview:large","max-video-preview":"max-video-preview:-1"},"og_locale":"es_ES","og_type":"article","og_title":"DANIEL DEFENSE DD5\u00aeV4\u00ae 7.62 X 51MM  MIL SPEC +\u00ae - Bocum Defense Policial Militar","og_description":"NO DISPONIBLE EN ESPA\u00d1A PARA PARTICULARES\u00a0  El rifle DD5 V5, en el calibre 7.62 X 51MM, ofrece a los usuarios de la plataforma semiautom\u00e1tica de Daniel Defense una capacidad mejorada para disparar con precisi\u00f3n a largas distancias, gracias a el mejor cartucho de acci\u00f3n corta disponible para los tiradores modernos de largo alcance. Este rifle est\u00e1 disponible en el popular color MIL SPEC.","og_url":"https:\/\/bocumdefense.com\/policial-militar\/?post_type=product&p=2210","og_site_name":"Bocum Defense Policial Militar","article_modified_time":"2023-08-29T11:45:05+00:00","og_image":[{"width":1000,"height":1000,"url":"https:\/\/bocumdefense.com\/policial-militar\/wp-content\/uploads\/2023\/04\/DD5\u00aeV4\u00ae-7.62-X-51MM-MIL-SPEC-\u00ae-MAIN.jpg","type":"image\/jpeg"}],"twitter_card":"summary_large_image","twitter_misc":{"Tiempo de lectura":"4 minutos"},"schema":{"@context":"https:\/\/schema.org","@graph":[{"@type":"WebPage","@id":"https:\/\/bocumdefense.com\/policial-militar\/?post_type=product&p=2210","url":"https:\/\/bocumdefense.com\/policial-militar\/?post_type=product&p=2210","name":"DANIEL DEFENSE DD5\u00aeV4\u00ae 7.62 X 51MM MIL SPEC +\u00ae - Bocum Defense Policial Militar","isPartOf":{"@id":"https:\/\/bocumdefense.com\/policial-militar\/#website"},"datePublished":"2023-08-29T11:44:13+00:00","dateModified":"2023-08-29T11:45:05+00:00","breadcrumb":{"@id":"https:\/\/bocumdefense.com\/policial-militar\/?post_type=product&p=2210#breadcrumb"},"inLanguage":"es","potentialAction":[{"@type":"ReadAction","target":["https:\/\/bocumdefense.com\/policial-militar\/?post_type=product&p=2210"]}]},{"@type":"BreadcrumbList","@id":"https:\/\/bocumdefense.com\/policial-militar\/?post_type=product&p=2210#breadcrumb","itemListElement":[{"@type":"ListItem","position":1,"name":"Portada","item":"https:\/\/bocumdefense.com\/policial-militar\/policial-militar\/"},{"@type":"ListItem","position":2,"name":"Tienda","item":"https:\/\/bocumdefense.com\/policial-militar\/tienda\/"},{"@type":"ListItem","position":3,"name":"DANIEL DEFENSE DD5\u00aeV4\u00ae 7.62 X 51MM MIL SPEC +\u00ae"}]},{"@type":"WebSite","@id":"https:\/\/bocumdefense.com\/policial-militar\/#website","url":"https:\/\/bocumdefense.com\/policial-militar\/","name":"Bocum Defense Policial Militar","description":"","potentialAction":[{"@type":"SearchAction","target":{"@type":"EntryPoint","urlTemplate":"https:\/\/bocumdefense.com\/policial-militar\/?s={search_term_string}"},"query-input":"required name=search_term_string"}],"inLanguage":"es"}]}},"_links":{"self":[{"href":"https:\/\/bocumdefense.com\/policial-militar\/wp-json\/wp\/v2\/product\/2210","targetHints":{"allow":["GET"]}}],"collection":[{"href":"https:\/\/bocumdefense.com\/policial-militar\/wp-json\/wp\/v2\/product"}],"about":[{"href":"https:\/\/bocumdefense.com\/policial-militar\/wp-json\/wp\/v2\/types\/product"}],"replies":[{"embeddable":true,"href":"https:\/\/bocumdefense.com\/policial-militar\/wp-json\/wp\/v2\/comments?post=2210"}],"wp:featuredmedia":[{"embeddable":true,"href":"https:\/\/bocumdefense.com\/policial-militar\/wp-json\/wp\/v2\/media\/2211"}],"wp:attachment":[{"href":"https:\/\/bocumdefense.com\/policial-militar\/wp-json\/wp\/v2\/media?parent=2210"}],"wp:term":[{"taxonomy":"product_cat","embeddable":true,"href":"https:\/\/bocumdefense.com\/policial-militar\/wp-json\/wp\/v2\/product_cat?post=2210"},{"taxonomy":"product_tag","embeddable":true,"href":"https:\/\/bocumdefense.com\/policial-militar\/wp-json\/wp\/v2\/product_tag?post=2210"}],"curies":[{"name":"wp","href":"https:\/\/api.w.org\/{rel}","templated":true}]}}