{"id":2123,"date":"2023-08-29T12:44:13","date_gmt":"2023-08-29T11:44:13","guid":{"rendered":"https:\/\/bocumdefense.com\/policial-militar\/?post_type=product&#038;p=2123"},"modified":"2023-08-29T12:45:06","modified_gmt":"2023-08-29T11:45:06","slug":"daniel-defense-ddm4v7p-mil-spec","status":"publish","type":"product","link":"https:\/\/bocumdefense.com\/policial-militar\/producto\/daniel-defense-ddm4v7p-mil-spec\/","title":{"rendered":"DANIEL DEFENSE DDM4\u00aeV7\u00aeP   MIL SPEC +\u00ae"},"content":{"rendered":"<h2 style=\"text-align: center;\"><strong>DETALLES<\/strong><\/h2>\n<p>&nbsp;<\/p>\n<ul>\n<li>La palanca de carga GRIP-N-RIP es ambidiestra para adaptarse a tiradores diestros y zurdos. El DDM4\u00aeV7\u00aeP\u00a0cuenta con la empu\u00f1adura ergon\u00f3mica Daniel Defense Pistol Grip con guardamonte integral y un revestimiento suave al tacto para un agarre c\u00f3modo.<\/li>\n<\/ul>\n<p>&nbsp;<\/p>\n<p>&nbsp;<\/p>\n<h2 style=\"text-align: center;\"><strong>MATERIALES Y CONSTRUCCI\u00d3N\u00a0<\/strong><\/h2>\n<p>&nbsp;<\/p>\n<ul>\n<li><strong>RECEPTOR INFERIOR: <\/strong>El receptor inferior cuenta con cargador acampanado mejorado y punto de enganche QD, cumpliendo con las especificaciones militares (Mil-Spec). Est\u00e1 fabricado mediante mecanizado CNC en aluminio 7075-T6, lo que garantiza su resistencia y durabilidad, y est\u00e1 recubierto con una capa\u00a0adonizada\u00a0de tipo III para una protecci\u00f3n adicional.<\/li>\n<li><strong>RECEPTOR SUPERIOR<\/strong>:\u00a0Cuenta con los est\u00e1ndares militares Mil-Spec y cuenta con marcas de indexaci\u00f3n y rampas de alimentaci\u00f3n M4. Su fabricaci\u00f3n se lleva a cabo mediante la t\u00e9cnica de mecanizado CNC en aluminio 7075-T6, y cuenta con un recubrimiento adonizado de capa dura tipo III para una mayor durabilidad y resistencia.<\/li>\n<li><strong>EXTENSION DE RECEPTOR:<\/strong> Extensi\u00f3n de Receptor de Pistola estilo AR.<\/li>\n<li><strong>CA\u00d1\u00d3N:<\/strong>El ca\u00f1\u00f3n est\u00e1 fabricado con acero al cromo molibdeno vanadio de alta calidad y forjado en fr\u00edo, con una torsi\u00f3n de 1:7 y un perfil Government de 10,3&#8243;. Adem\u00e1s, cuenta con un revestimiento de cromo y un fosfato pesado Mil-Spec, lo que lo hace altamente resistente a la corrosi\u00f3n y al desgaste. Ha sido probado con HP\/MPI para garantizar su rendimiento y seguridad.<\/li>\n<\/ul>\n<div class=\"group w-full text-gray-800 dark:text-gray-100 border-b border-black\/10 dark:border-gray-900\/50 bg-gray-50 dark:bg-[#444654]\">\n<div class=\"text-base gap-4 md:gap-6 md:max-w-2xl lg:max-w-xl xl:max-w-3xl p-4 md:py-6 flex lg:px-0 m-auto\">\n<div class=\"relative flex w-[calc(100%-50px)] flex-col gap-1 md:gap-3 lg:w-[calc(100%-115px)]\">\n<div class=\"flex flex-grow flex-col gap-3\">\n<div class=\"min-h-[20px] flex flex-col items-start gap-4 whitespace-pre-wrap\">\n<div class=\"markdown prose w-full break-words dark:prose-invert dark\">\n<ul>\n<li><strong>SISTEMA DE GAS:<\/strong> Bloque de gas de perfil bajo con pasador, mecanizado por CNC en acero 4140 endurecido con revestimiento de fosfato pesado Mil-Spec, longitud de carabina, impacto directo.<\/li>\n<\/ul>\n<\/div>\n<\/div>\n<\/div>\n<\/div>\n<\/div>\n<\/div>\n<ul>\n<li><strong>DISPOSITIVO DE LA BOCA:<\/strong> El Supresor de Flash de Daniel Defense est\u00e1 fabricado con acero inoxidable 17-4 PH, lo que le confiere una alta resistencia y durabilidad. Adem\u00e1s, cuenta con un acabado de nitruro y un ba\u00f1o de sal para una mayor protecci\u00f3n contra la corrosi\u00f3n y el desgaste.<\/li>\n<li><strong>GRUPO PORTA CERROJO:<\/strong> Perfil M16, Mil-Spec MP Tested, Cromado, Llave de Gas debidamente estacada.<\/li>\n<li><strong>BUFFER:<\/strong> Buffer H.<\/li>\n<li><strong>MIRAS<\/strong>: <strong>SE VENDEN POR SEPARADO.<\/strong><\/li>\n<li><strong>GUARDAMANOS:<\/strong> MFR 9.0 M-LOK, mecanizado CNC de aluminio 6061-T6, anodizado duro tipo III<\/li>\n<li><strong>PALANCA DE CARGA<\/strong>:\u00a0La palanca de carga cuenta con el sistema GRIP-N-RIP y est\u00e1 fabricada con un cuerpo de aluminio 7075-T6 mecanizado mediante CNC. Tanto las empu\u00f1aduras como el pestillo est\u00e1n hechos de aluminio 6061-T6 mecanizado mediante CNC y los pasadores son de acero inoxidable.<\/li>\n<li><strong>CORREA<\/strong>: SB Tactical SOB Pistol Stabilizing Brace<\/li>\n<li><strong>CULATA:\u00a0<\/strong>El adaptador de culata plegable AR de Law Tactical es el modelo GEN 3-M. Este adaptador permite plegar la culata del arma para facilitar su transporte y almacenamiento de manera m\u00e1s conveniente.<\/li>\n<li><strong>MANGO DE PISTOLA: <\/strong>Grip de pistola Daniel Defense de pol\u00edmero relleno de vidrio con sobre moldeado de tacto suave.<\/li>\n<li><strong>Fabricado en EE.UU.<\/strong><\/li>\n<\/ul>\n","protected":false},"excerpt":{"rendered":"<p><strong><span style=\"color: #ff0000;\">NO DISPONIBLE EN ESPA\u00d1A PARA PARTICULARES\u00a0<\/span><\/strong><\/p>\n<p>Este subfusil es altamente maniobrable y est\u00e1 equipado con un ca\u00f1\u00f3n de 10,3&#8243; y el ra\u00edl MFR 9.0 para un manejo r\u00e1pido, preciso y confiable. Adem\u00e1s, ofrece compatibilidad con una amplia gama de dispositivos de boca y supresores de sonido, lo que permite una personalizaci\u00f3n a\u00fan mayor. Es una variante del DDM4V7s y viene equipado con el estabilizador de pistola SB Tactical SOB, el adaptador de culata plegable Law Tactical GEN3M, y se clasifica como un subfusil, no como un rifle de ca\u00f1\u00f3n corto.<\/p>\n","protected":false},"featured_media":2121,"comment_status":"open","ping_status":"closed","template":"","meta":{"_et_pb_use_builder":"","_et_pb_old_content":"","_et_gb_content_width":"","inline_featured_image":false},"product_cat":[458,167],"product_tag":[48],"class_list":["post-2123","product","type-product","status-publish","has-post-thumbnail","hentry","product_cat-armas-pm","product_cat-policial-militar","product_tag-rojo-armas"],"yoast_head":"<!-- This site is optimized with the Yoast SEO plugin v20.8 - https:\/\/yoast.com\/wordpress\/plugins\/seo\/ -->\n<title>DANIEL DEFENSE DDM4\u00aeV7\u00aeP  MIL SPEC +\u00ae - Bocum Defense Policial Militar<\/title>\n<meta name=\"robots\" content=\"noindex, follow, max-snippet:-1, max-image-preview:large, max-video-preview:-1\" \/>\n<meta property=\"og:locale\" content=\"es_ES\" \/>\n<meta property=\"og:type\" content=\"article\" \/>\n<meta property=\"og:title\" content=\"DANIEL DEFENSE DDM4\u00aeV7\u00aeP  MIL SPEC +\u00ae - Bocum Defense Policial Militar\" \/>\n<meta property=\"og:description\" content=\"NO DISPONIBLE EN ESPA\u00d1A PARA PARTICULARES\u00a0  Este subfusil es altamente maniobrable y est\u00e1 equipado con un ca\u00f1\u00f3n de 10,3&quot; y el ra\u00edl MFR 9.0 para un manejo r\u00e1pido, preciso y confiable. Adem\u00e1s, ofrece compatibilidad con una amplia gama de dispositivos de boca y supresores de sonido, lo que permite una personalizaci\u00f3n a\u00fan mayor. Es una variante del DDM4V7s y viene equipado con el estabilizador de pistola SB Tactical SOB, el adaptador de culata plegable Law Tactical GEN3M, y se clasifica como un subfusil, no como un rifle de ca\u00f1\u00f3n corto.\" \/>\n<meta property=\"og:url\" content=\"https:\/\/bocumdefense.com\/policial-militar\/?post_type=product&amp;p=2123\" \/>\n<meta property=\"og:site_name\" content=\"Bocum Defense Policial Militar\" \/>\n<meta property=\"article:modified_time\" content=\"2023-08-29T11:45:06+00:00\" \/>\n<meta property=\"og:image\" content=\"https:\/\/bocumdefense.com\/policial-militar\/wp-content\/uploads\/2023\/04\/DDM4\u00aeV7\u00aeP-LAW-TACTICAL-MIL-SPEC-\u00ae-MAIN-2.jpg\" \/>\n\t<meta property=\"og:image:width\" content=\"1000\" \/>\n\t<meta property=\"og:image:height\" content=\"1000\" \/>\n\t<meta property=\"og:image:type\" content=\"image\/jpeg\" \/>\n<meta name=\"twitter:card\" content=\"summary_large_image\" \/>\n<meta name=\"twitter:label1\" content=\"Tiempo de lectura\" \/>\n\t<meta name=\"twitter:data1\" content=\"3 minutos\" \/>\n<script type=\"application\/ld+json\" class=\"yoast-schema-graph\">{\"@context\":\"https:\/\/schema.org\",\"@graph\":[{\"@type\":\"WebPage\",\"@id\":\"https:\/\/bocumdefense.com\/policial-militar\/?post_type=product&p=2123\",\"url\":\"https:\/\/bocumdefense.com\/policial-militar\/?post_type=product&p=2123\",\"name\":\"DANIEL DEFENSE DDM4\u00aeV7\u00aeP MIL SPEC +\u00ae - Bocum Defense Policial Militar\",\"isPartOf\":{\"@id\":\"https:\/\/bocumdefense.com\/policial-militar\/#website\"},\"datePublished\":\"2023-08-29T11:44:13+00:00\",\"dateModified\":\"2023-08-29T11:45:06+00:00\",\"breadcrumb\":{\"@id\":\"https:\/\/bocumdefense.com\/policial-militar\/?post_type=product&p=2123#breadcrumb\"},\"inLanguage\":\"es\",\"potentialAction\":[{\"@type\":\"ReadAction\",\"target\":[\"https:\/\/bocumdefense.com\/policial-militar\/?post_type=product&p=2123\"]}]},{\"@type\":\"BreadcrumbList\",\"@id\":\"https:\/\/bocumdefense.com\/policial-militar\/?post_type=product&p=2123#breadcrumb\",\"itemListElement\":[{\"@type\":\"ListItem\",\"position\":1,\"name\":\"Portada\",\"item\":\"https:\/\/bocumdefense.com\/policial-militar\/policial-militar\/\"},{\"@type\":\"ListItem\",\"position\":2,\"name\":\"Tienda\",\"item\":\"https:\/\/bocumdefense.com\/policial-militar\/tienda\/\"},{\"@type\":\"ListItem\",\"position\":3,\"name\":\"DANIEL DEFENSE DDM4\u00aeV7\u00aeP MIL SPEC +\u00ae\"}]},{\"@type\":\"WebSite\",\"@id\":\"https:\/\/bocumdefense.com\/policial-militar\/#website\",\"url\":\"https:\/\/bocumdefense.com\/policial-militar\/\",\"name\":\"Bocum Defense Policial Militar\",\"description\":\"\",\"potentialAction\":[{\"@type\":\"SearchAction\",\"target\":{\"@type\":\"EntryPoint\",\"urlTemplate\":\"https:\/\/bocumdefense.com\/policial-militar\/?s={search_term_string}\"},\"query-input\":\"required name=search_term_string\"}],\"inLanguage\":\"es\"}]}<\/script>\n<!-- \/ Yoast SEO plugin. -->","yoast_head_json":{"title":"DANIEL DEFENSE DDM4\u00aeV7\u00aeP  MIL SPEC +\u00ae - Bocum Defense Policial Militar","robots":{"index":"noindex","follow":"follow","max-snippet":"max-snippet:-1","max-image-preview":"max-image-preview:large","max-video-preview":"max-video-preview:-1"},"og_locale":"es_ES","og_type":"article","og_title":"DANIEL DEFENSE DDM4\u00aeV7\u00aeP  MIL SPEC +\u00ae - Bocum Defense Policial Militar","og_description":"NO DISPONIBLE EN ESPA\u00d1A PARA PARTICULARES\u00a0  Este subfusil es altamente maniobrable y est\u00e1 equipado con un ca\u00f1\u00f3n de 10,3\" y el ra\u00edl MFR 9.0 para un manejo r\u00e1pido, preciso y confiable. Adem\u00e1s, ofrece compatibilidad con una amplia gama de dispositivos de boca y supresores de sonido, lo que permite una personalizaci\u00f3n a\u00fan mayor. Es una variante del DDM4V7s y viene equipado con el estabilizador de pistola SB Tactical SOB, el adaptador de culata plegable Law Tactical GEN3M, y se clasifica como un subfusil, no como un rifle de ca\u00f1\u00f3n corto.","og_url":"https:\/\/bocumdefense.com\/policial-militar\/?post_type=product&p=2123","og_site_name":"Bocum Defense Policial Militar","article_modified_time":"2023-08-29T11:45:06+00:00","og_image":[{"width":1000,"height":1000,"url":"https:\/\/bocumdefense.com\/policial-militar\/wp-content\/uploads\/2023\/04\/DDM4\u00aeV7\u00aeP-LAW-TACTICAL-MIL-SPEC-\u00ae-MAIN-2.jpg","type":"image\/jpeg"}],"twitter_card":"summary_large_image","twitter_misc":{"Tiempo de lectura":"3 minutos"},"schema":{"@context":"https:\/\/schema.org","@graph":[{"@type":"WebPage","@id":"https:\/\/bocumdefense.com\/policial-militar\/?post_type=product&p=2123","url":"https:\/\/bocumdefense.com\/policial-militar\/?post_type=product&p=2123","name":"DANIEL DEFENSE DDM4\u00aeV7\u00aeP MIL SPEC +\u00ae - Bocum Defense Policial Militar","isPartOf":{"@id":"https:\/\/bocumdefense.com\/policial-militar\/#website"},"datePublished":"2023-08-29T11:44:13+00:00","dateModified":"2023-08-29T11:45:06+00:00","breadcrumb":{"@id":"https:\/\/bocumdefense.com\/policial-militar\/?post_type=product&p=2123#breadcrumb"},"inLanguage":"es","potentialAction":[{"@type":"ReadAction","target":["https:\/\/bocumdefense.com\/policial-militar\/?post_type=product&p=2123"]}]},{"@type":"BreadcrumbList","@id":"https:\/\/bocumdefense.com\/policial-militar\/?post_type=product&p=2123#breadcrumb","itemListElement":[{"@type":"ListItem","position":1,"name":"Portada","item":"https:\/\/bocumdefense.com\/policial-militar\/policial-militar\/"},{"@type":"ListItem","position":2,"name":"Tienda","item":"https:\/\/bocumdefense.com\/policial-militar\/tienda\/"},{"@type":"ListItem","position":3,"name":"DANIEL DEFENSE DDM4\u00aeV7\u00aeP MIL SPEC +\u00ae"}]},{"@type":"WebSite","@id":"https:\/\/bocumdefense.com\/policial-militar\/#website","url":"https:\/\/bocumdefense.com\/policial-militar\/","name":"Bocum Defense Policial Militar","description":"","potentialAction":[{"@type":"SearchAction","target":{"@type":"EntryPoint","urlTemplate":"https:\/\/bocumdefense.com\/policial-militar\/?s={search_term_string}"},"query-input":"required name=search_term_string"}],"inLanguage":"es"}]}},"_links":{"self":[{"href":"https:\/\/bocumdefense.com\/policial-militar\/wp-json\/wp\/v2\/product\/2123","targetHints":{"allow":["GET"]}}],"collection":[{"href":"https:\/\/bocumdefense.com\/policial-militar\/wp-json\/wp\/v2\/product"}],"about":[{"href":"https:\/\/bocumdefense.com\/policial-militar\/wp-json\/wp\/v2\/types\/product"}],"replies":[{"embeddable":true,"href":"https:\/\/bocumdefense.com\/policial-militar\/wp-json\/wp\/v2\/comments?post=2123"}],"wp:featuredmedia":[{"embeddable":true,"href":"https:\/\/bocumdefense.com\/policial-militar\/wp-json\/wp\/v2\/media\/2121"}],"wp:attachment":[{"href":"https:\/\/bocumdefense.com\/policial-militar\/wp-json\/wp\/v2\/media?parent=2123"}],"wp:term":[{"taxonomy":"product_cat","embeddable":true,"href":"https:\/\/bocumdefense.com\/policial-militar\/wp-json\/wp\/v2\/product_cat?post=2123"},{"taxonomy":"product_tag","embeddable":true,"href":"https:\/\/bocumdefense.com\/policial-militar\/wp-json\/wp\/v2\/product_tag?post=2123"}],"curies":[{"name":"wp","href":"https:\/\/api.w.org\/{rel}","templated":true}]}}