{"id":2062,"date":"2023-08-29T12:44:15","date_gmt":"2023-08-29T11:44:15","guid":{"rendered":"https:\/\/bocumdefense.com\/policial-militar\/?post_type=product&#038;p=2062"},"modified":"2023-08-29T12:45:08","modified_gmt":"2023-08-29T11:45:08","slug":"daniel-defense-mk18-upper-receiver-group-black","status":"publish","type":"product","link":"https:\/\/bocumdefense.com\/policial-militar\/producto\/daniel-defense-mk18-upper-receiver-group-black\/","title":{"rendered":"DANIEL DEFENSE MK18 UPPER RECEIVER GROUP   BLACK"},"content":{"rendered":"<h2 style=\"text-align: center;\"><strong>DETALLES\u00a0<\/strong><\/h2>\n<p>&nbsp;<\/p>\n<p>El ca\u00f1\u00f3n de 10,3 pulgadas forjado en fr\u00edo tiene la misma longitud que el del MK18, el cual es el m\u00e1s utilizado en operaciones de combate cercano (CQB). La asa de carga GRIP-N-RIP cuenta con ajuste independiente, permitiendo que tanto tiradores diestros como zurdos puedan adaptarse f\u00e1cilmente. Por \u00faltimo, todos los grupos de receptores superiores completos de Daniel Defense vienen con un grupo portador de cerrojo de perfil M16 de serie.<\/p>\n<p>&nbsp;<\/p>\n<p>&nbsp;<\/p>\n<h2 style=\"text-align: center;\"><strong>MATERIALES Y CONSTRUCCI\u00d3N\u00a0<\/strong><\/h2>\n<p>&nbsp;<\/p>\n<ul>\n<li><strong>RECEPTOR SUPERIOR:<\/strong> El receptor superior est\u00e1ndar Mil-Spec de Daniel Defense cuenta con marcas de indexaci\u00f3n y rampas de alimentaci\u00f3n M4 para un mejor funcionamiento. Est\u00e1 fabricado con mecanizado CNC de aluminio 7075-T6 y cuenta con un acabado anodizado de capa dura Tipo III.<\/li>\n<li><strong>CA\u00d1\u00d3N:<\/strong> Acero al Cromo Molibdeno Vanadio, forjado en fr\u00edo, torsi\u00f3n 1:7, perfil Government de 10.3&#8243; (26.16 cm), forrado en cromo, fosfatado pesado Mil-Spec y testado HP\/MPI.<\/li>\n<li><strong>SISTEMA DE GAS<\/strong>: El bloque de gas de perfil bajo de Daniel Defense est\u00e1 mecanizado por CNC en acero 4140 endurecido con un recubrimiento Mil-Spec de fosfato pesado. Tiene una longitud de carabina y tiene un impacto directo.<\/li>\n<li><strong>DISPOSITIVO DE LA BOCA:<\/strong> El Supresor de Flash de Daniel Defense ha sido elaborado con acero inoxidable 17-4 PH y presenta un acabado en nitruro de ba\u00f1o de sal.<\/li>\n<li><strong>GRUPO PORTA CERROJO:<\/strong> El grupo portador de cerrojo cuenta con un perfil M16, es de especificaci\u00f3n militar (Mil-Spec), ha sido sometido a pruebas MP y est\u00e1 cromado. La llave de gas est\u00e1 debidamente estacada para garantizar su correcto funcionamiento.<\/li>\n<li><strong>MIRAS:<\/strong> <strong>SE VENDEN POR SEPARADO.<\/strong><\/li>\n<li><strong>GUARDAMANOS:<\/strong> El guardamanos RIS II MK18 de Daniel Defense ha sido fabricado mediante mecanizado CNC a partir de aluminio 6061-T6 y posee un acabado anodizado duro Tipo III.<\/li>\n<li><strong>PALANCA DE CARGA:<\/strong> El mango de carga GRIP-N-RIP presenta un cuerpo fabricado mediante mecanizado CNC de aluminio 7076-T6, mientras que los mangos y el pestillo est\u00e1n elaborados con aluminio 6061-T6. Los pasadores est\u00e1n fabricados con acero inoxidable y el conjunto est\u00e1 acabado con un anodizado de capa dura Tipo III.<\/li>\n<li><strong>PANELES DE RIEL<\/strong>: Los paneles del riel de Daniel Defense est\u00e1n fabricados con Santoprene, un material resistente al calor que puede soportar temperaturas de hasta 300\u00b0F (148.88\u00b0C).<\/li>\n<li><strong>Fabricado en EE.UU<\/strong><\/li>\n<\/ul>\n","protected":false},"excerpt":{"rendered":"<p><strong><span style=\"color: #ff0000;\">NO DISPONIBLE EN ESPA\u00d1A PARA PARTICULARES\u00a0<\/span><\/strong><\/p>\n<p>El MK18 AR15 estilo Upper Receiver Group es inigualable en tama\u00f1o, peso y rendimiento, y cuenta con el carril picatinny quad Daniel Defense proporciona a USSOCOM.<\/p>\n","protected":false},"featured_media":2063,"comment_status":"open","ping_status":"closed","template":"","meta":{"_et_pb_use_builder":"","_et_pb_old_content":"","_et_gb_content_width":"","inline_featured_image":false},"product_cat":[458,167],"product_tag":[27],"class_list":["post-2062","product","type-product","status-publish","has-post-thumbnail","hentry","product_cat-armas-pm","product_cat-policial-militar","product_tag-rojo"],"yoast_head":"<!-- This site is optimized with the Yoast SEO plugin v20.8 - https:\/\/yoast.com\/wordpress\/plugins\/seo\/ -->\n<title>DANIEL DEFENSE MK18 UPPER RECEIVER GROUP  BLACK - Bocum Defense Policial Militar<\/title>\n<meta name=\"robots\" content=\"noindex, follow, max-snippet:-1, max-image-preview:large, max-video-preview:-1\" \/>\n<meta property=\"og:locale\" content=\"es_ES\" \/>\n<meta property=\"og:type\" content=\"article\" \/>\n<meta property=\"og:title\" content=\"DANIEL DEFENSE MK18 UPPER RECEIVER GROUP  BLACK - Bocum Defense Policial Militar\" \/>\n<meta property=\"og:description\" content=\"NO DISPONIBLE EN ESPA\u00d1A PARA PARTICULARES\u00a0  El MK18 AR15 estilo Upper Receiver Group es inigualable en tama\u00f1o, peso y rendimiento, y cuenta con el carril picatinny quad Daniel Defense proporciona a USSOCOM.\" \/>\n<meta property=\"og:url\" content=\"https:\/\/bocumdefense.com\/policial-militar\/?post_type=product&amp;p=2062\" \/>\n<meta property=\"og:site_name\" content=\"Bocum Defense Policial Militar\" \/>\n<meta property=\"article:modified_time\" content=\"2023-08-29T11:45:08+00:00\" \/>\n<meta property=\"og:image\" content=\"https:\/\/bocumdefense.com\/policial-militar\/wp-content\/uploads\/2023\/04\/DANIEL-DEFENSE-MK18-UPPER-RECEIVER-GROUP-BLACK-MAIN.jpg\" \/>\n\t<meta property=\"og:image:width\" content=\"1000\" \/>\n\t<meta property=\"og:image:height\" content=\"1000\" \/>\n\t<meta property=\"og:image:type\" content=\"image\/jpeg\" \/>\n<meta name=\"twitter:card\" content=\"summary_large_image\" \/>\n<meta name=\"twitter:label1\" content=\"Tiempo de lectura\" \/>\n\t<meta name=\"twitter:data1\" content=\"2 minutos\" \/>\n<script type=\"application\/ld+json\" class=\"yoast-schema-graph\">{\"@context\":\"https:\/\/schema.org\",\"@graph\":[{\"@type\":\"WebPage\",\"@id\":\"https:\/\/bocumdefense.com\/policial-militar\/?post_type=product&p=2062\",\"url\":\"https:\/\/bocumdefense.com\/policial-militar\/?post_type=product&p=2062\",\"name\":\"DANIEL DEFENSE MK18 UPPER RECEIVER GROUP BLACK - Bocum Defense Policial Militar\",\"isPartOf\":{\"@id\":\"https:\/\/bocumdefense.com\/policial-militar\/#website\"},\"datePublished\":\"2023-08-29T11:44:15+00:00\",\"dateModified\":\"2023-08-29T11:45:08+00:00\",\"breadcrumb\":{\"@id\":\"https:\/\/bocumdefense.com\/policial-militar\/?post_type=product&p=2062#breadcrumb\"},\"inLanguage\":\"es\",\"potentialAction\":[{\"@type\":\"ReadAction\",\"target\":[\"https:\/\/bocumdefense.com\/policial-militar\/?post_type=product&p=2062\"]}]},{\"@type\":\"BreadcrumbList\",\"@id\":\"https:\/\/bocumdefense.com\/policial-militar\/?post_type=product&p=2062#breadcrumb\",\"itemListElement\":[{\"@type\":\"ListItem\",\"position\":1,\"name\":\"Portada\",\"item\":\"https:\/\/bocumdefense.com\/policial-militar\/policial-militar\/\"},{\"@type\":\"ListItem\",\"position\":2,\"name\":\"Tienda\",\"item\":\"https:\/\/bocumdefense.com\/policial-militar\/tienda\/\"},{\"@type\":\"ListItem\",\"position\":3,\"name\":\"DANIEL DEFENSE MK18 UPPER RECEIVER GROUP BLACK\"}]},{\"@type\":\"WebSite\",\"@id\":\"https:\/\/bocumdefense.com\/policial-militar\/#website\",\"url\":\"https:\/\/bocumdefense.com\/policial-militar\/\",\"name\":\"Bocum Defense Policial Militar\",\"description\":\"\",\"potentialAction\":[{\"@type\":\"SearchAction\",\"target\":{\"@type\":\"EntryPoint\",\"urlTemplate\":\"https:\/\/bocumdefense.com\/policial-militar\/?s={search_term_string}\"},\"query-input\":\"required name=search_term_string\"}],\"inLanguage\":\"es\"}]}<\/script>\n<!-- \/ Yoast SEO plugin. -->","yoast_head_json":{"title":"DANIEL DEFENSE MK18 UPPER RECEIVER GROUP  BLACK - Bocum Defense Policial Militar","robots":{"index":"noindex","follow":"follow","max-snippet":"max-snippet:-1","max-image-preview":"max-image-preview:large","max-video-preview":"max-video-preview:-1"},"og_locale":"es_ES","og_type":"article","og_title":"DANIEL DEFENSE MK18 UPPER RECEIVER GROUP  BLACK - Bocum Defense Policial Militar","og_description":"NO DISPONIBLE EN ESPA\u00d1A PARA PARTICULARES\u00a0  El MK18 AR15 estilo Upper Receiver Group es inigualable en tama\u00f1o, peso y rendimiento, y cuenta con el carril picatinny quad Daniel Defense proporciona a USSOCOM.","og_url":"https:\/\/bocumdefense.com\/policial-militar\/?post_type=product&p=2062","og_site_name":"Bocum Defense Policial Militar","article_modified_time":"2023-08-29T11:45:08+00:00","og_image":[{"width":1000,"height":1000,"url":"https:\/\/bocumdefense.com\/policial-militar\/wp-content\/uploads\/2023\/04\/DANIEL-DEFENSE-MK18-UPPER-RECEIVER-GROUP-BLACK-MAIN.jpg","type":"image\/jpeg"}],"twitter_card":"summary_large_image","twitter_misc":{"Tiempo de lectura":"2 minutos"},"schema":{"@context":"https:\/\/schema.org","@graph":[{"@type":"WebPage","@id":"https:\/\/bocumdefense.com\/policial-militar\/?post_type=product&p=2062","url":"https:\/\/bocumdefense.com\/policial-militar\/?post_type=product&p=2062","name":"DANIEL DEFENSE MK18 UPPER RECEIVER GROUP BLACK - Bocum Defense Policial Militar","isPartOf":{"@id":"https:\/\/bocumdefense.com\/policial-militar\/#website"},"datePublished":"2023-08-29T11:44:15+00:00","dateModified":"2023-08-29T11:45:08+00:00","breadcrumb":{"@id":"https:\/\/bocumdefense.com\/policial-militar\/?post_type=product&p=2062#breadcrumb"},"inLanguage":"es","potentialAction":[{"@type":"ReadAction","target":["https:\/\/bocumdefense.com\/policial-militar\/?post_type=product&p=2062"]}]},{"@type":"BreadcrumbList","@id":"https:\/\/bocumdefense.com\/policial-militar\/?post_type=product&p=2062#breadcrumb","itemListElement":[{"@type":"ListItem","position":1,"name":"Portada","item":"https:\/\/bocumdefense.com\/policial-militar\/policial-militar\/"},{"@type":"ListItem","position":2,"name":"Tienda","item":"https:\/\/bocumdefense.com\/policial-militar\/tienda\/"},{"@type":"ListItem","position":3,"name":"DANIEL DEFENSE MK18 UPPER RECEIVER GROUP BLACK"}]},{"@type":"WebSite","@id":"https:\/\/bocumdefense.com\/policial-militar\/#website","url":"https:\/\/bocumdefense.com\/policial-militar\/","name":"Bocum Defense Policial Militar","description":"","potentialAction":[{"@type":"SearchAction","target":{"@type":"EntryPoint","urlTemplate":"https:\/\/bocumdefense.com\/policial-militar\/?s={search_term_string}"},"query-input":"required name=search_term_string"}],"inLanguage":"es"}]}},"_links":{"self":[{"href":"https:\/\/bocumdefense.com\/policial-militar\/wp-json\/wp\/v2\/product\/2062","targetHints":{"allow":["GET"]}}],"collection":[{"href":"https:\/\/bocumdefense.com\/policial-militar\/wp-json\/wp\/v2\/product"}],"about":[{"href":"https:\/\/bocumdefense.com\/policial-militar\/wp-json\/wp\/v2\/types\/product"}],"replies":[{"embeddable":true,"href":"https:\/\/bocumdefense.com\/policial-militar\/wp-json\/wp\/v2\/comments?post=2062"}],"wp:featuredmedia":[{"embeddable":true,"href":"https:\/\/bocumdefense.com\/policial-militar\/wp-json\/wp\/v2\/media\/2063"}],"wp:attachment":[{"href":"https:\/\/bocumdefense.com\/policial-militar\/wp-json\/wp\/v2\/media?parent=2062"}],"wp:term":[{"taxonomy":"product_cat","embeddable":true,"href":"https:\/\/bocumdefense.com\/policial-militar\/wp-json\/wp\/v2\/product_cat?post=2062"},{"taxonomy":"product_tag","embeddable":true,"href":"https:\/\/bocumdefense.com\/policial-militar\/wp-json\/wp\/v2\/product_tag?post=2062"}],"curies":[{"name":"wp","href":"https:\/\/api.w.org\/{rel}","templated":true}]}}