{"id":1147,"date":"2023-08-29T12:44:18","date_gmt":"2023-08-29T11:44:18","guid":{"rendered":"https:\/\/bocumdefense.com\/policial-militar\/?post_type=product&#038;p=1147"},"modified":"2023-10-26T10:04:11","modified_gmt":"2023-10-26T09:04:11","slug":"daniel-defense-mk18-riii-upper-receiver-group","status":"publish","type":"product","link":"https:\/\/bocumdefense.com\/policial-militar\/producto\/daniel-defense-mk18-riii-upper-receiver-group\/","title":{"rendered":"DANIEL DEFENSE MK18 RIII\u2122 UPPER RECEIVER GROUP   FDE"},"content":{"rendered":"<h2 style=\"text-align: center;\"><strong>DETALLES\u00a0<\/strong><\/h2>\n<p>&nbsp;<\/p>\n<p>Este grupo receptor est\u00e1 dise\u00f1ado alrededor de un ca\u00f1\u00f3n de 10,3 pulgadas, forjado a martillo en frio con perfil, M4, un Supresor de Flash de Daniel Defense, una palanca de carga GRIP-N-RIP y el sistema de gas de longitud de carabina. Adem\u00e1s, cuenta con un ligero carril de 9,5 pulgadas RIS III, modelado despu\u00e9s del revolucionario guardamanos de dos piezas RIS II desarrollado para el Mando de Operaciones Especiales de los Estados Unidos (SOCOM), que cuenta con fijaci\u00f3n M-LOK para un peso m\u00e1s ligero.<strong>Todos los grupos de receptores superiores completos de Daniel Defense incluyen de serie un grupo portador de cerrojo de perfil M16.<\/strong><\/p>\n<p>&nbsp;<\/p>\n<h2 style=\"text-align: center;\"><strong>MATERIALES Y CONSTRUCCI\u00d3N\u00a0<\/strong><\/h2>\n<p>&nbsp;<\/p>\n<ul>\n<li><strong>RECEPTOR SUPERIOR:<\/strong> El producto cuenta con marcas de indexaci\u00f3n y rampas de alimentaci\u00f3n M4 que cumplen con la norma militar Mil-Spec. Adem\u00e1s, est\u00e1 mecanizado mediante CNC en aluminio 7075-T6 y cuenta con un anodizado de capa dura Tipo III.<\/li>\n<li><strong>CA\u00d1\u00d3N<\/strong>:\u00a0Cuenta con un acero de Cromo Molibdeno Vanadio, forjado en fr\u00edo, y una torsi\u00f3n de 1:7. Su perfil es Government y tiene una longitud de 10.3 pulgadas, adem\u00e1s de estar forrado en cromo y fosfatado pesado seg\u00fan la norma militar Mil-Spec. Tambi\u00e9n ha sido construido mediante las pruebas HP\/MPI.<\/li>\n<li><strong>SISTEMA DE GAS:\u00a0<\/strong>El bloque de gas es de perfil bajo y ha sido mecanizado mediante CNC en acero 4140 endurecido. Adem\u00e1s, cuenta con un recubrimiento de fosfato pesado Mil-Spec. Es de longitud de carabina y de impacto directo.<\/li>\n<li><strong>DISPOSITIVO DE LA BOCA:\u00a0<\/strong>El Supresor de Flash de Daniel Defense est\u00e1 fabricado en acero inoxidable 17-4 PH y cuenta con un acabado de nitruro de ba\u00f1o de sal.\n<div class=\"group w-full text-gray-800 dark:text-gray-100 border-b border-black\/10 dark:border-gray-900\/50 bg-gray-50 dark:bg-[#444654]\">\n<div class=\"text-base gap-4 md:gap-6 md:max-w-2xl lg:max-w-xl xl:max-w-3xl p-4 md:py-6 flex lg:px-0 m-auto\">\n<div class=\"relative flex w-[calc(100%-50px)] flex-col gap-1 md:gap-3 lg:w-[calc(100%-115px)]\"><\/div>\n<\/div>\n<\/div>\n<\/li>\n<li><strong>GRUPO PORTA CERROJO:<\/strong>\u00a0Cuenta con un perfil M16 y ha sido testado seg\u00fan la norma militar Mil-Spec MP. Adem\u00e1s, est\u00e1 cromado y la llave de gas ha sido debidamente estacada.<\/li>\n<li><strong>MIRAS:<\/strong> <strong>SE VENDEN POR SEPRARADO.<\/strong><\/li>\n<li><strong>GUARDAMANO:\u00a0<\/strong>El sistema patentado Daniel Defense RIS III 9.5 cuenta con un mecanismo de fijaci\u00f3n de 6 pernos y est\u00e1 fabricado en aluminio 6061-T6 mediante mecanizado CNC. Adem\u00e1s, su acabado es FDE.<\/li>\n<li><strong>MANGO DE CARGA<\/strong>: La palanca de carga GRIP-N-RIP cuenta con un cuerpo mecanizado CNC de aluminio 7076-T6, as\u00ed como manijas y pestillo mecanizados CNC de aluminio 6061-T6. Adem\u00e1s, los pasadores utilizados son de acero inoxidable y cuenta con un acabado de adonizado de capa dura tipo III.<\/li>\n<li><strong>Fabricado en EE.UU.<\/strong><\/li>\n<\/ul>\n<div class=\"group w-full text-gray-800 dark:text-gray-100 border-b border-black\/10 dark:border-gray-900\/50 bg-gray-50 dark:bg-[#444654]\">\n<div class=\"text-base gap-4 md:gap-6 md:max-w-2xl lg:max-w-xl xl:max-w-3xl p-4 md:py-6 flex lg:px-0 m-auto\">\n<div class=\"relative flex w-[calc(100%-50px)] flex-col gap-1 md:gap-3 lg:w-[calc(100%-115px)]\">\n<div class=\"flex justify-between lg:block\"><\/div>\n<\/div>\n<\/div>\n<\/div>\n<div class=\"group w-full text-gray-800 dark:text-gray-100 border-b border-black\/10 dark:border-gray-900\/50 bg-gray-50 dark:bg-[#444654]\">\n<div class=\"text-base gap-4 md:gap-6 md:max-w-2xl lg:max-w-xl xl:max-w-3xl p-4 md:py-6 flex lg:px-0 m-auto\">\n<div class=\"relative flex w-[calc(100%-50px)] flex-col gap-1 md:gap-3 lg:w-[calc(100%-115px)]\">\n<div class=\"flex flex-grow flex-col gap-3\">\n<div class=\"min-h-[20px] flex flex-col items-start gap-4 whitespace-pre-wrap\">\n<div class=\"markdown prose w-full break-words dark:prose-invert dark\"><\/div>\n<\/div>\n<\/div>\n<\/div>\n<\/div>\n<\/div>\n<p>&nbsp;<\/p>\n","protected":false},"excerpt":{"rendered":"<p><strong><span style=\"color: #ff0000;\">NO DISPONIBLE EN ESPA\u00d1A PARA PARTICULARES\u00a0<\/span><\/strong><\/p>\n<p>El grupo receptor superior estilo AR15 MK18 RIII\u2122 de Daniel Defense es una opci\u00f3n incomparable en cuanto a tama\u00f1o, peso y rendimiento.<\/p>\n","protected":false},"featured_media":1224,"comment_status":"open","ping_status":"closed","template":"","meta":{"_et_pb_use_builder":"","_et_pb_old_content":"","_et_gb_content_width":"","inline_featured_image":false},"product_cat":[458,167],"product_tag":[27],"class_list":["post-1147","product","type-product","status-publish","has-post-thumbnail","hentry","product_cat-armas-pm","product_cat-policial-militar","product_tag-rojo"],"yoast_head":"<!-- This site is optimized with the Yoast SEO plugin v20.8 - https:\/\/yoast.com\/wordpress\/plugins\/seo\/ -->\n<title>DANIEL DEFENSE MK18 RIII\u2122 UPPER RECEIVER GROUP  FDE - Bocum Defense Policial Militar<\/title>\n<meta name=\"robots\" content=\"noindex, nofollow\" \/>\n<meta property=\"og:locale\" content=\"es_ES\" \/>\n<meta property=\"og:type\" content=\"article\" \/>\n<meta property=\"og:title\" content=\"DANIEL DEFENSE MK18 RIII\u2122 UPPER RECEIVER GROUP  FDE - Bocum Defense Policial Militar\" \/>\n<meta property=\"og:description\" content=\"NO DISPONIBLE EN ESPA\u00d1A PARA PARTICULARES\u00a0  El grupo receptor superior estilo AR15 MK18 RIII\u2122 de Daniel Defense es una opci\u00f3n incomparable en cuanto a tama\u00f1o, peso y rendimiento.\" \/>\n<meta property=\"og:url\" content=\"https:\/\/bocumdefense.com\/policial-militar\/producto\/daniel-defense-mk18-riii-upper-receiver-group\/\" \/>\n<meta property=\"og:site_name\" content=\"Bocum Defense Policial Militar\" \/>\n<meta property=\"article:modified_time\" content=\"2023-10-26T09:04:11+00:00\" \/>\n<meta property=\"og:image\" content=\"https:\/\/bocumdefense.com\/policial-militar\/wp-content\/uploads\/2023\/02\/MK18-RIII\u2122-UPPER-RECEIVER-GROUP-MAIN.jpg\" \/>\n\t<meta property=\"og:image:width\" content=\"1000\" \/>\n\t<meta property=\"og:image:height\" content=\"1000\" \/>\n\t<meta property=\"og:image:type\" content=\"image\/jpeg\" \/>\n<meta name=\"twitter:card\" content=\"summary_large_image\" \/>\n<meta name=\"twitter:label1\" content=\"Tiempo de lectura\" \/>\n\t<meta name=\"twitter:data1\" content=\"2 minutos\" \/>\n<script type=\"application\/ld+json\" class=\"yoast-schema-graph\">{\"@context\":\"https:\/\/schema.org\",\"@graph\":[{\"@type\":\"WebPage\",\"@id\":\"https:\/\/bocumdefense.com\/policial-militar\/producto\/daniel-defense-mk18-riii-upper-receiver-group\/\",\"url\":\"https:\/\/bocumdefense.com\/policial-militar\/producto\/daniel-defense-mk18-riii-upper-receiver-group\/\",\"name\":\"DANIEL DEFENSE MK18 RIII\u2122 UPPER RECEIVER GROUP FDE - Bocum Defense Policial Militar\",\"isPartOf\":{\"@id\":\"https:\/\/bocumdefense.com\/policial-militar\/#website\"},\"datePublished\":\"2023-08-29T11:44:18+00:00\",\"dateModified\":\"2023-10-26T09:04:11+00:00\",\"breadcrumb\":{\"@id\":\"https:\/\/bocumdefense.com\/policial-militar\/producto\/daniel-defense-mk18-riii-upper-receiver-group\/#breadcrumb\"},\"inLanguage\":\"es\",\"potentialAction\":[{\"@type\":\"ReadAction\",\"target\":[\"https:\/\/bocumdefense.com\/policial-militar\/producto\/daniel-defense-mk18-riii-upper-receiver-group\/\"]}]},{\"@type\":\"BreadcrumbList\",\"@id\":\"https:\/\/bocumdefense.com\/policial-militar\/producto\/daniel-defense-mk18-riii-upper-receiver-group\/#breadcrumb\",\"itemListElement\":[{\"@type\":\"ListItem\",\"position\":1,\"name\":\"Portada\",\"item\":\"https:\/\/bocumdefense.com\/policial-militar\/policial-militar\/\"},{\"@type\":\"ListItem\",\"position\":2,\"name\":\"Tienda\",\"item\":\"https:\/\/bocumdefense.com\/policial-militar\/tienda\/\"},{\"@type\":\"ListItem\",\"position\":3,\"name\":\"DANIEL DEFENSE MK18 RIII\u2122 UPPER RECEIVER GROUP FDE\"}]},{\"@type\":\"WebSite\",\"@id\":\"https:\/\/bocumdefense.com\/policial-militar\/#website\",\"url\":\"https:\/\/bocumdefense.com\/policial-militar\/\",\"name\":\"Bocum Defense Policial Militar\",\"description\":\"\",\"potentialAction\":[{\"@type\":\"SearchAction\",\"target\":{\"@type\":\"EntryPoint\",\"urlTemplate\":\"https:\/\/bocumdefense.com\/policial-militar\/?s={search_term_string}\"},\"query-input\":\"required name=search_term_string\"}],\"inLanguage\":\"es\"}]}<\/script>\n<!-- \/ Yoast SEO plugin. -->","yoast_head_json":{"title":"DANIEL DEFENSE MK18 RIII\u2122 UPPER RECEIVER GROUP  FDE - Bocum Defense Policial Militar","robots":{"index":"noindex","follow":"nofollow"},"og_locale":"es_ES","og_type":"article","og_title":"DANIEL DEFENSE MK18 RIII\u2122 UPPER RECEIVER GROUP  FDE - Bocum Defense Policial Militar","og_description":"NO DISPONIBLE EN ESPA\u00d1A PARA PARTICULARES\u00a0  El grupo receptor superior estilo AR15 MK18 RIII\u2122 de Daniel Defense es una opci\u00f3n incomparable en cuanto a tama\u00f1o, peso y rendimiento.","og_url":"https:\/\/bocumdefense.com\/policial-militar\/producto\/daniel-defense-mk18-riii-upper-receiver-group\/","og_site_name":"Bocum Defense Policial Militar","article_modified_time":"2023-10-26T09:04:11+00:00","og_image":[{"width":1000,"height":1000,"url":"https:\/\/bocumdefense.com\/policial-militar\/wp-content\/uploads\/2023\/02\/MK18-RIII\u2122-UPPER-RECEIVER-GROUP-MAIN.jpg","type":"image\/jpeg"}],"twitter_card":"summary_large_image","twitter_misc":{"Tiempo de lectura":"2 minutos"},"schema":{"@context":"https:\/\/schema.org","@graph":[{"@type":"WebPage","@id":"https:\/\/bocumdefense.com\/policial-militar\/producto\/daniel-defense-mk18-riii-upper-receiver-group\/","url":"https:\/\/bocumdefense.com\/policial-militar\/producto\/daniel-defense-mk18-riii-upper-receiver-group\/","name":"DANIEL DEFENSE MK18 RIII\u2122 UPPER RECEIVER GROUP FDE - Bocum Defense Policial Militar","isPartOf":{"@id":"https:\/\/bocumdefense.com\/policial-militar\/#website"},"datePublished":"2023-08-29T11:44:18+00:00","dateModified":"2023-10-26T09:04:11+00:00","breadcrumb":{"@id":"https:\/\/bocumdefense.com\/policial-militar\/producto\/daniel-defense-mk18-riii-upper-receiver-group\/#breadcrumb"},"inLanguage":"es","potentialAction":[{"@type":"ReadAction","target":["https:\/\/bocumdefense.com\/policial-militar\/producto\/daniel-defense-mk18-riii-upper-receiver-group\/"]}]},{"@type":"BreadcrumbList","@id":"https:\/\/bocumdefense.com\/policial-militar\/producto\/daniel-defense-mk18-riii-upper-receiver-group\/#breadcrumb","itemListElement":[{"@type":"ListItem","position":1,"name":"Portada","item":"https:\/\/bocumdefense.com\/policial-militar\/policial-militar\/"},{"@type":"ListItem","position":2,"name":"Tienda","item":"https:\/\/bocumdefense.com\/policial-militar\/tienda\/"},{"@type":"ListItem","position":3,"name":"DANIEL DEFENSE MK18 RIII\u2122 UPPER RECEIVER GROUP FDE"}]},{"@type":"WebSite","@id":"https:\/\/bocumdefense.com\/policial-militar\/#website","url":"https:\/\/bocumdefense.com\/policial-militar\/","name":"Bocum Defense Policial Militar","description":"","potentialAction":[{"@type":"SearchAction","target":{"@type":"EntryPoint","urlTemplate":"https:\/\/bocumdefense.com\/policial-militar\/?s={search_term_string}"},"query-input":"required name=search_term_string"}],"inLanguage":"es"}]}},"_links":{"self":[{"href":"https:\/\/bocumdefense.com\/policial-militar\/wp-json\/wp\/v2\/product\/1147","targetHints":{"allow":["GET"]}}],"collection":[{"href":"https:\/\/bocumdefense.com\/policial-militar\/wp-json\/wp\/v2\/product"}],"about":[{"href":"https:\/\/bocumdefense.com\/policial-militar\/wp-json\/wp\/v2\/types\/product"}],"replies":[{"embeddable":true,"href":"https:\/\/bocumdefense.com\/policial-militar\/wp-json\/wp\/v2\/comments?post=1147"}],"wp:featuredmedia":[{"embeddable":true,"href":"https:\/\/bocumdefense.com\/policial-militar\/wp-json\/wp\/v2\/media\/1224"}],"wp:attachment":[{"href":"https:\/\/bocumdefense.com\/policial-militar\/wp-json\/wp\/v2\/media?parent=1147"}],"wp:term":[{"taxonomy":"product_cat","embeddable":true,"href":"https:\/\/bocumdefense.com\/policial-militar\/wp-json\/wp\/v2\/product_cat?post=1147"},{"taxonomy":"product_tag","embeddable":true,"href":"https:\/\/bocumdefense.com\/policial-militar\/wp-json\/wp\/v2\/product_tag?post=1147"}],"curies":[{"name":"wp","href":"https:\/\/api.w.org\/{rel}","templated":true}]}}