{"id":1144,"date":"2023-08-29T12:44:18","date_gmt":"2023-08-29T11:44:18","guid":{"rendered":"https:\/\/bocumdefense.com\/policial-militar\/?post_type=product&#038;p=1144"},"modified":"2023-08-29T12:45:10","modified_gmt":"2023-08-29T11:45:10","slug":"daniel-defense-mk18-pistol-law-tactical","status":"publish","type":"product","link":"https:\/\/bocumdefense.com\/policial-militar\/producto\/daniel-defense-mk18-pistol-law-tactical\/","title":{"rendered":"DANIEL DEFENSE MK18 PISTOL (LAW TACTICAL)"},"content":{"rendered":"<h2 style=\"text-align: center;\"><strong>DETALLES\u00a0<\/strong><\/h2>\n<p>&nbsp;<\/p>\n<p>Si est\u00e1s en busca de una pistola de alta calidad, no busques m\u00e1s all\u00e1 del Daniel Defense MK18. A diferencia de los rifles de ca\u00f1\u00f3n corto, esta arma es clasificada como una pistola, lo que la hace m\u00e1s accesible y f\u00e1cil de adquirir.\u00a0El MK18 Pistol de Daniel Defense cuenta con el prestigioso carril picatinny quad suministrado actualmente al USSOCOM, y un ca\u00f1\u00f3n forjado a martillo en fr\u00edo de 10,3 pulgadas, la misma longitud que se utiliza com\u00fanmente en operaciones CQB (combate en espacios cerrados). El MK18 RISII cuenta con el sistema Bolt-Up, que ha sido sometido a rigurosas pruebas por el USSOCOM antes de su lanzamiento, asegurando su fiabilidad y resistencia.\u00a0<strong>La palanca de carga GRIP-N-RIP, dise\u00f1ada para adaptarse a tiradores tanto diestros como zurdos, es una caracter\u00edstica \u00fanica de esta pistola, brindando una experiencia de disparo sin igual. Adem\u00e1s, la empu\u00f1adura ergon\u00f3mica Daniel Defense Pistol completa el dise\u00f1o de alta calidad de este arma.<\/strong><\/p>\n<p>&nbsp;<\/p>\n<h2 style=\"text-align: center;\"><strong>MATERIALES Y CONSTRUCCI\u00d3N\u00a0<\/strong><\/h2>\n<p>&nbsp;<\/p>\n<ul>\n<li><strong>RECEPTOR INFERIOR:<\/strong> Mil-Spec con cargador acampanado mejorado y punto de enganche QD en el receptor trasero. Mecanizado CNC de Aluminio 7075-T6, Anodizado de Capa Dura Tipo III.<\/li>\n<li><strong>RECEPTOR SUPERIOR:<\/strong> Mil-Spec con marcas de indexaci\u00f3n y rampas de alimentaci\u00f3n M4. Mecanizado CNC de Aluminio 7075-T6, Anodizado de Capa Dura Tipo III.<\/li>\n<li><strong>CA\u00d1\u00d3N:<\/strong> Acero al cromo molibdeno vanadio, forjado en fr\u00edo, torsi\u00f3n 1:7, perfil militar de 10,3&#8243;, revestido de cromo, fosfatado pesado Mil-Spec y probado HP\/MPI.<\/li>\n<li><strong>SISTEMA DE GAS:<\/strong> Bloque de gas de perfil bajo mecanizado por CNC en acero 4140 endurecido con recubrimiento Mil-Spec de fosfato pesado, longitud de pistola, de impacto directo.<\/li>\n<li><strong>DISPOSITIVO MUZZLE:<\/strong> Supresor de Flash Daniel Defense, Acero Inoxidable 17-4 PH, Acabado de Nitruro de Ba\u00f1o de Sal.<\/li>\n<li><strong>GRUPO PORTABULONES<\/strong>: Perfil M16, Mil-Spec MP Tested, Cromado, Llave de Gas debidamente estacada.<\/li>\n<li><strong>BUFFER:<\/strong> Buffer H.<\/li>\n<li><strong>GUARDAMANOS:<\/strong> Daniel Defense MK18 RIS II, Mecanizado CNC de Aluminio 6061-T6, Tipo III Anodizado Duro, FDE.<\/li>\n<li><strong>MANGO DE CARGA:<\/strong> GRIP-N-RIP Mango de Carga, Cuerpo Mecanizado CNC de Aluminio 7075-T6, Manijas y Pestillo Mecanizados CNC de Aluminio 6061-T6, Pasadores de Acero Inoxidable, Tipo III Anodizado Duro.<\/li>\n<li><strong>EXTENSION DE RECEPTOR:<\/strong> Extensi\u00f3n de Receptor de Pistola AR, Adaptador Plegable Law Tactical GEN3M.<\/li>\n<li><strong>ABRAZADERA:<\/strong> SB-Tactical SOB Estabilizador de pistol.<\/li>\n<li><strong>PALANCA DE PISTOLA:<\/strong> Daniel Defense Pistol Grip, Glass Filled Polymer with Soft Touch Overmolding, Mil Spec + (Marr\u00f3n).<\/li>\n<li><strong>PANELES DE RIEL<\/strong>: Daniel Defense Rail Panels hecho de Santoprene, resistente al calor a 300 \u00b0 F (148.88 \u00b0 C).<\/li>\n<li><strong>Fabricado en USA.\u00a0<\/strong><\/li>\n<\/ul>\n<p>&nbsp;<\/p>\n<h2 style=\"text-align: center;\"><strong>CARACTER\u00cdSTICAS\u00a0<\/strong><\/h2>\n<p>&nbsp;<\/p>\n<p>&nbsp;<\/p>\n<p><img loading=\"lazy\" decoding=\"async\" class=\"wp-image-1969 size-large aligncenter\" src=\"https:\/\/bocumdefense.com\/policial-militar\/policial-militar\/wp-content\/uploads\/2023\/02\/mk18_illustration_sob_1-1024x236.jpg\" alt=\"\" width=\"1024\" height=\"236\" srcset=\"https:\/\/bocumdefense.com\/policial-militar\/policial-militar\/wp-content\/uploads\/2023\/02\/mk18_illustration_sob_1-980x226.jpg 980w, https:\/\/bocumdefense.com\/policial-militar\/policial-militar\/wp-content\/uploads\/2023\/02\/mk18_illustration_sob_1-480x111.jpg 480w\" sizes=\"(min-width: 0px) and (max-width: 480px) 480px, (min-width: 481px) and (max-width: 980px) 980px, (min-width: 981px) 1024px, 100vw\" \/><\/p>\n<p>&nbsp;<\/p>\n<p>&nbsp;<\/p>\n<p>&nbsp;<\/p>\n<p>&nbsp;<\/p>\n<ol>\n<li><strong>DISPOSITIVO MUZZLE<\/strong>:\u00a0Dise\u00f1o mejorado que reduce la firma del fogonazo en comparaci\u00f3n con la tradicional jaula A2 para armas de fuego de estilo AR15.<\/li>\n<li><strong>CA\u00d1\u00d3N FORJADO A MARTILLO FR\u00cdO:<\/strong>\u00a0Proceso de presi\u00f3n hidr\u00e1ulica intensa que forma los ca\u00f1ones m\u00e1s precisos y duraderos que se pueden conseguir.<\/li>\n<li><strong>HUECO DEL CARGADOR ENSANCHADO:\u00a0<\/strong>El hueco del cargador ensanchado y biselado permite colocar los cargadores en su sitio para recargarlos de la forma m\u00e1s r\u00e1pida y segura posible<\/li>\n<li><strong>SELECTOR DE SEGURIDAD AMBI:<\/strong>\u00a0Para tiradores diestros o zurdos<\/li>\n<li><strong>SISTEMA DE CARRIL DE FLOTACI\u00d3N LIBRE:<\/strong>\u00a0La fijaci\u00f3n patentada de 4 \u00f3 6 pernos al tubo superior permite que el sistema de ra\u00edl flote libremente sobre el ca\u00f1\u00f3n, lo que garantiza que los arm\u00f3nicos del ca\u00f1\u00f3n no se vean afectados durante el funcionamiento.<\/li>\n<li><strong>Tirante fijo con correa ajustable de nailon<\/strong><\/li>\n<li><strong>ADAPTADOR T\u00c1CTICO PLEGABLE LAW:\u00a0<\/strong>Permite a los usuarios plegar o desplegar r\u00e1pidamente la ortesis.<\/li>\n<li><strong>PICATINNY:\u00a0<\/strong>Fijaci\u00f3n Mil-Spec 1913 Picatinny Rail<\/li>\n<li><strong>EMPU\u00d1ADURA DE PISTOLA:\u00a0<\/strong>\u00c1ngulo de mu\u00f1eca ergon\u00f3mico, guardamonte integral y empu\u00f1adura antideslizante para mayor comodidad y control en todas las condiciones.<\/li>\n<\/ol>\n","protected":false},"excerpt":{"rendered":"<p><strong><span style=\"color: #ff0000;\">NO DISPONIBLE EN ESPA\u00d1A PARA PARTICULARES\u00a0<\/span><\/strong><\/p>\n<p>La pistola estilo AR15 MK18, equipada con el estabilizador de pistola SB Tactical SOB y el adaptador de culata plegable LAW Tactical GEN3M, est\u00e1 inspirada en la original MK18, que ha sido extremadamente popular dentro de las comunidades de Fuerzas de Seguridad y Operaciones Especiales. Con la tecnolog\u00eda de vanguardia y la experiencia en dise\u00f1o de armas de Daniel Defense, esta pistola es una opci\u00f3n ideal para aquellos que buscan un arma fiable y efectiva.<\/p>\n","protected":false},"featured_media":1220,"comment_status":"open","ping_status":"closed","template":"","meta":{"_et_pb_use_builder":"","_et_pb_old_content":"","_et_gb_content_width":"","inline_featured_image":false},"product_cat":[458,167],"product_tag":[48],"class_list":["post-1144","product","type-product","status-publish","has-post-thumbnail","hentry","product_cat-armas-pm","product_cat-policial-militar","product_tag-rojo-armas"],"yoast_head":"<!-- This site is optimized with the Yoast SEO plugin v20.8 - https:\/\/yoast.com\/wordpress\/plugins\/seo\/ -->\n<title>DANIEL DEFENSE MK18 PISTOL (LAW TACTICAL) - Bocum Defense Policial Militar<\/title>\n<meta name=\"robots\" content=\"noindex, follow, max-snippet:-1, max-image-preview:large, max-video-preview:-1\" \/>\n<meta property=\"og:locale\" content=\"es_ES\" \/>\n<meta property=\"og:type\" content=\"article\" \/>\n<meta property=\"og:title\" content=\"DANIEL DEFENSE MK18 PISTOL (LAW TACTICAL) - Bocum Defense Policial Militar\" \/>\n<meta property=\"og:description\" content=\"NO DISPONIBLE EN ESPA\u00d1A PARA PARTICULARES\u00a0  La pistola estilo AR15 MK18, equipada con el estabilizador de pistola SB Tactical SOB y el adaptador de culata plegable LAW Tactical GEN3M, est\u00e1 inspirada en la original MK18, que ha sido extremadamente popular dentro de las comunidades de Fuerzas de Seguridad y Operaciones Especiales. Con la tecnolog\u00eda de vanguardia y la experiencia en dise\u00f1o de armas de Daniel Defense, esta pistola es una opci\u00f3n ideal para aquellos que buscan un arma fiable y efectiva.\" \/>\n<meta property=\"og:url\" content=\"https:\/\/bocumdefense.com\/policial-militar\/producto\/daniel-defense-mk18-pistol-law-tactical\/\" \/>\n<meta property=\"og:site_name\" content=\"Bocum Defense Policial Militar\" \/>\n<meta property=\"article:modified_time\" content=\"2023-08-29T11:45:10+00:00\" \/>\n<meta property=\"og:image\" content=\"https:\/\/bocumdefense.com\/policial-militar\/policial-militar\/wp-content\/uploads\/2023\/02\/MK18-Law-enforcement-main.jpg\" \/>\n\t<meta property=\"og:image:width\" content=\"1000\" \/>\n\t<meta property=\"og:image:height\" content=\"1000\" \/>\n\t<meta property=\"og:image:type\" content=\"image\/jpeg\" \/>\n<meta name=\"twitter:card\" content=\"summary_large_image\" \/>\n<meta name=\"twitter:label1\" content=\"Tiempo de lectura\" \/>\n\t<meta name=\"twitter:data1\" content=\"3 minutos\" \/>\n<script type=\"application\/ld+json\" class=\"yoast-schema-graph\">{\"@context\":\"https:\/\/schema.org\",\"@graph\":[{\"@type\":\"WebPage\",\"@id\":\"https:\/\/bocumdefense.com\/policial-militar\/producto\/daniel-defense-mk18-pistol-law-tactical\/\",\"url\":\"https:\/\/bocumdefense.com\/policial-militar\/producto\/daniel-defense-mk18-pistol-law-tactical\/\",\"name\":\"DANIEL DEFENSE MK18 PISTOL (LAW TACTICAL) - Bocum Defense Policial Militar\",\"isPartOf\":{\"@id\":\"https:\/\/bocumdefense.com\/policial-militar\/#website\"},\"datePublished\":\"2023-08-29T11:44:18+00:00\",\"dateModified\":\"2023-08-29T11:45:10+00:00\",\"breadcrumb\":{\"@id\":\"https:\/\/bocumdefense.com\/policial-militar\/producto\/daniel-defense-mk18-pistol-law-tactical\/#breadcrumb\"},\"inLanguage\":\"es\",\"potentialAction\":[{\"@type\":\"ReadAction\",\"target\":[\"https:\/\/bocumdefense.com\/policial-militar\/producto\/daniel-defense-mk18-pistol-law-tactical\/\"]}]},{\"@type\":\"BreadcrumbList\",\"@id\":\"https:\/\/bocumdefense.com\/policial-militar\/producto\/daniel-defense-mk18-pistol-law-tactical\/#breadcrumb\",\"itemListElement\":[{\"@type\":\"ListItem\",\"position\":1,\"name\":\"Portada\",\"item\":\"https:\/\/bocumdefense.com\/policial-militar\/policial-militar\/\"},{\"@type\":\"ListItem\",\"position\":2,\"name\":\"Tienda\",\"item\":\"https:\/\/bocumdefense.com\/policial-militar\/tienda\/\"},{\"@type\":\"ListItem\",\"position\":3,\"name\":\"DANIEL DEFENSE MK18 PISTOL (LAW TACTICAL)\"}]},{\"@type\":\"WebSite\",\"@id\":\"https:\/\/bocumdefense.com\/policial-militar\/#website\",\"url\":\"https:\/\/bocumdefense.com\/policial-militar\/\",\"name\":\"Bocum Defense Policial Militar\",\"description\":\"\",\"potentialAction\":[{\"@type\":\"SearchAction\",\"target\":{\"@type\":\"EntryPoint\",\"urlTemplate\":\"https:\/\/bocumdefense.com\/policial-militar\/?s={search_term_string}\"},\"query-input\":\"required name=search_term_string\"}],\"inLanguage\":\"es\"}]}<\/script>\n<!-- \/ Yoast SEO plugin. -->","yoast_head_json":{"title":"DANIEL DEFENSE MK18 PISTOL (LAW TACTICAL) - Bocum Defense Policial Militar","robots":{"index":"noindex","follow":"follow","max-snippet":"max-snippet:-1","max-image-preview":"max-image-preview:large","max-video-preview":"max-video-preview:-1"},"og_locale":"es_ES","og_type":"article","og_title":"DANIEL DEFENSE MK18 PISTOL (LAW TACTICAL) - Bocum Defense Policial Militar","og_description":"NO DISPONIBLE EN ESPA\u00d1A PARA PARTICULARES\u00a0  La pistola estilo AR15 MK18, equipada con el estabilizador de pistola SB Tactical SOB y el adaptador de culata plegable LAW Tactical GEN3M, est\u00e1 inspirada en la original MK18, que ha sido extremadamente popular dentro de las comunidades de Fuerzas de Seguridad y Operaciones Especiales. Con la tecnolog\u00eda de vanguardia y la experiencia en dise\u00f1o de armas de Daniel Defense, esta pistola es una opci\u00f3n ideal para aquellos que buscan un arma fiable y efectiva.","og_url":"https:\/\/bocumdefense.com\/policial-militar\/producto\/daniel-defense-mk18-pistol-law-tactical\/","og_site_name":"Bocum Defense Policial Militar","article_modified_time":"2023-08-29T11:45:10+00:00","og_image":[{"width":1000,"height":1000,"url":"https:\/\/bocumdefense.com\/policial-militar\/policial-militar\/wp-content\/uploads\/2023\/02\/MK18-Law-enforcement-main.jpg","type":"image\/jpeg"}],"twitter_card":"summary_large_image","twitter_misc":{"Tiempo de lectura":"3 minutos"},"schema":{"@context":"https:\/\/schema.org","@graph":[{"@type":"WebPage","@id":"https:\/\/bocumdefense.com\/policial-militar\/producto\/daniel-defense-mk18-pistol-law-tactical\/","url":"https:\/\/bocumdefense.com\/policial-militar\/producto\/daniel-defense-mk18-pistol-law-tactical\/","name":"DANIEL DEFENSE MK18 PISTOL (LAW TACTICAL) - Bocum Defense Policial Militar","isPartOf":{"@id":"https:\/\/bocumdefense.com\/policial-militar\/#website"},"datePublished":"2023-08-29T11:44:18+00:00","dateModified":"2023-08-29T11:45:10+00:00","breadcrumb":{"@id":"https:\/\/bocumdefense.com\/policial-militar\/producto\/daniel-defense-mk18-pistol-law-tactical\/#breadcrumb"},"inLanguage":"es","potentialAction":[{"@type":"ReadAction","target":["https:\/\/bocumdefense.com\/policial-militar\/producto\/daniel-defense-mk18-pistol-law-tactical\/"]}]},{"@type":"BreadcrumbList","@id":"https:\/\/bocumdefense.com\/policial-militar\/producto\/daniel-defense-mk18-pistol-law-tactical\/#breadcrumb","itemListElement":[{"@type":"ListItem","position":1,"name":"Portada","item":"https:\/\/bocumdefense.com\/policial-militar\/policial-militar\/"},{"@type":"ListItem","position":2,"name":"Tienda","item":"https:\/\/bocumdefense.com\/policial-militar\/tienda\/"},{"@type":"ListItem","position":3,"name":"DANIEL DEFENSE MK18 PISTOL (LAW TACTICAL)"}]},{"@type":"WebSite","@id":"https:\/\/bocumdefense.com\/policial-militar\/#website","url":"https:\/\/bocumdefense.com\/policial-militar\/","name":"Bocum Defense Policial Militar","description":"","potentialAction":[{"@type":"SearchAction","target":{"@type":"EntryPoint","urlTemplate":"https:\/\/bocumdefense.com\/policial-militar\/?s={search_term_string}"},"query-input":"required name=search_term_string"}],"inLanguage":"es"}]}},"_links":{"self":[{"href":"https:\/\/bocumdefense.com\/policial-militar\/wp-json\/wp\/v2\/product\/1144","targetHints":{"allow":["GET"]}}],"collection":[{"href":"https:\/\/bocumdefense.com\/policial-militar\/wp-json\/wp\/v2\/product"}],"about":[{"href":"https:\/\/bocumdefense.com\/policial-militar\/wp-json\/wp\/v2\/types\/product"}],"replies":[{"embeddable":true,"href":"https:\/\/bocumdefense.com\/policial-militar\/wp-json\/wp\/v2\/comments?post=1144"}],"wp:featuredmedia":[{"embeddable":true,"href":"https:\/\/bocumdefense.com\/policial-militar\/wp-json\/wp\/v2\/media\/1220"}],"wp:attachment":[{"href":"https:\/\/bocumdefense.com\/policial-militar\/wp-json\/wp\/v2\/media?parent=1144"}],"wp:term":[{"taxonomy":"product_cat","embeddable":true,"href":"https:\/\/bocumdefense.com\/policial-militar\/wp-json\/wp\/v2\/product_cat?post=1144"},{"taxonomy":"product_tag","embeddable":true,"href":"https:\/\/bocumdefense.com\/policial-militar\/wp-json\/wp\/v2\/product_tag?post=1144"}],"curies":[{"name":"wp","href":"https:\/\/api.w.org\/{rel}","templated":true}]}}