{"id":1141,"date":"2023-08-29T12:44:17","date_gmt":"2023-08-29T11:44:17","guid":{"rendered":"https:\/\/bocumdefense.com\/policial-militar\/?post_type=product&#038;p=1141"},"modified":"2023-08-29T12:45:09","modified_gmt":"2023-08-29T11:45:09","slug":"daniel-defense-mk12-upper-receiver-group","status":"publish","type":"product","link":"https:\/\/bocumdefense.com\/policial-militar\/producto\/daniel-defense-mk12-upper-receiver-group\/","title":{"rendered":"DANIEL DEFENSE MK12 UPPER RECEIVER GROUP"},"content":{"rendered":"<h2><strong>DETALLES\u00a0<\/strong><\/h2>\n<p>El ca\u00f1\u00f3n MK12 est\u00e1 dise\u00f1ado con un sistema de gas de impacto directo de longitud de rifle y utiliza el bloque de gas MK12, que se construye seg\u00fan las especificaciones de la Crane (Naval Surface Warfare Division) para el USSOCOM.<\/p>\n<p>El receptor superior est\u00e1 equipado con un carril de 12 pulgadas (30.48 cm) libre flotante picatinny quad para su elecci\u00f3n de la \u00f3ptica y accesorios, de forma independiente el GRIP-N-RIP que es una asa de carga que se adapta a los tiradores zurdos y diestros, y se remata con un supresor de flash Daniel Defense Improved.<\/p>\n<p>Todos los grupos de receptores superiores completos de Daniel Defense vienen de serie con un grupo portador de cerrojo de perfil M16.<\/p>\n<h4><strong>MATERIALES Y CONSTRUCCI\u00d3N\u00a0<\/strong><\/h4>\n<ul>\n<li><strong>RECEPTOR SUPERIOR:<\/strong> Mil-Spec con marcas de indexaci\u00f3n y rampas de alimentaci\u00f3n M4. Mecanizado CNC de Aluminio 7075-T6, Anodizado de Capa Dura Tipo III.<\/li>\n<li><strong>CA\u00d1\u00d3N:<\/strong> Mezcla patentada de acero inoxidable, forjado en fr\u00edo, torsi\u00f3n 1:7, perfil MK12 de 18&#8243;, acabado DLC y comprobado HP\/MPI.<\/li>\n<li><strong>SISTEMA DE GAS:<\/strong> Bloque de gas MK12 de perfil bajo, mecanizado por CNC en acero endurecido 416 con revestimiento de \u00f3xido negro, longitud de rifle, impacto directo.<\/li>\n<li><strong>DISPOSITIVO MUZZLE:<\/strong> Supresor de Flash Daniel Defense, Acero Inoxidable 17-4 PH, Acabado de Nitruro de Ba\u00f1o de Sal<\/li>\n<li><strong>GRUPO PORTADOR DE PERNOS:<\/strong> Perfil M16, Mil-Spec MP Tested, Cromado, Llave de Gas debidamente estacada<br \/>\n<strong>MIRAS:<\/strong> Se venden por separado<\/li>\n<li><strong>GUARDAMANOS:<\/strong> Daniel Defense DDM4 Rail 12.0, Mecanizado CNC de Aluminio 6061-T6, Tipo III Anodizado de Capa Dura<\/li>\n<li><strong>MANGO DE CARGA:<\/strong> GRIP-N-RIP mango de carga, el cuerpo CNC mecanizado de aluminio 7075-T6, manijas y pestillo CNC mecanizado de aluminio 6061-T6, Heavy Duty pasadores de acero inoxidable, Tipo III Hard Coat adonizado<\/li>\n<li><strong>PANELES DE RIEL:<\/strong> Daniel Defense Rail Panels Hecho de Santoprene, Resistente al calor a 300 \u00b0 F (148.88\u00b0 C)<\/li>\n<li><strong>\u00a1Hecho en los EE.UU!<\/strong><\/li>\n<\/ul>\n","protected":false},"excerpt":{"rendered":"<p><strong><span style=\"color: #ff0000;\">NO DISPONIBLE EN ESPA\u00d1A PARA PARTICULARES\u00a0<\/span><\/strong><\/p>\n<p>El upper grupo de receptor MK12 estilo AR15 est\u00e1 construido alrededor de un ca\u00f1\u00f3n de Acero Inoxidable de 18 pulgadas (45.72 cm) con una rec\u00e1mara creada durante el proceso de Forjado de Martillo en Fr\u00edo, que asegura la alineaci\u00f3n m\u00e1s precisa posible de la rec\u00e1mara con el \u00e1nima. Esto, junto con el acabado DLC, equivale a una precisi\u00f3n y durabilidad sin precedentes.<\/p>\n","protected":false},"featured_media":1214,"comment_status":"open","ping_status":"closed","template":"","meta":{"_et_pb_use_builder":"","_et_pb_old_content":"","_et_gb_content_width":"","inline_featured_image":false},"product_cat":[458,167],"product_tag":[27],"class_list":["post-1141","product","type-product","status-publish","has-post-thumbnail","hentry","product_cat-armas-pm","product_cat-policial-militar","product_tag-rojo"],"yoast_head":"<!-- This site is optimized with the Yoast SEO plugin v20.8 - https:\/\/yoast.com\/wordpress\/plugins\/seo\/ -->\n<title>DANIEL DEFENSE MK12 UPPER RECEIVER GROUP - Bocum Defense Policial Militar<\/title>\n<meta name=\"robots\" content=\"noindex, follow, max-snippet:-1, max-image-preview:large, max-video-preview:-1\" \/>\n<meta property=\"og:locale\" content=\"es_ES\" \/>\n<meta property=\"og:type\" content=\"article\" \/>\n<meta property=\"og:title\" content=\"DANIEL DEFENSE MK12 UPPER RECEIVER GROUP - Bocum Defense Policial Militar\" \/>\n<meta property=\"og:description\" content=\"NO DISPONIBLE EN ESPA\u00d1A PARA PARTICULARES\u00a0  El upper grupo de receptor MK12 estilo AR15 est\u00e1 construido alrededor de un ca\u00f1\u00f3n de Acero Inoxidable de 18 pulgadas (45.72 cm) con una rec\u00e1mara creada durante el proceso de Forjado de Martillo en Fr\u00edo, que asegura la alineaci\u00f3n m\u00e1s precisa posible de la rec\u00e1mara con el \u00e1nima. Esto, junto con el acabado DLC, equivale a una precisi\u00f3n y durabilidad sin precedentes.\" \/>\n<meta property=\"og:url\" content=\"https:\/\/bocumdefense.com\/policial-militar\/producto\/daniel-defense-mk12-upper-receiver-group\/\" \/>\n<meta property=\"og:site_name\" content=\"Bocum Defense Policial Militar\" \/>\n<meta property=\"article:modified_time\" content=\"2023-08-29T11:45:09+00:00\" \/>\n<meta property=\"og:image\" content=\"https:\/\/bocumdefense.com\/policial-militar\/policial-militar\/wp-content\/uploads\/2023\/02\/MK12-UPPER-RECEIVER-GROUP-MAIN.jpg\" \/>\n\t<meta property=\"og:image:width\" content=\"1000\" \/>\n\t<meta property=\"og:image:height\" content=\"1000\" \/>\n\t<meta property=\"og:image:type\" content=\"image\/jpeg\" \/>\n<meta name=\"twitter:card\" content=\"summary_large_image\" \/>\n<meta name=\"twitter:label1\" content=\"Tiempo de lectura\" \/>\n\t<meta name=\"twitter:data1\" content=\"2 minutos\" \/>\n<script type=\"application\/ld+json\" class=\"yoast-schema-graph\">{\"@context\":\"https:\/\/schema.org\",\"@graph\":[{\"@type\":\"WebPage\",\"@id\":\"https:\/\/bocumdefense.com\/policial-militar\/producto\/daniel-defense-mk12-upper-receiver-group\/\",\"url\":\"https:\/\/bocumdefense.com\/policial-militar\/producto\/daniel-defense-mk12-upper-receiver-group\/\",\"name\":\"DANIEL DEFENSE MK12 UPPER RECEIVER GROUP - Bocum Defense Policial Militar\",\"isPartOf\":{\"@id\":\"https:\/\/bocumdefense.com\/policial-militar\/#website\"},\"datePublished\":\"2023-08-29T11:44:17+00:00\",\"dateModified\":\"2023-08-29T11:45:09+00:00\",\"breadcrumb\":{\"@id\":\"https:\/\/bocumdefense.com\/policial-militar\/producto\/daniel-defense-mk12-upper-receiver-group\/#breadcrumb\"},\"inLanguage\":\"es\",\"potentialAction\":[{\"@type\":\"ReadAction\",\"target\":[\"https:\/\/bocumdefense.com\/policial-militar\/producto\/daniel-defense-mk12-upper-receiver-group\/\"]}]},{\"@type\":\"BreadcrumbList\",\"@id\":\"https:\/\/bocumdefense.com\/policial-militar\/producto\/daniel-defense-mk12-upper-receiver-group\/#breadcrumb\",\"itemListElement\":[{\"@type\":\"ListItem\",\"position\":1,\"name\":\"Portada\",\"item\":\"https:\/\/bocumdefense.com\/policial-militar\/policial-militar\/\"},{\"@type\":\"ListItem\",\"position\":2,\"name\":\"Tienda\",\"item\":\"https:\/\/bocumdefense.com\/policial-militar\/tienda\/\"},{\"@type\":\"ListItem\",\"position\":3,\"name\":\"DANIEL DEFENSE MK12 UPPER RECEIVER GROUP\"}]},{\"@type\":\"WebSite\",\"@id\":\"https:\/\/bocumdefense.com\/policial-militar\/#website\",\"url\":\"https:\/\/bocumdefense.com\/policial-militar\/\",\"name\":\"Bocum Defense Policial Militar\",\"description\":\"\",\"potentialAction\":[{\"@type\":\"SearchAction\",\"target\":{\"@type\":\"EntryPoint\",\"urlTemplate\":\"https:\/\/bocumdefense.com\/policial-militar\/?s={search_term_string}\"},\"query-input\":\"required name=search_term_string\"}],\"inLanguage\":\"es\"}]}<\/script>\n<!-- \/ Yoast SEO plugin. -->","yoast_head_json":{"title":"DANIEL DEFENSE MK12 UPPER RECEIVER GROUP - Bocum Defense Policial Militar","robots":{"index":"noindex","follow":"follow","max-snippet":"max-snippet:-1","max-image-preview":"max-image-preview:large","max-video-preview":"max-video-preview:-1"},"og_locale":"es_ES","og_type":"article","og_title":"DANIEL DEFENSE MK12 UPPER RECEIVER GROUP - Bocum Defense Policial Militar","og_description":"NO DISPONIBLE EN ESPA\u00d1A PARA PARTICULARES\u00a0  El upper grupo de receptor MK12 estilo AR15 est\u00e1 construido alrededor de un ca\u00f1\u00f3n de Acero Inoxidable de 18 pulgadas (45.72 cm) con una rec\u00e1mara creada durante el proceso de Forjado de Martillo en Fr\u00edo, que asegura la alineaci\u00f3n m\u00e1s precisa posible de la rec\u00e1mara con el \u00e1nima. Esto, junto con el acabado DLC, equivale a una precisi\u00f3n y durabilidad sin precedentes.","og_url":"https:\/\/bocumdefense.com\/policial-militar\/producto\/daniel-defense-mk12-upper-receiver-group\/","og_site_name":"Bocum Defense Policial Militar","article_modified_time":"2023-08-29T11:45:09+00:00","og_image":[{"width":1000,"height":1000,"url":"https:\/\/bocumdefense.com\/policial-militar\/policial-militar\/wp-content\/uploads\/2023\/02\/MK12-UPPER-RECEIVER-GROUP-MAIN.jpg","type":"image\/jpeg"}],"twitter_card":"summary_large_image","twitter_misc":{"Tiempo de lectura":"2 minutos"},"schema":{"@context":"https:\/\/schema.org","@graph":[{"@type":"WebPage","@id":"https:\/\/bocumdefense.com\/policial-militar\/producto\/daniel-defense-mk12-upper-receiver-group\/","url":"https:\/\/bocumdefense.com\/policial-militar\/producto\/daniel-defense-mk12-upper-receiver-group\/","name":"DANIEL DEFENSE MK12 UPPER RECEIVER GROUP - Bocum Defense Policial Militar","isPartOf":{"@id":"https:\/\/bocumdefense.com\/policial-militar\/#website"},"datePublished":"2023-08-29T11:44:17+00:00","dateModified":"2023-08-29T11:45:09+00:00","breadcrumb":{"@id":"https:\/\/bocumdefense.com\/policial-militar\/producto\/daniel-defense-mk12-upper-receiver-group\/#breadcrumb"},"inLanguage":"es","potentialAction":[{"@type":"ReadAction","target":["https:\/\/bocumdefense.com\/policial-militar\/producto\/daniel-defense-mk12-upper-receiver-group\/"]}]},{"@type":"BreadcrumbList","@id":"https:\/\/bocumdefense.com\/policial-militar\/producto\/daniel-defense-mk12-upper-receiver-group\/#breadcrumb","itemListElement":[{"@type":"ListItem","position":1,"name":"Portada","item":"https:\/\/bocumdefense.com\/policial-militar\/policial-militar\/"},{"@type":"ListItem","position":2,"name":"Tienda","item":"https:\/\/bocumdefense.com\/policial-militar\/tienda\/"},{"@type":"ListItem","position":3,"name":"DANIEL DEFENSE MK12 UPPER RECEIVER GROUP"}]},{"@type":"WebSite","@id":"https:\/\/bocumdefense.com\/policial-militar\/#website","url":"https:\/\/bocumdefense.com\/policial-militar\/","name":"Bocum Defense Policial Militar","description":"","potentialAction":[{"@type":"SearchAction","target":{"@type":"EntryPoint","urlTemplate":"https:\/\/bocumdefense.com\/policial-militar\/?s={search_term_string}"},"query-input":"required name=search_term_string"}],"inLanguage":"es"}]}},"_links":{"self":[{"href":"https:\/\/bocumdefense.com\/policial-militar\/wp-json\/wp\/v2\/product\/1141","targetHints":{"allow":["GET"]}}],"collection":[{"href":"https:\/\/bocumdefense.com\/policial-militar\/wp-json\/wp\/v2\/product"}],"about":[{"href":"https:\/\/bocumdefense.com\/policial-militar\/wp-json\/wp\/v2\/types\/product"}],"replies":[{"embeddable":true,"href":"https:\/\/bocumdefense.com\/policial-militar\/wp-json\/wp\/v2\/comments?post=1141"}],"wp:featuredmedia":[{"embeddable":true,"href":"https:\/\/bocumdefense.com\/policial-militar\/wp-json\/wp\/v2\/media\/1214"}],"wp:attachment":[{"href":"https:\/\/bocumdefense.com\/policial-militar\/wp-json\/wp\/v2\/media?parent=1141"}],"wp:term":[{"taxonomy":"product_cat","embeddable":true,"href":"https:\/\/bocumdefense.com\/policial-militar\/wp-json\/wp\/v2\/product_cat?post=1141"},{"taxonomy":"product_tag","embeddable":true,"href":"https:\/\/bocumdefense.com\/policial-militar\/wp-json\/wp\/v2\/product_tag?post=1141"}],"curies":[{"name":"wp","href":"https:\/\/api.w.org\/{rel}","templated":true}]}}