{"id":1119,"date":"2023-08-29T12:44:19","date_gmt":"2023-08-29T11:44:19","guid":{"rendered":"https:\/\/bocumdefense.com\/policial-militar\/?post_type=product&#038;p=1119"},"modified":"2023-08-29T12:45:11","modified_gmt":"2023-08-29T11:45:11","slug":"daniel-defense-mk12","status":"publish","type":"product","link":"https:\/\/bocumdefense.com\/policial-militar\/producto\/daniel-defense-mk12\/","title":{"rendered":"DANIEL DEFENSE MK12"},"content":{"rendered":"<h2 style=\"text-align: center;\"><strong>DETALLES\u00a0<\/strong><\/h2>\n<p>&nbsp;<\/p>\n<ul>\n<li>El rifle estilo AR15 MK12 \u00a0representa la evoluci\u00f3n del rifle de uso especial. Su dise\u00f1o se centra en un ca\u00f1\u00f3n de acero inoxidable de 18 pulgadas con una rec\u00e1mara creada mediante un proceso de forja en fr\u00edo con martillo, lo que garantiza una alineaci\u00f3n precisa de la rec\u00e1mara con el bore. Adem\u00e1s, su acabado DLC asegura una durabilidad y precisi\u00f3n sin precedentes.<\/li>\n<li>El ca\u00f1\u00f3n MK12 est\u00e1 equipado con un sistema de gas de impacto directo de longitud de rifle y utiliza el bloque de gas MK12, el cual ha sido construido de acuerdo a las especificaciones de la Divisi\u00f3n de Guerra Naval de Superficie Crane para el USSOCOM.<\/li>\n<li>El receptor superior est\u00e1 equipado con un carril picatinny de 12 pulgadas de flotaci\u00f3n libre, lo que permite al tirador elegir entre una amplia variedad de \u00f3pticas y accesorios. Tambi\u00e9n cuenta con un asa de carga independiente GRIP-N-RIP, dise\u00f1ada para adaptarse a tiradores diestros y zurdos, y un supresor de flash Daniel Defense Improved.<\/li>\n<li><strong>Este rifle de precisi\u00f3n est\u00e1 equipado con el gatillo Geissele SSA de 2 etapas, lo que brinda al tirador una ventaja en cuanto a precisi\u00f3n al disparar hacia el objetivo.<\/strong><\/li>\n<\/ul>\n<p>&nbsp;<\/p>\n<h2 style=\"text-align: center;\"><strong>MATERIALES Y CONSTRUCCI\u00d3N\u00a0<\/strong><\/h2>\n<p>&nbsp;<\/p>\n<ul>\n<li><strong>RECEPTOR INFERIOR:<\/strong> Este componente cumple con los est\u00e1ndares militares y es totalmente ambidiestro. Dispone de un cargador acampanado mejorado y un punto de sujeci\u00f3n QD Swivel Attachment en el receptor trasero. Est\u00e1 fabricado mediante mecanizado CNC a partir de aluminio 7075-T6 y cuenta con un acabado de anodizado de capa dura Tipo III.<\/li>\n<li><strong>RECEPTOR SUPERIOR<\/strong>: Este componente est\u00e1 dise\u00f1ado seg\u00fan las especificaciones militares, con marcas de indexaci\u00f3n y rampas de alimentaci\u00f3n M4. Ha sido mecanizado por CNC en aluminio 7075-T6 y cuenta con un acabado de anodizado de capa dura Tipo III.<\/li>\n<li><strong>CA\u00d1\u00d3N:<\/strong> El ca\u00f1\u00f3n est\u00e1 fabricado con acero al cromo molibdeno vanadio, forjado en fr\u00edo, y cuenta con una torsi\u00f3n de 1:7 y un perfil M4 de 45,72 cm. Adem\u00e1s, est\u00e1 recubierto de cromo y fosfatado con un acabado pesado Mil-Spec, y ha sido sometido a pruebas de HP\/MPI para garantizar su calidad.<\/li>\n<li><strong>SISTEMA DE GAS:<\/strong> El bloque de gas MK12 cuenta con un perfil bajo y ha sido mecanizado por CNC en acero inoxidable 416 endurecido con un revestimiento de \u00f3xido negro. Dispone de una longitud de rifle y funciona mediante un sistema de impacto directo.<\/li>\n<li><strong>SUPRESOR DE FOGONAZOS:<\/strong> El material utilizado para la fabricaci\u00f3n es acero inoxidable 17-4 PH, el cual ha sido tratado con un acabado de nitruro de ba\u00f1o salino de Daniel Defense.<\/li>\n<li><strong>GRUPO PORTA CERROJO:<\/strong>\u00a0Tiene un perfil M16 y ha sido probado seg\u00fan los est\u00e1ndares militares (Mil-Spec MP Tested). Adem\u00e1s, est\u00e1 cromado y cuenta con una llave de gas debidamente estacada.<\/li>\n<li><strong>BUFFER:<\/strong> Buffer H<\/li>\n<li><strong>MIRAS<\/strong>: <strong>SE VENDEN POR SEPARADO<\/strong><\/li>\n<li><strong>GUARDAMANOS:<\/strong> Daniel Defense DDM4 Rail 12.0 fabricado en aluminio 6061-T6 y ha sido mecanizado por CNC para garantizar la m\u00e1xima precisi\u00f3n. Adem\u00e1s, cuenta con un acabado de anodizado de capa dura Tipo III para mayor durabilidad.<\/li>\n<li><strong>PALANCA DE CARGA:<\/strong> El GRIP-N-RIP est\u00e1 construido con un cuerpo mecanizado CNC de aluminio 7075-T6, as\u00ed como con empu\u00f1aduras y pestillo mecanizados CNC de aluminio 6061-T6. Los pasadores est\u00e1n hechos de acero inoxidable y cuenta con un acabado de adonizado duro Tipo III.<\/li>\n<li><strong>EXTENSION RECEPTOR:<\/strong>\u00a0Cuenta con 6 posiciones y est\u00e1 fabricado en aluminio 7075-T6, siguiendo las especificaciones militares (Mil-Spec).<\/li>\n<li><strong>CULATA:<\/strong>\u00a0De Daniel Defense hecha en pol\u00edmero relleno de vidrio con sobre moldeado de tacto suave.<\/li>\n<li><strong>MANGO DE PISTOLA:<\/strong> Pol\u00edmero relleno de vidrio con tacto suave sobre moldeado<\/li>\n<li><strong>FABRICADO EN USA<\/strong><\/li>\n<\/ul>\n<p>&nbsp;<\/p>\n<p>&nbsp;<\/p>\n<h2 style=\"text-align: center;\"><strong>CARACTER\u00cdSTICAS\u00a0<\/strong><\/h2>\n<p>&nbsp;<\/p>\n<p><img loading=\"lazy\" decoding=\"async\" class=\"aligncenter wp-image-1971 size-large\" src=\"https:\/\/bocumdefense.com\/policial-militar\/policial-militar\/wp-content\/uploads\/2023\/02\/feature-02-142-13175-047_1-1024x236.jpg\" alt=\"\" width=\"1024\" height=\"236\" srcset=\"https:\/\/bocumdefense.com\/policial-militar\/policial-militar\/wp-content\/uploads\/2023\/02\/feature-02-142-13175-047_1-980x226.jpg 980w, https:\/\/bocumdefense.com\/policial-militar\/policial-militar\/wp-content\/uploads\/2023\/02\/feature-02-142-13175-047_1-480x111.jpg 480w\" sizes=\"(min-width: 0px) and (max-width: 480px) 480px, (min-width: 481px) and (max-width: 980px) 980px, (min-width: 981px) 1024px, 100vw\" \/><\/p>\n<p>&nbsp;<\/p>\n<p>&nbsp;<\/p>\n<p>&nbsp;<\/p>\n<ol>\n<li><strong>FRENO DE BOCA;<\/strong> Dise\u00f1o mejorado que reduce la firma del fogonazo en comparaci\u00f3n con la tradicional jaula A2 para armas de fuego de estilo AR15<\/li>\n<li><strong>CA\u00d1\u00d3N FORJADO A MARTILLO FR\u00cdO;<\/strong>\u00a0Intenso proceso de presi\u00f3n hidr\u00e1ulica que forma los ca\u00f1ones m\u00e1s precisos y duraderos que se pueden conseguir.<\/li>\n<li><strong>HUECO DEL CARGADOR ENSANCHADO;<\/strong>\u00a0El hueco del cargador ensanchado y biselado permite colocar los cargadores en su sitio para recargarlos de la forma m\u00e1s r\u00e1pida y segura posible.<\/li>\n<li><strong>SELECTOR DE SEGURIDAD AMBI:\u00a0<\/strong>Para tiradores diestros o zurdos.<\/li>\n<li><strong>SISTEMA DE CARRIL DE FLOTACI\u00d3N LIBRE;<\/strong>\u00a0Sujeci\u00f3n patentada de 4 \u00f3 6 pernos al tubo superior que permite que el sistema de ra\u00edl deje flotar libremente el ca\u00f1\u00f3n, lo que garantizar\u00e1 que los arm\u00f3nicos del ca\u00f1\u00f3n no se vean afectados durante el funcionamiento.<\/li>\n<li><strong>PERILLA:<\/strong>\u00a0Con carrillera antideslizante, cantoneras intercambiables y punto QD integrado.<\/li>\n<li><strong>PUNTOS QD:<\/strong>\u00a0Puntos de desconexi\u00f3n r\u00e1pida integrados para la fijaci\u00f3n de eslingas.<\/li>\n<li><strong>PICATINNY;<\/strong>\u00a0Fijaci\u00f3n Mil-Spec 1913 Picatinny Rail<\/li>\n<li><strong>GATILLO MEJORADO<\/strong><\/li>\n<li><strong>EMPU\u00d1ADURA DE PISTOLA:<\/strong> Angulo de mu\u00f1eca ergon\u00f3mico, guardamonte integral y empu\u00f1adura antideslizante para mayor comodidad y control en todas las condiciones.<\/li>\n<\/ol>\n<p>&nbsp;<\/p>\n<p>&nbsp;<\/p>\n<p>&nbsp;<\/p>\n<h2 style=\"text-align: center;\"><strong>MULTIMEDIA\u00a0<\/strong><\/h2>\n<p>&nbsp;<\/p>\n<p><iframe loading=\"lazy\" title=\"Product Spotlight: The MK12\" width=\"1080\" height=\"608\" src=\"https:\/\/www.youtube.com\/embed\/aAudVzvB-9k?feature=oembed\"  allow=\"accelerometer; autoplay; clipboard-write; encrypted-media; gyroscope; picture-in-picture; web-share\" allowfullscreen><\/iframe><\/p>\n","protected":false},"excerpt":{"rendered":"<p><strong><span style=\"color: #ff0000;\">NO DISPONIBLE EN ESPA\u00d1A PARA PARTICULARES\u00a0<\/span><\/strong><\/p>\n<p>Este fusil semiautom\u00e1tico de precisi\u00f3n fue dise\u00f1ado y fabricado para cumplir con las exigencias de las Fuerzas de Operaciones Especiales de los Estados Unidos. Cuenta con un ca\u00f1\u00f3n de acero inoxidable de 18&#8243; y una rec\u00e1mara en 5.56 NATO, lo que permite un alcance efectivo mayor, una vida \u00fatil m\u00e1s prolongada y una precisi\u00f3n incomparable.<\/p>\n","protected":false},"featured_media":1208,"comment_status":"open","ping_status":"closed","template":"","meta":{"_et_pb_use_builder":"","_et_pb_old_content":"","_et_gb_content_width":"","inline_featured_image":false},"product_cat":[167],"product_tag":[48],"class_list":["post-1119","product","type-product","status-publish","has-post-thumbnail","hentry","product_cat-policial-militar","product_tag-rojo-armas"],"yoast_head":"<!-- This site is optimized with the Yoast SEO plugin v20.8 - https:\/\/yoast.com\/wordpress\/plugins\/seo\/ -->\n<title>DANIEL DEFENSE MK12 - Bocum Defense Policial Militar<\/title>\n<meta name=\"robots\" content=\"noindex, follow, max-snippet:-1, max-image-preview:large, max-video-preview:-1\" \/>\n<meta property=\"og:locale\" content=\"es_ES\" \/>\n<meta property=\"og:type\" content=\"article\" \/>\n<meta property=\"og:title\" content=\"DANIEL DEFENSE MK12 - Bocum Defense Policial Militar\" \/>\n<meta property=\"og:description\" content=\"NO DISPONIBLE EN ESPA\u00d1A PARA PARTICULARES\u00a0  Este fusil semiautom\u00e1tico de precisi\u00f3n fue dise\u00f1ado y fabricado para cumplir con las exigencias de las Fuerzas de Operaciones Especiales de los Estados Unidos. Cuenta con un ca\u00f1\u00f3n de acero inoxidable de 18&quot; y una rec\u00e1mara en 5.56 NATO, lo que permite un alcance efectivo mayor, una vida \u00fatil m\u00e1s prolongada y una precisi\u00f3n incomparable.\" \/>\n<meta property=\"og:url\" content=\"https:\/\/bocumdefense.com\/policial-militar\/producto\/daniel-defense-mk12\/\" \/>\n<meta property=\"og:site_name\" content=\"Bocum Defense Policial Militar\" \/>\n<meta property=\"article:modified_time\" content=\"2023-08-29T11:45:11+00:00\" \/>\n<meta property=\"og:image\" content=\"https:\/\/bocumdefense.com\/policial-militar\/policial-militar\/wp-content\/uploads\/2023\/02\/MK12-MAIN.jpg\" \/>\n\t<meta property=\"og:image:width\" content=\"1000\" \/>\n\t<meta property=\"og:image:height\" content=\"1000\" \/>\n\t<meta property=\"og:image:type\" content=\"image\/jpeg\" \/>\n<meta name=\"twitter:card\" content=\"summary_large_image\" \/>\n<meta name=\"twitter:label1\" content=\"Tiempo de lectura\" \/>\n\t<meta name=\"twitter:data1\" content=\"4 minutos\" \/>\n<script type=\"application\/ld+json\" class=\"yoast-schema-graph\">{\"@context\":\"https:\/\/schema.org\",\"@graph\":[{\"@type\":\"WebPage\",\"@id\":\"https:\/\/bocumdefense.com\/policial-militar\/producto\/daniel-defense-mk12\/\",\"url\":\"https:\/\/bocumdefense.com\/policial-militar\/producto\/daniel-defense-mk12\/\",\"name\":\"DANIEL DEFENSE MK12 - Bocum Defense Policial Militar\",\"isPartOf\":{\"@id\":\"https:\/\/bocumdefense.com\/policial-militar\/#website\"},\"datePublished\":\"2023-08-29T11:44:19+00:00\",\"dateModified\":\"2023-08-29T11:45:11+00:00\",\"breadcrumb\":{\"@id\":\"https:\/\/bocumdefense.com\/policial-militar\/producto\/daniel-defense-mk12\/#breadcrumb\"},\"inLanguage\":\"es\",\"potentialAction\":[{\"@type\":\"ReadAction\",\"target\":[\"https:\/\/bocumdefense.com\/policial-militar\/producto\/daniel-defense-mk12\/\"]}]},{\"@type\":\"BreadcrumbList\",\"@id\":\"https:\/\/bocumdefense.com\/policial-militar\/producto\/daniel-defense-mk12\/#breadcrumb\",\"itemListElement\":[{\"@type\":\"ListItem\",\"position\":1,\"name\":\"Portada\",\"item\":\"https:\/\/bocumdefense.com\/policial-militar\/policial-militar\/\"},{\"@type\":\"ListItem\",\"position\":2,\"name\":\"Tienda\",\"item\":\"https:\/\/bocumdefense.com\/policial-militar\/tienda\/\"},{\"@type\":\"ListItem\",\"position\":3,\"name\":\"DANIEL DEFENSE MK12\"}]},{\"@type\":\"WebSite\",\"@id\":\"https:\/\/bocumdefense.com\/policial-militar\/#website\",\"url\":\"https:\/\/bocumdefense.com\/policial-militar\/\",\"name\":\"Bocum Defense Policial Militar\",\"description\":\"\",\"potentialAction\":[{\"@type\":\"SearchAction\",\"target\":{\"@type\":\"EntryPoint\",\"urlTemplate\":\"https:\/\/bocumdefense.com\/policial-militar\/?s={search_term_string}\"},\"query-input\":\"required name=search_term_string\"}],\"inLanguage\":\"es\"}]}<\/script>\n<!-- \/ Yoast SEO plugin. -->","yoast_head_json":{"title":"DANIEL DEFENSE MK12 - Bocum Defense Policial Militar","robots":{"index":"noindex","follow":"follow","max-snippet":"max-snippet:-1","max-image-preview":"max-image-preview:large","max-video-preview":"max-video-preview:-1"},"og_locale":"es_ES","og_type":"article","og_title":"DANIEL DEFENSE MK12 - Bocum Defense Policial Militar","og_description":"NO DISPONIBLE EN ESPA\u00d1A PARA PARTICULARES\u00a0  Este fusil semiautom\u00e1tico de precisi\u00f3n fue dise\u00f1ado y fabricado para cumplir con las exigencias de las Fuerzas de Operaciones Especiales de los Estados Unidos. Cuenta con un ca\u00f1\u00f3n de acero inoxidable de 18\" y una rec\u00e1mara en 5.56 NATO, lo que permite un alcance efectivo mayor, una vida \u00fatil m\u00e1s prolongada y una precisi\u00f3n incomparable.","og_url":"https:\/\/bocumdefense.com\/policial-militar\/producto\/daniel-defense-mk12\/","og_site_name":"Bocum Defense Policial Militar","article_modified_time":"2023-08-29T11:45:11+00:00","og_image":[{"width":1000,"height":1000,"url":"https:\/\/bocumdefense.com\/policial-militar\/policial-militar\/wp-content\/uploads\/2023\/02\/MK12-MAIN.jpg","type":"image\/jpeg"}],"twitter_card":"summary_large_image","twitter_misc":{"Tiempo de lectura":"4 minutos"},"schema":{"@context":"https:\/\/schema.org","@graph":[{"@type":"WebPage","@id":"https:\/\/bocumdefense.com\/policial-militar\/producto\/daniel-defense-mk12\/","url":"https:\/\/bocumdefense.com\/policial-militar\/producto\/daniel-defense-mk12\/","name":"DANIEL DEFENSE MK12 - Bocum Defense Policial Militar","isPartOf":{"@id":"https:\/\/bocumdefense.com\/policial-militar\/#website"},"datePublished":"2023-08-29T11:44:19+00:00","dateModified":"2023-08-29T11:45:11+00:00","breadcrumb":{"@id":"https:\/\/bocumdefense.com\/policial-militar\/producto\/daniel-defense-mk12\/#breadcrumb"},"inLanguage":"es","potentialAction":[{"@type":"ReadAction","target":["https:\/\/bocumdefense.com\/policial-militar\/producto\/daniel-defense-mk12\/"]}]},{"@type":"BreadcrumbList","@id":"https:\/\/bocumdefense.com\/policial-militar\/producto\/daniel-defense-mk12\/#breadcrumb","itemListElement":[{"@type":"ListItem","position":1,"name":"Portada","item":"https:\/\/bocumdefense.com\/policial-militar\/policial-militar\/"},{"@type":"ListItem","position":2,"name":"Tienda","item":"https:\/\/bocumdefense.com\/policial-militar\/tienda\/"},{"@type":"ListItem","position":3,"name":"DANIEL DEFENSE MK12"}]},{"@type":"WebSite","@id":"https:\/\/bocumdefense.com\/policial-militar\/#website","url":"https:\/\/bocumdefense.com\/policial-militar\/","name":"Bocum Defense Policial Militar","description":"","potentialAction":[{"@type":"SearchAction","target":{"@type":"EntryPoint","urlTemplate":"https:\/\/bocumdefense.com\/policial-militar\/?s={search_term_string}"},"query-input":"required name=search_term_string"}],"inLanguage":"es"}]}},"_links":{"self":[{"href":"https:\/\/bocumdefense.com\/policial-militar\/wp-json\/wp\/v2\/product\/1119","targetHints":{"allow":["GET"]}}],"collection":[{"href":"https:\/\/bocumdefense.com\/policial-militar\/wp-json\/wp\/v2\/product"}],"about":[{"href":"https:\/\/bocumdefense.com\/policial-militar\/wp-json\/wp\/v2\/types\/product"}],"replies":[{"embeddable":true,"href":"https:\/\/bocumdefense.com\/policial-militar\/wp-json\/wp\/v2\/comments?post=1119"}],"wp:featuredmedia":[{"embeddable":true,"href":"https:\/\/bocumdefense.com\/policial-militar\/wp-json\/wp\/v2\/media\/1208"}],"wp:attachment":[{"href":"https:\/\/bocumdefense.com\/policial-militar\/wp-json\/wp\/v2\/media?parent=1119"}],"wp:term":[{"taxonomy":"product_cat","embeddable":true,"href":"https:\/\/bocumdefense.com\/policial-militar\/wp-json\/wp\/v2\/product_cat?post=1119"},{"taxonomy":"product_tag","embeddable":true,"href":"https:\/\/bocumdefense.com\/policial-militar\/wp-json\/wp\/v2\/product_tag?post=1119"}],"curies":[{"name":"wp","href":"https:\/\/api.w.org\/{rel}","templated":true}]}}