{"id":1082,"date":"2023-08-29T12:44:20","date_gmt":"2023-08-29T11:44:20","guid":{"rendered":"https:\/\/bocumdefense.com\/policial-militar\/?post_type=product&#038;p=1082"},"modified":"2023-08-29T12:45:12","modified_gmt":"2023-08-29T11:45:12","slug":"daniel-defense-m4a1-riii","status":"publish","type":"product","link":"https:\/\/bocumdefense.com\/policial-militar\/producto\/daniel-defense-m4a1-riii\/","title":{"rendered":"DANIEL DEFENSE M4A1 RIII\u2122   BLACK"},"content":{"rendered":"<h2 style=\"text-align: center;\"><strong>DETALLES<\/strong><\/h2>\n<p>&nbsp;<\/p>\n<p>El M4A1 RIII tiene como base un ca\u00f1\u00f3n de perfil Government forjado en fr\u00edo de 14,5 pulgadas con un supresor de flash Daniel Defense permanentemente conectado. Adem\u00e1s, este rifle incluye la c\u00f3moda culata y empu\u00f1adura de pistola de Daniel Defense.<\/p>\n<p>&nbsp;<\/p>\n<h2 style=\"text-align: center;\"><strong>MATERIALES Y CONSTRUCCI\u00d3N\u00a0<\/strong><\/h2>\n<p>&nbsp;<\/p>\n<ul>\n<li><strong>RECEPTOR INFERIOR:\u00a0<\/strong>El receptor est\u00e1ndar Mil-Spec es totalmente ambidiestro y cuenta con un cargador acampanado mejorado y un punto de fijaci\u00f3n QD Swivel en la parte trasera. Est\u00e1 mecanizado por CNC en aluminio 7075-T6 y anodizado con recubrimiento duro tipo III.\n<div class=\"relative flex w-[calc(100%-50px)] flex-col gap-1 md:gap-3 lg:w-[calc(100%-115px)]\"><\/div>\n<\/li>\n<li><strong>RECEPTOR SUPERIOR<\/strong>:\u00a0De especificaci\u00f3n militar (Mil-Spec) y cuenta con marcas de indexaci\u00f3n y rampas de alimentaci\u00f3n estilo M4. Est\u00e1 hecho de aluminio 7075-T6 mecanizado por CNC y anodizado con un recubrimiento duro tipo III, lo que lo hace altamente resistente y duradero.<\/li>\n<li><strong>CA\u00d1\u00d3N:<\/strong> El ca\u00f1\u00f3n tiene un perfil Government de 40,64 cm, est\u00e1 fabricado en acero al Cromo Molibdeno Vanadio forjado en fr\u00edo y cuenta con una torsi\u00f3n de 1:7.<\/li>\n<li><strong>SISTEMA DE GAS:\u00a0<\/strong>El bloque de gas de perfil bajo con pasador est\u00e1 hecho de acero 4140 endurecido y es mecanizado por CNC, con un recubrimiento de fosfato pesado Mil-Spec. Tiene una longitud media y utiliza un sistema de impacto directo.\n<div class=\"group w-full text-gray-800 dark:text-gray-100 border-b border-black\/10 dark:border-gray-900\/50 bg-gray-50 dark:bg-[#444654]\">\n<div class=\"text-base gap-4 md:gap-6 md:max-w-2xl lg:max-w-xl xl:max-w-3xl p-4 md:py-6 flex lg:px-0 m-auto\">\n<div class=\"relative flex w-[calc(100%-50px)] flex-col gap-1 md:gap-3 lg:w-[calc(100%-115px)]\"><\/div>\n<\/div>\n<\/div>\n<\/li>\n<li><strong>SUPRESOR DE FOGONAZOS:<\/strong>\u00a0Daniel Defense, acero inoxidable 17-4 PH, acabado de nitruro de ba\u00f1o salino<\/li>\n<li><strong>GRUPO PORTAPERNOS:<\/strong> Perfil M16, Mil-Spec MP Tested, Cromado, Llave de Gas debidamente estacada<\/li>\n<li><strong>BUFFER:<\/strong> Buffer H<\/li>\n<li><strong>MIRAS<\/strong>: Se venden por separado<\/li>\n<li><strong>GUARDAMANOS:<\/strong> RIS III 30,48 cm , aluminio 6061-T6 mecanizado por CNC, anclaje M-LOK, anodizado duro tipo III Tierra Oscura Plana.<\/li>\n<li><strong>MANGO DE CARGA:<\/strong> GRIP-N-RIP Mango de Carga, Cuerpo Mecanizado CNC de Aluminio 7075-T6, Empu\u00f1aduras y Pestillo Mecanizados CNC de Aluminio 6061-T6, Pasadores de Acero Inoxidable, Tipo III Adonizado Duro<\/li>\n<li><strong>EXTENSION RECEPTOR:<\/strong> 6 Posiciones Mil-Spec 7075-T6 Aluminio<\/li>\n<li><strong>CULATA:<\/strong> Daniel Defense,\u00a0Pol\u00edmero relleno de vidrio con sobremoldeado de tacto suave<\/li>\n<li><strong>MANGO DE PISTOLA:<\/strong> Daniel Defense Pistol Grip, Glass Filled Polymer with Soft Touch Overmolding<\/li>\n<li><strong>Fabricado en USA<\/strong><\/li>\n<\/ul>\n<h3 style=\"text-align: center;\"><strong>CARACTER\u00cdSTICAS\u00a0<\/strong><\/h3>\n<p>&nbsp;<\/p>\n<ul>\n<li><strong>FRENO DE BOCA;<\/strong> Dise\u00f1o mejorado que reduce la firma del fogonazo en comparaci\u00f3n con la tradicional jaula A2 para armas de fuego de estilo AR15<\/li>\n<li><strong>CA\u00d1\u00d3N FORJADO A MARTILLO FR\u00cdO;<\/strong>\u00a0Intenso proceso de presi\u00f3n hidr\u00e1ulica que forma los ca\u00f1ones m\u00e1s precisos y duraderos que se pueden conseguir.<\/li>\n<li><strong>HUECO DEL CARGADOR ENSANCHADO;<\/strong>\u00a0El hueco del cargador ensanchado y biselado permite colocar los cargadores en su sitio para recargarlos de la forma m\u00e1s r\u00e1pida y segura posible.<\/li>\n<li><strong>SELECTOR DE SEGURIDAD AMBI:\u00a0<\/strong>Para tiradores diestros o zurdos.<\/li>\n<li><strong>SISTEMA DE CARRIL DE FLOTACI\u00d3N LIBRE;<\/strong>\u00a0Sujeci\u00f3n patentada de 4 \u00f3 6 pernos al tubo superior que permite que el sistema de ra\u00edl deje flotar libremente el ca\u00f1\u00f3n, lo que garantizar\u00e1 que los arm\u00f3nicos del ca\u00f1\u00f3n no se vean afectados durante el funcionamiento.<\/li>\n<li><strong>PERILLA:<\/strong>\u00a0Con carrillera antideslizante, cantoneras intercambiables y punto QD integrado.<\/li>\n<li><strong>PUNTOS QD:<\/strong>\u00a0Puntos de desconexi\u00f3n r\u00e1pida integrados para la fijaci\u00f3n de eslingas.<\/li>\n<li><strong>M-LOK:<\/strong>\u00a0Tecnolog\u00eda de fijaci\u00f3n M-LOK.<\/li>\n<li><strong>EMPU\u00d1ADURA DE PISTOLA:<\/strong> Angulo de mu\u00f1eca ergon\u00f3mico, guardamonte integral y empu\u00f1adura antideslizante para mayor comodidad y control en todas las condiciones.<\/li>\n<li><strong>RA\u00cdL INFERIOR DESMONTABLE:<\/strong>\u00a0La secci\u00f3n inferior es desmontable sin afectar a la integridad estructural, lo que permite montar el lanzagranadas M203 (o el HK M320 con adaptadores) en el sistema de armas sin interferir con los arm\u00f3nicos del ca\u00f1\u00f3n.<\/li>\n<li><strong>RIII PUNTOS QD:<\/strong> Los puntos QD integrados a cada lado cerca del receptor est\u00e1n enrasados y eliminan la necesidad de instalar un soporte QD posventa.<\/li>\n<li><strong>SISTEMA DE 6 PERNOS:<\/strong>\u00a0El dise\u00f1o patentado de 6 pernos del sistema Bolt-Up est\u00e1 probado en batalla y permite que el sistema de ra\u00edl deje flotar libremente el ca\u00f1\u00f3n, lo que garantizar\u00e1 que los arm\u00f3nicos del ca\u00f1\u00f3n no se vean afectados durante el funcionamiento.<\/li>\n<li><strong>DESBLOQUEO MAG AMBI:<\/strong>\u00a0El liberador del cargador es accesible por ambos lados de la carcasa, de modo que el tirador no tiene que romper su empu\u00f1adura de tiro para alcanzar el liberador.<\/li>\n<li><strong>SEGURO DEL CERROJO:<\/strong>\u00a0El seguro del cerrojo es accesible desde ambos lados de la carcasa, ofreciendo a los tiradores diestros la posibilidad de bloquear y liberar el cerrojo sin tener que retirar la mano de la empu\u00f1adura.<\/li>\n<\/ul>\n<p>&nbsp;<\/p>\n","protected":false},"excerpt":{"rendered":"<p><strong><span style=\"color: #ff0000;\">NO DISPONIBLE EN ESPA\u00d1A PARA PARTICULARES<\/span> <!--\/data\/user\/0\/com.samsung.android.app.notes\/files\/clipdata\/clipdata_bodytext_230204_175046_581.sdocx--><\/strong><\/p>\n<p>Daniel Defense mejor\u00f3 el dise\u00f1o probado del M4A1 con una base totalmente ambidiestra, lo que facilita su uso para tiradores diestros y zurdos, proporcion\u00e1ndoles mayor flexibilidad y control. Adem\u00e1s, reemplazaron el sistema de carril RIS por el guardamanos RIS III, que utiliza el sistema de fijaci\u00f3n M-LOK en lugar de picatinny, reduciendo el peso del arma.<\/p>\n","protected":false},"featured_media":1158,"comment_status":"open","ping_status":"closed","template":"","meta":{"_et_pb_use_builder":"","_et_pb_old_content":"","_et_gb_content_width":"","inline_featured_image":false},"product_cat":[167],"product_tag":[27],"class_list":["post-1082","product","type-product","status-publish","has-post-thumbnail","hentry","product_cat-policial-militar","product_tag-rojo"],"yoast_head":"<!-- This site is optimized with the Yoast SEO plugin v20.8 - https:\/\/yoast.com\/wordpress\/plugins\/seo\/ -->\n<title>DANIEL DEFENSE M4A1 RIII\u2122  BLACK - Bocum Defense Policial Militar<\/title>\n<meta name=\"robots\" content=\"noindex, follow, max-snippet:-1, max-image-preview:large, max-video-preview:-1\" \/>\n<meta property=\"og:locale\" content=\"es_ES\" \/>\n<meta property=\"og:type\" content=\"article\" \/>\n<meta property=\"og:title\" content=\"DANIEL DEFENSE M4A1 RIII\u2122  BLACK - Bocum Defense Policial Militar\" \/>\n<meta property=\"og:description\" content=\"NO DISPONIBLE EN ESPA\u00d1A PARA PARTICULARES   Daniel Defense mejor\u00f3 el dise\u00f1o probado del M4A1 con una base totalmente ambidiestra, lo que facilita su uso para tiradores diestros y zurdos, proporcion\u00e1ndoles mayor flexibilidad y control. Adem\u00e1s, reemplazaron el sistema de carril RIS por el guardamanos RIS III, que utiliza el sistema de fijaci\u00f3n M-LOK en lugar de picatinny, reduciendo el peso del arma.\" \/>\n<meta property=\"og:url\" content=\"https:\/\/bocumdefense.com\/policial-militar\/producto\/daniel-defense-m4a1-riii\/\" \/>\n<meta property=\"og:site_name\" content=\"Bocum Defense Policial Militar\" \/>\n<meta property=\"article:modified_time\" content=\"2023-08-29T11:45:12+00:00\" \/>\n<meta property=\"og:image\" content=\"https:\/\/bocumdefense.com\/policial-militar\/policial-militar\/wp-content\/uploads\/2023\/02\/defense-black-main.jpg\" \/>\n\t<meta property=\"og:image:width\" content=\"1000\" \/>\n\t<meta property=\"og:image:height\" content=\"1000\" \/>\n\t<meta property=\"og:image:type\" content=\"image\/jpeg\" \/>\n<meta name=\"twitter:card\" content=\"summary_large_image\" \/>\n<meta name=\"twitter:label1\" content=\"Tiempo de lectura\" \/>\n\t<meta name=\"twitter:data1\" content=\"4 minutos\" \/>\n<script type=\"application\/ld+json\" class=\"yoast-schema-graph\">{\"@context\":\"https:\/\/schema.org\",\"@graph\":[{\"@type\":\"WebPage\",\"@id\":\"https:\/\/bocumdefense.com\/policial-militar\/producto\/daniel-defense-m4a1-riii\/\",\"url\":\"https:\/\/bocumdefense.com\/policial-militar\/producto\/daniel-defense-m4a1-riii\/\",\"name\":\"DANIEL DEFENSE M4A1 RIII\u2122 BLACK - Bocum Defense Policial Militar\",\"isPartOf\":{\"@id\":\"https:\/\/bocumdefense.com\/policial-militar\/#website\"},\"datePublished\":\"2023-08-29T11:44:20+00:00\",\"dateModified\":\"2023-08-29T11:45:12+00:00\",\"breadcrumb\":{\"@id\":\"https:\/\/bocumdefense.com\/policial-militar\/producto\/daniel-defense-m4a1-riii\/#breadcrumb\"},\"inLanguage\":\"es\",\"potentialAction\":[{\"@type\":\"ReadAction\",\"target\":[\"https:\/\/bocumdefense.com\/policial-militar\/producto\/daniel-defense-m4a1-riii\/\"]}]},{\"@type\":\"BreadcrumbList\",\"@id\":\"https:\/\/bocumdefense.com\/policial-militar\/producto\/daniel-defense-m4a1-riii\/#breadcrumb\",\"itemListElement\":[{\"@type\":\"ListItem\",\"position\":1,\"name\":\"Portada\",\"item\":\"https:\/\/bocumdefense.com\/policial-militar\/policial-militar\/\"},{\"@type\":\"ListItem\",\"position\":2,\"name\":\"Tienda\",\"item\":\"https:\/\/bocumdefense.com\/policial-militar\/tienda\/\"},{\"@type\":\"ListItem\",\"position\":3,\"name\":\"DANIEL DEFENSE M4A1 RIII\u2122 BLACK\"}]},{\"@type\":\"WebSite\",\"@id\":\"https:\/\/bocumdefense.com\/policial-militar\/#website\",\"url\":\"https:\/\/bocumdefense.com\/policial-militar\/\",\"name\":\"Bocum Defense Policial Militar\",\"description\":\"\",\"potentialAction\":[{\"@type\":\"SearchAction\",\"target\":{\"@type\":\"EntryPoint\",\"urlTemplate\":\"https:\/\/bocumdefense.com\/policial-militar\/?s={search_term_string}\"},\"query-input\":\"required name=search_term_string\"}],\"inLanguage\":\"es\"}]}<\/script>\n<!-- \/ Yoast SEO plugin. -->","yoast_head_json":{"title":"DANIEL DEFENSE M4A1 RIII\u2122  BLACK - Bocum Defense Policial Militar","robots":{"index":"noindex","follow":"follow","max-snippet":"max-snippet:-1","max-image-preview":"max-image-preview:large","max-video-preview":"max-video-preview:-1"},"og_locale":"es_ES","og_type":"article","og_title":"DANIEL DEFENSE M4A1 RIII\u2122  BLACK - Bocum Defense Policial Militar","og_description":"NO DISPONIBLE EN ESPA\u00d1A PARA PARTICULARES   Daniel Defense mejor\u00f3 el dise\u00f1o probado del M4A1 con una base totalmente ambidiestra, lo que facilita su uso para tiradores diestros y zurdos, proporcion\u00e1ndoles mayor flexibilidad y control. Adem\u00e1s, reemplazaron el sistema de carril RIS por el guardamanos RIS III, que utiliza el sistema de fijaci\u00f3n M-LOK en lugar de picatinny, reduciendo el peso del arma.","og_url":"https:\/\/bocumdefense.com\/policial-militar\/producto\/daniel-defense-m4a1-riii\/","og_site_name":"Bocum Defense Policial Militar","article_modified_time":"2023-08-29T11:45:12+00:00","og_image":[{"width":1000,"height":1000,"url":"https:\/\/bocumdefense.com\/policial-militar\/policial-militar\/wp-content\/uploads\/2023\/02\/defense-black-main.jpg","type":"image\/jpeg"}],"twitter_card":"summary_large_image","twitter_misc":{"Tiempo de lectura":"4 minutos"},"schema":{"@context":"https:\/\/schema.org","@graph":[{"@type":"WebPage","@id":"https:\/\/bocumdefense.com\/policial-militar\/producto\/daniel-defense-m4a1-riii\/","url":"https:\/\/bocumdefense.com\/policial-militar\/producto\/daniel-defense-m4a1-riii\/","name":"DANIEL DEFENSE M4A1 RIII\u2122 BLACK - Bocum Defense Policial Militar","isPartOf":{"@id":"https:\/\/bocumdefense.com\/policial-militar\/#website"},"datePublished":"2023-08-29T11:44:20+00:00","dateModified":"2023-08-29T11:45:12+00:00","breadcrumb":{"@id":"https:\/\/bocumdefense.com\/policial-militar\/producto\/daniel-defense-m4a1-riii\/#breadcrumb"},"inLanguage":"es","potentialAction":[{"@type":"ReadAction","target":["https:\/\/bocumdefense.com\/policial-militar\/producto\/daniel-defense-m4a1-riii\/"]}]},{"@type":"BreadcrumbList","@id":"https:\/\/bocumdefense.com\/policial-militar\/producto\/daniel-defense-m4a1-riii\/#breadcrumb","itemListElement":[{"@type":"ListItem","position":1,"name":"Portada","item":"https:\/\/bocumdefense.com\/policial-militar\/policial-militar\/"},{"@type":"ListItem","position":2,"name":"Tienda","item":"https:\/\/bocumdefense.com\/policial-militar\/tienda\/"},{"@type":"ListItem","position":3,"name":"DANIEL DEFENSE M4A1 RIII\u2122 BLACK"}]},{"@type":"WebSite","@id":"https:\/\/bocumdefense.com\/policial-militar\/#website","url":"https:\/\/bocumdefense.com\/policial-militar\/","name":"Bocum Defense Policial Militar","description":"","potentialAction":[{"@type":"SearchAction","target":{"@type":"EntryPoint","urlTemplate":"https:\/\/bocumdefense.com\/policial-militar\/?s={search_term_string}"},"query-input":"required name=search_term_string"}],"inLanguage":"es"}]}},"_links":{"self":[{"href":"https:\/\/bocumdefense.com\/policial-militar\/wp-json\/wp\/v2\/product\/1082","targetHints":{"allow":["GET"]}}],"collection":[{"href":"https:\/\/bocumdefense.com\/policial-militar\/wp-json\/wp\/v2\/product"}],"about":[{"href":"https:\/\/bocumdefense.com\/policial-militar\/wp-json\/wp\/v2\/types\/product"}],"replies":[{"embeddable":true,"href":"https:\/\/bocumdefense.com\/policial-militar\/wp-json\/wp\/v2\/comments?post=1082"}],"wp:featuredmedia":[{"embeddable":true,"href":"https:\/\/bocumdefense.com\/policial-militar\/wp-json\/wp\/v2\/media\/1158"}],"wp:attachment":[{"href":"https:\/\/bocumdefense.com\/policial-militar\/wp-json\/wp\/v2\/media?parent=1082"}],"wp:term":[{"taxonomy":"product_cat","embeddable":true,"href":"https:\/\/bocumdefense.com\/policial-militar\/wp-json\/wp\/v2\/product_cat?post=1082"},{"taxonomy":"product_tag","embeddable":true,"href":"https:\/\/bocumdefense.com\/policial-militar\/wp-json\/wp\/v2\/product_tag?post=1082"}],"curies":[{"name":"wp","href":"https:\/\/api.w.org\/{rel}","templated":true}]}}