{"id":1081,"date":"2023-08-29T12:44:20","date_gmt":"2023-08-29T11:44:20","guid":{"rendered":"https:\/\/bocumdefense.com\/policial-militar\/?post_type=product&#038;p=1081"},"modified":"2023-08-29T12:45:11","modified_gmt":"2023-08-29T11:45:11","slug":"daniel-defense-m4a1-fsp-upper-receiver-group","status":"publish","type":"product","link":"https:\/\/bocumdefense.com\/policial-militar\/producto\/daniel-defense-m4a1-fsp-upper-receiver-group\/","title":{"rendered":"DANIEL DEFENSE M4A1 FSP UPPER RECEIVER GROUP"},"content":{"rendered":"<h2 style=\"text-align: center;\"><strong>DETALLES\u00a0<\/strong><\/h2>\n<p>&nbsp;<\/p>\n<p>La parte superior cuenta con un riel quad picatinny M4A1 FSP RIS II en FDE, un ca\u00f1\u00f3n de perfil M4 de 14,5&#8243;, una base para la mira delantera Mil-Spec F-Marked, un adaptador de supresor Surefire SF3P, mira trasera fija A1.5, un grupo portacierre totalmente autom\u00e1tico de perfil M16 y un punto de enganche de r\u00f3tula QD montado en riel con r\u00f3tula QD.<\/p>\n<p>&nbsp;<\/p>\n<h2 style=\"text-align: center;\"><strong>MATERIALES Y CONSTRUCCI\u00d3N\u00a0<\/strong><\/h2>\n<p>&nbsp;<\/p>\n<ul>\n<li><strong>RECEPTOR SUPERIOR:<\/strong> Este receptor superior cumple con los est\u00e1ndares militares, cuenta con marcas de indexaci\u00f3n y rampas de alimentaci\u00f3n M4. Fue mecanizado con CNC en aluminio 7075-T6 y luego sometido a un proceso de anodizado de capa dura tipo III.<\/li>\n<li><strong>CA\u00d1\u00d3N:<\/strong> El ca\u00f1\u00f3n de este grupo receptor superior est\u00e1 fabricado con acero al Cromo Molibdeno Vanadio forjado en fr\u00edo con una torsi\u00f3n de 1:7 y tiene un perfil M4 de 14.5&#8243;. Adem\u00e1s, cuenta con un forrado en cromo, est\u00e1 fosfatado pesado seg\u00fan los est\u00e1ndares Mil-Spec y ha sido sometido a pruebas HP\/MPI.<\/li>\n<li><strong>SISTEMA DE GAS:\u00a0<\/strong>Mira delantera Mil-Spec F-Marked, longitud carabina, impacto directo\n<div class=\"group w-full text-gray-800 dark:text-gray-100 border-b border-black\/10 dark:border-gray-900\/50 dark:bg-gray-800\">\n<div class=\"text-base gap-4 md:gap-6 md:max-w-2xl lg:max-w-xl xl:max-w-3xl p-4 md:py-6 flex lg:px-0 m-auto\"><\/div>\n<\/div>\n<div class=\"group w-full text-gray-800 dark:text-gray-100 border-b border-black\/10 dark:border-gray-900\/50 bg-gray-50 dark:bg-[#444654]\">\n<div class=\"text-base gap-4 md:gap-6 md:max-w-2xl lg:max-w-xl xl:max-w-3xl p-4 md:py-6 flex lg:px-0 m-auto\"><\/div>\n<\/div>\n<\/li>\n<li><strong>DISPOSITIVO DE LA BOCA:<\/strong> El adaptador para el supresor de fogonazos Surefire SF3P se mecaniza con precisi\u00f3n a partir de una barra de acero inoxidable con tratamiento t\u00e9rmico certificado por el US Mill. Luego se recubre con en DLC negro, y se fija y suelda al ca\u00f1\u00f3n.<\/li>\n<li><strong>GRUPO PORTA CERROJO:<\/strong> El porta cerrojo tiene un perfil M16 y ha pasado la prueba Mil-Spec MP. Adem\u00e1s, est\u00e1 cromado y tiene la llave de gas debidamente estacada.<\/li>\n<li><strong>MIRAS:<\/strong> La mira trasera fija A1.5 est\u00e1 construida con aluminio 6061-T6 mecanizado CNC y cuenta con un acabado de anodizado tipo III de capa dura para mayor durabilidad y resistencia.<\/li>\n<li><strong>GUARDAMANO:<\/strong> El Sistema de Interfaz de Riel (RIS) II de Daniel Defense M4A1 FSP est\u00e1 fabricado con aluminio 6061-T6 mecanizado por CNC y presenta un anodizado de tipo III en color FDE para una mayor durabilidad.<\/li>\n<li><strong>Fabricado en EE.UU.<\/strong><\/li>\n<\/ul>\n","protected":false},"excerpt":{"rendered":"<p><strong><span style=\"color: #ff0000;\">NO DISPONIBLE EN ESPA\u00d1A PARA PARTICULARES\u00a0<\/span><\/strong><\/p>\n<p>Daniel Defense cre\u00f3 este grupo receptor superior estilo AR15 M4A1 FSP para aquellos clientes que buscan un arma de fuego inspirada en USSOCOM SOPMOD Block II.<\/p>\n","protected":false},"featured_media":1157,"comment_status":"open","ping_status":"closed","template":"","meta":{"_et_pb_use_builder":"","_et_pb_old_content":"","_et_gb_content_width":"","inline_featured_image":false},"product_cat":[98,167],"product_tag":[27],"class_list":["post-1081","product","type-product","status-publish","has-post-thumbnail","hentry","product_cat-daniel-defense","product_cat-policial-militar","product_tag-rojo"],"yoast_head":"<!-- This site is optimized with the Yoast SEO plugin v20.8 - https:\/\/yoast.com\/wordpress\/plugins\/seo\/ -->\n<title>DANIEL DEFENSE M4A1 FSP UPPER RECEIVER GROUP - Bocum Defense Policial Militar<\/title>\n<meta name=\"robots\" content=\"noindex, follow, max-snippet:-1, max-image-preview:large, max-video-preview:-1\" \/>\n<meta property=\"og:locale\" content=\"es_ES\" \/>\n<meta property=\"og:type\" content=\"article\" \/>\n<meta property=\"og:title\" content=\"DANIEL DEFENSE M4A1 FSP UPPER RECEIVER GROUP - Bocum Defense Policial Militar\" \/>\n<meta property=\"og:description\" content=\"NO DISPONIBLE EN ESPA\u00d1A PARA PARTICULARES\u00a0  Daniel Defense cre\u00f3 este grupo receptor superior estilo AR15 M4A1 FSP para aquellos clientes que buscan un arma de fuego inspirada en USSOCOM SOPMOD Block II.\" \/>\n<meta property=\"og:url\" content=\"https:\/\/bocumdefense.com\/policial-militar\/producto\/daniel-defense-m4a1-fsp-upper-receiver-group\/\" \/>\n<meta property=\"og:site_name\" content=\"Bocum Defense Policial Militar\" \/>\n<meta property=\"article:modified_time\" content=\"2023-08-29T11:45:11+00:00\" \/>\n<meta property=\"og:image\" content=\"https:\/\/bocumdefense.com\/policial-militar\/policial-militar\/wp-content\/uploads\/2023\/02\/M4A1-FSP-UPPER-RECEIVER-GROUP-MAIN.jpg\" \/>\n\t<meta property=\"og:image:width\" content=\"1000\" \/>\n\t<meta property=\"og:image:height\" content=\"1000\" \/>\n\t<meta property=\"og:image:type\" content=\"image\/jpeg\" \/>\n<meta name=\"twitter:card\" content=\"summary_large_image\" \/>\n<meta name=\"twitter:label1\" content=\"Tiempo de lectura\" \/>\n\t<meta name=\"twitter:data1\" content=\"2 minutos\" \/>\n<script type=\"application\/ld+json\" class=\"yoast-schema-graph\">{\"@context\":\"https:\/\/schema.org\",\"@graph\":[{\"@type\":\"WebPage\",\"@id\":\"https:\/\/bocumdefense.com\/policial-militar\/producto\/daniel-defense-m4a1-fsp-upper-receiver-group\/\",\"url\":\"https:\/\/bocumdefense.com\/policial-militar\/producto\/daniel-defense-m4a1-fsp-upper-receiver-group\/\",\"name\":\"DANIEL DEFENSE M4A1 FSP UPPER RECEIVER GROUP - Bocum Defense Policial Militar\",\"isPartOf\":{\"@id\":\"https:\/\/bocumdefense.com\/policial-militar\/#website\"},\"datePublished\":\"2023-08-29T11:44:20+00:00\",\"dateModified\":\"2023-08-29T11:45:11+00:00\",\"breadcrumb\":{\"@id\":\"https:\/\/bocumdefense.com\/policial-militar\/producto\/daniel-defense-m4a1-fsp-upper-receiver-group\/#breadcrumb\"},\"inLanguage\":\"es\",\"potentialAction\":[{\"@type\":\"ReadAction\",\"target\":[\"https:\/\/bocumdefense.com\/policial-militar\/producto\/daniel-defense-m4a1-fsp-upper-receiver-group\/\"]}]},{\"@type\":\"BreadcrumbList\",\"@id\":\"https:\/\/bocumdefense.com\/policial-militar\/producto\/daniel-defense-m4a1-fsp-upper-receiver-group\/#breadcrumb\",\"itemListElement\":[{\"@type\":\"ListItem\",\"position\":1,\"name\":\"Portada\",\"item\":\"https:\/\/bocumdefense.com\/policial-militar\/policial-militar\/\"},{\"@type\":\"ListItem\",\"position\":2,\"name\":\"Tienda\",\"item\":\"https:\/\/bocumdefense.com\/policial-militar\/tienda\/\"},{\"@type\":\"ListItem\",\"position\":3,\"name\":\"DANIEL DEFENSE M4A1 FSP UPPER RECEIVER GROUP\"}]},{\"@type\":\"WebSite\",\"@id\":\"https:\/\/bocumdefense.com\/policial-militar\/#website\",\"url\":\"https:\/\/bocumdefense.com\/policial-militar\/\",\"name\":\"Bocum Defense Policial Militar\",\"description\":\"\",\"potentialAction\":[{\"@type\":\"SearchAction\",\"target\":{\"@type\":\"EntryPoint\",\"urlTemplate\":\"https:\/\/bocumdefense.com\/policial-militar\/?s={search_term_string}\"},\"query-input\":\"required name=search_term_string\"}],\"inLanguage\":\"es\"}]}<\/script>\n<!-- \/ Yoast SEO plugin. -->","yoast_head_json":{"title":"DANIEL DEFENSE M4A1 FSP UPPER RECEIVER GROUP - Bocum Defense Policial Militar","robots":{"index":"noindex","follow":"follow","max-snippet":"max-snippet:-1","max-image-preview":"max-image-preview:large","max-video-preview":"max-video-preview:-1"},"og_locale":"es_ES","og_type":"article","og_title":"DANIEL DEFENSE M4A1 FSP UPPER RECEIVER GROUP - Bocum Defense Policial Militar","og_description":"NO DISPONIBLE EN ESPA\u00d1A PARA PARTICULARES\u00a0  Daniel Defense cre\u00f3 este grupo receptor superior estilo AR15 M4A1 FSP para aquellos clientes que buscan un arma de fuego inspirada en USSOCOM SOPMOD Block II.","og_url":"https:\/\/bocumdefense.com\/policial-militar\/producto\/daniel-defense-m4a1-fsp-upper-receiver-group\/","og_site_name":"Bocum Defense Policial Militar","article_modified_time":"2023-08-29T11:45:11+00:00","og_image":[{"width":1000,"height":1000,"url":"https:\/\/bocumdefense.com\/policial-militar\/policial-militar\/wp-content\/uploads\/2023\/02\/M4A1-FSP-UPPER-RECEIVER-GROUP-MAIN.jpg","type":"image\/jpeg"}],"twitter_card":"summary_large_image","twitter_misc":{"Tiempo de lectura":"2 minutos"},"schema":{"@context":"https:\/\/schema.org","@graph":[{"@type":"WebPage","@id":"https:\/\/bocumdefense.com\/policial-militar\/producto\/daniel-defense-m4a1-fsp-upper-receiver-group\/","url":"https:\/\/bocumdefense.com\/policial-militar\/producto\/daniel-defense-m4a1-fsp-upper-receiver-group\/","name":"DANIEL DEFENSE M4A1 FSP UPPER RECEIVER GROUP - Bocum Defense Policial Militar","isPartOf":{"@id":"https:\/\/bocumdefense.com\/policial-militar\/#website"},"datePublished":"2023-08-29T11:44:20+00:00","dateModified":"2023-08-29T11:45:11+00:00","breadcrumb":{"@id":"https:\/\/bocumdefense.com\/policial-militar\/producto\/daniel-defense-m4a1-fsp-upper-receiver-group\/#breadcrumb"},"inLanguage":"es","potentialAction":[{"@type":"ReadAction","target":["https:\/\/bocumdefense.com\/policial-militar\/producto\/daniel-defense-m4a1-fsp-upper-receiver-group\/"]}]},{"@type":"BreadcrumbList","@id":"https:\/\/bocumdefense.com\/policial-militar\/producto\/daniel-defense-m4a1-fsp-upper-receiver-group\/#breadcrumb","itemListElement":[{"@type":"ListItem","position":1,"name":"Portada","item":"https:\/\/bocumdefense.com\/policial-militar\/policial-militar\/"},{"@type":"ListItem","position":2,"name":"Tienda","item":"https:\/\/bocumdefense.com\/policial-militar\/tienda\/"},{"@type":"ListItem","position":3,"name":"DANIEL DEFENSE M4A1 FSP UPPER RECEIVER GROUP"}]},{"@type":"WebSite","@id":"https:\/\/bocumdefense.com\/policial-militar\/#website","url":"https:\/\/bocumdefense.com\/policial-militar\/","name":"Bocum Defense Policial Militar","description":"","potentialAction":[{"@type":"SearchAction","target":{"@type":"EntryPoint","urlTemplate":"https:\/\/bocumdefense.com\/policial-militar\/?s={search_term_string}"},"query-input":"required name=search_term_string"}],"inLanguage":"es"}]}},"_links":{"self":[{"href":"https:\/\/bocumdefense.com\/policial-militar\/wp-json\/wp\/v2\/product\/1081","targetHints":{"allow":["GET"]}}],"collection":[{"href":"https:\/\/bocumdefense.com\/policial-militar\/wp-json\/wp\/v2\/product"}],"about":[{"href":"https:\/\/bocumdefense.com\/policial-militar\/wp-json\/wp\/v2\/types\/product"}],"replies":[{"embeddable":true,"href":"https:\/\/bocumdefense.com\/policial-militar\/wp-json\/wp\/v2\/comments?post=1081"}],"wp:featuredmedia":[{"embeddable":true,"href":"https:\/\/bocumdefense.com\/policial-militar\/wp-json\/wp\/v2\/media\/1157"}],"wp:attachment":[{"href":"https:\/\/bocumdefense.com\/policial-militar\/wp-json\/wp\/v2\/media?parent=1081"}],"wp:term":[{"taxonomy":"product_cat","embeddable":true,"href":"https:\/\/bocumdefense.com\/policial-militar\/wp-json\/wp\/v2\/product_cat?post=1081"},{"taxonomy":"product_tag","embeddable":true,"href":"https:\/\/bocumdefense.com\/policial-militar\/wp-json\/wp\/v2\/product_tag?post=1081"}],"curies":[{"name":"wp","href":"https:\/\/api.w.org\/{rel}","templated":true}]}}