{"id":1061,"date":"2023-08-29T12:44:21","date_gmt":"2023-08-29T11:44:21","guid":{"rendered":"https:\/\/bocumdefense.com\/policial-militar\/?post_type=product&#038;p=1061"},"modified":"2023-08-29T12:45:13","modified_gmt":"2023-08-29T11:45:13","slug":"daniel-defense-m4a1-fsp-rail-interface-system-ris-ii-fde","status":"publish","type":"product","link":"https:\/\/bocumdefense.com\/policial-militar\/producto\/daniel-defense-m4a1-fsp-rail-interface-system-ris-ii-fde\/","title":{"rendered":"DANIEL DEFENSE M4A1 FSP RAIL INTERFACE SYSTEM, RIS II   FDE"},"content":{"rendered":"<h2 style=\"text-align: center;\"><strong>DETALLES\u00a0<\/strong><\/h2>\n<p>&nbsp;<\/p>\n<p>El riel con un sistema de interfaz de Daniel Defense (RIS II) es la soluci\u00f3n de flotaci\u00f3n libre M203 que estabas buscando. Dise\u00f1ado a petici\u00f3n del Mando de Operaciones Especiales de los Estados Unidos (SOCOM) para el programa SOPMOD II, este producto revolucionario cumple con los requisitos espec\u00edficos del gobierno norteamiercano. Daniel Defense ha sido capaz de satisfacer la necesidad del SOCOM gracias a su dise\u00f1o innovador, ofreciendo un rendimiento y una funcionalidad inigualables.<\/p>\n<p>&nbsp;<\/p>\n<h2 style=\"text-align: center;\"><strong>CARACTER\u00cdSTICAS\u00a0<\/strong><\/h2>\n<p>&nbsp;<\/p>\n<ul>\n<li>Aluminio 6061-T6 aeron\u00e1utico<\/li>\n<li>Dise\u00f1o de ca\u00f1\u00f3n de flotaci\u00f3n libre para una mayor precisi\u00f3n<\/li>\n<li>Dise\u00f1o de dos piezas para el USSOCOM que permite acoplar un lanzagranadas M203 cuando se desmonta la secci\u00f3n inferior del ra\u00edl.<\/li>\n<li>Sistema de atornillado de 6 tornillos, probado en combate, que fija el guardamanos de forma segura a la carcasa superior.<\/li>\n<li>Cierres de grado 8 de especificaci\u00f3n militar<\/li>\n<li>Plataforma del riel superior continua y ra\u00edles Picatinny Mil-Spec 1913<\/li>\n<li>Acabado Mil-Spec Tipo III Anodizado de Capa Dura (FDE o Negro)<\/li>\n<\/ul>\n","protected":false},"excerpt":{"rendered":"<div class=\"flex flex-grow flex-col gap-3\">\n<div class=\"min-h-[20px] flex flex-col items-start gap-4 whitespace-pre-wrap\">\n<div class=\"markdown prose w-full break-words dark:prose-invert dark\">\n<p><span style=\"color: #ff0000;\"><b>NO DISPONIBLE EN ESPA\u00d1A PARA PARTICULARES\u00a0<\/b><\/span><\/p>\n<p>El Daniel Defense RIS II permite al operador utilizar el lanzagranadas M203 sin necesidad de piezas adicionales, ya que su dise\u00f1o permite la libre flotaci\u00f3n del lanzagranadas. Adem\u00e1s, no se necesitan herramientas especiales para montar el M203, ya que todas las piezas necesarias para su libre flotaci\u00f3n est\u00e1n integradas en el propio riel.<\/p>\n<\/div>\n<\/div>\n<\/div>\n<div class=\"flex justify-between lg:block\">\n<div class=\"text-gray-400 flex self-end lg:self-center justify-center mt-2 gap-2 md:gap-3 lg:gap-1 lg:absolute lg:top-0 lg:translate-x-full lg:right-0 lg:mt-0 lg:pl-2 visible\"><\/div>\n<div class=\"flex justify-between items-center p-4 rounded-md bg-gray-100 dark:bg-gray-700 text-gray-700 dark:text-gray-300 text-sm\"><\/div>\n<\/div>\n","protected":false},"featured_media":1156,"comment_status":"open","ping_status":"closed","template":"","meta":{"_et_pb_use_builder":"","_et_pb_old_content":"","_et_gb_content_width":"","inline_featured_image":false},"product_cat":[458,167],"product_tag":[27],"class_list":["post-1061","product","type-product","status-publish","has-post-thumbnail","hentry","product_cat-armas-pm","product_cat-policial-militar","product_tag-rojo"],"yoast_head":"<!-- This site is optimized with the Yoast SEO plugin v20.8 - https:\/\/yoast.com\/wordpress\/plugins\/seo\/ -->\n<title>DANIEL DEFENSE M4A1 FSP RAIL INTERFACE SYSTEM, RIS II  FDE - Bocum Defense Policial Militar<\/title>\n<meta name=\"robots\" content=\"noindex, follow, max-snippet:-1, max-image-preview:large, max-video-preview:-1\" \/>\n<meta property=\"og:locale\" content=\"es_ES\" \/>\n<meta property=\"og:type\" content=\"article\" \/>\n<meta property=\"og:title\" content=\"DANIEL DEFENSE M4A1 FSP RAIL INTERFACE SYSTEM, RIS II  FDE - Bocum Defense Policial Militar\" \/>\n<meta property=\"og:description\" content=\"NO DISPONIBLE EN ESPA\u00d1A PARA PARTICULARES\u00a0  El Daniel Defense RIS II permite al operador utilizar el lanzagranadas M203 sin necesidad de piezas adicionales, ya que su dise\u00f1o permite la libre flotaci\u00f3n del lanzagranadas. Adem\u00e1s, no se necesitan herramientas especiales para montar el M203, ya que todas las piezas necesarias para su libre flotaci\u00f3n est\u00e1n integradas en el propio riel.\" \/>\n<meta property=\"og:url\" content=\"https:\/\/bocumdefense.com\/policial-militar\/producto\/daniel-defense-m4a1-fsp-rail-interface-system-ris-ii-fde\/\" \/>\n<meta property=\"og:site_name\" content=\"Bocum Defense Policial Militar\" \/>\n<meta property=\"article:modified_time\" content=\"2023-08-29T11:45:13+00:00\" \/>\n<meta property=\"og:image\" content=\"https:\/\/bocumdefense.com\/policial-militar\/policial-militar\/wp-content\/uploads\/2023\/02\/M4A1-FSP-RAIL-INTERFACE-SYSTEM-RIS-II-FDE-MAIN.jpg\" \/>\n\t<meta property=\"og:image:width\" content=\"1000\" \/>\n\t<meta property=\"og:image:height\" content=\"1000\" \/>\n\t<meta property=\"og:image:type\" content=\"image\/jpeg\" \/>\n<meta name=\"twitter:card\" content=\"summary_large_image\" \/>\n<meta name=\"twitter:label1\" content=\"Tiempo de lectura\" \/>\n\t<meta name=\"twitter:data1\" content=\"1 minuto\" \/>\n<script type=\"application\/ld+json\" class=\"yoast-schema-graph\">{\"@context\":\"https:\/\/schema.org\",\"@graph\":[{\"@type\":\"WebPage\",\"@id\":\"https:\/\/bocumdefense.com\/policial-militar\/producto\/daniel-defense-m4a1-fsp-rail-interface-system-ris-ii-fde\/\",\"url\":\"https:\/\/bocumdefense.com\/policial-militar\/producto\/daniel-defense-m4a1-fsp-rail-interface-system-ris-ii-fde\/\",\"name\":\"DANIEL DEFENSE M4A1 FSP RAIL INTERFACE SYSTEM, RIS II FDE - Bocum Defense Policial Militar\",\"isPartOf\":{\"@id\":\"https:\/\/bocumdefense.com\/policial-militar\/#website\"},\"datePublished\":\"2023-08-29T11:44:21+00:00\",\"dateModified\":\"2023-08-29T11:45:13+00:00\",\"breadcrumb\":{\"@id\":\"https:\/\/bocumdefense.com\/policial-militar\/producto\/daniel-defense-m4a1-fsp-rail-interface-system-ris-ii-fde\/#breadcrumb\"},\"inLanguage\":\"es\",\"potentialAction\":[{\"@type\":\"ReadAction\",\"target\":[\"https:\/\/bocumdefense.com\/policial-militar\/producto\/daniel-defense-m4a1-fsp-rail-interface-system-ris-ii-fde\/\"]}]},{\"@type\":\"BreadcrumbList\",\"@id\":\"https:\/\/bocumdefense.com\/policial-militar\/producto\/daniel-defense-m4a1-fsp-rail-interface-system-ris-ii-fde\/#breadcrumb\",\"itemListElement\":[{\"@type\":\"ListItem\",\"position\":1,\"name\":\"Portada\",\"item\":\"https:\/\/bocumdefense.com\/policial-militar\/policial-militar\/\"},{\"@type\":\"ListItem\",\"position\":2,\"name\":\"Tienda\",\"item\":\"https:\/\/bocumdefense.com\/policial-militar\/tienda\/\"},{\"@type\":\"ListItem\",\"position\":3,\"name\":\"DANIEL DEFENSE M4A1 FSP RAIL INTERFACE SYSTEM, RIS II FDE\"}]},{\"@type\":\"WebSite\",\"@id\":\"https:\/\/bocumdefense.com\/policial-militar\/#website\",\"url\":\"https:\/\/bocumdefense.com\/policial-militar\/\",\"name\":\"Bocum Defense Policial Militar\",\"description\":\"\",\"potentialAction\":[{\"@type\":\"SearchAction\",\"target\":{\"@type\":\"EntryPoint\",\"urlTemplate\":\"https:\/\/bocumdefense.com\/policial-militar\/?s={search_term_string}\"},\"query-input\":\"required name=search_term_string\"}],\"inLanguage\":\"es\"}]}<\/script>\n<!-- \/ Yoast SEO plugin. -->","yoast_head_json":{"title":"DANIEL DEFENSE M4A1 FSP RAIL INTERFACE SYSTEM, RIS II  FDE - Bocum Defense Policial Militar","robots":{"index":"noindex","follow":"follow","max-snippet":"max-snippet:-1","max-image-preview":"max-image-preview:large","max-video-preview":"max-video-preview:-1"},"og_locale":"es_ES","og_type":"article","og_title":"DANIEL DEFENSE M4A1 FSP RAIL INTERFACE SYSTEM, RIS II  FDE - Bocum Defense Policial Militar","og_description":"NO DISPONIBLE EN ESPA\u00d1A PARA PARTICULARES\u00a0  El Daniel Defense RIS II permite al operador utilizar el lanzagranadas M203 sin necesidad de piezas adicionales, ya que su dise\u00f1o permite la libre flotaci\u00f3n del lanzagranadas. Adem\u00e1s, no se necesitan herramientas especiales para montar el M203, ya que todas las piezas necesarias para su libre flotaci\u00f3n est\u00e1n integradas en el propio riel.","og_url":"https:\/\/bocumdefense.com\/policial-militar\/producto\/daniel-defense-m4a1-fsp-rail-interface-system-ris-ii-fde\/","og_site_name":"Bocum Defense Policial Militar","article_modified_time":"2023-08-29T11:45:13+00:00","og_image":[{"width":1000,"height":1000,"url":"https:\/\/bocumdefense.com\/policial-militar\/policial-militar\/wp-content\/uploads\/2023\/02\/M4A1-FSP-RAIL-INTERFACE-SYSTEM-RIS-II-FDE-MAIN.jpg","type":"image\/jpeg"}],"twitter_card":"summary_large_image","twitter_misc":{"Tiempo de lectura":"1 minuto"},"schema":{"@context":"https:\/\/schema.org","@graph":[{"@type":"WebPage","@id":"https:\/\/bocumdefense.com\/policial-militar\/producto\/daniel-defense-m4a1-fsp-rail-interface-system-ris-ii-fde\/","url":"https:\/\/bocumdefense.com\/policial-militar\/producto\/daniel-defense-m4a1-fsp-rail-interface-system-ris-ii-fde\/","name":"DANIEL DEFENSE M4A1 FSP RAIL INTERFACE SYSTEM, RIS II FDE - Bocum Defense Policial Militar","isPartOf":{"@id":"https:\/\/bocumdefense.com\/policial-militar\/#website"},"datePublished":"2023-08-29T11:44:21+00:00","dateModified":"2023-08-29T11:45:13+00:00","breadcrumb":{"@id":"https:\/\/bocumdefense.com\/policial-militar\/producto\/daniel-defense-m4a1-fsp-rail-interface-system-ris-ii-fde\/#breadcrumb"},"inLanguage":"es","potentialAction":[{"@type":"ReadAction","target":["https:\/\/bocumdefense.com\/policial-militar\/producto\/daniel-defense-m4a1-fsp-rail-interface-system-ris-ii-fde\/"]}]},{"@type":"BreadcrumbList","@id":"https:\/\/bocumdefense.com\/policial-militar\/producto\/daniel-defense-m4a1-fsp-rail-interface-system-ris-ii-fde\/#breadcrumb","itemListElement":[{"@type":"ListItem","position":1,"name":"Portada","item":"https:\/\/bocumdefense.com\/policial-militar\/policial-militar\/"},{"@type":"ListItem","position":2,"name":"Tienda","item":"https:\/\/bocumdefense.com\/policial-militar\/tienda\/"},{"@type":"ListItem","position":3,"name":"DANIEL DEFENSE M4A1 FSP RAIL INTERFACE SYSTEM, RIS II FDE"}]},{"@type":"WebSite","@id":"https:\/\/bocumdefense.com\/policial-militar\/#website","url":"https:\/\/bocumdefense.com\/policial-militar\/","name":"Bocum Defense Policial Militar","description":"","potentialAction":[{"@type":"SearchAction","target":{"@type":"EntryPoint","urlTemplate":"https:\/\/bocumdefense.com\/policial-militar\/?s={search_term_string}"},"query-input":"required name=search_term_string"}],"inLanguage":"es"}]}},"_links":{"self":[{"href":"https:\/\/bocumdefense.com\/policial-militar\/wp-json\/wp\/v2\/product\/1061","targetHints":{"allow":["GET"]}}],"collection":[{"href":"https:\/\/bocumdefense.com\/policial-militar\/wp-json\/wp\/v2\/product"}],"about":[{"href":"https:\/\/bocumdefense.com\/policial-militar\/wp-json\/wp\/v2\/types\/product"}],"replies":[{"embeddable":true,"href":"https:\/\/bocumdefense.com\/policial-militar\/wp-json\/wp\/v2\/comments?post=1061"}],"wp:featuredmedia":[{"embeddable":true,"href":"https:\/\/bocumdefense.com\/policial-militar\/wp-json\/wp\/v2\/media\/1156"}],"wp:attachment":[{"href":"https:\/\/bocumdefense.com\/policial-militar\/wp-json\/wp\/v2\/media?parent=1061"}],"wp:term":[{"taxonomy":"product_cat","embeddable":true,"href":"https:\/\/bocumdefense.com\/policial-militar\/wp-json\/wp\/v2\/product_cat?post=1061"},{"taxonomy":"product_tag","embeddable":true,"href":"https:\/\/bocumdefense.com\/policial-militar\/wp-json\/wp\/v2\/product_tag?post=1061"}],"curies":[{"name":"wp","href":"https:\/\/api.w.org\/{rel}","templated":true}]}}