{"id":1058,"date":"2023-08-29T12:44:21","date_gmt":"2023-08-29T11:44:21","guid":{"rendered":"https:\/\/bocumdefense.com\/policial-militar\/?post_type=product&#038;p=1058"},"modified":"2023-08-29T12:45:12","modified_gmt":"2023-08-29T11:45:12","slug":"daniel-defense-m4a1","status":"publish","type":"product","link":"https:\/\/bocumdefense.com\/policial-militar\/producto\/daniel-defense-m4a1\/","title":{"rendered":"DANIEL DEFENSE M4A1   FDE"},"content":{"rendered":"<h2 style=\"text-align: center;\"><strong>DETALLES\u00a0<\/strong><\/h2>\n<p>&nbsp;<\/p>\n<p>El fusil M4A1 est\u00e1 dise\u00f1ado alrededor de un ca\u00f1\u00f3n de 14,5 pulgadas de perfil M4, forjado en fr\u00edo y con un supresor de flash Daniel Defense permanentemente unido. La palanca de carga GRIP-N-RIP se adecua tanto para tiradores diestros como zurdos. Adem\u00e1s, el M4A1 est\u00e1 disponible con un carril FDE, as\u00ed como con la opci\u00f3n de recubrimiento Mil Spec + Cerakote. Este rifle tambi\u00e9n cuenta con el ergon\u00f3mico culat\u00edn y empu\u00f1adura de pistola Daniel Defense.<\/p>\n<p>&nbsp;<\/p>\n<h2 style=\"text-align: center;\"><strong>MATERIALES Y CONSTRUCCI\u00d3N\u00a0<\/strong><\/h2>\n<p>&nbsp;<\/p>\n<ul>\n<li><strong>RECEPTOR INFERIOR:<\/strong> El cargador acampanado mejorado Mil-Spec cuenta con un punto de enganche QD en el receptor trasero. Est\u00e1 fabricado mediante mecanizado CNC a partir de aluminio 7075-T6 y presenta un recubrimiento anodizado duro tipo III.<\/li>\n<li><strong>RECEPTOR SUPERIOR<\/strong>: El conjunto Mil-Spec incluye marcas de indexaci\u00f3n y rampas de alimentaci\u00f3n M4. Est\u00e1 fabricado mediante mecanizado CNC en aluminio 7075-T6 y presenta un recubrimiento anodizado duro tipo III.<\/li>\n<li><strong>CA\u00d1\u00d3N:\u00a0<\/strong>El ca\u00f1\u00f3n est\u00e1 fabricado con acero al cromo molibdeno vanadio, forjado en fr\u00edo, y tiene una torsi\u00f3n de 1:7 y un perfil M4 de 36,83 cm. Est\u00e1 recubierto de cromo y cuenta con un fosfato pesado Mil-Spec. Adem\u00e1s, ha sido sometido a pruebas HP\/MPI.\n<div class=\"group w-full text-gray-800 dark:text-gray-100 border-b border-black\/10 dark:border-gray-900\/50 bg-gray-50 dark:bg-[#444654]\">\n<div class=\"text-base gap-4 md:gap-6 md:max-w-2xl lg:max-w-xl xl:max-w-3xl p-4 md:py-6 flex lg:px-0 m-auto\">\n<div class=\"relative flex w-[calc(100%-50px)] flex-col gap-1 md:gap-3 lg:w-[calc(100%-115px)]\"><\/div>\n<\/div>\n<\/div>\n<\/li>\n<li><strong>SISTEMA DE GAS:<\/strong> El bloque de gas tiene un perfil bajo con pasador y est\u00e1 fabricado mediante mecanizado CNC en acero 4140 endurecido. Adem\u00e1s, cuenta con un revestimiento de fosfato pesado Mil-Spec y tiene una longitud de carabina para un impacto directo.<\/li>\n<li><strong>SUPRESOR DE FOGONAZOS:\u00a0<\/strong>El material utilizado en el producto es acero inoxidable 17-4 PH, el cual cuenta con un acabado de nitruro de ba\u00f1o salino por parte de Daniel Defense.\n<div class=\"group w-full text-gray-800 dark:text-gray-100 border-b border-black\/10 dark:border-gray-900\/50 bg-gray-50 dark:bg-[#444654]\">\n<div class=\"text-base gap-4 md:gap-6 md:max-w-2xl lg:max-w-xl xl:max-w-3xl p-4 md:py-6 flex lg:px-0 m-auto\">\n<div class=\"relative flex w-[calc(100%-50px)] flex-col gap-1 md:gap-3 lg:w-[calc(100%-115px)]\"><\/div>\n<\/div>\n<\/div>\n<\/li>\n<li><strong>GRUPO PORTA CERROJO:\u00a0<\/strong>Cuenta con un perfil M16, ha sido sometido a pruebas Mil-Spec MP, presenta un acabado cromado y la llave de gas se encuentra debidamente estacada.\n<div class=\"group w-full text-gray-800 dark:text-gray-100 border-b border-black\/10 dark:border-gray-900\/50 bg-gray-50 dark:bg-[#444654]\">\n<div class=\"text-base gap-4 md:gap-6 md:max-w-2xl lg:max-w-xl xl:max-w-3xl p-4 md:py-6 flex lg:px-0 m-auto\">\n<div class=\"relative flex w-[calc(100%-50px)] flex-col gap-1 md:gap-3 lg:w-[calc(100%-115px)]\"><\/div>\n<\/div>\n<\/div>\n<\/li>\n<li><strong>BUFFER:<\/strong> Buffer H<\/li>\n<li><strong>MIRAS<\/strong>: <strong>SE VENDEN POR SEPARADO.<\/strong><\/li>\n<li><strong>GUARDAMANOS:<\/strong> Daniel Defense M4A1 Rail Interface System (RIS) II. Mecanizado \u00a0por CNC en Aluminio 6061-T6.<\/li>\n<li><strong>PALANCA DE CARGA: <\/strong>La\u00a0palanca de carga\u00a0GRIP-N-RIP presenta un cuerpo mecanizado por CNC en aluminio 7075-T6, mientras que las empu\u00f1aduras y el pestillo est\u00e1n mecanizados por CNC en aluminio 6061-T6. Los pasadores utilizados son de acero inoxidable y el producto cuenta con un recubrimiento anodizado duro tipo III.\n<div class=\"group w-full text-gray-800 dark:text-gray-100 border-b border-black\/10 dark:border-gray-900\/50 bg-gray-50 dark:bg-[#444654]\">\n<div class=\"text-base gap-4 md:gap-6 md:max-w-2xl lg:max-w-xl xl:max-w-3xl p-4 md:py-6 flex lg:px-0 m-auto\">\n<div class=\"relative flex w-[calc(100%-50px)] flex-col gap-1 md:gap-3 lg:w-[calc(100%-115px)]\"><\/div>\n<\/div>\n<\/div>\n<\/li>\n<li><strong>EXTENSION RECEPTOR:<\/strong> 6 Posiciones acabado en Mil-Spec y hecho de un aluminio\u00a07075-T6.<\/li>\n<li><strong>CULATA:<\/strong> Daniel Defense,\u00a0Pol\u00edmero relleno de vidrio con sobre moldeado de tacto suave.<\/li>\n<li><strong>MANGO DE PISTOLA:<\/strong>\u00a0Grip de pistola Daniel Defense hecha en\u00a0Pol\u00edmero relleno de vidrio con sobre moldeado de tacto suave.<\/li>\n<li><strong>Fabricado en EE.UU.<\/strong><\/li>\n<\/ul>\n<p>&nbsp;<\/p>\n<h2 style=\"text-align: center;\"><strong>CARACTER\u00cdSTICAS\u00a0<\/strong><\/h2>\n<p>&nbsp;<\/p>\n<p>&nbsp;<\/p>\n<p><img loading=\"lazy\" decoding=\"async\" class=\"aligncenter wp-image-2073 size-large\" src=\"https:\/\/bocumdefense.com\/policial-militar\/policial-militar\/wp-content\/uploads\/2023\/02\/feature-02-088-06027-011_1-1024x236.jpg\" alt=\"\" width=\"1024\" height=\"236\" srcset=\"https:\/\/bocumdefense.com\/policial-militar\/policial-militar\/wp-content\/uploads\/2023\/02\/feature-02-088-06027-011_1-980x226.jpg 980w, https:\/\/bocumdefense.com\/policial-militar\/policial-militar\/wp-content\/uploads\/2023\/02\/feature-02-088-06027-011_1-480x111.jpg 480w\" sizes=\"(min-width: 0px) and (max-width: 480px) 480px, (min-width: 481px) and (max-width: 980px) 980px, (min-width: 981px) 1024px, 100vw\" \/><\/p>\n<p>&nbsp;<\/p>\n<p>&nbsp;<\/p>\n<ol>\n<li><strong>FRENO DE BOCA;<\/strong> Dise\u00f1o mejorado que reduce la firma del fogonazo en comparaci\u00f3n con la tradicional jaula A2 para armas de fuego de estilo AR15<\/li>\n<li><strong>CA\u00d1\u00d3N FORJADO A MARTILLO FR\u00cdO;<\/strong>\u00a0Intenso proceso de presi\u00f3n hidr\u00e1ulica que forma los ca\u00f1ones m\u00e1s precisos y duraderos que se pueden conseguir.<\/li>\n<li><strong>HUECO DEL CARGADOR ENSANCHADO;<\/strong>\u00a0El hueco del cargador ensanchado y biselado permite colocar los cargadores en su sitio para recargarlos de la forma m\u00e1s r\u00e1pida y segura posible.<\/li>\n<li><strong>SELECTOR DE SEGURIDAD AMBI:\u00a0<\/strong>Para tiradores diestros o zurdos.<\/li>\n<li><strong>SISTEMA DE CARRIL DE FLOTACI\u00d3N LIBRE;<\/strong>\u00a0Sujeci\u00f3n patentada de 4 \u00f3 6 pernos al tubo superior que permite que el sistema de ra\u00edl deje flotar libremente el ca\u00f1\u00f3n, lo que garantizar\u00e1 que los arm\u00f3nicos del ca\u00f1\u00f3n no se vean afectados durante el funcionamiento.<\/li>\n<li><strong>PERILLA:<\/strong>\u00a0Con carrillera antideslizante, cantoneras intercambiables y punto QD integrado.<\/li>\n<li><strong>PUNTOS QD:<\/strong>\u00a0Puntos de desconexi\u00f3n r\u00e1pida integrados para la fijaci\u00f3n de eslingas.<\/li>\n<li><strong>PICATINNY;<\/strong>\u00a0Fijaci\u00f3n Mil-Spec 1913 Picatinny Rail<\/li>\n<li><strong>EMPU\u00d1ADURA DE PISTOLA:<\/strong> Angulo de mu\u00f1eca ergon\u00f3mico, guardamonte integral y empu\u00f1adura antideslizante para mayor comodidad y control en todas las condiciones.<\/li>\n<\/ol>\n","protected":false},"excerpt":{"rendered":"<p><strong><span style=\"color: #ff0000;\">NO DISPONIBLE EN ESPA\u00d1A PARA PARTICULARES <!--\/data\/user\/0\/com.samsung.android.app.notes\/files\/clipdata\/clipdata_bodytext_230204_175046_581.sdocx--><\/span><br \/>\n<\/strong><\/p>\n<p>Este fusil de r\u00e1pido manejo es id\u00e9ntico al arma de alto rendimiento que Daniel Defense suministra al ej\u00e9rcito estadounidense. Est\u00e1 equipado con un ca\u00f1\u00f3n de 14,5 pulgadas y el sistema de rieles M4A1 RIS II, el cual ha sido confiado por el Mando de Operaciones Especiales de EE.UU. (SOCOM) desde el a\u00f1o 2006.<\/p>\n","protected":false},"featured_media":1149,"comment_status":"open","ping_status":"closed","template":"","meta":{"_et_pb_use_builder":"","_et_pb_old_content":"","_et_gb_content_width":"","inline_featured_image":false},"product_cat":[458,167],"product_tag":[48],"class_list":["post-1058","product","type-product","status-publish","has-post-thumbnail","hentry","product_cat-armas-pm","product_cat-policial-militar","product_tag-rojo-armas"],"yoast_head":"<!-- This site is optimized with the Yoast SEO plugin v20.8 - https:\/\/yoast.com\/wordpress\/plugins\/seo\/ -->\n<title>DANIEL DEFENSE M4A1  FDE - Bocum Defense Policial Militar<\/title>\n<meta name=\"robots\" content=\"noindex, follow, max-snippet:-1, max-image-preview:large, max-video-preview:-1\" \/>\n<meta property=\"og:locale\" content=\"es_ES\" \/>\n<meta property=\"og:type\" content=\"article\" \/>\n<meta property=\"og:title\" content=\"DANIEL DEFENSE M4A1  FDE - Bocum Defense Policial Militar\" \/>\n<meta property=\"og:description\" content=\"NO DISPONIBLE EN ESPA\u00d1A PARA PARTICULARES    Este fusil de r\u00e1pido manejo es id\u00e9ntico al arma de alto rendimiento que Daniel Defense suministra al ej\u00e9rcito estadounidense. Est\u00e1 equipado con un ca\u00f1\u00f3n de 14,5 pulgadas y el sistema de rieles M4A1 RIS II, el cual ha sido confiado por el Mando de Operaciones Especiales de EE.UU. (SOCOM) desde el a\u00f1o 2006.\" \/>\n<meta property=\"og:url\" content=\"https:\/\/bocumdefense.com\/policial-militar\/producto\/daniel-defense-m4a1\/\" \/>\n<meta property=\"og:site_name\" content=\"Bocum Defense Policial Militar\" \/>\n<meta property=\"article:modified_time\" content=\"2023-08-29T11:45:12+00:00\" \/>\n<meta property=\"og:image\" content=\"https:\/\/bocumdefense.com\/policial-militar\/policial-militar\/wp-content\/uploads\/2023\/02\/M4A1-MAIN-2.jpg\" \/>\n\t<meta property=\"og:image:width\" content=\"1000\" \/>\n\t<meta property=\"og:image:height\" content=\"1000\" \/>\n\t<meta property=\"og:image:type\" content=\"image\/jpeg\" \/>\n<meta name=\"twitter:card\" content=\"summary_large_image\" \/>\n<meta name=\"twitter:label1\" content=\"Tiempo de lectura\" \/>\n\t<meta name=\"twitter:data1\" content=\"3 minutos\" \/>\n<script type=\"application\/ld+json\" class=\"yoast-schema-graph\">{\"@context\":\"https:\/\/schema.org\",\"@graph\":[{\"@type\":\"WebPage\",\"@id\":\"https:\/\/bocumdefense.com\/policial-militar\/producto\/daniel-defense-m4a1\/\",\"url\":\"https:\/\/bocumdefense.com\/policial-militar\/producto\/daniel-defense-m4a1\/\",\"name\":\"DANIEL DEFENSE M4A1 FDE - Bocum Defense Policial Militar\",\"isPartOf\":{\"@id\":\"https:\/\/bocumdefense.com\/policial-militar\/#website\"},\"datePublished\":\"2023-08-29T11:44:21+00:00\",\"dateModified\":\"2023-08-29T11:45:12+00:00\",\"breadcrumb\":{\"@id\":\"https:\/\/bocumdefense.com\/policial-militar\/producto\/daniel-defense-m4a1\/#breadcrumb\"},\"inLanguage\":\"es\",\"potentialAction\":[{\"@type\":\"ReadAction\",\"target\":[\"https:\/\/bocumdefense.com\/policial-militar\/producto\/daniel-defense-m4a1\/\"]}]},{\"@type\":\"BreadcrumbList\",\"@id\":\"https:\/\/bocumdefense.com\/policial-militar\/producto\/daniel-defense-m4a1\/#breadcrumb\",\"itemListElement\":[{\"@type\":\"ListItem\",\"position\":1,\"name\":\"Portada\",\"item\":\"https:\/\/bocumdefense.com\/policial-militar\/policial-militar\/\"},{\"@type\":\"ListItem\",\"position\":2,\"name\":\"Tienda\",\"item\":\"https:\/\/bocumdefense.com\/policial-militar\/tienda\/\"},{\"@type\":\"ListItem\",\"position\":3,\"name\":\"DANIEL DEFENSE M4A1 FDE\"}]},{\"@type\":\"WebSite\",\"@id\":\"https:\/\/bocumdefense.com\/policial-militar\/#website\",\"url\":\"https:\/\/bocumdefense.com\/policial-militar\/\",\"name\":\"Bocum Defense Policial Militar\",\"description\":\"\",\"potentialAction\":[{\"@type\":\"SearchAction\",\"target\":{\"@type\":\"EntryPoint\",\"urlTemplate\":\"https:\/\/bocumdefense.com\/policial-militar\/?s={search_term_string}\"},\"query-input\":\"required name=search_term_string\"}],\"inLanguage\":\"es\"}]}<\/script>\n<!-- \/ Yoast SEO plugin. -->","yoast_head_json":{"title":"DANIEL DEFENSE M4A1  FDE - Bocum Defense Policial Militar","robots":{"index":"noindex","follow":"follow","max-snippet":"max-snippet:-1","max-image-preview":"max-image-preview:large","max-video-preview":"max-video-preview:-1"},"og_locale":"es_ES","og_type":"article","og_title":"DANIEL DEFENSE M4A1  FDE - Bocum Defense Policial Militar","og_description":"NO DISPONIBLE EN ESPA\u00d1A PARA PARTICULARES    Este fusil de r\u00e1pido manejo es id\u00e9ntico al arma de alto rendimiento que Daniel Defense suministra al ej\u00e9rcito estadounidense. Est\u00e1 equipado con un ca\u00f1\u00f3n de 14,5 pulgadas y el sistema de rieles M4A1 RIS II, el cual ha sido confiado por el Mando de Operaciones Especiales de EE.UU. (SOCOM) desde el a\u00f1o 2006.","og_url":"https:\/\/bocumdefense.com\/policial-militar\/producto\/daniel-defense-m4a1\/","og_site_name":"Bocum Defense Policial Militar","article_modified_time":"2023-08-29T11:45:12+00:00","og_image":[{"width":1000,"height":1000,"url":"https:\/\/bocumdefense.com\/policial-militar\/policial-militar\/wp-content\/uploads\/2023\/02\/M4A1-MAIN-2.jpg","type":"image\/jpeg"}],"twitter_card":"summary_large_image","twitter_misc":{"Tiempo de lectura":"3 minutos"},"schema":{"@context":"https:\/\/schema.org","@graph":[{"@type":"WebPage","@id":"https:\/\/bocumdefense.com\/policial-militar\/producto\/daniel-defense-m4a1\/","url":"https:\/\/bocumdefense.com\/policial-militar\/producto\/daniel-defense-m4a1\/","name":"DANIEL DEFENSE M4A1 FDE - Bocum Defense Policial Militar","isPartOf":{"@id":"https:\/\/bocumdefense.com\/policial-militar\/#website"},"datePublished":"2023-08-29T11:44:21+00:00","dateModified":"2023-08-29T11:45:12+00:00","breadcrumb":{"@id":"https:\/\/bocumdefense.com\/policial-militar\/producto\/daniel-defense-m4a1\/#breadcrumb"},"inLanguage":"es","potentialAction":[{"@type":"ReadAction","target":["https:\/\/bocumdefense.com\/policial-militar\/producto\/daniel-defense-m4a1\/"]}]},{"@type":"BreadcrumbList","@id":"https:\/\/bocumdefense.com\/policial-militar\/producto\/daniel-defense-m4a1\/#breadcrumb","itemListElement":[{"@type":"ListItem","position":1,"name":"Portada","item":"https:\/\/bocumdefense.com\/policial-militar\/policial-militar\/"},{"@type":"ListItem","position":2,"name":"Tienda","item":"https:\/\/bocumdefense.com\/policial-militar\/tienda\/"},{"@type":"ListItem","position":3,"name":"DANIEL DEFENSE M4A1 FDE"}]},{"@type":"WebSite","@id":"https:\/\/bocumdefense.com\/policial-militar\/#website","url":"https:\/\/bocumdefense.com\/policial-militar\/","name":"Bocum Defense Policial Militar","description":"","potentialAction":[{"@type":"SearchAction","target":{"@type":"EntryPoint","urlTemplate":"https:\/\/bocumdefense.com\/policial-militar\/?s={search_term_string}"},"query-input":"required name=search_term_string"}],"inLanguage":"es"}]}},"_links":{"self":[{"href":"https:\/\/bocumdefense.com\/policial-militar\/wp-json\/wp\/v2\/product\/1058","targetHints":{"allow":["GET"]}}],"collection":[{"href":"https:\/\/bocumdefense.com\/policial-militar\/wp-json\/wp\/v2\/product"}],"about":[{"href":"https:\/\/bocumdefense.com\/policial-militar\/wp-json\/wp\/v2\/types\/product"}],"replies":[{"embeddable":true,"href":"https:\/\/bocumdefense.com\/policial-militar\/wp-json\/wp\/v2\/comments?post=1058"}],"wp:featuredmedia":[{"embeddable":true,"href":"https:\/\/bocumdefense.com\/policial-militar\/wp-json\/wp\/v2\/media\/1149"}],"wp:attachment":[{"href":"https:\/\/bocumdefense.com\/policial-militar\/wp-json\/wp\/v2\/media?parent=1058"}],"wp:term":[{"taxonomy":"product_cat","embeddable":true,"href":"https:\/\/bocumdefense.com\/policial-militar\/wp-json\/wp\/v2\/product_cat?post=1058"},{"taxonomy":"product_tag","embeddable":true,"href":"https:\/\/bocumdefense.com\/policial-militar\/wp-json\/wp\/v2\/product_tag?post=1058"}],"curies":[{"name":"wp","href":"https:\/\/api.w.org\/{rel}","templated":true}]}}