{"id":1033,"date":"2023-08-29T12:44:22","date_gmt":"2023-08-29T11:44:22","guid":{"rendered":"https:\/\/bocumdefense.com\/policial-militar\/?post_type=product&#038;p=1033"},"modified":"2023-08-29T12:45:13","modified_gmt":"2023-08-29T11:45:13","slug":"daniel-defense-kit-de-componentes-esenciales-dd5-dd5-v3-v4-v5-7-62x51mm-6-5cm-260-rem","status":"publish","type":"product","link":"https:\/\/bocumdefense.com\/policial-militar\/producto\/daniel-defense-kit-de-componentes-esenciales-dd5-dd5-v3-v4-v5-7-62x51mm-6-5cm-260-rem\/","title":{"rendered":"DANIEL DEFENSE KIT DE COMPONENTES ESENCIALES DD5 &#8211; DD5 V3\/V4\/V5 (7.62X51MM\/6.5CM\/.260 REM)"},"content":{"rendered":"<h2 style=\"text-align: center;\"><strong>DETALLES\u00a0<\/strong><\/h2>\n<p>&nbsp;<\/p>\n<ul>\n<li><strong>El kit contiene los siguientes componentes:<\/strong>\n<ul>\n<li>Percutor 7.62 GEN II<\/li>\n<li>Extractor 7.62 GEN II<\/li>\n<li>Anillo de Gas 7.62<\/li>\n<li>Eyector recubierto de DLC<\/li>\n<li>Muelle de seguridad y expulsor<\/li>\n<li>Pasador de rodillo dividido de 0,0625&#8243; x 0,5 (0.1587 x 12.7 cm)<\/li>\n<li>Muelle Extractor 7.62 GEN II<\/li>\n<li>7.62 GEN II amortiguador extractor<\/li>\n<li>Pasador de rodillo dividido de 0,0938&#8243; x 0,5 (0.23 x 12.7 cm)<\/li>\n<li>Anillo de retenci\u00f3n interno del Carrier Buffer<\/li>\n<li>Muelle de retorno del percutor DD5 GEN II<\/li>\n<li>Muelle de Acci\u00f3n del Buffer 7.62<\/li>\n<\/ul>\n<\/li>\n<\/ul>\n","protected":false},"excerpt":{"rendered":"<p><strong><span style=\"color: #ff0000;\">NO DISPONIBLE EN ESPA\u00d1A PARA PARTICULARES\u00a0<\/span><\/strong><\/p>\n<p>Este kit de componentes fundamentales del DD5 contiene las piezas m\u00e1s solicitadas para su DD5 V3, V4 o V5, con rec\u00e1mara de 7,62 x 51MM, 6,5 Creedmoor o .260 Remington, en un pr\u00e1ctico paquete.<\/p>\n","protected":false},"featured_media":1124,"comment_status":"open","ping_status":"closed","template":"","meta":{"_et_pb_use_builder":"","_et_pb_old_content":"","_et_gb_content_width":"","inline_featured_image":false},"product_cat":[458,167],"product_tag":[27],"class_list":["post-1033","product","type-product","status-publish","has-post-thumbnail","hentry","product_cat-armas-pm","product_cat-policial-militar","product_tag-rojo"],"yoast_head":"<!-- This site is optimized with the Yoast SEO plugin v20.8 - https:\/\/yoast.com\/wordpress\/plugins\/seo\/ -->\n<title>DANIEL DEFENSE KIT DE COMPONENTES ESENCIALES DD5 - DD5 V3\/V4\/V5 (7.62X51MM\/6.5CM\/.260 REM) - Bocum Defense Policial Militar<\/title>\n<meta name=\"robots\" content=\"noindex, follow, max-snippet:-1, max-image-preview:large, max-video-preview:-1\" \/>\n<meta property=\"og:locale\" content=\"es_ES\" \/>\n<meta property=\"og:type\" content=\"article\" \/>\n<meta property=\"og:title\" content=\"DANIEL DEFENSE KIT DE COMPONENTES ESENCIALES DD5 - DD5 V3\/V4\/V5 (7.62X51MM\/6.5CM\/.260 REM) - Bocum Defense Policial Militar\" \/>\n<meta property=\"og:description\" content=\"NO DISPONIBLE EN ESPA\u00d1A PARA PARTICULARES\u00a0  Este kit de componentes fundamentales del DD5 contiene las piezas m\u00e1s solicitadas para su DD5 V3, V4 o V5, con rec\u00e1mara de 7,62 x 51MM, 6,5 Creedmoor o .260 Remington, en un pr\u00e1ctico paquete.\" \/>\n<meta property=\"og:url\" content=\"https:\/\/bocumdefense.com\/policial-militar\/producto\/daniel-defense-kit-de-componentes-esenciales-dd5-dd5-v3-v4-v5-7-62x51mm-6-5cm-260-rem\/\" \/>\n<meta property=\"og:site_name\" content=\"Bocum Defense Policial Militar\" \/>\n<meta property=\"article:modified_time\" content=\"2023-08-29T11:45:13+00:00\" \/>\n<meta property=\"og:image\" content=\"https:\/\/bocumdefense.com\/policial-militar\/policial-militar\/wp-content\/uploads\/2023\/02\/DD5-CRITICAL-COMPONENTS-KIT-DD5-V3_V4_V5-7.62X51MM_6.5CM_.260-REM-MAIN.jpg\" \/>\n\t<meta property=\"og:image:width\" content=\"1000\" \/>\n\t<meta property=\"og:image:height\" content=\"1000\" \/>\n\t<meta property=\"og:image:type\" content=\"image\/jpeg\" \/>\n<meta name=\"twitter:card\" content=\"summary_large_image\" \/>\n<meta name=\"twitter:label1\" content=\"Tiempo de lectura\" \/>\n\t<meta name=\"twitter:data1\" content=\"1 minuto\" \/>\n<script type=\"application\/ld+json\" class=\"yoast-schema-graph\">{\"@context\":\"https:\/\/schema.org\",\"@graph\":[{\"@type\":\"WebPage\",\"@id\":\"https:\/\/bocumdefense.com\/policial-militar\/producto\/daniel-defense-kit-de-componentes-esenciales-dd5-dd5-v3-v4-v5-7-62x51mm-6-5cm-260-rem\/\",\"url\":\"https:\/\/bocumdefense.com\/policial-militar\/producto\/daniel-defense-kit-de-componentes-esenciales-dd5-dd5-v3-v4-v5-7-62x51mm-6-5cm-260-rem\/\",\"name\":\"DANIEL DEFENSE KIT DE COMPONENTES ESENCIALES DD5 - DD5 V3\/V4\/V5 (7.62X51MM\/6.5CM\/.260 REM) - Bocum Defense Policial Militar\",\"isPartOf\":{\"@id\":\"https:\/\/bocumdefense.com\/policial-militar\/#website\"},\"datePublished\":\"2023-08-29T11:44:22+00:00\",\"dateModified\":\"2023-08-29T11:45:13+00:00\",\"breadcrumb\":{\"@id\":\"https:\/\/bocumdefense.com\/policial-militar\/producto\/daniel-defense-kit-de-componentes-esenciales-dd5-dd5-v3-v4-v5-7-62x51mm-6-5cm-260-rem\/#breadcrumb\"},\"inLanguage\":\"es\",\"potentialAction\":[{\"@type\":\"ReadAction\",\"target\":[\"https:\/\/bocumdefense.com\/policial-militar\/producto\/daniel-defense-kit-de-componentes-esenciales-dd5-dd5-v3-v4-v5-7-62x51mm-6-5cm-260-rem\/\"]}]},{\"@type\":\"BreadcrumbList\",\"@id\":\"https:\/\/bocumdefense.com\/policial-militar\/producto\/daniel-defense-kit-de-componentes-esenciales-dd5-dd5-v3-v4-v5-7-62x51mm-6-5cm-260-rem\/#breadcrumb\",\"itemListElement\":[{\"@type\":\"ListItem\",\"position\":1,\"name\":\"Portada\",\"item\":\"https:\/\/bocumdefense.com\/policial-militar\/policial-militar\/\"},{\"@type\":\"ListItem\",\"position\":2,\"name\":\"Tienda\",\"item\":\"https:\/\/bocumdefense.com\/policial-militar\/tienda\/\"},{\"@type\":\"ListItem\",\"position\":3,\"name\":\"DANIEL DEFENSE KIT DE COMPONENTES ESENCIALES DD5 &#8211; DD5 V3\/V4\/V5 (7.62X51MM\/6.5CM\/.260 REM)\"}]},{\"@type\":\"WebSite\",\"@id\":\"https:\/\/bocumdefense.com\/policial-militar\/#website\",\"url\":\"https:\/\/bocumdefense.com\/policial-militar\/\",\"name\":\"Bocum Defense Policial Militar\",\"description\":\"\",\"potentialAction\":[{\"@type\":\"SearchAction\",\"target\":{\"@type\":\"EntryPoint\",\"urlTemplate\":\"https:\/\/bocumdefense.com\/policial-militar\/?s={search_term_string}\"},\"query-input\":\"required name=search_term_string\"}],\"inLanguage\":\"es\"}]}<\/script>\n<!-- \/ Yoast SEO plugin. -->","yoast_head_json":{"title":"DANIEL DEFENSE KIT DE COMPONENTES ESENCIALES DD5 - DD5 V3\/V4\/V5 (7.62X51MM\/6.5CM\/.260 REM) - Bocum Defense Policial Militar","robots":{"index":"noindex","follow":"follow","max-snippet":"max-snippet:-1","max-image-preview":"max-image-preview:large","max-video-preview":"max-video-preview:-1"},"og_locale":"es_ES","og_type":"article","og_title":"DANIEL DEFENSE KIT DE COMPONENTES ESENCIALES DD5 - DD5 V3\/V4\/V5 (7.62X51MM\/6.5CM\/.260 REM) - Bocum Defense Policial Militar","og_description":"NO DISPONIBLE EN ESPA\u00d1A PARA PARTICULARES\u00a0  Este kit de componentes fundamentales del DD5 contiene las piezas m\u00e1s solicitadas para su DD5 V3, V4 o V5, con rec\u00e1mara de 7,62 x 51MM, 6,5 Creedmoor o .260 Remington, en un pr\u00e1ctico paquete.","og_url":"https:\/\/bocumdefense.com\/policial-militar\/producto\/daniel-defense-kit-de-componentes-esenciales-dd5-dd5-v3-v4-v5-7-62x51mm-6-5cm-260-rem\/","og_site_name":"Bocum Defense Policial Militar","article_modified_time":"2023-08-29T11:45:13+00:00","og_image":[{"width":1000,"height":1000,"url":"https:\/\/bocumdefense.com\/policial-militar\/policial-militar\/wp-content\/uploads\/2023\/02\/DD5-CRITICAL-COMPONENTS-KIT-DD5-V3_V4_V5-7.62X51MM_6.5CM_.260-REM-MAIN.jpg","type":"image\/jpeg"}],"twitter_card":"summary_large_image","twitter_misc":{"Tiempo de lectura":"1 minuto"},"schema":{"@context":"https:\/\/schema.org","@graph":[{"@type":"WebPage","@id":"https:\/\/bocumdefense.com\/policial-militar\/producto\/daniel-defense-kit-de-componentes-esenciales-dd5-dd5-v3-v4-v5-7-62x51mm-6-5cm-260-rem\/","url":"https:\/\/bocumdefense.com\/policial-militar\/producto\/daniel-defense-kit-de-componentes-esenciales-dd5-dd5-v3-v4-v5-7-62x51mm-6-5cm-260-rem\/","name":"DANIEL DEFENSE KIT DE COMPONENTES ESENCIALES DD5 - DD5 V3\/V4\/V5 (7.62X51MM\/6.5CM\/.260 REM) - Bocum Defense Policial Militar","isPartOf":{"@id":"https:\/\/bocumdefense.com\/policial-militar\/#website"},"datePublished":"2023-08-29T11:44:22+00:00","dateModified":"2023-08-29T11:45:13+00:00","breadcrumb":{"@id":"https:\/\/bocumdefense.com\/policial-militar\/producto\/daniel-defense-kit-de-componentes-esenciales-dd5-dd5-v3-v4-v5-7-62x51mm-6-5cm-260-rem\/#breadcrumb"},"inLanguage":"es","potentialAction":[{"@type":"ReadAction","target":["https:\/\/bocumdefense.com\/policial-militar\/producto\/daniel-defense-kit-de-componentes-esenciales-dd5-dd5-v3-v4-v5-7-62x51mm-6-5cm-260-rem\/"]}]},{"@type":"BreadcrumbList","@id":"https:\/\/bocumdefense.com\/policial-militar\/producto\/daniel-defense-kit-de-componentes-esenciales-dd5-dd5-v3-v4-v5-7-62x51mm-6-5cm-260-rem\/#breadcrumb","itemListElement":[{"@type":"ListItem","position":1,"name":"Portada","item":"https:\/\/bocumdefense.com\/policial-militar\/policial-militar\/"},{"@type":"ListItem","position":2,"name":"Tienda","item":"https:\/\/bocumdefense.com\/policial-militar\/tienda\/"},{"@type":"ListItem","position":3,"name":"DANIEL DEFENSE KIT DE COMPONENTES ESENCIALES DD5 &#8211; DD5 V3\/V4\/V5 (7.62X51MM\/6.5CM\/.260 REM)"}]},{"@type":"WebSite","@id":"https:\/\/bocumdefense.com\/policial-militar\/#website","url":"https:\/\/bocumdefense.com\/policial-militar\/","name":"Bocum Defense Policial Militar","description":"","potentialAction":[{"@type":"SearchAction","target":{"@type":"EntryPoint","urlTemplate":"https:\/\/bocumdefense.com\/policial-militar\/?s={search_term_string}"},"query-input":"required name=search_term_string"}],"inLanguage":"es"}]}},"_links":{"self":[{"href":"https:\/\/bocumdefense.com\/policial-militar\/wp-json\/wp\/v2\/product\/1033","targetHints":{"allow":["GET"]}}],"collection":[{"href":"https:\/\/bocumdefense.com\/policial-militar\/wp-json\/wp\/v2\/product"}],"about":[{"href":"https:\/\/bocumdefense.com\/policial-militar\/wp-json\/wp\/v2\/types\/product"}],"replies":[{"embeddable":true,"href":"https:\/\/bocumdefense.com\/policial-militar\/wp-json\/wp\/v2\/comments?post=1033"}],"wp:featuredmedia":[{"embeddable":true,"href":"https:\/\/bocumdefense.com\/policial-militar\/wp-json\/wp\/v2\/media\/1124"}],"wp:attachment":[{"href":"https:\/\/bocumdefense.com\/policial-militar\/wp-json\/wp\/v2\/media?parent=1033"}],"wp:term":[{"taxonomy":"product_cat","embeddable":true,"href":"https:\/\/bocumdefense.com\/policial-militar\/wp-json\/wp\/v2\/product_cat?post=1033"},{"taxonomy":"product_tag","embeddable":true,"href":"https:\/\/bocumdefense.com\/policial-militar\/wp-json\/wp\/v2\/product_tag?post=1033"}],"curies":[{"name":"wp","href":"https:\/\/api.w.org\/{rel}","templated":true}]}}