{"id":3854,"date":"2023-08-29T12:44:11","date_gmt":"2023-08-29T11:44:11","guid":{"rendered":"https:\/\/bocumdefense.com\/policial-militar\/producto\/kalashnikov-usa-kp-9-9x19mm\/"},"modified":"2023-08-29T12:47:53","modified_gmt":"2023-08-29T11:47:53","slug":"kalashnikov-usa-kp-9-9x19mm","status":"publish","type":"product","link":"https:\/\/bocumdefense.com\/policial-militar\/en\/producto\/kalashnikov-usa-kp-9-9x19mm\/","title":{"rendered":"KALASHNIKOV USA KP-9 \u2013 9X19MM"},"content":{"rendered":"<p>Dependable and robust, the KP-9 Pistol from Kalashnikov USA\u2122 is a civilian legal, semi-automatic, authentic version of the Russian Vityaz submachine gun, 100% US-made. The KP-9 is an easy-to-operate AK-style pistol that works on a blowback operating system. It is chambered in 9\u00d719mm with a barrel length of 9.25\u2033 and accepts 30 and 10 round Kalashnikov USA\u2122 magazines. It has a hinged top cover with a Picatinny rail and specially designed feed ramps to accommodate jacketed hollow point bullets. Proudly made for the Vityaz admirers, the KP-9 is one of the best compact pistols for any occasion: The KP-9 by Kalashnikov USA\u2122 is the only AK-authentic pistol based on the Russian Vityaz submachine gun. The KP-9 is a dependable weapon in close-quarter conditions but can also engage long-range targets of over 600 feet, all with its compact yet durable design. The KP-9 comes ready to be easily converted into a short-barreled rifle (SBR) with a hinge block and a quick detach mount at the rear of the receiver if you choose to use a brace or a buttstock with it.* This AK-style pistol is highly reliable with unprecedented high quality performance in a compact size.<\/p>\n<p>&nbsp;<\/p>\n<h3 style=\"text-align: center;\"><strong>GENERAL SPECIFICATIONS.<\/strong><\/h3>\n<p>&nbsp;<\/p>\n<ul>\n<li><strong>Semi-automatic shooting<\/strong><\/li>\n<li><strong>Recoil control<\/strong><\/li>\n<li><strong>K-COAT\u2122 Matte black colour<\/strong><\/li>\n<li><strong>RECIVER:<\/strong> The KP-9 receiver is made of a resistant anodised aluminum block, which gives it a monolithic structure of great durability. In addition, it has MIL-STD-1913 rails located in the 6 and 12 o&#8217;clock positions, allowing easy installation of accessories. For optimal accuracy, the KP-9 is equipped with adjustable front iron sights and also adjustable rear blade sights, giving the user the ability to adapt the sights configuration according to their needs.<\/li>\n<li><strong>BARREL:<\/strong> Tubo acanalado y ocultador de flash\/interfaz de gran eficacia<\/li>\n<li><strong>STOCK<\/strong>: Soporte de desmontaje r\u00e1pido<\/li>\n<li><strong>OPERATING CONTROLS: Selector lever on the right side \/ Ambidextrous unlocking of the charger \/ Right side charging lever \/ Expanded trigger for easy access with gloves.<\/strong><\/li>\n<li><strong>CHARGER<\/strong>: Cargador de pol\u00edmero, Mecanismo de arrastre de doble acci\u00f3n, Seguidor de baja fricci\u00f3n<\/li>\n<\/ul>\n<p>&nbsp;<\/p>\n<p>&nbsp;<\/p>\n","protected":false},"excerpt":{"rendered":"<p>The KP-9 of Kalashnikov USA\u2122 is an authentic and semi-automatic version of the Russian Vityaz submachine gun, designed specifically for the civilian market. This gun is recognised for its reliability and robustness, and is manufactured entirely in the United States.<\/p>\n<p>&nbsp;<\/p>\n","protected":false},"featured_media":3639,"comment_status":"open","ping_status":"closed","template":"","meta":{"_et_pb_use_builder":"","_et_pb_old_content":"","_et_gb_content_width":"","inline_featured_image":false},"product_cat":[237,234,242],"product_tag":[248],"class_list":["post-3854","product","type-product","status-publish","has-post-thumbnail","hentry","product_cat-kalashnikov-usa-en","product_cat-military-police","product_cat-new-in","product_tag-rojo-en-2"],"yoast_head":"<!-- This site is optimized with the Yoast SEO plugin v20.8 - https:\/\/yoast.com\/wordpress\/plugins\/seo\/ -->\n<title>KALASHNIKOV USA KP-9 \u2013 9X19MM - Bocum Defense Policial Militar<\/title>\n<meta name=\"robots\" content=\"noindex, follow, max-snippet:-1, max-image-preview:large, max-video-preview:-1\" \/>\n<meta property=\"og:locale\" content=\"en_US\" \/>\n<meta property=\"og:type\" content=\"article\" \/>\n<meta property=\"og:title\" content=\"KALASHNIKOV USA KP-9 \u2013 9X19MM - Bocum Defense Policial Militar\" \/>\n<meta property=\"og:description\" content=\"The KP-9 of Kalashnikov USA\u2122 is an authentic and semi-automatic version of the Russian Vityaz submachine gun, designed specifically for the civilian market. This gun is recognised for its reliability and robustness, and is manufactured entirely in the United States.  &nbsp;\" \/>\n<meta property=\"og:url\" content=\"https:\/\/bocumdefense.com\/policial-militar\/en\/?post_type=product&amp;p=3854\" \/>\n<meta property=\"og:site_name\" content=\"Bocum Defense Policial Militar\" \/>\n<meta property=\"article:modified_time\" content=\"2023-08-29T11:47:53+00:00\" \/>\n<meta property=\"og:image\" content=\"https:\/\/bocumdefense.com\/policial-militar\/wp-content\/uploads\/2023\/05\/KP-9-\u2013-9X19MM-MAIN.jpg\" \/>\n\t<meta property=\"og:image:width\" content=\"1000\" \/>\n\t<meta property=\"og:image:height\" content=\"1000\" \/>\n\t<meta property=\"og:image:type\" content=\"image\/jpeg\" \/>\n<meta name=\"twitter:card\" content=\"summary_large_image\" \/>\n<meta name=\"twitter:label1\" content=\"Est. reading time\" \/>\n\t<meta name=\"twitter:data1\" content=\"2 minutes\" \/>\n<script type=\"application\/ld+json\" class=\"yoast-schema-graph\">{\"@context\":\"https:\/\/schema.org\",\"@graph\":[{\"@type\":\"WebPage\",\"@id\":\"https:\/\/bocumdefense.com\/policial-militar\/en\/?post_type=product&p=3854\",\"url\":\"https:\/\/bocumdefense.com\/policial-militar\/en\/?post_type=product&p=3854\",\"name\":\"KALASHNIKOV USA KP-9 \u2013 9X19MM - Bocum Defense Policial Militar\",\"isPartOf\":{\"@id\":\"https:\/\/bocumdefense.com\/policial-militar\/#website\"},\"datePublished\":\"2023-08-29T11:44:11+00:00\",\"dateModified\":\"2023-08-29T11:47:53+00:00\",\"breadcrumb\":{\"@id\":\"https:\/\/bocumdefense.com\/policial-militar\/en\/?post_type=product&p=3854#breadcrumb\"},\"inLanguage\":\"en-US\",\"potentialAction\":[{\"@type\":\"ReadAction\",\"target\":[\"https:\/\/bocumdefense.com\/policial-militar\/en\/?post_type=product&p=3854\"]}]},{\"@type\":\"BreadcrumbList\",\"@id\":\"https:\/\/bocumdefense.com\/policial-militar\/en\/?post_type=product&p=3854#breadcrumb\",\"itemListElement\":[{\"@type\":\"ListItem\",\"position\":1,\"name\":\"Portada\",\"item\":\"https:\/\/bocumdefense.com\/policial-militar\/en\/military-police\/\"},{\"@type\":\"ListItem\",\"position\":2,\"name\":\"Shop\",\"item\":\"https:\/\/bocumdefense.com\/policial-militar\/en\/shop\/\"},{\"@type\":\"ListItem\",\"position\":3,\"name\":\"KALASHNIKOV USA KP-9 \u2013 9X19MM\"}]},{\"@type\":\"WebSite\",\"@id\":\"https:\/\/bocumdefense.com\/policial-militar\/#website\",\"url\":\"https:\/\/bocumdefense.com\/policial-militar\/\",\"name\":\"Bocum Defense Policial Militar\",\"description\":\"\",\"potentialAction\":[{\"@type\":\"SearchAction\",\"target\":{\"@type\":\"EntryPoint\",\"urlTemplate\":\"https:\/\/bocumdefense.com\/policial-militar\/?s={search_term_string}\"},\"query-input\":\"required name=search_term_string\"}],\"inLanguage\":\"en-US\"}]}<\/script>\n<!-- \/ Yoast SEO plugin. -->","yoast_head_json":{"title":"KALASHNIKOV USA KP-9 \u2013 9X19MM - Bocum Defense Policial Militar","robots":{"index":"noindex","follow":"follow","max-snippet":"max-snippet:-1","max-image-preview":"max-image-preview:large","max-video-preview":"max-video-preview:-1"},"og_locale":"en_US","og_type":"article","og_title":"KALASHNIKOV USA KP-9 \u2013 9X19MM - Bocum Defense Policial Militar","og_description":"The KP-9 of Kalashnikov USA\u2122 is an authentic and semi-automatic version of the Russian Vityaz submachine gun, designed specifically for the civilian market. This gun is recognised for its reliability and robustness, and is manufactured entirely in the United States.  &nbsp;","og_url":"https:\/\/bocumdefense.com\/policial-militar\/en\/?post_type=product&p=3854","og_site_name":"Bocum Defense Policial Militar","article_modified_time":"2023-08-29T11:47:53+00:00","og_image":[{"width":1000,"height":1000,"url":"https:\/\/bocumdefense.com\/policial-militar\/wp-content\/uploads\/2023\/05\/KP-9-\u2013-9X19MM-MAIN.jpg","type":"image\/jpeg"}],"twitter_card":"summary_large_image","twitter_misc":{"Est. reading time":"2 minutes"},"schema":{"@context":"https:\/\/schema.org","@graph":[{"@type":"WebPage","@id":"https:\/\/bocumdefense.com\/policial-militar\/en\/?post_type=product&p=3854","url":"https:\/\/bocumdefense.com\/policial-militar\/en\/?post_type=product&p=3854","name":"KALASHNIKOV USA KP-9 \u2013 9X19MM - Bocum Defense Policial Militar","isPartOf":{"@id":"https:\/\/bocumdefense.com\/policial-militar\/#website"},"datePublished":"2023-08-29T11:44:11+00:00","dateModified":"2023-08-29T11:47:53+00:00","breadcrumb":{"@id":"https:\/\/bocumdefense.com\/policial-militar\/en\/?post_type=product&p=3854#breadcrumb"},"inLanguage":"en-US","potentialAction":[{"@type":"ReadAction","target":["https:\/\/bocumdefense.com\/policial-militar\/en\/?post_type=product&p=3854"]}]},{"@type":"BreadcrumbList","@id":"https:\/\/bocumdefense.com\/policial-militar\/en\/?post_type=product&p=3854#breadcrumb","itemListElement":[{"@type":"ListItem","position":1,"name":"Portada","item":"https:\/\/bocumdefense.com\/policial-militar\/en\/military-police\/"},{"@type":"ListItem","position":2,"name":"Shop","item":"https:\/\/bocumdefense.com\/policial-militar\/en\/shop\/"},{"@type":"ListItem","position":3,"name":"KALASHNIKOV USA KP-9 \u2013 9X19MM"}]},{"@type":"WebSite","@id":"https:\/\/bocumdefense.com\/policial-militar\/#website","url":"https:\/\/bocumdefense.com\/policial-militar\/","name":"Bocum Defense Policial Militar","description":"","potentialAction":[{"@type":"SearchAction","target":{"@type":"EntryPoint","urlTemplate":"https:\/\/bocumdefense.com\/policial-militar\/?s={search_term_string}"},"query-input":"required name=search_term_string"}],"inLanguage":"en-US"}]}},"_links":{"self":[{"href":"https:\/\/bocumdefense.com\/policial-militar\/en\/wp-json\/wp\/v2\/product\/3854","targetHints":{"allow":["GET"]}}],"collection":[{"href":"https:\/\/bocumdefense.com\/policial-militar\/en\/wp-json\/wp\/v2\/product"}],"about":[{"href":"https:\/\/bocumdefense.com\/policial-militar\/en\/wp-json\/wp\/v2\/types\/product"}],"replies":[{"embeddable":true,"href":"https:\/\/bocumdefense.com\/policial-militar\/en\/wp-json\/wp\/v2\/comments?post=3854"}],"wp:featuredmedia":[{"embeddable":true,"href":"https:\/\/bocumdefense.com\/policial-militar\/en\/wp-json\/wp\/v2\/media\/3639"}],"wp:attachment":[{"href":"https:\/\/bocumdefense.com\/policial-militar\/en\/wp-json\/wp\/v2\/media?parent=3854"}],"wp:term":[{"taxonomy":"product_cat","embeddable":true,"href":"https:\/\/bocumdefense.com\/policial-militar\/en\/wp-json\/wp\/v2\/product_cat?post=3854"},{"taxonomy":"product_tag","embeddable":true,"href":"https:\/\/bocumdefense.com\/policial-militar\/en\/wp-json\/wp\/v2\/product_tag?post=3854"}],"curies":[{"name":"wp","href":"https:\/\/api.w.org\/{rel}","templated":true}]}}