{"id":4033,"date":"2023-05-10T08:41:28","date_gmt":"2023-05-10T07:41:28","guid":{"rendered":"https:\/\/bocumdefense.com\/producto\/field-optics-hunter-32-asfpl-dometop-tripod-system\/"},"modified":"2023-05-10T08:41:28","modified_gmt":"2023-05-10T07:41:28","slug":"field-optics-hunter-32-asfpl-dometop-tripod-system","status":"publish","type":"product","link":"https:\/\/bocumdefense.com\/en\/producto\/field-optics-hunter-32-asfpl-dometop-tripod-system\/","title":{"rendered":"FIELD OPTICS HUNTER 32-ASFPL DOMETOP\u2122 TRIPOD SYSTEM"},"content":{"rendered":"<h2 style=\"text-align: center;\"><strong>DETAILS <\/strong><\/h2>\n<p>&nbsp;<\/p>\n<p>The Hunter 32 ASFPL tripod features an innovative design that combines elements of the Bowl Top-style tripod with a DomeTOP and a tension handle located above the tripod frame instead of under the legs. This arrangement allows easier access and superior ergonomic control, especially in situations of dynamic movement of the target.<\/p>\n<p>The Hunter 32 ASFPL tripod features an innovative design that combines elements of the Bowl Top style tripod into a DomeTOP . This DomeTop tripod consists of a tension handle located above the tripod frame instead of below the legs. This arrangement allows easier access and superior ergonomic control, especially in situations of dynamic movement of the target. The tripod tilt system has a capacity of +\/- 30 degrees and a panning capacity of 360+ degrees.<\/p>\n<p>Debido a su dise\u00f1o modular, el ASFPL se puede usar con cualquier cabeza de fotograf\u00eda est\u00e1ndar mediante el perno 3\/8-16.It comes equipped as standard with an Arca Swiss F-Picatinny Lever Clamp head assembly, which is firmly attached to the tripod by the FORI Band Clamp system. The legs of the tripod are composed of three rotation locking segments of removable legs, with a diameter of 32 mm of carbon fiber, which gives it a height of 149 cm. In addition, its minimum package has a diameter of only 86 mm, which makes it easy to transport and store. The legs of the tripod are composed of three rotation locking segments of removable legs, with a diameter of 32 mm of carbon fiber, which gives it a height of 149 cm.<\/p>\n","protected":false},"excerpt":{"rendered":"<p>The Field Optics Hunter 32 ASFPL tripod represents a new category of tripod design. Their main goal is to be the lightest and strongest tripod ever created, and they have successfully achieved this with the use of materials such as carbon fiber. With only 1.85 kg of weight and a diameter of 86 mm, the Hunter 32 is the result of advanced engineering and meticulous attention to detail.<\/p>\n","protected":false},"featured_media":3837,"comment_status":"open","ping_status":"closed","template":"","meta":{"_et_pb_use_builder":"","_et_pb_old_content":"","_et_gb_content_width":"","inline_featured_image":false},"product_cat":[232,231,233],"product_tag":[],"class_list":["post-4033","product","type-product","status-publish","has-post-thumbnail","hentry","product_cat-field-optics-en","product_cat-hunting-and-shooting-accessories","product_cat-tripods"],"yoast_head":"<!-- This site is optimized with the Yoast SEO plugin v20.8 - https:\/\/yoast.com\/wordpress\/plugins\/seo\/ -->\n<title>FIELD OPTICS HUNTER 32-ASFPL DOMETOP\u2122 TRIPOD SYSTEM - Bocum Defense<\/title>\n<meta name=\"robots\" content=\"index, follow, max-snippet:-1, max-image-preview:large, max-video-preview:-1\" \/>\n<link rel=\"canonical\" href=\"https:\/\/bocumdefense.com\/en\/producto\/field-optics-hunter-32-asfpl-dometop-tripod-system\/\" \/>\n<meta property=\"og:locale\" content=\"en_US\" \/>\n<meta property=\"og:type\" content=\"article\" \/>\n<meta property=\"og:title\" content=\"FIELD OPTICS HUNTER 32-ASFPL DOMETOP\u2122 TRIPOD SYSTEM - Bocum Defense\" \/>\n<meta property=\"og:description\" content=\"The Field Optics Hunter 32 ASFPL tripod represents a new category of tripod design. Their main goal is to be the lightest and strongest tripod ever created, and they have successfully achieved this with the use of materials such as carbon fiber. With only 1.85 kg of weight and a diameter of 86 mm, the Hunter 32 is the result of advanced engineering and meticulous attention to detail.\" \/>\n<meta property=\"og:url\" content=\"https:\/\/bocumdefense.com\/en\/producto\/field-optics-hunter-32-asfpl-dometop-tripod-system\/\" \/>\n<meta property=\"og:site_name\" content=\"Bocum Defense\" \/>\n<meta property=\"og:image\" content=\"https:\/\/bocumdefense.com\/wp-content\/uploads\/2023\/05\/Hunter-32-.jpg\" \/>\n\t<meta property=\"og:image:width\" content=\"1000\" \/>\n\t<meta property=\"og:image:height\" content=\"1000\" \/>\n\t<meta property=\"og:image:type\" content=\"image\/jpeg\" \/>\n<meta name=\"twitter:card\" content=\"summary_large_image\" \/>\n<meta name=\"twitter:label1\" content=\"Est. reading time\" \/>\n\t<meta name=\"twitter:data1\" content=\"1 minute\" \/>\n<script type=\"application\/ld+json\" class=\"yoast-schema-graph\">{\"@context\":\"https:\/\/schema.org\",\"@graph\":[{\"@type\":\"WebPage\",\"@id\":\"https:\/\/bocumdefense.com\/en\/producto\/field-optics-hunter-32-asfpl-dometop-tripod-system\/\",\"url\":\"https:\/\/bocumdefense.com\/en\/producto\/field-optics-hunter-32-asfpl-dometop-tripod-system\/\",\"name\":\"FIELD OPTICS HUNTER 32-ASFPL DOMETOP\u2122 TRIPOD SYSTEM - Bocum Defense\",\"isPartOf\":{\"@id\":\"https:\/\/bocumdefense.com\/#website\"},\"datePublished\":\"2023-05-10T07:41:28+00:00\",\"dateModified\":\"2023-05-10T07:41:28+00:00\",\"breadcrumb\":{\"@id\":\"https:\/\/bocumdefense.com\/en\/producto\/field-optics-hunter-32-asfpl-dometop-tripod-system\/#breadcrumb\"},\"inLanguage\":\"en-US\",\"potentialAction\":[{\"@type\":\"ReadAction\",\"target\":[\"https:\/\/bocumdefense.com\/en\/producto\/field-optics-hunter-32-asfpl-dometop-tripod-system\/\"]}]},{\"@type\":\"BreadcrumbList\",\"@id\":\"https:\/\/bocumdefense.com\/en\/producto\/field-optics-hunter-32-asfpl-dometop-tripod-system\/#breadcrumb\",\"itemListElement\":[{\"@type\":\"ListItem\",\"position\":1,\"name\":\"Portada\",\"item\":\"https:\/\/bocumdefense.com\/en\/home\/\"},{\"@type\":\"ListItem\",\"position\":2,\"name\":\"Shop\",\"item\":\"https:\/\/bocumdefense.com\/en\/shop\/\"},{\"@type\":\"ListItem\",\"position\":3,\"name\":\"FIELD OPTICS HUNTER 32-ASFPL DOMETOP\u2122 TRIPOD SYSTEM\"}]},{\"@type\":\"WebSite\",\"@id\":\"https:\/\/bocumdefense.com\/#website\",\"url\":\"https:\/\/bocumdefense.com\/\",\"name\":\"Bocum Defense\",\"description\":\"\",\"potentialAction\":[{\"@type\":\"SearchAction\",\"target\":{\"@type\":\"EntryPoint\",\"urlTemplate\":\"https:\/\/bocumdefense.com\/?s={search_term_string}\"},\"query-input\":\"required name=search_term_string\"}],\"inLanguage\":\"en-US\"}]}<\/script>\n<!-- \/ Yoast SEO plugin. -->","yoast_head_json":{"title":"FIELD OPTICS HUNTER 32-ASFPL DOMETOP\u2122 TRIPOD SYSTEM - Bocum Defense","robots":{"index":"index","follow":"follow","max-snippet":"max-snippet:-1","max-image-preview":"max-image-preview:large","max-video-preview":"max-video-preview:-1"},"canonical":"https:\/\/bocumdefense.com\/en\/producto\/field-optics-hunter-32-asfpl-dometop-tripod-system\/","og_locale":"en_US","og_type":"article","og_title":"FIELD OPTICS HUNTER 32-ASFPL DOMETOP\u2122 TRIPOD SYSTEM - Bocum Defense","og_description":"The Field Optics Hunter 32 ASFPL tripod represents a new category of tripod design. Their main goal is to be the lightest and strongest tripod ever created, and they have successfully achieved this with the use of materials such as carbon fiber. With only 1.85 kg of weight and a diameter of 86 mm, the Hunter 32 is the result of advanced engineering and meticulous attention to detail.","og_url":"https:\/\/bocumdefense.com\/en\/producto\/field-optics-hunter-32-asfpl-dometop-tripod-system\/","og_site_name":"Bocum Defense","og_image":[{"width":1000,"height":1000,"url":"https:\/\/bocumdefense.com\/wp-content\/uploads\/2023\/05\/Hunter-32-.jpg","type":"image\/jpeg"}],"twitter_card":"summary_large_image","twitter_misc":{"Est. reading time":"1 minute"},"schema":{"@context":"https:\/\/schema.org","@graph":[{"@type":"WebPage","@id":"https:\/\/bocumdefense.com\/en\/producto\/field-optics-hunter-32-asfpl-dometop-tripod-system\/","url":"https:\/\/bocumdefense.com\/en\/producto\/field-optics-hunter-32-asfpl-dometop-tripod-system\/","name":"FIELD OPTICS HUNTER 32-ASFPL DOMETOP\u2122 TRIPOD SYSTEM - Bocum Defense","isPartOf":{"@id":"https:\/\/bocumdefense.com\/#website"},"datePublished":"2023-05-10T07:41:28+00:00","dateModified":"2023-05-10T07:41:28+00:00","breadcrumb":{"@id":"https:\/\/bocumdefense.com\/en\/producto\/field-optics-hunter-32-asfpl-dometop-tripod-system\/#breadcrumb"},"inLanguage":"en-US","potentialAction":[{"@type":"ReadAction","target":["https:\/\/bocumdefense.com\/en\/producto\/field-optics-hunter-32-asfpl-dometop-tripod-system\/"]}]},{"@type":"BreadcrumbList","@id":"https:\/\/bocumdefense.com\/en\/producto\/field-optics-hunter-32-asfpl-dometop-tripod-system\/#breadcrumb","itemListElement":[{"@type":"ListItem","position":1,"name":"Portada","item":"https:\/\/bocumdefense.com\/en\/home\/"},{"@type":"ListItem","position":2,"name":"Shop","item":"https:\/\/bocumdefense.com\/en\/shop\/"},{"@type":"ListItem","position":3,"name":"FIELD OPTICS HUNTER 32-ASFPL DOMETOP\u2122 TRIPOD SYSTEM"}]},{"@type":"WebSite","@id":"https:\/\/bocumdefense.com\/#website","url":"https:\/\/bocumdefense.com\/","name":"Bocum Defense","description":"","potentialAction":[{"@type":"SearchAction","target":{"@type":"EntryPoint","urlTemplate":"https:\/\/bocumdefense.com\/?s={search_term_string}"},"query-input":"required name=search_term_string"}],"inLanguage":"en-US"}]}},"_links":{"self":[{"href":"https:\/\/bocumdefense.com\/en\/wp-json\/wp\/v2\/product\/4033","targetHints":{"allow":["GET"]}}],"collection":[{"href":"https:\/\/bocumdefense.com\/en\/wp-json\/wp\/v2\/product"}],"about":[{"href":"https:\/\/bocumdefense.com\/en\/wp-json\/wp\/v2\/types\/product"}],"replies":[{"embeddable":true,"href":"https:\/\/bocumdefense.com\/en\/wp-json\/wp\/v2\/comments?post=4033"}],"wp:featuredmedia":[{"embeddable":true,"href":"https:\/\/bocumdefense.com\/en\/wp-json\/wp\/v2\/media\/3837"}],"wp:attachment":[{"href":"https:\/\/bocumdefense.com\/en\/wp-json\/wp\/v2\/media?parent=4033"}],"wp:term":[{"taxonomy":"product_cat","embeddable":true,"href":"https:\/\/bocumdefense.com\/en\/wp-json\/wp\/v2\/product_cat?post=4033"},{"taxonomy":"product_tag","embeddable":true,"href":"https:\/\/bocumdefense.com\/en\/wp-json\/wp\/v2\/product_tag?post=4033"}],"curies":[{"name":"wp","href":"https:\/\/api.w.org\/{rel}","templated":true}]}}