{"id":3925,"date":"2023-03-01T17:01:59","date_gmt":"2023-03-01T16:01:59","guid":{"rendered":"https:\/\/bocumdefense.com\/producto\/derya-22lr-long-rifle-tm22-a-18-c111\/"},"modified":"2023-03-01T17:01:59","modified_gmt":"2023-03-01T16:01:59","slug":"derya-22lr-long-rifle-tm22-a-18-c111","status":"publish","type":"product","link":"https:\/\/bocumdefense.com\/en\/producto\/derya-22lr-long-rifle-tm22-a-18-c111\/","title":{"rendered":"DERYA .22LR ( Long Rifle ) TM22-A-18 C111"},"content":{"rendered":"<p>It is all metal with 7075 Airplane grade aluminum from tip to tip. Compatible with AR-type grip, commercial buffer tube adapter, top rail, and fore-end that accepts most accessories on the market, this rifle is built for all ages, all types of scenarios.<\/p>\n<p>As ambitious as it may be, it comes with right-handed controls but this rifle has it all, including a set to convert it from right-handed to left-handed so it&#8217;s ready for all scenarios.<\/p>\n<p>This 18&#8243; barrel (45.7 cm) and 34&#8243; (86.36 cm) overall length .22LR rifle was built without shortcuts, comes with 2 10rd aluminum magazines. <strong>15 and 25rd chargers available.<\/strong><\/p>\n<p>&nbsp;<\/p>\n<ul>\n<li><strong>MATERIAL DE FABRICACI\u00d3N: Esta incre\u00edble arma de fuego semiautom\u00e1tica tiene una culata y receptor de aluminio.<\/strong> It is also compatible with AR-15 stocks.<\/li>\n<li><strong>DESIGN: The carrying handle is located on the left side and is easy to carry, ergonomically designed.<\/strong> Definitely the barrel is also made of steel. The TM-22 is unlike any other rimfire rifle on the market today.<\/li>\n<li><strong>LOADER: The loader is made of cast aluminum and has 3 capacity options; 10rd, 15rd, 25rd.<\/strong> The .22 LR cartridge is truly a member when it comes to self-defense. It may be easy to shoot accurately and quickly and may be the most commonly used cartridge for that purpose. It may even work better than you think.<\/li>\n<\/ul>\n","protected":false},"excerpt":{"rendered":"<p>The Derya TM22 is a new age rifle, built to the newest standards and with the classic attributes needed to pass from generation to generation.<\/p>\n","protected":false},"featured_media":2849,"comment_status":"open","ping_status":"closed","template":"","meta":{"_et_pb_use_builder":"","_et_pb_old_content":"","_et_gb_content_width":"","inline_featured_image":false},"product_cat":[26,99],"product_tag":[48],"class_list":["post-3925","product","type-product","status-publish","has-post-thumbnail","hentry","product_cat-armas","product_cat-derya","product_tag-rojo-armas"],"yoast_head":"<!-- This site is optimized with the Yoast SEO plugin v20.8 - https:\/\/yoast.com\/wordpress\/plugins\/seo\/ -->\n<title>DERYA .22LR ( Long Rifle ) TM22-A-18 C111 - Bocum Defense<\/title>\n<meta name=\"robots\" content=\"index, follow, max-snippet:-1, max-image-preview:large, max-video-preview:-1\" \/>\n<link rel=\"canonical\" href=\"https:\/\/bocumdefense.com\/en\/producto\/derya-22lr-long-rifle-tm22-a-18-c111\/\" \/>\n<meta property=\"og:locale\" content=\"en_US\" \/>\n<meta property=\"og:type\" content=\"article\" \/>\n<meta property=\"og:title\" content=\"DERYA .22LR ( Long Rifle ) TM22-A-18 C111 - Bocum Defense\" \/>\n<meta property=\"og:description\" content=\"The Derya TM22 is a new age rifle, built to the newest standards and with the classic attributes needed to pass from generation to generation.\" \/>\n<meta property=\"og:url\" content=\"https:\/\/bocumdefense.com\/en\/producto\/derya-22lr-long-rifle-tm22-a-18-c111\/\" \/>\n<meta property=\"og:site_name\" content=\"Bocum Defense\" \/>\n<meta property=\"og:image\" content=\"https:\/\/bocumdefense.com\/wp-content\/uploads\/2023\/02\/22LR-Long-Rifle-TM22-A-18-C111-MAIN.jpg\" \/>\n\t<meta property=\"og:image:width\" content=\"1000\" \/>\n\t<meta property=\"og:image:height\" content=\"1000\" \/>\n\t<meta property=\"og:image:type\" content=\"image\/jpeg\" \/>\n<meta name=\"twitter:card\" content=\"summary_large_image\" \/>\n<meta name=\"twitter:label1\" content=\"Est. reading time\" \/>\n\t<meta name=\"twitter:data1\" content=\"1 minute\" \/>\n<script type=\"application\/ld+json\" class=\"yoast-schema-graph\">{\"@context\":\"https:\/\/schema.org\",\"@graph\":[{\"@type\":\"WebPage\",\"@id\":\"https:\/\/bocumdefense.com\/en\/producto\/derya-22lr-long-rifle-tm22-a-18-c111\/\",\"url\":\"https:\/\/bocumdefense.com\/en\/producto\/derya-22lr-long-rifle-tm22-a-18-c111\/\",\"name\":\"DERYA .22LR ( Long Rifle ) TM22-A-18 C111 - Bocum Defense\",\"isPartOf\":{\"@id\":\"https:\/\/bocumdefense.com\/#website\"},\"datePublished\":\"2023-03-01T16:01:59+00:00\",\"dateModified\":\"2023-03-01T16:01:59+00:00\",\"breadcrumb\":{\"@id\":\"https:\/\/bocumdefense.com\/en\/producto\/derya-22lr-long-rifle-tm22-a-18-c111\/#breadcrumb\"},\"inLanguage\":\"en-US\",\"potentialAction\":[{\"@type\":\"ReadAction\",\"target\":[\"https:\/\/bocumdefense.com\/en\/producto\/derya-22lr-long-rifle-tm22-a-18-c111\/\"]}]},{\"@type\":\"BreadcrumbList\",\"@id\":\"https:\/\/bocumdefense.com\/en\/producto\/derya-22lr-long-rifle-tm22-a-18-c111\/#breadcrumb\",\"itemListElement\":[{\"@type\":\"ListItem\",\"position\":1,\"name\":\"Portada\",\"item\":\"https:\/\/bocumdefense.com\/en\/home\/\"},{\"@type\":\"ListItem\",\"position\":2,\"name\":\"Shop\",\"item\":\"https:\/\/bocumdefense.com\/en\/shop\/\"},{\"@type\":\"ListItem\",\"position\":3,\"name\":\"DERYA .22LR ( Long Rifle ) TM22-A-18 C111\"}]},{\"@type\":\"WebSite\",\"@id\":\"https:\/\/bocumdefense.com\/#website\",\"url\":\"https:\/\/bocumdefense.com\/\",\"name\":\"Bocum Defense\",\"description\":\"\",\"potentialAction\":[{\"@type\":\"SearchAction\",\"target\":{\"@type\":\"EntryPoint\",\"urlTemplate\":\"https:\/\/bocumdefense.com\/?s={search_term_string}\"},\"query-input\":\"required name=search_term_string\"}],\"inLanguage\":\"en-US\"}]}<\/script>\n<!-- \/ Yoast SEO plugin. -->","yoast_head_json":{"title":"DERYA .22LR ( Long Rifle ) TM22-A-18 C111 - Bocum Defense","robots":{"index":"index","follow":"follow","max-snippet":"max-snippet:-1","max-image-preview":"max-image-preview:large","max-video-preview":"max-video-preview:-1"},"canonical":"https:\/\/bocumdefense.com\/en\/producto\/derya-22lr-long-rifle-tm22-a-18-c111\/","og_locale":"en_US","og_type":"article","og_title":"DERYA .22LR ( Long Rifle ) TM22-A-18 C111 - Bocum Defense","og_description":"The Derya TM22 is a new age rifle, built to the newest standards and with the classic attributes needed to pass from generation to generation.","og_url":"https:\/\/bocumdefense.com\/en\/producto\/derya-22lr-long-rifle-tm22-a-18-c111\/","og_site_name":"Bocum Defense","og_image":[{"width":1000,"height":1000,"url":"https:\/\/bocumdefense.com\/wp-content\/uploads\/2023\/02\/22LR-Long-Rifle-TM22-A-18-C111-MAIN.jpg","type":"image\/jpeg"}],"twitter_card":"summary_large_image","twitter_misc":{"Est. reading time":"1 minute"},"schema":{"@context":"https:\/\/schema.org","@graph":[{"@type":"WebPage","@id":"https:\/\/bocumdefense.com\/en\/producto\/derya-22lr-long-rifle-tm22-a-18-c111\/","url":"https:\/\/bocumdefense.com\/en\/producto\/derya-22lr-long-rifle-tm22-a-18-c111\/","name":"DERYA .22LR ( Long Rifle ) TM22-A-18 C111 - Bocum Defense","isPartOf":{"@id":"https:\/\/bocumdefense.com\/#website"},"datePublished":"2023-03-01T16:01:59+00:00","dateModified":"2023-03-01T16:01:59+00:00","breadcrumb":{"@id":"https:\/\/bocumdefense.com\/en\/producto\/derya-22lr-long-rifle-tm22-a-18-c111\/#breadcrumb"},"inLanguage":"en-US","potentialAction":[{"@type":"ReadAction","target":["https:\/\/bocumdefense.com\/en\/producto\/derya-22lr-long-rifle-tm22-a-18-c111\/"]}]},{"@type":"BreadcrumbList","@id":"https:\/\/bocumdefense.com\/en\/producto\/derya-22lr-long-rifle-tm22-a-18-c111\/#breadcrumb","itemListElement":[{"@type":"ListItem","position":1,"name":"Portada","item":"https:\/\/bocumdefense.com\/en\/home\/"},{"@type":"ListItem","position":2,"name":"Shop","item":"https:\/\/bocumdefense.com\/en\/shop\/"},{"@type":"ListItem","position":3,"name":"DERYA .22LR ( Long Rifle ) TM22-A-18 C111"}]},{"@type":"WebSite","@id":"https:\/\/bocumdefense.com\/#website","url":"https:\/\/bocumdefense.com\/","name":"Bocum Defense","description":"","potentialAction":[{"@type":"SearchAction","target":{"@type":"EntryPoint","urlTemplate":"https:\/\/bocumdefense.com\/?s={search_term_string}"},"query-input":"required name=search_term_string"}],"inLanguage":"en-US"}]}},"_links":{"self":[{"href":"https:\/\/bocumdefense.com\/en\/wp-json\/wp\/v2\/product\/3925","targetHints":{"allow":["GET"]}}],"collection":[{"href":"https:\/\/bocumdefense.com\/en\/wp-json\/wp\/v2\/product"}],"about":[{"href":"https:\/\/bocumdefense.com\/en\/wp-json\/wp\/v2\/types\/product"}],"replies":[{"embeddable":true,"href":"https:\/\/bocumdefense.com\/en\/wp-json\/wp\/v2\/comments?post=3925"}],"wp:featuredmedia":[{"embeddable":true,"href":"https:\/\/bocumdefense.com\/en\/wp-json\/wp\/v2\/media\/2849"}],"wp:attachment":[{"href":"https:\/\/bocumdefense.com\/en\/wp-json\/wp\/v2\/media?parent=3925"}],"wp:term":[{"taxonomy":"product_cat","embeddable":true,"href":"https:\/\/bocumdefense.com\/en\/wp-json\/wp\/v2\/product_cat?post=3925"},{"taxonomy":"product_tag","embeddable":true,"href":"https:\/\/bocumdefense.com\/en\/wp-json\/wp\/v2\/product_tag?post=3925"}],"curies":[{"name":"wp","href":"https:\/\/api.w.org\/{rel}","templated":true}]}}