{"id":3880,"date":"2023-05-10T08:41:27","date_gmt":"2023-05-10T07:41:27","guid":{"rendered":"https:\/\/bocumdefense.com\/producto\/field-optics-research-pro39-mil-asfpl-system\/"},"modified":"2023-05-30T14:32:32","modified_gmt":"2023-05-30T13:32:32","slug":"field-optics-research-pro39-mil-asfpl-system","status":"publish","type":"product","link":"https:\/\/bocumdefense.com\/en\/producto\/field-optics-research-pro39-mil-asfpl-system\/","title":{"rendered":"FIELD OPTICS RESEARCH PRO39-MIL ASFPL SYSTEM"},"content":{"rendered":"<h2 style=\"text-align: center;\"><strong>DETAILS <\/strong><\/h2>\n<p>&nbsp;<\/p>\n<p><strong>ESP:<\/strong> La serie PRO39 est\u00e1 dise\u00f1ada para rifles de gran calibre partiendo del .50 BMG, as\u00ed como para aplicaciones de tiro de alta precisi\u00f3n a larga distancia, incluyendo telescopios terrestres de alta potencia para alcances de 1-2 millas. El sistema de tr\u00edpode incluye un tr\u00edpode de fibra de carbono de grado militar profesional PRO39-MIL hecho en los EE. UU., equipado con el sistema patentado Field Optics TitanLOK \u2122, un sistema dual de sujeci\u00f3n Arca Swiss F-Picatinny Lever Clamp \u2122 FBT-ASFPL, un mango Precision Bowl Tensioner \u2122 FPBT-LH, un disco de 75 mm y una placa QR Arca Swiss.<\/p>\n<p>La tecnolog\u00eda innovadora de la pr\u00f3xima generaci\u00f3n en el dise\u00f1o de tr\u00edpodes con cabeza en cuenco se encuentra en el Precision Bowl Tension Head System, que integra el cabezal directamente en la estructura del tr\u00edpode, eliminando la necesidad de una base de nivelaci\u00f3n o un cabezal adicional. Este sistema proporciona un rango de inclinaci\u00f3n din\u00e1mico de +\/- 20 grados o una posici\u00f3n est\u00e1tica completamente bloqueada, lo que resulta en un dise\u00f1o de tr\u00edpode m\u00e1s fuerte, m\u00e1s ligero y m\u00e1s preciso en comparaci\u00f3n con los dise\u00f1os tradicionales de cabeza de cuenco\/base de nivel. El PRO39 presenta patas extra fuertes de 39 mm con 3 segmentos de pared gruesa y 10 capas, lo que brinda una mayor resistencia y estabilidad, con el doble de resistencia a la flexi\u00f3n que otras patas. Las patas tambi\u00e9n incluyen cierres giratorios sellados con junta t\u00f3rica para una acci\u00f3n r\u00e1pida y silenciosa, adem\u00e1s de proteger contra la suciedad y la humedad.<\/p>\n<p>La abrazadera de palanca ASFPL presenta un eje panor\u00e1mico independiente y una palanca de acci\u00f3n r\u00e1pida con una perilla de ajuste de tensi\u00f3n precisa que se ajusta a cualquier tama\u00f1o de carril Arca o Picatinny. Adem\u00e1s, el tr\u00edpode tiene la opci\u00f3n de convertirse en una parte superior plana desde la parte superior del taz\u00f3n de fuente o aceptar conjuntos opcionales de tubos ascendentes centrales. El producto se env\u00eda en un estuche t\u00e1ctico acolchado de la serie PRO y viene con una correa de hombro marr\u00f3n.<\/p>\n<p>&nbsp;<\/p>\n<p><strong>ENG: <\/strong>The PRO39 series is for high precision shooting and heavier-larger caliber rifles such as .338 and .50 BMG. It also functions verywell for long range 1-2 mile optics platform for high powered spotting scopes. The tripod system includes a professional military-grade, Made in the USA, PRO39-MIL carbon fiber tripod with our patented TitanLOK\u2122 leg angle lock system, a dual Arca Swiss F-Picatinny Lever Clamp\u2122 FBT-ASFPL, a Precision Bowl Tensioner\u2122 handle FPBT-LH, a 75mm bowl disk, &amp; an ArcaSwiss QR plate. This unique technology is the next generation in bowl top tripod design that eliminates the need for both a leveling base and an added head because the head system is built directly into the frame of the tripod. Our Precision Bowl TensionHead System provides +\/- 20 deg of dynamic pitch range or a fully locked static position. The result is a stronger, lighter and more accurate system compared to traditional bowl top\/level base designs. The PRO39 has extra strong 39mm, 3 segment, thickwall, 10-layer, 39 mm x 1.2mm legs for added strength and stability with twice the bending strength of other legs. They alsoinclude o-ring sealed twist locks for fast silent action and to protect against dirt and moisture. The ASFPL has an indipendentpanning axis and a fast acting lever clamp with a precision tension adjust knob that compensates for any size Arca or Picatinnyrail. Tripod can optionally convert from bowl top to flat top or accept optional center tube riser assemblies. Ships in a PRO Series tactical padded carry case &amp; shoulder sling strap, Brown.<\/p>\n<p>The all new PRO Series tripods are a &#8220;start from scratch&#8221; redesign of the very successful BT Precision Series Tripod. Made in theUSA for military and PRS\/LR competitive shooting applications, this is the strongest most vestal tripod in it&#8217;s class.<\/p>\n<p>The patented &#8220;Titan Leg Lock&#8221; technology makes this a &#8220;one of a kind&#8221; design. This technology allows for bothautomatic leg angle adjustment and &#8220;locked&#8221; angle positions for maximum strength and rigidity. Absolutely necessary formultiple round firing. The all new HD 39 mm dia x 1.2mm extra THK wall, 10 layer, diamond pattern carbon fiber legs providemaximum strength &amp; rigidity. The new O-ring sealed-extended length twist locks make the legs twice as strong as the same sizeBT Precision legs.<br \/>\nIdeal for Professional PRS\/LR competitive shooting, LE\/military sniper, high power spotting scopes, video, and long lensphotography.<\/p>\n<p>Combine the FPBT-LH tension control handle and Arca Swiss Picatinny Lever clamp system to achieve the perfect shootingplatform. Or convert to a flat top tripod or install the optional telescoping center tube Assembly to meet any application.<br \/>\nMADE IN THE USA The all new PRO Series tripods are a &#8220;start from scratch&#8221; redesign of the very successful BT PrecisionSeries Tripod. Made in the USA for military and PRS\/LR competitive shooting applications, this is the strongest most vestal tripod in it&#8217;s class.<\/p>\n<p>The new patented &#8220;Titan Leg Lock&#8221; technology makes this a &#8220;one of a kind&#8221; design. This technology allows for bothautomatic leg angle adjustment and &#8220;locked&#8221; angle positions for maximum strength and rigidity. Absolutely necessary formultiple round firing. The all new HD 39 mm dia x 1.2mm extra THK wall, 10 layer, diamond pattern carbon fiber legs providemaximum strength &amp; rigidity. The new O-ring sealed-extended length twist locks make the legs twice as strong as the same sizeBT Precision legs.<br \/>\nIdeal for Professional PRS\/LR competitive shooting, LE\/military sniper, high power spotting scopes, video, and long lensphotography.<\/p>\n<p>Combine the FPBT-LH tension control handle and Arca Swiss Picatinny Lever clamp system to achieve the perfect shootingplatform. Or convert to a flat top tripod or install the optional telescoping center tube Assembly to meet any application.<br \/>\n<strong>MADE IN THE USA<\/strong><\/p>\n<p>&nbsp;<\/p>\n<p>&nbsp;<\/p>\n<p><img loading=\"lazy\" decoding=\"async\" class=\"aligncenter wp-image-3844 size-full\" src=\"http:\/\/bocumdefense.com\/wp-content\/uploads\/2023\/05\/39-FIELD-OPTICS-.png\" alt=\"\" width=\"368\" height=\"924\" srcset=\"https:\/\/bocumdefense.com\/wp-content\/uploads\/2023\/05\/39-FIELD-OPTICS-.png 368w, https:\/\/bocumdefense.com\/wp-content\/uploads\/2023\/05\/39-FIELD-OPTICS--119x300.png 119w\" sizes=\"(max-width: 368px) 100vw, 368px\" \/><\/p>\n","protected":false},"excerpt":{"rendered":"<p>Los tr\u00edpodes de la serie PRO son una versi\u00f3n completamente renovada del exitoso tr\u00edpode BT Precision Series. Fabricados en Estados Unidos para su uso en aplicaciones militares y para tiro competitivo PRS \/ LR, este es el tr\u00edpode m\u00e1s resistente de su categor\u00eda.<\/p>\n","protected":false},"featured_media":3384,"comment_status":"open","ping_status":"closed","template":"","meta":{"_et_pb_use_builder":"","_et_pb_old_content":"","_et_gb_content_width":"","inline_featured_image":false},"product_cat":[232,231,233],"product_tag":[],"class_list":["post-3880","product","type-product","status-publish","has-post-thumbnail","hentry","product_cat-field-optics-en","product_cat-hunting-and-shooting-accessories","product_cat-tripods"],"yoast_head":"<!-- This site is optimized with the Yoast SEO plugin v20.8 - https:\/\/yoast.com\/wordpress\/plugins\/seo\/ -->\n<title>FIELD OPTICS RESEARCH PRO39-MIL ASFPL SYSTEM - Bocum Defense<\/title>\n<meta name=\"robots\" content=\"index, follow, max-snippet:-1, max-image-preview:large, max-video-preview:-1\" \/>\n<link rel=\"canonical\" href=\"https:\/\/bocumdefense.com\/en\/producto\/field-optics-research-pro39-mil-asfpl-system\/\" \/>\n<meta property=\"og:locale\" content=\"en_US\" \/>\n<meta property=\"og:type\" content=\"article\" \/>\n<meta property=\"og:title\" content=\"FIELD OPTICS RESEARCH PRO39-MIL ASFPL SYSTEM - Bocum Defense\" \/>\n<meta property=\"og:description\" content=\"Los tr\u00edpodes de la serie PRO son una versi\u00f3n completamente renovada del exitoso tr\u00edpode BT Precision Series. Fabricados en Estados Unidos para su uso en aplicaciones militares y para tiro competitivo PRS \/ LR, este es el tr\u00edpode m\u00e1s resistente de su categor\u00eda.\" \/>\n<meta property=\"og:url\" content=\"https:\/\/bocumdefense.com\/en\/producto\/field-optics-research-pro39-mil-asfpl-system\/\" \/>\n<meta property=\"og:site_name\" content=\"Bocum Defense\" \/>\n<meta property=\"article:modified_time\" content=\"2023-05-30T13:32:32+00:00\" \/>\n<meta property=\"og:image\" content=\"https:\/\/bocumdefense.com\/wp-content\/uploads\/2023\/05\/PRO39-MIL-ASFPL-SYSTEM-MAIN.jpg\" \/>\n\t<meta property=\"og:image:width\" content=\"1000\" \/>\n\t<meta property=\"og:image:height\" content=\"1000\" \/>\n\t<meta property=\"og:image:type\" content=\"image\/jpeg\" \/>\n<meta name=\"twitter:card\" content=\"summary_large_image\" \/>\n<meta name=\"twitter:label1\" content=\"Est. reading time\" \/>\n\t<meta name=\"twitter:data1\" content=\"5 minutes\" \/>\n<script type=\"application\/ld+json\" class=\"yoast-schema-graph\">{\"@context\":\"https:\/\/schema.org\",\"@graph\":[{\"@type\":\"WebPage\",\"@id\":\"https:\/\/bocumdefense.com\/en\/producto\/field-optics-research-pro39-mil-asfpl-system\/\",\"url\":\"https:\/\/bocumdefense.com\/en\/producto\/field-optics-research-pro39-mil-asfpl-system\/\",\"name\":\"FIELD OPTICS RESEARCH PRO39-MIL ASFPL SYSTEM - Bocum Defense\",\"isPartOf\":{\"@id\":\"https:\/\/bocumdefense.com\/#website\"},\"datePublished\":\"2023-05-10T07:41:27+00:00\",\"dateModified\":\"2023-05-30T13:32:32+00:00\",\"breadcrumb\":{\"@id\":\"https:\/\/bocumdefense.com\/en\/producto\/field-optics-research-pro39-mil-asfpl-system\/#breadcrumb\"},\"inLanguage\":\"en-US\",\"potentialAction\":[{\"@type\":\"ReadAction\",\"target\":[\"https:\/\/bocumdefense.com\/en\/producto\/field-optics-research-pro39-mil-asfpl-system\/\"]}]},{\"@type\":\"BreadcrumbList\",\"@id\":\"https:\/\/bocumdefense.com\/en\/producto\/field-optics-research-pro39-mil-asfpl-system\/#breadcrumb\",\"itemListElement\":[{\"@type\":\"ListItem\",\"position\":1,\"name\":\"Portada\",\"item\":\"https:\/\/bocumdefense.com\/en\/home\/\"},{\"@type\":\"ListItem\",\"position\":2,\"name\":\"Shop\",\"item\":\"https:\/\/bocumdefense.com\/en\/shop\/\"},{\"@type\":\"ListItem\",\"position\":3,\"name\":\"FIELD OPTICS RESEARCH PRO39-MIL ASFPL SYSTEM\"}]},{\"@type\":\"WebSite\",\"@id\":\"https:\/\/bocumdefense.com\/#website\",\"url\":\"https:\/\/bocumdefense.com\/\",\"name\":\"Bocum Defense\",\"description\":\"\",\"potentialAction\":[{\"@type\":\"SearchAction\",\"target\":{\"@type\":\"EntryPoint\",\"urlTemplate\":\"https:\/\/bocumdefense.com\/?s={search_term_string}\"},\"query-input\":\"required name=search_term_string\"}],\"inLanguage\":\"en-US\"}]}<\/script>\n<!-- \/ Yoast SEO plugin. -->","yoast_head_json":{"title":"FIELD OPTICS RESEARCH PRO39-MIL ASFPL SYSTEM - Bocum Defense","robots":{"index":"index","follow":"follow","max-snippet":"max-snippet:-1","max-image-preview":"max-image-preview:large","max-video-preview":"max-video-preview:-1"},"canonical":"https:\/\/bocumdefense.com\/en\/producto\/field-optics-research-pro39-mil-asfpl-system\/","og_locale":"en_US","og_type":"article","og_title":"FIELD OPTICS RESEARCH PRO39-MIL ASFPL SYSTEM - Bocum Defense","og_description":"Los tr\u00edpodes de la serie PRO son una versi\u00f3n completamente renovada del exitoso tr\u00edpode BT Precision Series. Fabricados en Estados Unidos para su uso en aplicaciones militares y para tiro competitivo PRS \/ LR, este es el tr\u00edpode m\u00e1s resistente de su categor\u00eda.","og_url":"https:\/\/bocumdefense.com\/en\/producto\/field-optics-research-pro39-mil-asfpl-system\/","og_site_name":"Bocum Defense","article_modified_time":"2023-05-30T13:32:32+00:00","og_image":[{"width":1000,"height":1000,"url":"https:\/\/bocumdefense.com\/wp-content\/uploads\/2023\/05\/PRO39-MIL-ASFPL-SYSTEM-MAIN.jpg","type":"image\/jpeg"}],"twitter_card":"summary_large_image","twitter_misc":{"Est. reading time":"5 minutes"},"schema":{"@context":"https:\/\/schema.org","@graph":[{"@type":"WebPage","@id":"https:\/\/bocumdefense.com\/en\/producto\/field-optics-research-pro39-mil-asfpl-system\/","url":"https:\/\/bocumdefense.com\/en\/producto\/field-optics-research-pro39-mil-asfpl-system\/","name":"FIELD OPTICS RESEARCH PRO39-MIL ASFPL SYSTEM - Bocum Defense","isPartOf":{"@id":"https:\/\/bocumdefense.com\/#website"},"datePublished":"2023-05-10T07:41:27+00:00","dateModified":"2023-05-30T13:32:32+00:00","breadcrumb":{"@id":"https:\/\/bocumdefense.com\/en\/producto\/field-optics-research-pro39-mil-asfpl-system\/#breadcrumb"},"inLanguage":"en-US","potentialAction":[{"@type":"ReadAction","target":["https:\/\/bocumdefense.com\/en\/producto\/field-optics-research-pro39-mil-asfpl-system\/"]}]},{"@type":"BreadcrumbList","@id":"https:\/\/bocumdefense.com\/en\/producto\/field-optics-research-pro39-mil-asfpl-system\/#breadcrumb","itemListElement":[{"@type":"ListItem","position":1,"name":"Portada","item":"https:\/\/bocumdefense.com\/en\/home\/"},{"@type":"ListItem","position":2,"name":"Shop","item":"https:\/\/bocumdefense.com\/en\/shop\/"},{"@type":"ListItem","position":3,"name":"FIELD OPTICS RESEARCH PRO39-MIL ASFPL SYSTEM"}]},{"@type":"WebSite","@id":"https:\/\/bocumdefense.com\/#website","url":"https:\/\/bocumdefense.com\/","name":"Bocum Defense","description":"","potentialAction":[{"@type":"SearchAction","target":{"@type":"EntryPoint","urlTemplate":"https:\/\/bocumdefense.com\/?s={search_term_string}"},"query-input":"required name=search_term_string"}],"inLanguage":"en-US"}]}},"_links":{"self":[{"href":"https:\/\/bocumdefense.com\/en\/wp-json\/wp\/v2\/product\/3880","targetHints":{"allow":["GET"]}}],"collection":[{"href":"https:\/\/bocumdefense.com\/en\/wp-json\/wp\/v2\/product"}],"about":[{"href":"https:\/\/bocumdefense.com\/en\/wp-json\/wp\/v2\/types\/product"}],"replies":[{"embeddable":true,"href":"https:\/\/bocumdefense.com\/en\/wp-json\/wp\/v2\/comments?post=3880"}],"wp:featuredmedia":[{"embeddable":true,"href":"https:\/\/bocumdefense.com\/en\/wp-json\/wp\/v2\/media\/3384"}],"wp:attachment":[{"href":"https:\/\/bocumdefense.com\/en\/wp-json\/wp\/v2\/media?parent=3880"}],"wp:term":[{"taxonomy":"product_cat","embeddable":true,"href":"https:\/\/bocumdefense.com\/en\/wp-json\/wp\/v2\/product_cat?post=3880"},{"taxonomy":"product_tag","embeddable":true,"href":"https:\/\/bocumdefense.com\/en\/wp-json\/wp\/v2\/product_tag?post=3880"}],"curies":[{"name":"wp","href":"https:\/\/api.w.org\/{rel}","templated":true}]}}